{"id":20120,"date":"2024-11-30T23:55:14","date_gmt":"2024-11-30T21:55:14","guid":{"rendered":"https:\/\/superstore.ee\/?post_type=product&#038;p=20120"},"modified":"2025-04-12T18:39:13","modified_gmt":"2025-04-12T15:39:13","slug":"victorias-secret-pink-looduslik-varskendav-kehakoorija-hualuroonhapega-283g","status":"publish","type":"product","link":"https:\/\/superstore.ee\/index.php\/toode\/victorias-secret-pink-looduslik-varskendav-kehakoorija-hualuroonhapega-283g\/","title":{"rendered":"Victoria\u2019s Secret PINK\u00a0looduslik v\u00e4rskendav kehakoorija h\u00fcaluroonhapega (283g)"},"content":{"rendered":"","protected":false},"excerpt":{"rendered":"<p>\ud83c\uddea\ud83c\uddea Victoria\u2019s Secret PINK\u00a0looduslik v\u00e4rskendav kehakoorija (283g)<\/p>\n<p>Koorija peamised koostisosad:<\/p>\n<ul>\n<li>Bali meresool s\u00fcgavatest vetest koorib \u00f5rnalt nahka, andes sellele v\u00e4rskust ja s\u00e4ra.<\/li>\n<li>H\u00fcaluroonhape \u2013 s\u00e4ilitab niiskust, niisutab s\u00fcgavuti ja muudab naha elastseks.<\/li>\n<li>Avokaado- ja kookos\u00f5lid \u2013 vitamiiniderikkad toitvad \u00f5lid, mis niisutavad ja pehmendavad nahka.<\/li>\n<li>Greibiekstrakt \u2013 toniseerib ja v\u00e4rskendab nahka.<\/li>\n<li>Koorija puhastab \u00f5rnalt, kuivatamata nahka.<\/li>\n<li>Ilma v\u00e4rvaineteta, looduslik koostis, ilma kunstlike lisaaineteta.<\/li>\n<li>Sobib k\u00f5igile nahat\u00fc\u00fcpidele, sealhulgas tundlikule nahale.<\/li>\n<\/ul>\n<p>\ud83c\uddf7\ud83c\uddfa Victoria\u2019s Secret PINK \u043d\u0430\u0442\u0443\u0440\u0430\u043b\u044c\u043d\u044b\u0439 \u043e\u0441\u0432\u0435\u0436\u0430\u044e\u0449\u0438\u0439 \u0441\u0440\u043a\u0430\u0431 \u0434\u043b\u044f \u0442\u0435\u043b\u0430 (283\u0433)<\/p>\n<p>\u041e\u0441\u043d\u043e\u0432\u043d\u044b\u0435 \u043a\u043e\u043c\u043f\u043e\u043d\u0435\u043d\u0442\u044b \u0441\u043a\u0440\u0430\u0431\u0430:<\/p>\n<ul>\n<li>\u041c\u043e\u0440\u0441\u043a\u0430\u044f \u0441\u043e\u043b\u044c \u0438\u0437 \u0433\u043b\u0443\u0431\u0438\u043d \u0411\u0430\u043b\u0438 \u043d\u0435\u0436\u043d\u043e \u043e\u0442\u0448\u0435\u043b\u0443\u0448\u0438\u0432\u0430\u0435\u0442 \u043a\u043e\u0436\u0443, \u043f\u0440\u0438\u0434\u0430\u0432\u0430\u044f \u0435\u0439 \u0441\u0432\u0435\u0436\u0435\u0441\u0442\u044c \u0438 \u0441\u0438\u044f\u043d\u0438\u0435.<\/li>\n<li>\u0413\u0438\u0430\u043b\u0443\u0440\u043e\u043d\u043e\u0432\u0430\u044f \u043a\u0438\u0441\u043b\u043e\u0442\u0430 &#8211; \u0443\u0434\u0435\u0440\u0436\u0438\u0432\u0430\u0435\u0442 \u0432\u043b\u0430\u0433\u0443, \u0433\u043b\u0443\u0431\u043e\u043a\u043e \u0443\u0432\u043b\u0430\u0436\u043d\u044f\u0435\u0442 \u0438 \u043f\u0440\u0438\u0434\u0430\u0435\u0442 \u044d\u043b\u0430\u0441\u0442\u0438\u0447\u043d\u043e\u0441\u0442\u044c \u043a\u043e\u0436\u0435.<\/li>\n<li>\u041c\u0430\u0441\u043b\u0430 \u0430\u0432\u043e\u043a\u0430\u0434\u043e \u0438 \u043a\u043e\u043a\u043e\u0441\u0430 &#8211; \u043f\u0438\u0442\u0430\u0442\u0435\u043b\u044c\u043d\u044b\u0435 \u043c\u0430\u0441\u043b\u0430, \u043d\u0430\u0441\u044b\u0449\u0435\u043d\u043d\u044b\u0435 \u0432\u0438\u0442\u0430\u043c\u0438\u043d\u0430\u043c\u0438 \u0434\u043b\u044f \u0443\u0432\u043b\u0430\u0436\u043d\u0435\u043d\u0438\u044f \u0438 \u043c\u044f\u0433\u043a\u043e\u0441\u0442\u0438.<\/li>\n<li>\u042d\u043a\u0441\u0442\u0440\u0430\u043a\u0442 \u0433\u0440\u0435\u0439\u043f\u0444\u0440\u0443\u0442\u0430 &#8211; \u0442\u043e\u043d\u0438\u0437\u0438\u0440\u0443\u0435\u0442 \u0438 \u043e\u0441\u0432\u0435\u0436\u0430\u0435\u0442 \u043a\u043e\u0436\u0443.<\/li>\n<li>\u0421\u043a\u0440\u0430\u0431 \u0434\u0435\u043b\u0438\u043a\u0430\u0442\u043d\u043e \u043e\u0447\u0438\u0449\u0430\u044e\u0442 \u0431\u0435\u0437 \u043f\u0435\u0440\u0435\u0441\u0443\u0448\u0438\u0432\u0430\u043d\u0438\u044f.<\/li>\n<li>\u0411\u0435\u0437 \u043a\u0440\u0430\u0441\u0438\u0442\u0435\u043b\u0435\u0439, \u043d\u0430\u0442\u0443\u0440\u0430\u043b\u044c\u043d\u0430\u044f \u0444\u043e\u0440\u043c\u0443\u043b\u0430, \u0431\u0435\u0437 \u0438\u0441\u043a\u0443\u0441\u0441\u0442\u0432\u0435\u043d\u043d\u044b\u0445 \u0434\u043e\u0431\u0430\u0432\u043e\u043a.<\/li>\n<li>\u041f\u043e\u0434\u0445\u043e\u0434\u0438\u0442 \u0434\u043b\u044f \u0432\u0441\u0435\u0445 \u0442\u0438\u043f\u043e\u0432 \u043a\u043e\u0436\u0438, \u0432\u043a\u043b\u044e\u0447\u0430\u044f \u0447\u0443\u0432\u0441\u0442\u0432\u0438\u0442\u0435\u043b\u044c\u043d\u0443\u044e.<\/li>\n<\/ul>\n<p>\ud83c\uddfa\ud83c\uddf8 Victoria\u2019s Secret PINK Water Scrub Refreshing Body Scrub with Sea Salt and Hyaluronic Acid (283g).<\/p>\n<p>Key Ingredients:<\/p>\n<ul>\n<li>Sea Salt from the depths of Bali gently exfoliates the skin, leaving it fresh and radiant.<\/li>\n<li>Hyaluronic Acid retains moisture, deeply hydrates, and enhances skin elasticity.<\/li>\n<li>Avocado and Coconut Oils are nourishing oils rich in vitamins, providing hydration and softness.<\/li>\n<li>Grapefruit Extract tones and refreshes the skin.<\/li>\n<li>The scrub gently cleanses without drying out the skin.<\/li>\n<li>Dye-free, natural formula without artificial additives.<\/li>\n<li>Suitable for all skin types, including sensitive skin.<\/li>\n<\/ul>\n","protected":false},"featured_media":19861,"template":"","meta":{"jetpack_publicize_message":"","jetpack_publicize_feature_enabled":true,"jetpack_social_post_already_shared":false,"jetpack_social_options":{"image_generator_settings":{"template":"highway","default_image_id":0,"font":"","enabled":false},"version":2}},"product_brand":[],"product_cat":[929,912,341],"product_tag":[],"class_list":{"0":"post-20120","1":"product","2":"type-product","3":"status-publish","4":"has-post-thumbnail","6":"product_cat-victorias-secret-body-scrubs","7":"product_cat-nahahooldus","8":"product_cat-victorias-secret","10":"first","11":"outofstock","12":"sale","13":"shipping-taxable","14":"purchasable","15":"product-type-simple"},"jetpack_publicize_connections":[],"jetpack_sharing_enabled":true,"jetpack_likes_enabled":true,"_links":{"self":[{"href":"https:\/\/superstore.ee\/index.php\/wp-json\/wp\/v2\/product\/20120","targetHints":{"allow":["GET"]}}],"collection":[{"href":"https:\/\/superstore.ee\/index.php\/wp-json\/wp\/v2\/product"}],"about":[{"href":"https:\/\/superstore.ee\/index.php\/wp-json\/wp\/v2\/types\/product"}],"wp:featuredmedia":[{"embeddable":true,"href":"https:\/\/superstore.ee\/index.php\/wp-json\/wp\/v2\/media\/19861"}],"wp:attachment":[{"href":"https:\/\/superstore.ee\/index.php\/wp-json\/wp\/v2\/media?parent=20120"}],"wp:term":[{"taxonomy":"product_brand","embeddable":true,"href":"https:\/\/superstore.ee\/index.php\/wp-json\/wp\/v2\/product_brand?post=20120"},{"taxonomy":"product_cat","embeddable":true,"href":"https:\/\/superstore.ee\/index.php\/wp-json\/wp\/v2\/product_cat?post=20120"},{"taxonomy":"product_tag","embeddable":true,"href":"https:\/\/superstore.ee\/index.php\/wp-json\/wp\/v2\/product_tag?post=20120"}],"curies":[{"name":"wp","href":"https:\/\/api.w.org\/{rel}","templated":true}]}}