{"id":20130,"date":"2024-12-01T00:49:29","date_gmt":"2024-11-30T22:49:29","guid":{"rendered":"https:\/\/superstore.ee\/?post_type=product&#038;p=20130"},"modified":"2025-04-12T19:12:12","modified_gmt":"2025-04-12T16:12:12","slug":"victorias-secret-pink-komplekt-water-body-lotion-kehakoorija","status":"publish","type":"product","link":"https:\/\/superstore.ee\/index.php\/toode\/victorias-secret-pink-komplekt-water-body-lotion-kehakoorija\/","title":{"rendered":"Victoria\u2019s Secret PINK Komplekt Water Lotion + Scrub"},"content":{"rendered":"","protected":false},"excerpt":{"rendered":"<p>\ud83c\uddea\ud83c\uddea Victoria\u2019s Secret PINK V\u00e4rskendav kehakoorija Water Scrub <span style=\"font-weight: 400;\">(283g)<\/span> ja niisutav kehakreem h\u00fcaluroonhappega <span style=\"font-weight: 400;\">Water Lotion (414ml)<\/span><\/p>\n<p>See unikaalne komplekt sisaldab looduslikku v\u00e4rskendavat kehakoorijat ja s\u00fcgavniisutavat kehakreemi, mis hoolitsevad sinu naha eest kogu p\u00e4eva v\u00e4ltel. Koorija koorib ja uuendab nahka t\u00e4nu Bali meresoolale ja greibiekstraktile, samal ajal kui h\u00fcaluroonhappega kehakreem s\u00fcgavalt niisutab ja taastab naha elastsuse.<\/p>\n<p><strong>Peamised eelised:<\/strong><\/p>\n<ul>\n<li>Looduslik Bali meresool ja greibiekstrakt v\u00e4rskendavad ja elustavad nahka.<\/li>\n<li>H\u00fcaluroonhape ja kookos\u00f5li pakuvad intensiivset niisutust ja toidet.<\/li>\n<li>Dermatoloogide poolt testitud, vegan ja keskkonnas\u00f5bralikud tooted.<\/li>\n<\/ul>\n<p>\ud83c\udf81 Kinkepakend on hinnas<\/p>\n<p><span style=\"font-weight: 400;\">\ud83c\uddf7\ud83c\uddfa Victoria\u2019s Secret PINK \u041e\u0441\u0432\u0435\u0436\u0430\u044e\u0449\u0438\u0439 \u0441\u0440\u043a\u0430\u0431 \u0434\u043b\u044f \u0442\u0435\u043b\u0430 (283\u0433) \u0438 \u0443\u0432\u043b\u0430\u0436\u043d\u044f\u044e\u0449\u0438\u0439 \u043b\u043e\u0441\u044c\u043e\u043d <\/span><span style=\"font-weight: 400;\">\u0434\u043b\u044f \u0442\u0435\u043b\u0430 \u0441 \u0433\u0438\u0430\u043b\u0443\u0440\u043e\u043d\u043e\u0432\u043e\u0439 \u043a\u0438\u0441\u043b\u043e\u0442\u043e\u0439 (414ml)<\/span><\/p>\n<p>\u042d\u0442\u043e\u0442 \u043a\u043e\u043c\u043f\u043b\u0435\u043a\u0442 \u0432\u043a\u043b\u044e\u0447\u0430\u0435\u0442 \u0432 \u0441\u0435\u0431\u044f \u043d\u0430\u0442\u0443\u0440\u0430\u043b\u044c\u043d\u044b\u0439 \u0441\u043a\u0440\u0430\u0431 \u0434\u043b\u044f \u0442\u0435\u043b\u0430 \u0438 \u0432\u043e\u0441\u0441\u0442\u0430\u043d\u0430\u0432\u043b\u0438\u0432\u0430\u044e\u0449\u0438\u0439 \u043b\u043e\u0441\u044c\u043e\u043d, \u043a\u043e\u0442\u043e\u0440\u044b\u0435 \u043f\u043e\u0434\u0430\u0440\u044f\u0442 \u0432\u0430\u0448\u0435\u0439 \u043a\u043e\u0436\u0435 \u0433\u043b\u0430\u0434\u043a\u043e\u0441\u0442\u044c \u0438 \u0441\u0438\u044f\u043d\u0438\u0435. \u041c\u043e\u0440\u0441\u043a\u0430\u044f \u0441\u043e\u043b\u044c \u0411\u0430\u043b\u0438 \u043d\u0435\u0436\u043d\u043e \u043e\u0442\u0448\u0435\u043b\u0443\u0448\u0438\u0432\u0430\u0435\u0442, \u0430 \u043b\u043e\u0441\u044c\u043e\u043d \u0441 \u0433\u0438\u0430\u043b\u0443\u0440\u043e\u043d\u043e\u0432\u043e\u0439 \u043a\u0438\u0441\u043b\u043e\u0442\u043e\u0439 \u0433\u043b\u0443\u0431\u043e\u043a\u043e \u0443\u0432\u043b\u0430\u0436\u043d\u044f\u0435\u0442 \u0438 \u043f\u043e\u0434\u0434\u0435\u0440\u0436\u0438\u0432\u0430\u0435\u0442 \u0443\u043f\u0440\u0443\u0433\u043e\u0441\u0442\u044c \u043a\u043e\u0436\u0438.<\/p>\n<p><strong>\u041e\u0441\u043d\u043e\u0432\u043d\u044b\u0435 \u043f\u0440\u0435\u0438\u043c\u0443\u0449\u0435\u0441\u0442\u0432\u0430:<\/strong><\/p>\n<ul>\n<li>\u041c\u043e\u0440\u0441\u043a\u0430\u044f \u0441\u043e\u043b\u044c \u0438 \u044d\u043a\u0441\u0442\u0440\u0430\u043a\u0442 \u0433\u0440\u0435\u0439\u043f\u0444\u0440\u0443\u0442\u0430 \u043e\u0441\u0432\u0435\u0436\u0430\u044e\u0442 \u0438 \u0442\u043e\u043d\u0438\u0437\u0438\u0440\u0443\u044e\u0442 \u043a\u043e\u0436\u0443.<\/li>\n<li>\u0413\u0438\u0430\u043b\u0443\u0440\u043e\u043d\u043e\u0432\u0430\u044f \u043a\u0438\u0441\u043b\u043e\u0442\u0430 \u0438 \u043c\u0430\u0441\u043b\u043e \u043a\u043e\u043a\u043e\u0441\u0430 \u0433\u043b\u0443\u0431\u043e\u043a\u043e \u043f\u0438\u0442\u0430\u044e\u0442 \u0438 \u0443\u0432\u043b\u0430\u0436\u043d\u044f\u044e\u0442.<\/li>\n<li>\u0424\u043e\u0440\u043c\u0443\u043b\u044b \u043f\u0440\u043e\u0442\u0435\u0441\u0442\u0438\u0440\u043e\u0432\u0430\u043d\u044b \u0434\u0435\u0440\u043c\u0430\u0442\u043e\u043b\u043e\u0433\u0430\u043c\u0438, \u043d\u0435 \u0441\u043e\u0434\u0435\u0440\u0436\u0430\u0442 \u0438\u0441\u043a\u0443\u0441\u0441\u0442\u0432\u0435\u043d\u043d\u044b\u0445 \u0434\u043e\u0431\u0430\u0432\u043e\u043a.<\/li>\n<\/ul>\n<p>\ud83c\udf81 \u041f\u043e\u0434\u0430\u0440\u043e\u0447\u043d\u0430\u044f \u0443\u043f\u0430\u043a\u043e\u0432\u043a\u0430 \u0432 \u0446\u0435\u043d\u0435<\/p>\n<p>\ud83c\uddfa\ud83c\uddf8 <span style=\"font-weight: 400;\">Victoria\u2019s Secret PINK Water Scrub Refreshing Body Scrub with Sea Salt and Hyaluronic Acid (283g)<\/span><span style=\"font-weight: 400;\"> +\u00a0 Victoria\u2019s Secret PINK Water Lotion Replenishing Body Lotion with Hyaluronic Acid (414ml)<\/span><\/p>\n<p>This set features a refreshing body scrub and a hydrating body lotion, perfect for full-body care. The Bali sea salt exfoliates while the lotion, packed with hyaluronic acid, provides long-lasting moisture and a silky finish.<\/p>\n<p><strong>Key Benefits:<\/strong><\/p>\n<ul>\n<li>Sea salt and grapefruit extract refresh and rejuvenate the skin.<\/li>\n<li>Hyaluronic acid and coconut oil offer deep hydration and nourishment.<\/li>\n<li>Dermatologist approved, vegan, and eco-friendly products.<\/li>\n<\/ul>\n<p>\ud83c\udf81 Gift wrap included<\/p>\n","protected":false},"featured_media":21816,"template":"","meta":{"jetpack_publicize_message":"","jetpack_publicize_feature_enabled":true,"jetpack_social_post_already_shared":false,"jetpack_social_options":{"image_generator_settings":{"template":"highway","default_image_id":0,"font":"","enabled":false},"version":2}},"product_brand":[],"product_cat":[929,926,830,342,912,341],"product_tag":[],"class_list":{"0":"post-20130","1":"product","2":"type-product","3":"status-publish","4":"has-post-thumbnail","6":"product_cat-victorias-secret-body-scrubs","7":"product_cat-victorias-secret-body-lotions","8":"product_cat-kingitused","9":"product_cat-komplektid-victorias-secret","10":"product_cat-nahahooldus","11":"product_cat-victorias-secret","13":"first","14":"outofstock","15":"sale","16":"shipping-taxable","17":"purchasable","18":"product-type-simple"},"jetpack_publicize_connections":[],"jetpack_sharing_enabled":true,"jetpack_likes_enabled":true,"_links":{"self":[{"href":"https:\/\/superstore.ee\/index.php\/wp-json\/wp\/v2\/product\/20130","targetHints":{"allow":["GET"]}}],"collection":[{"href":"https:\/\/superstore.ee\/index.php\/wp-json\/wp\/v2\/product"}],"about":[{"href":"https:\/\/superstore.ee\/index.php\/wp-json\/wp\/v2\/types\/product"}],"wp:featuredmedia":[{"embeddable":true,"href":"https:\/\/superstore.ee\/index.php\/wp-json\/wp\/v2\/media\/21816"}],"wp:attachment":[{"href":"https:\/\/superstore.ee\/index.php\/wp-json\/wp\/v2\/media?parent=20130"}],"wp:term":[{"taxonomy":"product_brand","embeddable":true,"href":"https:\/\/superstore.ee\/index.php\/wp-json\/wp\/v2\/product_brand?post=20130"},{"taxonomy":"product_cat","embeddable":true,"href":"https:\/\/superstore.ee\/index.php\/wp-json\/wp\/v2\/product_cat?post=20130"},{"taxonomy":"product_tag","embeddable":true,"href":"https:\/\/superstore.ee\/index.php\/wp-json\/wp\/v2\/product_tag?post=20130"}],"curies":[{"name":"wp","href":"https:\/\/api.w.org\/{rel}","templated":true}]}}