{"id":20132,"date":"2024-12-01T00:49:59","date_gmt":"2024-11-30T22:49:59","guid":{"rendered":"https:\/\/superstore.ee\/?post_type=product&#038;p=20132"},"modified":"2025-07-09T20:58:43","modified_gmt":"2025-07-09T17:58:43","slug":"victorias-secret-pink-komplekt-water-body-lotion-dusigeel-water-wash","status":"publish","type":"product","link":"https:\/\/superstore.ee\/index.php\/toode\/victorias-secret-pink-komplekt-water-body-lotion-dusigeel-water-wash\/","title":{"rendered":"Victoria\u2019s Secret PINK Komplekt Water Body Lotion + Water Wash"},"content":{"rendered":"","protected":false},"excerpt":{"rendered":"<p><span style=\"font-weight: 400;\">\ud83c\uddea\ud83c\uddea Victoria\u2019s Secret PINK v\u00e4rskendav du\u0161igeel Water Wash meresoolaga<\/span><span style=\"font-weight: 400;\"> (473 ml) + Victoria\u2019s Secret PINK kehalosjoon h\u00fcaluroonhappega Water Lotion (414ml)<\/span><\/p>\n<p>Selle komplekti koorija ja kreemiga hoolitsetakse sinu naha eest igal sammul. Meresoolaga koorija puhastab nahka \u00f5rnalt ja tagab v\u00e4rske jume, samas kui kreem, mis sisaldab h\u00fcaluroonhapet, niisutab ja taastab naha, j\u00e4ttes selle siledaks ja pehmeks. Tooteid saab kasutada igap\u00e4evaselt, et saavutada terve ja hoolitsetud v\u00e4limus.<\/p>\n<p><strong>Eelised:<\/strong><\/p>\n<ul>\n<li>Kohene niisutus ja pehmus<\/li>\n<li>Kiiresti imenduvad tekstuurid, mis ei j\u00e4ta nahale rasvaseid m\u00e4rke<\/li>\n<li>Sobib k\u00f5ikidele nahat\u00fc\u00fcpidele, sealhulgas tundlikule nahale<\/li>\n<li>Dermatoloogide poolt testitud, loomkatseteta ja vegan koostis<\/li>\n<li>Keskkonnas\u00f5bralik pakend, mis sisaldab taaskasutatud plastikut<\/li>\n<\/ul>\n<p>Ideaalne valik igap\u00e4evaseks kasutamiseks, et hoida nahk v\u00e4rske, pehme ja niisutatud!<\/p>\n<p>\ud83c\udf81 Kinkekarp on hinnas<\/p>\n<p><strong>\ud83c\uddf7\ud83c\uddfa <span style=\"font-weight: 400;\">\u041e\u0441\u0432\u0435\u0436\u0430\u044e\u0449\u0438\u0439<\/span> <span style=\"font-weight: 400;\">\u0433\u0435\u043b\u044c \u0434\u043b\u044f \u0434\u0443\u0448\u0430 \u043e\u0442 Victoria\u2019s Secret PINK \u0441 \u043c\u043e\u0440\u0441\u043a\u043e\u0439 \u0441\u043e\u043b\u044c\u044e (473 ml) + Victoria\u2019s Secret PINK \u043b\u043e\u0441\u044c\u043e\u043d \u0434\u043b\u044f \u0442\u0435\u043b\u0430 \u0441 \u0433\u0438\u0430\u043b\u0443\u0440\u043e\u043d\u043e\u0432\u043e\u0439 \u043a\u0438\u0441\u043b\u043e\u0442\u043e\u0439 (414ml)<\/span> <\/strong><\/p>\n<p>\u0421 \u044d\u0442\u0438\u043c \u043a\u043e\u043c\u043f\u043b\u0435\u043a\u0442\u043e\u043c \u043a\u043e\u0436\u0430 \u0431\u0443\u0434\u0435\u0442 \u0443\u0445\u043e\u0436\u0435\u043d\u043d\u043e\u0439 \u0438 \u0443\u0432\u043b\u0430\u0436\u043d\u0451\u043d\u043d\u043e\u0439 \u043a\u0430\u0436\u0434\u044b\u0439 \u0434\u0435\u043d\u044c. \u0421\u043a\u0440\u0430\u0431 \u0441 \u043c\u043e\u0440\u0441\u043a\u043e\u0439 \u0441\u043e\u043b\u044c\u044e \u043c\u044f\u0433\u043a\u043e \u043e\u0442\u0448\u0435\u043b\u0443\u0448\u0438\u0432\u0430\u0435\u0442 \u0438 \u043e\u0447\u0438\u0449\u0430\u0435\u0442, \u0430 \u043a\u0440\u0435\u043c \u0441 \u0433\u0438\u0430\u043b\u0443\u0440\u043e\u043d\u043e\u0432\u043e\u0439 \u043a\u0438\u0441\u043b\u043e\u0442\u043e\u0439 \u0438\u043d\u0442\u0435\u043d\u0441\u0438\u0432\u043d\u043e \u0443\u0432\u043b\u0430\u0436\u043d\u044f\u0435\u0442 \u0438 \u0432\u043e\u0441\u0441\u0442\u0430\u043d\u0430\u0432\u043b\u0438\u0432\u0430\u0435\u0442. \u041e\u0431\u0430 \u043f\u0440\u043e\u0434\u0443\u043a\u0442\u0430 \u0438\u0434\u0435\u0430\u043b\u044c\u043d\u043e \u0434\u043e\u043f\u043e\u043b\u043d\u044f\u044e\u0442 \u0434\u0440\u0443\u0433 \u0434\u0440\u0443\u0433\u0430, \u043e\u0431\u0435\u0441\u043f\u0435\u0447\u0438\u0432\u0430\u044f \u043a\u043e\u0436\u0435 \u043d\u0435\u043e\u0431\u0445\u043e\u0434\u0438\u043c\u0443\u044e \u0437\u0430\u0431\u043e\u0442\u0443 \u0438 \u0443\u0432\u043b\u0430\u0436\u043d\u0435\u043d\u0438\u0435.<\/p>\n<p><strong>\u041f\u0440\u0435\u0438\u043c\u0443\u0449\u0435\u0441\u0442\u0432\u0430:<\/strong><\/p>\n<ul>\n<li>\u041c\u0433\u043d\u043e\u0432\u0435\u043d\u043d\u043e\u0435 \u0443\u0432\u043b\u0430\u0436\u043d\u0435\u043d\u0438\u0435 \u0438 \u043c\u044f\u0433\u043a\u043e\u0441\u0442\u044c<\/li>\n<li>\u041b\u0451\u0433\u043a\u0438\u0435 \u0442\u0435\u043a\u0441\u0442\u0443\u0440\u044b, \u043a\u043e\u0442\u043e\u0440\u044b\u0435 \u0431\u044b\u0441\u0442\u0440\u043e \u0432\u043f\u0438\u0442\u044b\u0432\u0430\u044e\u0442\u0441\u044f \u0438 \u043d\u0435 \u043e\u0441\u0442\u0430\u0432\u043b\u044f\u044e\u0442 \u0436\u0438\u0440\u043d\u044b\u0445 \u0441\u043b\u0435\u0434\u043e\u0432<\/li>\n<li>\u041f\u043e\u0434\u0445\u043e\u0434\u0438\u0442 \u0434\u043b\u044f \u0432\u0441\u0435\u0445 \u0442\u0438\u043f\u043e\u0432 \u043a\u043e\u0436\u0438, \u0432\u043a\u043b\u044e\u0447\u0430\u044f \u0447\u0443\u0432\u0441\u0442\u0432\u0438\u0442\u0435\u043b\u044c\u043d\u0443\u044e<\/li>\n<li>\u041f\u0440\u043e\u0434\u0443\u043a\u0442\u044b \u043e\u0434\u043e\u0431\u0440\u0435\u043d\u044b \u0434\u0435\u0440\u043c\u0430\u0442\u043e\u043b\u043e\u0433\u0430\u043c\u0438, \u043d\u0435 \u0442\u0435\u0441\u0442\u0438\u0440\u0443\u044e\u0442\u0441\u044f \u043d\u0430 \u0436\u0438\u0432\u043e\u0442\u043d\u044b\u0445 \u0438 \u043f\u043e\u043b\u043d\u043e\u0441\u0442\u044c\u044e \u0432\u0435\u0433\u0430\u043d\u0441\u043a\u0438\u0435<\/li>\n<li>\u042d\u043a\u043e\u043b\u043e\u0433\u0438\u0447\u043d\u0430\u044f \u0443\u043f\u0430\u043a\u043e\u0432\u043a\u0430 \u0441 \u043f\u0435\u0440\u0435\u0440\u0430\u0431\u043e\u0442\u0430\u043d\u043d\u044b\u043c \u043f\u043b\u0430\u0441\u0442\u0438\u043a\u043e\u043c<\/li>\n<\/ul>\n<p>\u041e\u0442\u043b\u0438\u0447\u043d\u044b\u0439 \u0432\u044b\u0431\u043e\u0440 \u0434\u043b\u044f \u0442\u0435\u0445, \u043a\u0442\u043e \u0445\u043e\u0447\u0435\u0442 \u0441\u043e\u0445\u0440\u0430\u043d\u0438\u0442\u044c \u043a\u043e\u0436\u0443 \u0443\u0432\u043b\u0430\u0436\u043d\u0451\u043d\u043d\u043e\u0439 \u0438 \u0441\u0432\u0435\u0436\u0435\u0439 \u043d\u0430 \u043a\u0430\u0436\u0434\u044b\u0439 \u0434\u0435\u043d\u044c!<\/p>\n<p>\ud83c\udf81\u041f\u043e\u0434\u0430\u0440\u043e\u0447\u043d\u0430\u044f \u0443\u043f\u0430\u043a\u043e\u0432\u043a\u0430 \u0432 \u0446\u0435\u043d\u0435<\/p>\n<p><span style=\"font-weight: 400;\">\ud83c\uddfa\ud83c\uddf8 Victoria\u2019s Secret PINK Water Wash Refreshing Body Wash with Sea Salt <\/span><span style=\"font-weight: 400;\">(473 ml) + Victoria\u2019s Secret PINK Water Lotion Replenishing Body Lotion with Hyaluronic Acid (414ml)<\/span><\/p>\n<p>This scrub and lotion set ensures your skin stays hydrated and soft all day. The sea salt scrub gently exfoliates and refreshes, while the hyaluronic acid lotion deeply moisturizes and restores. The products work together to provide complete care and maintain smooth, nourished skin.<\/p>\n<p><strong>Benefits:<\/strong><\/p>\n<ul>\n<li>Instant hydration and softness<\/li>\n<li>Lightweight textures that absorb quickly without leaving a greasy residue<\/li>\n<li>Suitable for all skin types, including sensitive skin<\/li>\n<li>Dermatologist-approved, cruelty-free, and vegan formula<\/li>\n<li>Eco-friendly packaging made with recycled plastic<\/li>\n<\/ul>\n<p>Perfect for daily use to keep your skin hydrated and refreshed!<\/p>\n<p>\ud83c\udf81 Gift Wrap included<\/p>\n","protected":false},"featured_media":21818,"template":"","meta":{"jetpack_publicize_message":"","jetpack_publicize_feature_enabled":true,"jetpack_social_post_already_shared":false,"jetpack_social_options":{"image_generator_settings":{"template":"highway","default_image_id":0,"font":"","enabled":false},"version":2}},"product_brand":[],"product_cat":[930,929,926,830,342,912,341],"product_tag":[],"class_list":{"0":"post-20132","1":"product","2":"type-product","3":"status-publish","4":"has-post-thumbnail","6":"product_cat-victorias-secret-body-washes","7":"product_cat-victorias-secret-body-scrubs","8":"product_cat-victorias-secret-body-lotions","9":"product_cat-kingitused","10":"product_cat-komplektid-victorias-secret","11":"product_cat-nahahooldus","12":"product_cat-victorias-secret","14":"first","15":"outofstock","16":"sale","17":"shipping-taxable","18":"purchasable","19":"product-type-simple"},"jetpack_publicize_connections":[],"jetpack_sharing_enabled":true,"jetpack_likes_enabled":true,"_links":{"self":[{"href":"https:\/\/superstore.ee\/index.php\/wp-json\/wp\/v2\/product\/20132","targetHints":{"allow":["GET"]}}],"collection":[{"href":"https:\/\/superstore.ee\/index.php\/wp-json\/wp\/v2\/product"}],"about":[{"href":"https:\/\/superstore.ee\/index.php\/wp-json\/wp\/v2\/types\/product"}],"wp:featuredmedia":[{"embeddable":true,"href":"https:\/\/superstore.ee\/index.php\/wp-json\/wp\/v2\/media\/21818"}],"wp:attachment":[{"href":"https:\/\/superstore.ee\/index.php\/wp-json\/wp\/v2\/media?parent=20132"}],"wp:term":[{"taxonomy":"product_brand","embeddable":true,"href":"https:\/\/superstore.ee\/index.php\/wp-json\/wp\/v2\/product_brand?post=20132"},{"taxonomy":"product_cat","embeddable":true,"href":"https:\/\/superstore.ee\/index.php\/wp-json\/wp\/v2\/product_cat?post=20132"},{"taxonomy":"product_tag","embeddable":true,"href":"https:\/\/superstore.ee\/index.php\/wp-json\/wp\/v2\/product_tag?post=20132"}],"curies":[{"name":"wp","href":"https:\/\/api.w.org\/{rel}","templated":true}]}}