{"id":20142,"date":"2024-12-01T17:50:43","date_gmt":"2024-12-01T15:50:43","guid":{"rendered":"https:\/\/superstore.ee\/?post_type=product&#038;p=20142"},"modified":"2026-02-17T16:34:26","modified_gmt":"2026-02-17T14:34:26","slug":"victorias-secret-natural-beauty-deodorant-50ml","status":"publish","type":"product","link":"https:\/\/superstore.ee\/index.php\/toode\/victorias-secret-natural-beauty-deodorant-50ml\/","title":{"rendered":"Victoria\u2019s Secret Natural Beauty Deodorant (50ml) Looduslik Deodorant"},"content":{"rendered":"","protected":false},"excerpt":{"rendered":"<p>Victoria\u2019s Secret looduslik deodorant (50 ml). Kergelt l\u00f5hnastatud deodorant aaloe, AHA-hapete ja prebiootikumidega tagab 24-tunnise kaitse ebameeldiva l\u00f5hna vastu.<\/p>\n<p>See pole lihtsalt kaitse, vaid ka t\u00f5hus hooldus nahale t\u00e4nu looduslikele ja t\u00f5estatult t\u00f5husatele koostisosadele.<\/p>\n<ul>\n<li><strong>Looduslikud ekstraktid<\/strong>: Suhkruroo- ja \u00f5unaekstraktid koos aaloe ja rohelise tee mahlaga niisutavad nahka, j\u00e4ttes selle pehmeks ja hoolitsetuks.<\/li>\n<li><strong>Nahka hooldav koostis<\/strong>: AHA-happed (mandli- ja gl\u00fckoolhape) eemaldavad \u00f5rnalt surnud naharakud, samal ajal kui prebiootikumid (inuuliin ja Saccharomyces ferment) toetavad naha loomulikku tasakaalu ja tervist.<\/li>\n<li><strong>\u00d5rn koostis<\/strong>: Ei sisalda agressiivseid koostisosi, nagu alumiinium ja alkohol, mis v\u00f5ivad nahka kuivatada v\u00f5i \u00e4rritada.<\/li>\n<li><strong>P\u00fcsiv v\u00e4rskus<\/strong>: T\u00e4nu spetsiaalsetele l\u00f5hnakomponentidele hoiab deodorant sind v\u00e4rskena kogu p\u00e4eva, samal ajal kui looduslikud koostisosad neutraliseerivad ebameeldiva l\u00f5hna t\u00f5husalt.<\/li>\n<\/ul>\n<ol>\n<li><em><strong>Pomegranate &amp; Lotus <\/strong><\/em>\u2014 L\u00f5hnastiil: puuviljane lilleline. Noodid: granaat\u00f5un, lootos, aloe<\/li>\n<li><strong><em>Lavender &amp; Vanilla<\/em><\/strong> \u2014 L\u00f5hnastiil: lilleline soe. Noodid: lavendel, vanill, aloe<\/li>\n<li><strong><em>Coconut Milk &amp; Rose<\/em><\/strong> \u2014 L\u00f5hnastiil: puuviljane lilleline. Noodid: kookospiim, roos, aloe<\/li>\n<\/ol>\n<p>Kandke \u00f5huke kiht puhtale ja kuivale kaenlaalusele nahale ning oodake paar sekundit, kuni toode kuivab.<\/p>\n<p>Dermatoloogiliselt testitud. Vegan koostis. Loomkatsete vastu<\/p>\n<details>\n<summary>Details<\/summary>\n<div translate=\"no\">\nVictoria\u2019s Secret Deodorant (50ml) Natural Beauty<\/p>\n<p>This lightly scented deodorant with aloe, AHAs, and prebiotics offers 24-hour odor protection.<\/p>\n<p>Pomegranate &#038; Lotus \u2014 Fragrance Style: Fruity Floral. Notes: Pomegranate, Lotus, Aloe<br \/>\nLavender &#038; Vanilla \u2014 Fragrance Style: Floral Warm. Notes: Lavender, Vanilla, Aloe<br \/>\nCoconut Milk &#038; Rose \u2014 Fragrance Style: Fruity Floral. Notes: Coconut Milk, Rose, Aloe<\/p>\n<p>DIRECTIONS: Roll a thin layer onto cleaned and dried underarms and wait a few seconds for formula to dry.<\/p>\n<p>Dermatologist tested. Vegan formula. Against animal testing<\/p>\n<p>INGREDIENTS:<\/p>\n<\/div>\n<p>Victoria\u2019s Secret \u043d\u0430\u0442\u0443\u0440\u0430\u043b\u044c\u043d\u044b\u0439 \u0434\u0435\u0437\u043e\u0434\u043e\u0440\u0430\u043d\u0442 (50\u043c\u043b) \u0414\u0435\u0437\u043e\u0434\u043e\u0440\u0430\u043d\u0442 \u0441 \u043b\u0435\u0433\u043a\u0438\u043c \u0430\u0440\u043e\u043c\u0430\u0442\u043e\u043c, \u0441\u043e\u0434\u0435\u0440\u0436\u0430\u0449\u0438\u0439 \u0430\u043b\u043e\u044d, AHA-\u043a\u0438\u0441\u043b\u043e\u0442\u044b \u0438 \u043f\u0440\u0435\u0431\u0438\u043e\u0442\u0438\u043a\u0438, \u043e\u0431\u0435\u0441\u043f\u0435\u0447\u0438\u0432\u0430\u0435\u0442 24-\u0447\u0430\u0441\u043e\u0432\u0443\u044e \u0437\u0430\u0449\u0438\u0442\u0443 \u043e\u0442 \u0437\u0430\u043f\u0430\u0445\u0430.<\/p>\n<p>\u042d\u0442\u043e \u043d\u0435 \u043f\u0440\u043e\u0441\u0442\u043e \u0437\u0430\u0449\u0438\u0442\u0430 \u043e\u0442 \u0437\u0430\u043f\u0430\u0445\u0430, \u043d\u043e \u0438 \u043f\u043e\u043b\u043d\u043e\u0446\u0435\u043d\u043d\u044b\u0439 \u0443\u0445\u043e\u0434 \u0434\u043b\u044f \u043a\u043e\u0436\u0438, \u0431\u043b\u0430\u0433\u043e\u0434\u0430\u0440\u044f \u043d\u0430\u0442\u0443\u0440\u0430\u043b\u044c\u043d\u044b\u043c \u0438 \u044d\u0444\u0444\u0435\u043a\u0442\u0438\u0432\u043d\u044b\u043c \u0438\u043d\u0433\u0440\u0435\u0434\u0438\u0435\u043d\u0442\u0430\u043c.<\/p>\n<p>\u041d\u0430\u0442\u0443\u0440\u0430\u043b\u044c\u043d\u044b\u0435 \u044d\u043a\u0441\u0442\u0440\u0430\u043a\u0442\u044b: \u042d\u043a\u0441\u0442\u0440\u0430\u043a\u0442\u044b \u0441\u0430\u0445\u0430\u0440\u043d\u043e\u0433\u043e \u0442\u0440\u043e\u0441\u0442\u043d\u0438\u043a\u0430 \u0438 \u044f\u0431\u043b\u043e\u043a\u0430, \u0432\u043c\u0435\u0441\u0442\u0435 \u0441 \u0441\u043e\u043a\u043e\u043c \u0430\u043b\u043e\u044d \u0438 \u0437\u0435\u043b\u0451\u043d\u044b\u043c \u0447\u0430\u0435\u043c, \u0443\u0432\u043b\u0430\u0436\u043d\u044f\u044e\u0442 \u043a\u043e\u0436\u0443, \u043e\u0441\u0442\u0430\u0432\u043b\u044f\u044f \u0435\u0451 \u043c\u044f\u0433\u043a\u043e\u0439 \u0438 \u0443\u0445\u043e\u0436\u0435\u043d\u043d\u043e\u0439.<br \/>\n\u0423\u0445\u043e\u0434 \u0437\u0430 \u043a\u043e\u0436\u0435\u0439: AHA-\u043a\u0438\u0441\u043b\u043e\u0442\u044b (\u043c\u0438\u043d\u0434\u0430\u043b\u044c\u043d\u0430\u044f \u0438 \u0433\u043b\u0438\u043a\u043e\u043b\u0435\u0432\u0430\u044f) \u043c\u044f\u0433\u043a\u043e \u0443\u0434\u0430\u043b\u044f\u044e\u0442 \u043e\u043c\u0435\u0440\u0442\u0432\u0435\u0432\u0448\u0438\u0435 \u043a\u043b\u0435\u0442\u043a\u0438, \u0430 \u043f\u0440\u0435\u0431\u0438\u043e\u0442\u0438\u043a\u0438 (\u0438\u043d\u0443\u043b\u0438\u043d \u0438 \u0444\u0435\u0440\u043c\u0435\u043d\u0442 Saccharomyces) \u043f\u043e\u0434\u0434\u0435\u0440\u0436\u0438\u0432\u0430\u044e\u0442 \u0435\u0441\u0442\u0435\u0441\u0442\u0432\u0435\u043d\u043d\u044b\u0439 \u0431\u0430\u043b\u0430\u043d\u0441 \u0438 \u0437\u0434\u043e\u0440\u043e\u0432\u044c\u0435 \u043a\u043e\u0436\u0438.<br \/>\n\u041c\u044f\u0433\u043a\u0430\u044f \u0444\u043e\u0440\u043c\u0443\u043b\u0430: \u041d\u0435 \u0441\u043e\u0434\u0435\u0440\u0436\u0438\u0442 \u0430\u0433\u0440\u0435\u0441\u0441\u0438\u0432\u043d\u044b\u0445 \u043a\u043e\u043c\u043f\u043e\u043d\u0435\u043d\u0442\u043e\u0432, \u0442\u0430\u043a\u0438\u0445 \u043a\u0430\u043a \u0430\u043b\u044e\u043c\u0438\u043d\u0438\u0439 \u0438 \u0441\u043f\u0438\u0440\u0442, \u043a\u043e\u0442\u043e\u0440\u044b\u0435 \u043c\u043e\u0433\u0443\u0442 \u043f\u0435\u0440\u0435\u0441\u0443\u0448\u0438\u0432\u0430\u0442\u044c \u0438\u043b\u0438 \u0440\u0430\u0437\u0434\u0440\u0430\u0436\u0430\u0442\u044c \u043a\u043e\u0436\u0443.<br \/>\n\u0421\u0432\u0435\u0436\u0435\u0441\u0442\u044c \u043d\u0430 \u0432\u0435\u0441\u044c \u0434\u0435\u043d\u044c: \u0411\u043b\u0430\u0433\u043e\u0434\u0430\u0440\u044f \u0441\u043f\u0435\u0446\u0438\u0430\u043b\u044c\u043d\u044b\u043c \u0430\u0440\u043e\u043c\u0430\u0442\u0438\u0447\u0435\u0441\u043a\u0438\u043c \u043a\u043e\u043c\u043f\u043e\u043d\u0435\u043d\u0442\u0430\u043c, \u0434\u0435\u0437\u043e\u0434\u043e\u0440\u0430\u043d\u0442 \u0434\u0430\u0440\u0438\u0442 \u0441\u0442\u043e\u0439\u043a\u0443\u044e \u0441\u0432\u0435\u0436\u0435\u0441\u0442\u044c, \u0430 \u043d\u0430\u0442\u0443\u0440\u0430\u043b\u044c\u043d\u044b\u0435 \u0438\u043d\u0433\u0440\u0435\u0434\u0438\u0435\u043d\u0442\u044b \u044d\u0444\u0444\u0435\u043a\u0442\u0438\u0432\u043d\u043e \u043d\u0435\u0439\u0442\u0440\u0430\u043b\u0438\u0437\u0443\u044e\u0442 \u043d\u0435\u043f\u0440\u0438\u044f\u0442\u043d\u044b\u0435 \u0437\u0430\u043f\u0430\u0445\u0438.<br \/>\nPomegranate &amp; Lotus \u2014 \u0421\u0442\u0438\u043b\u044c \u0430\u0440\u043e\u043c\u0430\u0442\u0430: \u0444\u0440\u0443\u043a\u0442\u043e\u0432\u044b\u0439, \u0446\u0432\u0435\u0442\u043e\u0447\u043d\u044b\u0439. \u041d\u043e\u0442\u044b: \u0432\u0430\u043d\u0438\u043b\u044c, \u0433\u0440\u0430\u043d\u0430\u0442, \u043b\u043e\u0442\u043e\u0441, \u0430\u043b\u043e\u044d<br \/>\nLavender &amp; Vanilla \u2014 \u0421\u0442\u0438\u043b\u044c \u0430\u0440\u043e\u043c\u0430\u0442\u0430: \u0446\u0432\u0435\u0442\u043e\u0447\u043d\u044b\u0439, \u0442\u0451\u043f\u043b\u044b\u0439. \u041d\u043e\u0442\u044b: \u043b\u0430\u0432\u0430\u043d\u0434\u0430, \u0432\u0430\u043d\u0438\u043b\u044c, \u0430\u043b\u043e\u044d<br \/>\nCoconut Milk &amp; Rose\u2014 \u0421\u0442\u0438\u043b\u044c \u0430\u0440\u043e\u043c\u0430\u0442\u0430: \u0444\u0440\u0443\u043a\u0442\u043e\u0432\u044b\u0439, \u0446\u0432\u0435\u0442\u043e\u0447\u043d\u044b\u0439. \u041d\u043e\u0442\u044b: \u043a\u043e\u043a\u043e\u0441\u043e\u0432\u043e\u0435 \u043c\u043e\u043b\u043e\u043a\u043e, \u0440\u043e\u0437\u0430, \u0430\u043b\u043e\u044d<\/p>\n<\/details>\n","protected":false},"featured_media":20390,"template":"","meta":{"jetpack_publicize_message":"","jetpack_publicize_feature_enabled":true,"jetpack_social_post_already_shared":true,"jetpack_social_options":{"image_generator_settings":{"template":"highway","default_image_id":0,"font":"","enabled":false},"version":2}},"product_brand":[],"product_cat":[931,912,341],"product_tag":[],"class_list":{"0":"post-20142","1":"product","2":"type-product","3":"status-publish","4":"has-post-thumbnail","6":"product_cat-victorias-secret-deodorants","7":"product_cat-nahahooldus","8":"product_cat-victorias-secret","9":"pa_lohn-coconut-milk-rose","10":"pa_lohn-lavender-vanilla","11":"pa_lohn-pomegranate-lotus","13":"first","14":"instock","15":"sale","16":"shipping-taxable","17":"purchasable","18":"product-type-variable"},"jetpack_publicize_connections":[],"jetpack_sharing_enabled":true,"jetpack_likes_enabled":true,"_links":{"self":[{"href":"https:\/\/superstore.ee\/index.php\/wp-json\/wp\/v2\/product\/20142","targetHints":{"allow":["GET"]}}],"collection":[{"href":"https:\/\/superstore.ee\/index.php\/wp-json\/wp\/v2\/product"}],"about":[{"href":"https:\/\/superstore.ee\/index.php\/wp-json\/wp\/v2\/types\/product"}],"wp:featuredmedia":[{"embeddable":true,"href":"https:\/\/superstore.ee\/index.php\/wp-json\/wp\/v2\/media\/20390"}],"wp:attachment":[{"href":"https:\/\/superstore.ee\/index.php\/wp-json\/wp\/v2\/media?parent=20142"}],"wp:term":[{"taxonomy":"product_brand","embeddable":true,"href":"https:\/\/superstore.ee\/index.php\/wp-json\/wp\/v2\/product_brand?post=20142"},{"taxonomy":"product_cat","embeddable":true,"href":"https:\/\/superstore.ee\/index.php\/wp-json\/wp\/v2\/product_cat?post=20142"},{"taxonomy":"product_tag","embeddable":true,"href":"https:\/\/superstore.ee\/index.php\/wp-json\/wp\/v2\/product_tag?post=20142"}],"curies":[{"name":"wp","href":"https:\/\/api.w.org\/{rel}","templated":true}]}}