{"id":20156,"date":"2024-12-02T11:15:25","date_gmt":"2024-12-02T09:15:25","guid":{"rendered":"https:\/\/superstore.ee\/?post_type=product&#038;p=20156"},"modified":"2026-01-29T22:18:56","modified_gmt":"2026-01-29T20:18:56","slug":"victorias-secret-niisutav-kehalosjoon-shea-ja-kookosevoiga-236ml-lavender-vanilla","status":"publish","type":"product","link":"https:\/\/superstore.ee\/index.php\/toode\/victorias-secret-niisutav-kehalosjoon-shea-ja-kookosevoiga-236ml-lavender-vanilla\/","title":{"rendered":"Victoria\u2019s Secret Lavender &#038; Vanilla Natural Beauty Hydrating Body Lotion"},"content":{"rendered":"","protected":false},"excerpt":{"rendered":"<p>Victoria\u2019s Secret niisutav kehalosjoon shea- ja kookosev\u00f5iga (236ml). Looduskosmeetika sarjast.<\/p>\n<p><em><strong>Lavender &amp; Vanilla<\/strong><\/em> \u2013 L\u00f5hnastiil: lilleline soe. Noodid: lavendel, vanill.<\/p>\n<div id=\"model-response-message-contentr_5eb5877bb5ae7867\" class=\"markdown markdown-main-panel enable-updated-hr-color\" dir=\"ltr\">\n<p data-sourcepos=\"1:1-1:300\"><strong>Victoria&#8217;s Secreti lavendli ja vanilli l\u00f5hnaline kehakreem<\/strong> pakub teie nahale kauakestvat 24-tunnist niisutust ja luksuslikku aroomi. Valem on rikastatud sheav\u00f5i ja kookos\u00f5liga, andes teie nahale pehmuse ja siledama jume. Lavendli ja vanilli aroom aitab teil l\u00f5\u00f5gastuda ja nautida \u00f5rna hoolitsust.<\/p>\n<\/div>\n<p><em><span style=\"font-weight: 400;\">Kombineerige sobiva kehasprei, kehakoorija ja niisutava kehapesukreemiga.<\/span><\/em><\/p>\n<details>\n<summary>Details<\/summary>\n<div translate=\"no\">Victoria\u2019s Secret Natural Beauty Hydrating Body Lotion with shea butter and coconut oil (236ml)<br \/>\nThe Lavender &amp; Vanilla Scented Body Lotion by Victoria&#8217;s Secret provides your skin with long-lasting 24-hour hydration and a luxurious scent. The formula is enriched with shea butter and coconut oil, giving your skin softness and smoothness. The lavender and vanilla fragrance will help you relax and enjoy gentle care.Lavender &amp; Vanilla \u2013 Fragrance Style: Floral Warm. Notes: Lavender, Vanilla.To maximize your scent benefit, pair with matching Fragrance Mist, Exfoliating Body Scrub and Moisturizing Cream Body Wash.<br \/>\nINGREDIENTS:<br \/>\nWater (Aqua, Eau), Glycerin, Cetearyl Alcohol, Isopropyl Palmitate, Fragrance (Parfum), Caprylic\/Capric Triglyceride, Glyceryl Stearate SE, Cetyl Esters, Phenoxyethanol, Acrylates\/C10-30 Alkyl Acrylate Crosspolymer, Potassium Sorbate, Xanthan Gum, Chlorphenesin, Butyrospermum Parkii (Shea) Butter, Polysorbate 60, Aminomethyl Propanol, Cocos Nucifera (Coconut) Oil, Disodium EDTA, Ethylhexylglycerin, Sodium Stearoyl Lactylate, Tocopheryl Acetate, Aloe Barbadensis Leaf Juice, Limonene, Linalool, Benzyl Salicylate, Citronellol, Citral<\/p>\n<\/div>\n<p>Victoria\u2019s Secret \u0423\u0432\u043b\u0430\u0436\u043d\u044f\u044e\u0449\u0438\u0439 \u043b\u043e\u0441\u044c\u043e\u043d \u0434\u043b\u044f \u0442\u0435\u043b\u0430 \u0441 \u043c\u0430\u0441\u043b\u043e\u043c \u0448\u0438 \u0438 \u043a\u043e\u043a\u043e\u0441\u0430 (236\u043c\u043b). \u0418\u0437 \u0441\u0435\u0440\u0438\u0438 \u043d\u0430\u0442\u0443\u0440\u0430\u043b\u044c\u043d\u043e\u0439 \u043a\u043e\u0441\u043c\u0435\u0442\u0438\u043a\u0438.<\/p>\n<p>Lavender &amp; Vanilla \u2013 \u0421\u0442\u0438\u043b\u044c \u0430\u0440\u043e\u043c\u0430\u0442\u0430: \u0446\u0432\u0435\u0442\u043e\u0447\u043d\u044b\u0439 \u0442\u0451\u043f\u043b\u044b\u0439. \u041d\u043e\u0442\u044b: \u043b\u0430\u0432\u0430\u043d\u0434\u0430, \u0432\u0430\u043d\u0438\u043b\u044c.<\/p>\n<p>\u0421\u043e\u0447\u0435\u0442\u0430\u0439\u0442\u0435 \u0441 \u043f\u043e\u0434\u0445\u043e\u0434\u044f\u0449\u0438\u043c \u0441\u043f\u0440\u0435\u0435\u043c, \u0441\u043a\u0440\u0430\u0431\u043e\u043c \u0434\u043b\u044f \u0442\u0435\u043b\u0430 \u0438 \u043a\u0440\u0435\u043c\u043e\u043c \u0434\u043b\u044f \u0434\u0443\u0448\u0430.<\/p>\n<\/details>\n","protected":false},"featured_media":23954,"template":"","meta":{"jetpack_publicize_message":"","jetpack_publicize_feature_enabled":true,"jetpack_social_post_already_shared":true,"jetpack_social_options":{"image_generator_settings":{"template":"highway","default_image_id":0,"font":"","enabled":false},"version":2}},"product_brand":[],"product_cat":[926,912,341],"product_tag":[],"class_list":{"0":"post-20156","1":"product","2":"type-product","3":"status-publish","4":"has-post-thumbnail","6":"product_cat-victorias-secret-body-lotions","7":"product_cat-nahahooldus","8":"product_cat-victorias-secret","9":"pa_lohn-wild-fig-manuka-honey","11":"first","12":"outofstock","13":"sale","14":"shipping-taxable","15":"purchasable","16":"product-type-simple"},"jetpack_publicize_connections":[],"jetpack_sharing_enabled":true,"jetpack_likes_enabled":true,"_links":{"self":[{"href":"https:\/\/superstore.ee\/index.php\/wp-json\/wp\/v2\/product\/20156","targetHints":{"allow":["GET"]}}],"collection":[{"href":"https:\/\/superstore.ee\/index.php\/wp-json\/wp\/v2\/product"}],"about":[{"href":"https:\/\/superstore.ee\/index.php\/wp-json\/wp\/v2\/types\/product"}],"wp:featuredmedia":[{"embeddable":true,"href":"https:\/\/superstore.ee\/index.php\/wp-json\/wp\/v2\/media\/23954"}],"wp:attachment":[{"href":"https:\/\/superstore.ee\/index.php\/wp-json\/wp\/v2\/media?parent=20156"}],"wp:term":[{"taxonomy":"product_brand","embeddable":true,"href":"https:\/\/superstore.ee\/index.php\/wp-json\/wp\/v2\/product_brand?post=20156"},{"taxonomy":"product_cat","embeddable":true,"href":"https:\/\/superstore.ee\/index.php\/wp-json\/wp\/v2\/product_cat?post=20156"},{"taxonomy":"product_tag","embeddable":true,"href":"https:\/\/superstore.ee\/index.php\/wp-json\/wp\/v2\/product_tag?post=20156"}],"curies":[{"name":"wp","href":"https:\/\/api.w.org\/{rel}","templated":true}]}}