{"id":20164,"date":"2024-12-02T11:21:37","date_gmt":"2024-12-02T09:21:37","guid":{"rendered":"https:\/\/superstore.ee\/?post_type=product&#038;p=20164"},"modified":"2025-09-03T20:51:48","modified_gmt":"2025-09-03T17:51:48","slug":"victorias-secret-coconut-milk-rose-komplekt-kehasprei-kehalosjoon","status":"publish","type":"product","link":"https:\/\/superstore.ee\/index.php\/toode\/victorias-secret-coconut-milk-rose-komplekt-kehasprei-kehalosjoon\/","title":{"rendered":"Victoria\u2019s Secret Coconut Milk &#038; Rose Set (Body Mist + Lotion)"},"content":{"rendered":"<blockquote><p>&nbsp;<\/p><\/blockquote>\n","protected":false},"excerpt":{"rendered":"<div id=\"model-response-message-contentr_c65617267212c869\" class=\"markdown markdown-main-panel enable-updated-hr-color\" dir=\"ltr\">\n<p data-sourcepos=\"7:1-7:121\">Victoria\u2019s Secret Natural Beauty \u2013 Coconut Milk &amp; Rose Komplekt (Kehasprei 250ml + Parf\u00fcmeeritud Kehakreem 236ml)<\/p>\n<p data-sourcepos=\"9:1-9:197\">Avastage harmoonia ja hoolitsus Victoria\u2019s Secret Natural Beauty Coconut Milk &amp; Rose komplektiga. See luksuslik duo on loodud pakkuma s\u00fcgavat niisutust ja kauakestvat, rahustavat aroomielamust.<\/p>\n<p data-sourcepos=\"11:1-12:33\"><strong>L\u00f5hnastiil:<\/strong> Puuviljane Lilleline <strong>P\u00f5hinoodid:<\/strong> Kookospiim, Roos.<\/p>\n<p data-sourcepos=\"14:1-14:285\"><strong>Parf\u00fcmeeritud Kehakreem Coconut Milk &amp; Rose<\/strong> pakub teie nahale kauakestvat 24-tunnist niisutust ja luksuslikku aroomi. Valem on rikastatud sheav\u00f5i ja kookos\u00f5liga, andes teie nahale pehmuse ja siledama jume. Kookospiima ja roosi aroom aitab teil l\u00f5\u00f5gastuda ja nautida \u00f5rna hoolitsust.<\/p>\n<p data-sourcepos=\"16:1-16:167\"><strong>Kehasprei Coconut Milk &amp; Rose<\/strong> on kerge ja v\u00e4rskendav, \u00fchendades endas kookospiima ja roosi rahustavad noodid, luues t\u00f5eliselt harmoonilise ja hellitava aroomi.<\/p>\n<p data-sourcepos=\"18:1-18:162\">Kasutades neid kahte toodet koos, saate nautida intensiivsemat ja pikaajalisemat aroomi, mis \u00fcmbritseb teid terveks p\u00e4evaks rahustava ja hellitava sensatsiooniga.<\/p>\n<p data-sourcepos=\"20:1-20:238\">See komplekt on osa Natural Beauty kehahoolduskollektsioonist, mis on inspireeritud loodusest, et tagada pehme ja terve naha tunne. L\u00f5hnad pluss kasu. Luksuslikud, t\u00f5husad koostised. Botaaniline inspiratsioon, igap\u00e4evane transformatsioon.<\/p>\n<\/div>\n<details>\n<summary>Details<\/summary>\n<div translate=\"no\">Victoria\u2019s Secret Natural Beauty \u2013 Coconut Milk &amp; Rose Set (Fragrance Mist 250ml + Perfumed Body Cream 236ml)Discover harmony and care with the Victoria\u2019s Secret Natural Beauty Coconut Milk &amp; Rose set. This luxurious duo is designed to provide deep hydration and a long-lasting, calming fragrance experience.<\/p>\n<p>Fragrance Style: Fruity Floral<br \/>\nKey Notes: Coconut Milk, Rose.<\/p>\n<p>The Creamy Body Cream Coconut Milk &amp; Rose provides your skin with long-lasting 24-hour hydration and a luxurious scent. The formula is enriched with shea butter and coconut oil, giving your skin softness and a smoother complexion. The aroma of coconut milk and rose will help you relax and enjoy gentle care.<\/p>\n<p>The Body Mist Coconut Milk &amp; Rose is a light and refreshing body mist that combines the calming notes of coconut milk and rose, creating a truly harmonious and pampering aroma.<\/p>\n<p>By using these two products together, you can enjoy a more intense and prolonged fragrance experience that surrounds you with a calming and pampering sensation throughout the day.<\/p>\n<p>This set is part of the Natural Beauty body care collection, inspired by nature for soft, healthy-feeling skin. Scents plus benefits. Luxurious, efficacious formulas. Botanical inspiration, daily transformation.<\/p>\n<p>INGREDIENTS:<br \/>\nBODY LOTION: Water (Aqua, Eau), Glycerin, Cetearyl Alcohol, Isopropyl Palmitate, Fragrance (Parfum), Caprylic\/Capric Triglyceride, Glyceryl Stearate SE, Cetyl Esters, Phenoxyethanol, Acrylates\/C10-30 Alkyl Acrylate Crosspolymer, Potassium Sorbate, Xanthan Gum, Chlorphenesin, Butyrospermum Parkii (Shea) Butter, Polysorbate 60, Aminomethyl Propanol, Cocos Nucifera (Coconut) Oil, Disodium EDTA, Ethylhexylglycerin, Sodium Stearoyl Lactylate, Tocopheryl Acetate, Aloe Barbadensis Leaf Juice, Limonene, Linalool, Benzyl Salicylate, Citronellol, Citral<\/p>\n<\/div>\n<p>Victoria\u2019s Secret Natural Beauty \u2013 \u041a\u043e\u043c\u043f\u043b\u0435\u043a\u0442 Coconut Milk &amp; Rose (\u0421\u043f\u0440\u0435\u0439 \u0434\u043b\u044f \u0442\u0435\u043b\u0430 250\u043c\u043b (\u043c\u0438\u0441\u0442)+ \u041f\u0430\u0440\u0444\u044e\u043c\u0438\u0440\u043e\u0432\u0430\u043d\u043d\u044b\u0439 \u041a\u0440\u0435\u043c \u0434\u043b\u044f \u0442\u0435\u043b\u0430 236\u043c\u043b)<\/p>\n<p>\u041e\u0442\u043a\u0440\u043e\u0439\u0442\u0435 \u0434\u043b\u044f \u0441\u0435\u0431\u044f \u0433\u0430\u0440\u043c\u043e\u043d\u0438\u044e \u0438 \u0437\u0430\u0431\u043e\u0442\u0443 \u0441 \u043a\u043e\u043c\u043f\u043b\u0435\u043a\u0442\u043e\u043c Victoria\u2019s Secret Natural Beauty Coconut Milk &amp; Rose. \u042d\u0442\u043e\u0442 \u0440\u043e\u0441\u043a\u043e\u0448\u043d\u044b\u0439 \u0434\u0443\u044d\u0442 \u0441\u043e\u0437\u0434\u0430\u043d, \u0447\u0442\u043e\u0431\u044b \u043e\u0431\u0435\u0441\u043f\u0435\u0447\u0438\u0442\u044c \u0433\u043b\u0443\u0431\u043e\u043a\u043e\u0435 \u0443\u0432\u043b\u0430\u0436\u043d\u0435\u043d\u0438\u0435 \u0438 \u0441\u0442\u043e\u0439\u043a\u0438\u0439, \u0443\u0441\u043f\u043e\u043a\u0430\u0438\u0432\u0430\u044e\u0449\u0438\u0439 \u0430\u0440\u043e\u043c\u0430\u0442.<\/p>\n<p>\u0421\u0442\u0438\u043b\u044c \u0430\u0440\u043e\u043c\u0430\u0442\u0430: \u0424\u0440\u0443\u043a\u0442\u043e\u0432\u044b\u0439 \u0426\u0432\u0435\u0442\u043e\u0447\u043d\u044b\u0439<br \/>\n\u041e\u0441\u043d\u043e\u0432\u043d\u044b\u0435 \u043d\u043e\u0442\u044b: \u041a\u043e\u043a\u043e\u0441\u043e\u0432\u043e\u0435 \u043c\u043e\u043b\u043e\u043a\u043e, \u0420\u043e\u0437\u0430.<\/p>\n<\/details>\n","protected":false},"featured_media":9358,"template":"","meta":{"jetpack_publicize_message":"","jetpack_publicize_feature_enabled":true,"jetpack_social_post_already_shared":true,"jetpack_social_options":{"image_generator_settings":{"template":"highway","default_image_id":0,"font":"","enabled":false},"version":2}},"product_brand":[],"product_cat":[926,927,342,912,341],"product_tag":[],"class_list":{"0":"post-20164","1":"product","2":"type-product","3":"status-publish","4":"has-post-thumbnail","6":"product_cat-victorias-secret-body-lotions","7":"product_cat-victorias-secret-body-mists","8":"product_cat-komplektid-victorias-secret","9":"product_cat-nahahooldus","10":"product_cat-victorias-secret","11":"pa_lohn-velvet-petals","13":"first","14":"outofstock","15":"sale","16":"shipping-taxable","17":"purchasable","18":"product-type-simple"},"jetpack_publicize_connections":[],"jetpack_sharing_enabled":true,"jetpack_likes_enabled":true,"_links":{"self":[{"href":"https:\/\/superstore.ee\/index.php\/wp-json\/wp\/v2\/product\/20164","targetHints":{"allow":["GET"]}}],"collection":[{"href":"https:\/\/superstore.ee\/index.php\/wp-json\/wp\/v2\/product"}],"about":[{"href":"https:\/\/superstore.ee\/index.php\/wp-json\/wp\/v2\/types\/product"}],"wp:featuredmedia":[{"embeddable":true,"href":"https:\/\/superstore.ee\/index.php\/wp-json\/wp\/v2\/media\/9358"}],"wp:attachment":[{"href":"https:\/\/superstore.ee\/index.php\/wp-json\/wp\/v2\/media?parent=20164"}],"wp:term":[{"taxonomy":"product_brand","embeddable":true,"href":"https:\/\/superstore.ee\/index.php\/wp-json\/wp\/v2\/product_brand?post=20164"},{"taxonomy":"product_cat","embeddable":true,"href":"https:\/\/superstore.ee\/index.php\/wp-json\/wp\/v2\/product_cat?post=20164"},{"taxonomy":"product_tag","embeddable":true,"href":"https:\/\/superstore.ee\/index.php\/wp-json\/wp\/v2\/product_tag?post=20164"}],"curies":[{"name":"wp","href":"https:\/\/api.w.org\/{rel}","templated":true}]}}