{"id":20169,"date":"2024-12-02T11:27:35","date_gmt":"2024-12-02T09:27:35","guid":{"rendered":"https:\/\/superstore.ee\/?post_type=product&#038;p=20169"},"modified":"2026-03-15T16:41:43","modified_gmt":"2026-03-15T14:41:43","slug":"victorias-secret-kehasprei-natural-beauty-body-mist-250ml-pomegranate-lotus","status":"publish","type":"product","link":"https:\/\/superstore.ee\/index.php\/toode\/victorias-secret-kehasprei-natural-beauty-body-mist-250ml-pomegranate-lotus\/","title":{"rendered":"Victoria\u2019s Secret Natural Beauty Fragrance Mist Pomegranate &#038; Lotus"},"content":{"rendered":"","protected":false},"excerpt":{"rendered":"<p data-sourcepos=\"7:1-7:92\">Victoria\u2019s Secret Natural Beauty L\u00f5hnastatud Kehasprei\u00a0 \u2013 Pomegranate &amp; Lotus<\/p>\n<p data-sourcepos=\"9:1-10:35\"><strong>L\u00f5hnastiil:<\/strong> Puuviljane Lilleline <strong>P\u00f5hinoodid:<\/strong> Granaat\u00f5un, Lootos.<\/p>\n<p data-sourcepos=\"12:1-12:247\">Avastage v\u00e4rskendav, magus ja eksootiline aroomielamus Victoria\u2019s Secret Natural Beauty Granaat\u00f5una ja Lootose kehaspreiga. See kerge ja virgutav sprei \u00fchendab granaat\u00f5una mahlaka s\u00e4rtsu lootose\u00f5ie \u00f5rna elegantsiga, luues k\u00fctkestava ja meeldej\u00e4\u00e4va l\u00f5hna.<\/p>\n<p><em>Kombineerige sobiva Natural Beauty niisutava kehakreemi, kehakoorija ja du\u0161ikreemiga.<\/em><\/p>\n<p>Pakume seda toodet ka mugavates v\u00e4iksemates pakendites (dekantidena), mis on ideaalsed toote proovimiseks v\u00f5i reisile kaasa v\u00f5tmiseks.<\/p>\n<details>\n<summary>Details<\/summary>\n<div translate=\"no\">Victoria\u2019s Secret Natural Beauty Fragrance Mist \u2013 Pomegranate &amp; LotusFragrance Style: Fruity Floral<br \/>\nKey Notes: Pomegranate, Lotus.Discover a refreshing, sweet, and exotic fragrance experience with the Victoria\u2019s Secret Natural Beauty Pomegranate &amp; Lotus body mist. This light and invigorating mist blends the juicy vibrancy of pomegranate with the delicate elegance of lotus blossom, creating a captivating and memorable scent.Pair it with the matching Natural Beauty Moisturizing Body Cream, Body Scrub, and Shower Cream.INGREDIENTS:<br \/>\nAlcohol Denat., Water (Aqua, Eau), Fragrance (Parfum), Propylene Glycol, Glycerin, PPG-26-Buteth-26, PEG-40 Hydrogenated Castor Oil, Ethylhexyl Methoxycinnamate, Ethylhexyl Salicylate, Butyl Methoxydibenzoylmethane, Limonene, Benzyl Salicylate, Alpha-Isomethyl Ionone, Citronellol, Coumarin, Linalool, CitralIngredients are subject to change. For an accurate list of ingredients, please refer to the product packaging.<\/div>\n<p>Victoria\u2019s Secret Natural Beauty \u2013 \u041f\u0430\u0440\u0444\u044e\u043c\u0438\u0440\u043e\u0432\u0430\u043d\u043d\u044b\u0439 \u0421\u043f\u0440\u0435\u0439 \u0434\u043b\u044f \u0442\u0435\u043b\u0430 (\u043c\u0438\u0441\u0442) \u2013 Pomegranate &amp; Lotus<\/p>\n<p>\u0421\u0442\u0438\u043b\u044c \u0430\u0440\u043e\u043c\u0430\u0442\u0430: \u0424\u0440\u0443\u043a\u0442\u043e\u0432\u044b\u0439 \u0426\u0432\u0435\u0442\u043e\u0447\u043d\u044b\u0439<br \/>\n\u041e\u0441\u043d\u043e\u0432\u043d\u044b\u0435 \u043d\u043e\u0442\u044b: \u0413\u0440\u0430\u043d\u0430\u0442, \u041b\u043e\u0442\u043e\u0441.<\/p>\n<p>\u041e\u0442\u043a\u0440\u043e\u0439\u0442\u0435 \u0434\u043b\u044f \u0441\u0435\u0431\u044f \u043e\u0441\u0432\u0435\u0436\u0430\u044e\u0449\u0438\u0439, \u0441\u043b\u0430\u0434\u043a\u0438\u0439 \u0438 \u044d\u043a\u0437\u043e\u0442\u0438\u0447\u0435\u0441\u043a\u0438\u0439 \u0430\u0440\u043e\u043c\u0430\u0442 \u0441\u043e \u0441\u043f\u0440\u0435\u0435\u043c \u0434\u043b\u044f \u0442\u0435\u043b\u0430 Victoria\u2019s Secret Natural Beauty \u0413\u0440\u0430\u043d\u0430\u0442 \u0438 \u041b\u043e\u0442\u043e\u0441.<\/p>\n<\/details>\n","protected":false},"featured_media":15922,"template":"","meta":{"jetpack_publicize_message":"","jetpack_publicize_feature_enabled":true,"jetpack_social_post_already_shared":false,"jetpack_social_options":{"image_generator_settings":{"template":"highway","default_image_id":0,"font":"","enabled":false},"version":2}},"product_brand":[],"product_cat":[910,927,993,341],"product_tag":[],"class_list":{"0":"post-20169","1":"product","2":"type-product","3":"status-publish","4":"has-post-thumbnail","6":"product_cat-kehaspreid","7":"product_cat-victorias-secret-body-mists","8":"product_cat-samples","9":"product_cat-victorias-secret","10":"pa_suurus-10-ml-tester","11":"pa_suurus-2-ml-tester","12":"pa_suurus-250-ml-full-size","13":"pa_suurus-50-ml-tester","15":"first","16":"instock","17":"sale","18":"shipping-taxable","19":"purchasable","20":"product-type-variable"},"jetpack_publicize_connections":[],"jetpack_sharing_enabled":true,"jetpack_likes_enabled":true,"_links":{"self":[{"href":"https:\/\/superstore.ee\/index.php\/wp-json\/wp\/v2\/product\/20169","targetHints":{"allow":["GET"]}}],"collection":[{"href":"https:\/\/superstore.ee\/index.php\/wp-json\/wp\/v2\/product"}],"about":[{"href":"https:\/\/superstore.ee\/index.php\/wp-json\/wp\/v2\/types\/product"}],"wp:featuredmedia":[{"embeddable":true,"href":"https:\/\/superstore.ee\/index.php\/wp-json\/wp\/v2\/media\/15922"}],"wp:attachment":[{"href":"https:\/\/superstore.ee\/index.php\/wp-json\/wp\/v2\/media?parent=20169"}],"wp:term":[{"taxonomy":"product_brand","embeddable":true,"href":"https:\/\/superstore.ee\/index.php\/wp-json\/wp\/v2\/product_brand?post=20169"},{"taxonomy":"product_cat","embeddable":true,"href":"https:\/\/superstore.ee\/index.php\/wp-json\/wp\/v2\/product_cat?post=20169"},{"taxonomy":"product_tag","embeddable":true,"href":"https:\/\/superstore.ee\/index.php\/wp-json\/wp\/v2\/product_tag?post=20169"}],"curies":[{"name":"wp","href":"https:\/\/api.w.org\/{rel}","templated":true}]}}