{"id":20170,"date":"2024-12-02T11:27:38","date_gmt":"2024-12-02T09:27:38","guid":{"rendered":"https:\/\/superstore.ee\/?post_type=product&#038;p=20170"},"modified":"2025-12-13T22:10:53","modified_gmt":"2025-12-13T20:10:53","slug":"victorias-secret-pomegranate-lotus-komplekt-kehasprei-kehalosjoon","status":"publish","type":"product","link":"https:\/\/superstore.ee\/index.php\/toode\/victorias-secret-pomegranate-lotus-komplekt-kehasprei-kehalosjoon\/","title":{"rendered":"Victoria\u2019s Secret Pomegranate &#038; Lotus Set (Body Mist + Body Lotion)"},"content":{"rendered":"","protected":false},"excerpt":{"rendered":"<p data-sourcepos=\"7:1-7:118\">Victoria\u2019s Secret Natural Beauty \u2013 Pomegranate &amp; Lotus Komplekt<\/p>\n<p data-sourcepos=\"9:1-9:204\">Avastage t\u00e4iuslik v\u00e4rskus ja harmoonia Victoria\u2019s Secret Natural Beauty Pomegranate &amp; Lotus komplektiga. See luksuslik duo on loodud pakkuma s\u00fcgavat niisutust ja kauakestvat, virgutavat aroomielamust.<\/p>\n<p data-sourcepos=\"11:1-12:35\"><strong>L\u00f5hnastiil:<\/strong> Puuviljane Lilleline <strong>P\u00f5hinoodid:<\/strong> Granaat\u00f5un, Lootos.<\/p>\n<p data-sourcepos=\"14:1-14:22\"><strong>Komplekt sisaldab:<\/strong><\/p>\n<ul data-sourcepos=\"16:1-21:0\">\n<li data-sourcepos=\"16:1-18:0\">\n<p data-sourcepos=\"16:3-17:142\"><strong>Victoria\u2019s Secret Natural Beauty L\u00f5hnastatud Kehasprei \u2013 Pomegranate &amp; Lotus<\/strong> (250ml) See kerge ja virgutav sprei \u00fchendab granaat\u00f5una mahlaka s\u00e4rtsu lootose\u00f5ie \u00f5rna elegantsiga, luues k\u00fctkestava ja meeldej\u00e4\u00e4va aroomielamuse.<\/p>\n<\/li>\n<li data-sourcepos=\"19:1-21:0\">\n<p data-sourcepos=\"19:3-20:269\"><strong>Victoria\u2019s Secret Natural Beauty Niisutav Kehakreem shea- ja kookos\u00f5liga \u2013 Pomegranate &amp; Lotus<\/strong> (236ml) See kehakreem pakub teie nahale kauakestvat 24-tunnist niisutust ja luksuslikku aroomi. Valem on rikastatud sheav\u00f5i ja kookos\u00f5liga, andes teie nahale pehmuse ja siledama jume. Granaat\u00f5una ja lootose aroom aitab teil l\u00f5\u00f5gastuda ja nautida \u00f5rna hoolitsust.<\/p>\n<\/li>\n<\/ul>\n<p data-sourcepos=\"22:1-22:206\">Kasutades neid kahte toodet koos, saate nautida intensiivsemat ja pikaajalisemat aroomi, mis \u00fcmbritseb teid terveks p\u00e4evaks v\u00e4rskendava ja eksootilise sensatsiooniga, pakkudes t\u00e4ielikku kehahooldusrituaali.<\/p>\n<p data-sourcepos=\"24:1-24:238\">See komplekt on osa Natural Beauty kehahoolduskollektsioonist, mis on inspireeritud loodusest, et tagada pehme ja terve naha tunne. L\u00f5hnad pluss kasu. Luksuslikud, t\u00f5husad koostised. Botaaniline inspiratsioon, igap\u00e4evane transformatsioon.<\/p>\n<details>\n<summary>Details<\/summary>\n<div translate=\"no\">\nVictoria\u2019s Secret Natural Beauty \u2013 Pomegranate &#038; Lotus Set (Fragrance Mist 250ml + Hydrating Body Lotion 236ml)<\/p>\n<p>Discover perfect freshness and harmony with the Victoria\u2019s Secret Natural Beauty Pomegranate &#038; Lotus set. This luxurious duo is designed to provide deep hydration and a long-lasting, invigorating fragrance experience.<\/p>\n<p>Fragrance Style: Fruity Floral<br \/>\nKey Notes: Pomegranate, Lotus.<\/p>\n<p>The set includes:<\/p>\n<p>Victoria\u2019s Secret Natural Beauty Fragrance Mist \u2013 Pomegranate &#038; Lotus (250ml)<br \/>\nThis light and invigorating mist blends the juicy vibrancy of pomegranate with the delicate elegance of lotus blossom, creating a captivating and memorable aroma.<\/p>\n<p>Victoria\u2019s Secret Natural Beauty Hydrating Body Lotion with Shea and Coconut Butter \u2013 Pomegranate &#038; Lotus (236ml)<br \/>\nThis creamy body lotion provides your skin with long-lasting 24-hour hydration and a luxurious scent. The formula is enriched with shea butter and coconut oil, giving your skin softness and a smoother complexion. The aroma of pomegranate and lotus will help you relax and enjoy gentle care.<\/p>\n<p>By using these two products together, you can enjoy a more intense and prolonged fragrance experience that surrounds you with a refreshing and exotic sensation throughout the day, providing a complete body care ritual.<\/p>\n<p>This set is part of the Natural Beauty body care collection, inspired by nature for soft, healthy-feeling skin. Scents plus benefits. Luxurious, efficacious formulas. Botanical inspiration, daily transformation.<\/p>\n<p>INGREDIENTS:<br \/>\nMIST: Alcohol Denat., Water (Aqua, Eau), Fragrance (Parfum), Propylene Glycol, Glycerin, PPG-26-Buteth-26, PEG-40 Hydrogenated Castor Oil, Ethylhexyl Methoxycinnamate, Ethylhexyl Salicylate, Butyl Methoxydibenzoylmethane, Limonene, Benzyl Salicylate, Alpha-Isomethyl Ionone, Citronellol, Coumarin, Linalool, CitralIngredients are subject to change. For an accurate list of ingredients, please refer to the product packaging.<br \/>\nLOTION: Water (Aqua, Eau), Glycerin, Cetearyl Alcohol, Isopropyl Palmitate, Fragrance (Parfum), Caprylic\/Capric Triglyceride, Glyceryl Stearate SE, Cetyl Esters, Phenoxyethanol, Acrylates\/C10-30 Alkyl Acrylate Crosspolymer, Potassium Sorbate, Xanthan Gum, Chlorphenesin, Butyrospermum Parkii (Shea) Butter, Polysorbate 60, Aminomethyl Propanol, Cocos Nucifera (Coconut) Oil, Disodium EDTA, Ethylhexylglycerin, Sodium Stearoyl Lactylate, Tocopheryl Acetate, Aloe Barbadensis Leaf Juice, Limonene, Linalool, Benzyl Salicylate, Citronellol, Citral<\/p>\n<\/div>\n<p>Victoria\u2019s Secret Natural Beauty \u2013 \u041a\u043e\u043c\u043f\u043b\u0435\u043a\u0442 Pomegranate &#038; Lotus (\u0421\u043f\u0440\u0435\u0439 \u0434\u043b\u044f \u0442\u0435\u043b\u0430 250\u043c\u043b \u043c\u0438\u0441\u0442 + \u0423\u0432\u043b\u0430\u0436\u043d\u044f\u044e\u0449\u0438\u0439 \u041b\u043e\u0441\u044c\u043e\u043d \u0434\u043b\u044f \u0442\u0435\u043b\u0430  \u043a\u0440\u0435\u043c 236\u043c\u043b)<\/p>\n<p>\u041e\u0442\u043a\u0440\u043e\u0439\u0442\u0435 \u0434\u043b\u044f \u0441\u0435\u0431\u044f \u0438\u0434\u0435\u0430\u043b\u044c\u043d\u0443\u044e \u0441\u0432\u0435\u0436\u0435\u0441\u0442\u044c \u0438 \u0433\u0430\u0440\u043c\u043e\u043d\u0438\u044e \u0441 \u043a\u043e\u043c\u043f\u043b\u0435\u043a\u0442\u043e\u043c Victoria\u2019s Secret Natural Beauty Pomegranate &#038; Lotus. \u042d\u0442\u043e\u0442 \u0440\u043e\u0441\u043a\u043e\u0448\u043d\u044b\u0439 \u0434\u0443\u044d\u0442 \u0441\u043e\u0437\u0434\u0430\u043d, \u0447\u0442\u043e\u0431\u044b \u043e\u0431\u0435\u0441\u043f\u0435\u0447\u0438\u0442\u044c \u0433\u043b\u0443\u0431\u043e\u043a\u043e\u0435 \u0443\u0432\u043b\u0430\u0436\u043d\u0435\u043d\u0438\u0435 \u0438 \u0441\u0442\u043e\u0439\u043a\u0438\u0439, \u0431\u043e\u0434\u0440\u044f\u0449\u0438\u0439 \u0430\u0440\u043e\u043c\u0430\u0442.<\/p>\n<p>\u0421\u0442\u0438\u043b\u044c \u0430\u0440\u043e\u043c\u0430\u0442\u0430: \u0424\u0440\u0443\u043a\u0442\u043e\u0432\u044b\u0439 \u0426\u0432\u0435\u0442\u043e\u0447\u043d\u044b\u0439<br \/>\n\u041e\u0441\u043d\u043e\u0432\u043d\u044b\u0435 \u043d\u043e\u0442\u044b: \u0413\u0440\u0430\u043d\u0430\u0442, \u041b\u043e\u0442\u043e\u0441.<br \/>\n<\/details>\n","protected":false},"featured_media":15925,"template":"","meta":{"jetpack_publicize_message":"","jetpack_publicize_feature_enabled":true,"jetpack_social_post_already_shared":true,"jetpack_social_options":{"image_generator_settings":{"template":"highway","default_image_id":0,"font":"","enabled":false},"version":2}},"product_brand":[],"product_cat":[926,927,342,912,341],"product_tag":[],"class_list":{"0":"post-20170","1":"product","2":"type-product","3":"status-publish","4":"has-post-thumbnail","6":"product_cat-victorias-secret-body-lotions","7":"product_cat-victorias-secret-body-mists","8":"product_cat-komplektid-victorias-secret","9":"product_cat-nahahooldus","10":"product_cat-victorias-secret","11":"pa_lohn-velvet-petals","13":"first","14":"outofstock","15":"sale","16":"shipping-taxable","17":"purchasable","18":"product-type-simple"},"jetpack_publicize_connections":[],"jetpack_sharing_enabled":true,"jetpack_likes_enabled":true,"_links":{"self":[{"href":"https:\/\/superstore.ee\/index.php\/wp-json\/wp\/v2\/product\/20170","targetHints":{"allow":["GET"]}}],"collection":[{"href":"https:\/\/superstore.ee\/index.php\/wp-json\/wp\/v2\/product"}],"about":[{"href":"https:\/\/superstore.ee\/index.php\/wp-json\/wp\/v2\/types\/product"}],"wp:featuredmedia":[{"embeddable":true,"href":"https:\/\/superstore.ee\/index.php\/wp-json\/wp\/v2\/media\/15925"}],"wp:attachment":[{"href":"https:\/\/superstore.ee\/index.php\/wp-json\/wp\/v2\/media?parent=20170"}],"wp:term":[{"taxonomy":"product_brand","embeddable":true,"href":"https:\/\/superstore.ee\/index.php\/wp-json\/wp\/v2\/product_brand?post=20170"},{"taxonomy":"product_cat","embeddable":true,"href":"https:\/\/superstore.ee\/index.php\/wp-json\/wp\/v2\/product_cat?post=20170"},{"taxonomy":"product_tag","embeddable":true,"href":"https:\/\/superstore.ee\/index.php\/wp-json\/wp\/v2\/product_tag?post=20170"}],"curies":[{"name":"wp","href":"https:\/\/api.w.org\/{rel}","templated":true}]}}