{"id":20171,"date":"2024-12-02T11:35:18","date_gmt":"2024-12-02T09:35:18","guid":{"rendered":"https:\/\/superstore.ee\/?post_type=product&#038;p=20171"},"modified":"2025-08-21T19:53:04","modified_gmt":"2025-08-21T16:53:04","slug":"victorias-secret-vanilla-bean-macadamia-kehasprei-250ml","status":"publish","type":"product","link":"https:\/\/superstore.ee\/index.php\/toode\/victorias-secret-vanilla-bean-macadamia-kehasprei-250ml\/","title":{"rendered":"Victoria\u2019s Secret Vanilla Bean &amp; Macadamia Kehasprei (250ml)"},"content":{"rendered":"","protected":false},"excerpt":{"rendered":"<p>\ud83c\uddea\ud83c\uddea Victoria\u2019s Secret Kehasprei\u00a0(250ml)<\/p>\n<p style=\"text-align: left;\"><em><strong>Vanilla Bean &amp; Macadamia<\/strong><\/em> \u2013 L\u00f5hnastiil: soe, magus, h\u00f5rk. Noodid: vanill, makadaamiap\u00e4hkel.<\/p>\n<p><em>Kombineerige sobiva niisutava kehalosjooni, s\u00e4ra andva keha\u00f5li ja kehakoorijaga.<\/em><\/p>\n<p>\ud83c\uddf7\ud83c\uddfa Victoria\u2019s Secret \u0421\u043f\u0440\u0435\u0439 \u0434\u043b\u044f \u0442\u0435\u043b\u0430 (250ml)<\/p>\n<p><em><strong>Vanilla Bean &amp; Macadamia<\/strong><\/em> \u2013 \u0421\u0442\u0438\u043b\u044c \u0430\u0440\u043e\u043c\u0430\u0442\u0430: \u0442\u0435\u043f\u043b\u044b\u0439, \u0433\u0443\u0440\u043c\u0430\u043d\u0441\u043a\u0438\u0439. \u041d\u043e\u0442\u044b: \u0432\u0430\u043d\u0438\u043b\u044c, \u043e\u0440\u0435\u0445 \u043c\u0430\u043a\u0430\u0434\u0430\u043c\u0438\u044f.<\/p>\n<p><em>\u0421\u043e\u0447\u0435\u0442\u0430\u0439\u0442\u0435 \u0441 \u0441\u043e\u043e\u0442\u0432\u0435\u0442\u0441\u0442\u0432\u0443\u044e\u0449\u0438\u043c \u0443\u0432\u043b\u0430\u0436\u043d\u044f\u044e\u0449\u0438\u043c \u043b\u043e\u0441\u044c\u043e\u043d\u043e\u043c \u0434\u043b\u044f \u0442\u0435\u043b\u0430, \u043c\u0430\u0441\u043b\u043e\u043c \u0434\u043b\u044f \u0442\u0435\u043b\u0430 \u0441 \u0431\u043b\u0435\u0441\u0442\u043a\u0430\u043c\u0438 \u0438 \u043e\u0442\u0448\u0435\u043b\u0443\u0448\u0438\u0432\u0430\u044e\u0449\u0438\u043c \u0441\u043a\u0440\u0430\u0431\u043e\u043c \u0434\u043b\u044f \u0442\u0435\u043b\u0430.<\/em><\/p>\n<p>\ud83c\uddfa\ud83c\uddf8 Victoria\u2019s Secret Fragrance Mist (250ml)<\/p>\n<p><em><strong>Vanilla Bean &amp; Macadamia<\/strong><\/em> \u2013 Fragrance Style: Warm Gourmand. Notes: Vanilla, Macadamia.<\/p>\n<p><em>Pair it with matching Hydrating Body Lotion, Radiant Body Oil and Exfoliating Body Scrub.<\/em><\/p>\n","protected":false},"featured_media":19561,"template":"","meta":{"jetpack_publicize_message":"","jetpack_publicize_feature_enabled":true,"jetpack_social_post_already_shared":false,"jetpack_social_options":{"image_generator_settings":{"template":"highway","default_image_id":0,"font":"","enabled":false},"version":2}},"product_brand":[],"product_cat":[910,927,341],"product_tag":[],"class_list":{"0":"post-20171","1":"product","2":"type-product","3":"status-publish","4":"has-post-thumbnail","6":"product_cat-kehaspreid","7":"product_cat-victorias-secret-body-mists","8":"product_cat-victorias-secret","9":"pa_lohn-ginger-apple-jewel","10":"pa_lohn-sugar-plum-fig","11":"pa_lohn-vanilla-amber-bourbon","13":"first","14":"outofstock","15":"sale","16":"shipping-taxable","17":"purchasable","18":"product-type-simple"},"jetpack_publicize_connections":[],"jetpack_sharing_enabled":true,"jetpack_likes_enabled":true,"_links":{"self":[{"href":"https:\/\/superstore.ee\/index.php\/wp-json\/wp\/v2\/product\/20171","targetHints":{"allow":["GET"]}}],"collection":[{"href":"https:\/\/superstore.ee\/index.php\/wp-json\/wp\/v2\/product"}],"about":[{"href":"https:\/\/superstore.ee\/index.php\/wp-json\/wp\/v2\/types\/product"}],"wp:featuredmedia":[{"embeddable":true,"href":"https:\/\/superstore.ee\/index.php\/wp-json\/wp\/v2\/media\/19561"}],"wp:attachment":[{"href":"https:\/\/superstore.ee\/index.php\/wp-json\/wp\/v2\/media?parent=20171"}],"wp:term":[{"taxonomy":"product_brand","embeddable":true,"href":"https:\/\/superstore.ee\/index.php\/wp-json\/wp\/v2\/product_brand?post=20171"},{"taxonomy":"product_cat","embeddable":true,"href":"https:\/\/superstore.ee\/index.php\/wp-json\/wp\/v2\/product_cat?post=20171"},{"taxonomy":"product_tag","embeddable":true,"href":"https:\/\/superstore.ee\/index.php\/wp-json\/wp\/v2\/product_tag?post=20171"}],"curies":[{"name":"wp","href":"https:\/\/api.w.org\/{rel}","templated":true}]}}