{"id":20172,"date":"2024-12-02T11:35:20","date_gmt":"2024-12-02T09:35:20","guid":{"rendered":"https:\/\/superstore.ee\/?post_type=product&#038;p=20172"},"modified":"2026-02-02T14:02:35","modified_gmt":"2026-02-02T12:02:35","slug":"victorias-secret-vanilla-bean-macadamia-kehalosjoon-236ml","status":"publish","type":"product","link":"https:\/\/superstore.ee\/index.php\/toode\/victorias-secret-vanilla-bean-macadamia-kehalosjoon-236ml\/","title":{"rendered":"Victoria\u2019s Secret Vanilla Bean &#038; Macadamia Fragrance Hydrating Body Lotion"},"content":{"rendered":"","protected":false},"excerpt":{"rendered":"<p>Victoria\u2019s Secret Niisutav kehakreem Vanilla Bean &amp; Macadamia shea- ja kookosev\u00f5iga (236ml)<\/p>\n<p><b>Aroomit\u00fc\u00fcp:<\/b> Soe, magus, h\u00f5rk. <b>P\u00f5hinoodid:<\/b> vanill, makadaamiap\u00e4hkel, shea, kookosp\u00e4hkel.<\/p>\n<p>Hellitage oma nahka <b>Victoria\u2019s Secret Vanillikauna ja Makadaamia Niisutava Kehakreemiga<\/b>. See rikkalik kehakreem on rikastatud toitva <b>sheav\u00f5i<\/b> ja niisutava <b>kookos\u00f5liga<\/b>, pakkudes nahale 24-tunnist s\u00fcgavat niisutust ja j\u00e4ttes selle vastupandamatult pehmeks ja siledaks. Laske end \u00fcmbritseda kutsuval <b>vanilli<\/b> ja <b>makadaamia<\/b> soojal, gurmeel\u00f5hnal, mis pakub t\u00f5elist mugavust ja luksust. Ideaalne igap\u00e4evaseks hellituseks, mis j\u00e4tab naha l\u00f5hnavaks ja toidetuks.<\/p>\n<p><em>Kombineerige sobiva parf\u00fcmeeritud kehasprei, s\u00e4ra andva keha\u00f5li ja kehakoorijaga.<\/em><\/p>\n<details>\n<summary>Details<\/summary>\n<div translate=\"no\">Victoria\u2019s Secret Vanilla Bean &amp; Macadamia Fragrance Hydrating Body Lotion (236ml)<br \/>\nFragrance Type: Warm Gourmand<br \/>\nKey Notes: Vanilla, Macadamia, Shea, Coconut.Indulge your skin with Victoria\u2019s Secret Vanilla Bean &amp; Macadamia Hydrating Body Lotion. This rich lotion is infused with nourishing shea butter and moisturizing coconut oil, providing 24-hour deep hydration that leaves your skin irresistibly soft and smooth. Let yourself be enveloped in the inviting, warm gourmand scent of vanilla and macadamia, offering true comfort and luxury. Perfect for a daily pampering treat that leaves your skin beautifully scented and deeply nourished.INGREDIENTS:<br \/>\nWater (Aqua, Eau), Glycerin, Cetearyl Alcohol, Isopropyl Palmitate, Caprylic\/Capric Triglyceride, Fragrance (Parfum), Glyceryl Stearate SE, Cetyl Esters, Phenoxyethanol, Acrylates\/C10-30 Alkyl Acrylate Crosspolymer, Potassium Sorbate, Chlorphenesin, Xanthan Gum, Butyrospermum Parkii (Shea) Butter, Polysorbate 60, Cocos Nucifera (Coconut) Oil<\/div>\n<p>Victoria\u2019s Secret \u0423\u0432\u043b\u0430\u0436\u043d\u044f\u044e\u0449\u0438\u0439 \u043b\u043e\u0441\u044c\u043e\u043d \u0434\u043b\u044f \u0442\u0435\u043b\u0430 \u0441 \u043c\u0430\u0441\u043b\u043e\u043c \u0448\u0438 \u0438 \u043a\u043e\u043a\u043e\u0441\u0430 (236ml)<\/p>\n<p>Vanilla Bean &amp; Macadamia \u2013 \u0421\u0442\u0438\u043b\u044c \u0430\u0440\u043e\u043c\u0430\u0442\u0430: \u0442\u0435\u043f\u043b\u044b\u0439, \u0433\u0443\u0440\u043c\u0430\u043d\u0441\u043a\u0438\u0439. \u041d\u043e\u0442\u044b: \u0432\u0430\u043d\u0438\u043b\u044c, \u043e\u0440\u0435\u0445 \u043c\u0430\u043a\u0430\u0434\u0430\u043c\u0438\u044f, \u0448\u0438, \u043a\u043e\u043a\u043e\u0441.<\/p>\n<\/details>\n","protected":false},"featured_media":19566,"template":"","meta":{"jetpack_publicize_message":"","jetpack_publicize_feature_enabled":true,"jetpack_social_post_already_shared":false,"jetpack_social_options":{"image_generator_settings":{"template":"highway","default_image_id":0,"font":"","enabled":false},"version":2}},"product_brand":[],"product_cat":[926,912,341],"product_tag":[],"class_list":{"0":"post-20172","1":"product","2":"type-product","3":"status-publish","4":"has-post-thumbnail","6":"product_cat-victorias-secret-body-lotions","7":"product_cat-nahahooldus","8":"product_cat-victorias-secret","9":"pa_suurus-15-ml-tester","10":"pa_suurus-236-ml-full-size","11":"pa_suurus-30-ml-tester","13":"first","14":"instock","15":"sale","16":"shipping-taxable","17":"purchasable","18":"product-type-variable"},"jetpack_publicize_connections":[],"jetpack_sharing_enabled":true,"jetpack_likes_enabled":true,"_links":{"self":[{"href":"https:\/\/superstore.ee\/index.php\/wp-json\/wp\/v2\/product\/20172","targetHints":{"allow":["GET"]}}],"collection":[{"href":"https:\/\/superstore.ee\/index.php\/wp-json\/wp\/v2\/product"}],"about":[{"href":"https:\/\/superstore.ee\/index.php\/wp-json\/wp\/v2\/types\/product"}],"wp:featuredmedia":[{"embeddable":true,"href":"https:\/\/superstore.ee\/index.php\/wp-json\/wp\/v2\/media\/19566"}],"wp:attachment":[{"href":"https:\/\/superstore.ee\/index.php\/wp-json\/wp\/v2\/media?parent=20172"}],"wp:term":[{"taxonomy":"product_brand","embeddable":true,"href":"https:\/\/superstore.ee\/index.php\/wp-json\/wp\/v2\/product_brand?post=20172"},{"taxonomy":"product_cat","embeddable":true,"href":"https:\/\/superstore.ee\/index.php\/wp-json\/wp\/v2\/product_cat?post=20172"},{"taxonomy":"product_tag","embeddable":true,"href":"https:\/\/superstore.ee\/index.php\/wp-json\/wp\/v2\/product_tag?post=20172"}],"curies":[{"name":"wp","href":"https:\/\/api.w.org\/{rel}","templated":true}]}}