{"id":20173,"date":"2024-12-02T11:35:23","date_gmt":"2024-12-02T09:35:23","guid":{"rendered":"https:\/\/superstore.ee\/?post_type=product&#038;p=20173"},"modified":"2025-03-12T23:42:10","modified_gmt":"2025-03-12T21:42:10","slug":"victorias-secret-vanilla-bean-macadamia-kehaoli-sadelusega-200ml","status":"publish","type":"product","link":"https:\/\/superstore.ee\/index.php\/toode\/victorias-secret-vanilla-bean-macadamia-kehaoli-sadelusega-200ml\/","title":{"rendered":"Victoria\u2019s Secret Vanilla Bean &amp; Macadamia Keha\u00f5li s\u00e4delusega (200ml)"},"content":{"rendered":"","protected":false},"excerpt":{"rendered":"<p>\ud83c\uddea\ud83c\uddea Victoria\u2019s Secret Keha\u00f5li s\u00e4delusega (200ml)<\/p>\n<p style=\"text-align: left;\"><em><strong>Vanilla Bean &amp; Macadamia<\/strong><\/em> \u2013 L\u00f5hnastiil: soe, magus, h\u00f5rk. Noodid: vanill, makadaamiap\u00e4hkel, kookosp\u00e4hkel.<\/p>\n<p><strong>Avasta luksuslik kehahooldusrituaal selle niisutava keha\u00f5liga!<\/strong><\/p>\n<p>Looduslike \u00f5lidega rikastatud koostis, nagu kookos\u00f5li ja jojoba\u00f5li, niisutab nahka s\u00fcgavuti, muutes selle pehmeks, siledaks ja loomulikult s\u00e4ravaks. Kerge tekstuur imendub kiiresti, ei j\u00e4ta nahale rasvast tunnet ja sobib suurep\u00e4raselt igap\u00e4evaseks kasutamiseks.<\/p>\n<p><strong>Miks valida?<\/strong><\/p>\n<ul>\n<li><strong>S\u00fcgavniisutus.<\/strong> Kookos\u00f5li ja jojoba\u00f5li aitavad taastada naha niiskustasakaalu ja k\u00f5rvaldavad kuivuse.<\/li>\n<li><strong>Kerge ja mugav tekstuur.<\/strong> Imendub hetkega, j\u00e4ttes naha siidiselt pehmeks ja hooldatuks.<\/li>\n<li><strong>Loomulik s\u00e4ra.<\/strong> Muudab naha terveks, hoolitsetuks ja kauniks.<\/li>\n<\/ul>\n<p>Vegan koostis. Ei ole loomade peal testitud.<\/p>\n<p>\ud83c\uddf7\ud83c\uddfa Victoria\u2019s Secret \u041c\u0430\u0441\u043b\u043e \u0434\u043b\u044f \u0442\u0435\u043b\u0430 \u0441 \u0431\u043b\u0435\u0441\u0442\u043a\u0430\u043c\u0438 \u0438 \u043a\u043e\u043a\u043e\u0441\u043e\u0432\u044b\u043c \u043c\u0430\u0441\u043b\u043e\u043c (200ml)<\/p>\n<p><em><strong>Vanilla Bean &amp; Macadamia<\/strong><\/em> \u2013 \u0421\u0442\u0438\u043b\u044c \u0430\u0440\u043e\u043c\u0430\u0442\u0430: \u0442\u0435\u043f\u043b\u044b\u0439, \u0433\u0443\u0440\u043c\u0430\u043d\u0441\u043a\u0438\u0439. \u041d\u043e\u0442\u044b: \u0432\u0430\u043d\u0438\u043b\u044c, \u043e\u0440\u0435\u0445 \u043c\u0430\u043a\u0430\u0434\u0430\u043c\u0438\u044f, \u043a\u043e\u043a\u043e\u0441.<\/p>\n<p>\u041e\u0442\u043a\u0440\u043e\u0439\u0442\u0435 \u0434\u043b\u044f \u0441\u0435\u0431\u044f \u0440\u043e\u0441\u043a\u043e\u0448\u043d\u044b\u0439 \u0440\u0438\u0442\u0443\u0430\u043b \u0443\u0445\u043e\u0434\u0430 \u0437\u0430 \u043a\u043e\u0436\u0435\u0439 \u0441 \u044d\u0442\u0438\u043c \u0443\u0432\u043b\u0430\u0436\u043d\u044f\u044e\u0449\u0438\u043c \u043c\u0430\u0441\u043b\u043e\u043c \u0434\u043b\u044f \u0442\u0435\u043b\u0430! \u0424\u043e\u0440\u043c\u0443\u043b\u0430, \u043e\u0431\u043e\u0433\u0430\u0449\u0435\u043d\u043d\u0430\u044f \u043d\u0430\u0442\u0443\u0440\u0430\u043b\u044c\u043d\u044b\u043c\u0438 \u043c\u0430\u0441\u043b\u0430\u043c\u0438, \u0442\u0430\u043a\u0438\u043c\u0438 \u043a\u0430\u043a <strong>\u043a\u043e\u043a\u043e\u0441\u043e\u0432\u043e\u0435 \u043c\u0430\u0441\u043b\u043e<\/strong> \u0438 <strong>\u043c\u0430\u0441\u043b\u043e \u0436\u043e\u0436\u043e\u0431\u0430<\/strong>, \u043f\u0438\u0442\u0430\u0435\u0442 \u043a\u043e\u0436\u0443, \u0434\u0435\u043b\u0430\u0435\u0442 \u0435\u0451 \u043c\u044f\u0433\u043a\u043e\u0439 \u0438 \u0448\u0435\u043b\u043a\u043e\u0432\u0438\u0441\u0442\u043e\u0439, \u043e\u0431\u0435\u0441\u043f\u0435\u0447\u0438\u0432\u0430\u044f \u0435\u0441\u0442\u0435\u0441\u0442\u0432\u0435\u043d\u043d\u043e\u0435 \u0441\u0438\u044f\u043d\u0438\u0435. \u041b\u0451\u0433\u043a\u0430\u044f \u0442\u0435\u043a\u0441\u0442\u0443\u0440\u0430 \u0431\u044b\u0441\u0442\u0440\u043e \u0432\u043f\u0438\u0442\u044b\u0432\u0430\u0435\u0442\u0441\u044f, \u043d\u0435 \u043e\u0441\u0442\u0430\u0432\u043b\u044f\u044f \u0436\u0438\u0440\u043d\u043e\u0439 \u043f\u043b\u0435\u043d\u043a\u0438, \u0438 \u043f\u043e\u0434\u0445\u043e\u0434\u0438\u0442 \u0434\u043b\u044f \u0435\u0436\u0435\u0434\u043d\u0435\u0432\u043d\u043e\u0433\u043e \u0438\u0441\u043f\u043e\u043b\u044c\u0437\u043e\u0432\u0430\u043d\u0438\u044f.<\/p>\n<p><strong>\u041f\u043e\u0447\u0435\u043c\u0443 \u0441\u0442\u043e\u0438\u0442 \u043f\u043e\u043f\u0440\u043e\u0431\u043e\u0432\u0430\u0442\u044c?<\/strong><\/p>\n<ul>\n<li><strong>\u0418\u043d\u0442\u0435\u043d\u0441\u0438\u0432\u043d\u043e\u0435 \u0443\u0432\u043b\u0430\u0436\u043d\u0435\u043d\u0438\u0435.<\/strong> \u041c\u0430\u0441\u043b\u043e \u043a\u043e\u043a\u043e\u0441\u0430 \u0438 \u0436\u043e\u0436\u043e\u0431\u0430 \u043f\u0438\u0442\u0430\u044e\u0442 \u043a\u043e\u0436\u0443 \u0432 \u0433\u043b\u0443\u0431\u0438\u043d\u0435 \u0438 \u0443\u0441\u0442\u0440\u0430\u043d\u044f\u044e\u0442 \u0441\u0443\u0445\u043e\u0441\u0442\u044c.<\/li>\n<li><strong>\u041b\u0451\u0433\u043a\u0430\u044f \u0444\u043e\u0440\u043c\u0443\u043b\u0430.<\/strong> \u0411\u044b\u0441\u0442\u0440\u043e \u0432\u043f\u0438\u0442\u044b\u0432\u0430\u0435\u0442\u0441\u044f, \u043e\u0441\u0442\u0430\u0432\u043b\u044f\u044f \u043e\u0449\u0443\u0449\u0435\u043d\u0438\u0435 \u043a\u043e\u043c\u0444\u043e\u0440\u0442\u0430 \u0438 \u0433\u043b\u0430\u0434\u043a\u043e\u0441\u0442\u0438.<\/li>\n<li>\u041f\u0440\u0438\u0434\u0430\u0451\u0442 \u043a\u043e\u0436\u0435 \u0441\u0438\u044f\u043d\u0438\u0435, \u0437\u0434\u043e\u0440\u043e\u0432\u044b\u0439 \u0438 \u0443\u0445\u043e\u0436\u0435\u043d\u043d\u044b\u0439 \u0432\u0438\u0434.<\/li>\n<\/ul>\n<p>\u0412\u0435\u0433\u0430\u043d\u0441\u043a\u0430\u044f \u0444\u043e\u0440\u043c\u0443\u043b\u0430. \u041d\u0435 \u0442\u0435\u0441\u0442\u0438\u0440\u0443\u0435\u0442\u0441\u044f \u043d\u0430 \u0436\u0438\u0432\u043e\u0442\u043d\u044b\u0445.<\/p>\n<p>\ud83c\uddfa\ud83c\uddf8 Victoria\u2019s Secret Radiant Body Oil with coconut oil (200ml)<\/p>\n<p><em><strong>Vanilla Bean &amp; Macadamia<\/strong><\/em> \u2013 Fragrance Style: Warm Gourmand. Notes: Vanilla, Macadamia, Coconut.<\/p>\n<p><strong>Discover a luxurious body care ritual with this moisturizing body oil!<\/strong><\/p>\n<p>Enriched with natural oils like coconut oil and jojoba oil, this formula deeply nourishes the skin, leaving it soft, smooth, and naturally radiant. Its lightweight texture absorbs quickly, leaving no greasy residue, making it perfect for daily use.<\/p>\n<p><strong>Why choose it?<\/strong><\/p>\n<ul>\n<li><strong>Deep hydration.<\/strong> Coconut oil and jojoba oil restore the skin\u2019s moisture balance and eliminate dryness.<\/li>\n<li><strong>Lightweight and comfortable texture.<\/strong> Absorbs instantly, leaving your skin silky and well-cared for.<\/li>\n<li><strong>Natural glow.<\/strong> Leaves your skin looking healthy, nourished, and beautifully radiant.<\/li>\n<\/ul>\n<p>Vegan formula. Not tested on animals.<\/p>\n","protected":false},"featured_media":19571,"template":"","meta":{"jetpack_publicize_message":"","jetpack_publicize_feature_enabled":true,"jetpack_social_post_already_shared":false,"jetpack_social_options":{"image_generator_settings":{"template":"highway","default_image_id":0,"font":"","enabled":false},"version":2}},"product_brand":[],"product_cat":[928,912,341],"product_tag":[],"class_list":{"0":"post-20173","1":"product","2":"type-product","3":"status-publish","4":"has-post-thumbnail","6":"product_cat-victorias-secret-body-oils","7":"product_cat-nahahooldus","8":"product_cat-victorias-secret","9":"pa_lohn-ginger-apple-jewel","10":"pa_lohn-sugar-plum-fig","11":"pa_lohn-vanilla-amber-bourbon","13":"first","14":"outofstock","15":"sale","16":"shipping-taxable","17":"purchasable","18":"product-type-simple"},"jetpack_publicize_connections":[],"jetpack_sharing_enabled":true,"jetpack_likes_enabled":true,"_links":{"self":[{"href":"https:\/\/superstore.ee\/index.php\/wp-json\/wp\/v2\/product\/20173","targetHints":{"allow":["GET"]}}],"collection":[{"href":"https:\/\/superstore.ee\/index.php\/wp-json\/wp\/v2\/product"}],"about":[{"href":"https:\/\/superstore.ee\/index.php\/wp-json\/wp\/v2\/types\/product"}],"wp:featuredmedia":[{"embeddable":true,"href":"https:\/\/superstore.ee\/index.php\/wp-json\/wp\/v2\/media\/19571"}],"wp:attachment":[{"href":"https:\/\/superstore.ee\/index.php\/wp-json\/wp\/v2\/media?parent=20173"}],"wp:term":[{"taxonomy":"product_brand","embeddable":true,"href":"https:\/\/superstore.ee\/index.php\/wp-json\/wp\/v2\/product_brand?post=20173"},{"taxonomy":"product_cat","embeddable":true,"href":"https:\/\/superstore.ee\/index.php\/wp-json\/wp\/v2\/product_cat?post=20173"},{"taxonomy":"product_tag","embeddable":true,"href":"https:\/\/superstore.ee\/index.php\/wp-json\/wp\/v2\/product_tag?post=20173"}],"curies":[{"name":"wp","href":"https:\/\/api.w.org\/{rel}","templated":true}]}}