{"id":20181,"date":"2024-12-02T12:42:01","date_gmt":"2024-12-02T10:42:01","guid":{"rendered":"https:\/\/superstore.ee\/?post_type=product&#038;p=20181"},"modified":"2026-02-01T12:51:32","modified_gmt":"2026-02-01T10:51:32","slug":"victorias-secret-kehapesukreem-sheavoiga-236ml-2","status":"publish","type":"product","link":"https:\/\/superstore.ee\/index.php\/toode\/victorias-secret-kehapesukreem-sheavoiga-236ml-2\/","title":{"rendered":"Victoria\u2019s Secret Natural Beauty Cream Body Wash With Shea Butter"},"content":{"rendered":"","protected":false},"excerpt":{"rendered":"<p><span style=\"font-weight: 400;\">\u00a0Kehapesukreem Victoria\u2019s Secret Natural Beauty Cream Body Wash (236ml).<\/span><\/p>\n<p>Rikastatud E-vitamiiniga, toetab see geel-kreem teie naha tervist ja elastsust. Sheav\u00f5i toidab ja niisutab intensiivselt, j\u00e4ttes naha pehmeks ja siledaks. Kookos\u00f5li pehmendab ja niisutab t\u00e4iendavalt, luues kogu p\u00e4evaks v\u00e4rskuse ja mugavuse tunde.<\/p>\n<ol>\n<li><strong>Coconut Milk &amp; Rose<\/strong> \u2013 L\u00f5hnastiil: Puuviljane Lilleline \u2022 Kookospiim. Roos.<\/li>\n<li><strong>Pineapple &amp; Shea<\/strong> \u2013 T\u00fc\u00fcp: puuviljane soe. S\u00e4rage ananassi ja sheav\u00f5i l\u00f5hnaga. See on t\u00e4ielik \u00f5nn.<\/li>\n<li><em><strong>Lavender &amp; Vanilla<\/strong><\/em> \u2013 L\u00f5hnastiil: lilleline soe. Noodid: lavendel, vanill.<\/li>\n<li><em><strong>Pomegranate &amp; Lotus<\/strong><\/em> \u2013 L\u00f5hnastiil: puuviljane lilleline. Noodid: granaat\u00f5un, lootos.<\/li>\n<li><strong>Almond Blossom &amp; Oat Milk<\/strong> &#8211; <strong>L\u00f5hnastiil<\/strong>: Soe lilleline \u2022 Mandli\u00f5is. Kaerapiim. S<span style=\"font-weight: 400;\">heav\u00f5i.<\/span><\/li>\n<\/ol>\n<p data-sourcepos=\"5:1-5:166\">Uus igap\u00e4evane kehahooldusrituaal. Niisuta nahka juba puhastamise ajal selle kreemja sheav\u00f5iga rikastatud koostisega. Nahk tundub niisutatum juba p\u00e4rast esimest pesu.<\/p>\n<p data-sourcepos=\"9:1-9:222\">Osa Natural Beauty kehahoolduskollektsioonist, mis on inspireeritud loodusest, et tagada pehme ja terve naha tunne. Luksuslik, t\u00f5hus koostis. Botaaniline inspiratsioon.<\/p>\n<p><em>Kombineerige sobiva Natural Beauty parf\u00fcmeeritud kehasprei, niisutava kehalosjooni ja kehakoorijaga.<\/em><\/p>\n<details>\n<summary>Details<\/summary>\n<div translate=\"no\">\n<p>Victoria\u2019s Secret Natural Beauty Cream Body Wash (236ml). A new kind of daily body ritual. Moisturize as you cleanse with this creamy Shea Butter-infused formula. Skin feels more hydrated after just one wash.Feel calm with the scent of Coconut Milk &amp; Rose. It&#8217;s true tranquility.<\/p>\n<p>Part of the Natural Beauty Body Care Collection, inspired by nature for soft-, healthy-feeling skin. Scents plus benefits. Luxurious, efficacious formulas. Botanical inspiration, daily transformation.<\/p>\n<p>Coconut Milk &amp; Rose \u2013Type: Fruity Warm. Feel calm with the scent of Coconut Milk &amp; Rose.<br \/>\nPineapple &amp; Shea \u2013 Type: Fruity Warm. Glow with the scent of Pineapple &amp; Shea. It&#8217;s complete happiness.<br \/>\nLavender &amp; Vanilla \u2013 Fragrance Style: Floral Warm. Notes: Lavender, Vanilla.<br \/>\nPomegranate &amp; Lotus \u2013 Fragrance Style: Fruity Floral. Notes: Pomegranate, Lotus.<br \/>\nAlmond Blossom &amp; Oat Milk &#8211; Fragrance Style: Warm Floral \u2022 Almond Blossom. Oat Milk. Shea butter.<\/p>\n<p>Pair it with matching Natural Beauty Fragrance Mist, Hydrating Body Lotion and Exfoliating Body Scrub.<\/p>\n<p>INGREDIENTS:<br \/>\nWater (Aqua, Eau), Sodium Cocoyl Isethionate, Sodium C14-16 Olefin Sulfonate, Butyrospermum Parkii (Shea) Butter, Stearyl Alcohol, Glycerin, Acrylates Copolymer, Fragrance (Parfum), Cocamide MIPA, Glycol Distearate, Cocamidopropyl Betaine, Cocos Nucifera (Coconut) Oil, Phenoxyethanol, Aminomethyl Propanol, Potassium Sorbate, Polysorbate 20, Tocopherol, Ethylhexylglycerin, Disodium EDTA, Limonene, Benzyl Salicylate, Alpha-Isomethyl Ionone, CitronellolIngredients are subject to change. For an accurate list of ingredients, please refer to the product packaging.<\/p>\n<\/div>\n<p>Victoria\u2019s Secret Natural Beauty \u041a\u0440\u0435\u043c \u0434\u043b\u044f \u043c\u044b\u0442\u044c\u044f \u0442\u0435\u043b\u0430 \u0441 \u043c\u0430\u0441\u043b\u043e\u043c \u0448\u0438 (236 \u043c\u043b) (\u0433\u0435\u043b\u044c \u0434\u043b\u044f \u0434\u0443\u0448\u0430)<\/p>\n<p>\u041e\u0431\u043e\u0433\u0430\u0449\u0451\u043d \u0432\u0438\u0442\u0430\u043c\u0438\u043d\u043e\u043c \u0415, \u044d\u0442\u043e\u0442 \u0433\u0435\u043b\u044c-\u043a\u0440\u0435\u043c \u043f\u043e\u0434\u0434\u0435\u0440\u0436\u0438\u0432\u0430\u0435\u0442 \u0437\u0434\u043e\u0440\u043e\u0432\u044c\u0435 \u0438 \u0443\u043f\u0440\u0443\u0433\u043e\u0441\u0442\u044c \u0432\u0430\u0448\u0435\u0439 \u043a\u043e\u0436\u0438. \u041c\u0430\u0441\u043b\u043e \u0448\u0438 \u0438\u043d\u0442\u0435\u043d\u0441\u0438\u0432\u043d\u043e \u043f\u0438\u0442\u0430\u0435\u0442 \u0438 \u0443\u0432\u043b\u0430\u0436\u043d\u044f\u0435\u0442, \u043e\u0441\u0442\u0430\u0432\u043b\u044f\u044f \u043a\u043e\u0436\u0443 \u043c\u044f\u0433\u043a\u043e\u0439 \u0438 \u0433\u043b\u0430\u0434\u043a\u043e\u0439. \u041a\u043e\u043a\u043e\u0441\u043e\u0432\u043e\u0435 \u043c\u0430\u0441\u043b\u043e \u0434\u043e\u043f\u043e\u043b\u043d\u0438\u0442\u0435\u043b\u044c\u043d\u043e \u0441\u043c\u044f\u0433\u0447\u0430\u0435\u0442 \u0438 \u0443\u0432\u043b\u0430\u0436\u043d\u044f\u0435\u0442, \u0441\u043e\u0437\u0434\u0430\u0432\u0430\u044f \u043e\u0449\u0443\u0449\u0435\u043d\u0438\u0435 \u0441\u0432\u0435\u0436\u0435\u0441\u0442\u0438 \u0438 \u043a\u043e\u043c\u0444\u043e\u0440\u0442\u0430 \u043d\u0430 \u0432\u0435\u0441\u044c \u0434\u0435\u043d\u044c.<\/p>\n<p>Coconut Milk &amp; Rose \u2013 \u0421\u0442\u0438\u043b\u044c \u0430\u0440\u043e\u043c\u0430\u0442\u0430: \u0424\u0440\u0443\u043a\u0442\u043e\u0432\u043e-\u0446\u0432\u0435\u0442\u043e\u0447\u043d\u044b\u0439 \u2022 \u041a\u043e\u043a\u043e\u0441\u043e\u0432\u043e\u0435 \u043c\u043e\u043b\u043e\u043a\u043e. \u0420\u043e\u0437\u0430.<br \/>\nPineapple &amp; Shea \u2013 \u0422\u0438\u043f: \u0444\u0440\u0443\u043a\u0442\u043e\u0432\u044b\u0439 \u0442\u0435\u043f\u043b\u044b\u0439. \u0421\u0438\u044f\u0439\u0442\u0435 \u0441 \u0430\u0440\u043e\u043c\u0430\u0442\u043e\u043c \u0430\u043d\u0430\u043d\u0430\u0441\u0430 \u0438 \u043c\u0430\u0441\u043b\u0430 \u0448\u0438. \u042d\u0442\u043e \u0430\u0431\u0441\u043e\u043b\u044e\u0442\u043d\u043e\u0435 \u0441\u0447\u0430\u0441\u0442\u044c\u0435.<br \/>\nLavender &amp; Vanilla \u2013 \u0421\u0442\u0438\u043b\u044c \u0430\u0440\u043e\u043c\u0430\u0442\u0430: \u0446\u0432\u0435\u0442\u043e\u0447\u043d\u044b\u0439 \u0442\u0451\u043f\u043b\u044b\u0439. \u041d\u043e\u0442\u044b: \u043b\u0430\u0432\u0430\u043d\u0434\u0430, \u0432\u0430\u043d\u0438\u043b\u044c.<br \/>\nPomegranate &amp; Lotus \u2013 \u0421\u0442\u0438\u043b\u044c \u0430\u0440\u043e\u043c\u0430\u0442\u0430: \u0444\u0440\u0443\u043a\u0442\u043e\u0432\u044b\u0439 \u0446\u0432\u0435\u0442\u043e\u0447\u043d\u044b\u0439. \u041d\u043e\u0442\u044b: \u0433\u0440\u0430\u043d\u0430\u0442, \u043b\u043e\u0442\u043e\u0441.<br \/>\nAlmond Blossom &amp; Oat Milk &#8211; \u0421\u0442\u0438\u043b\u044c \u0430\u0440\u043e\u043c\u0430\u0442\u0430: \u0422\u0435\u043f\u043b\u044b\u0439 \u0446\u0432\u0435\u0442\u043e\u0447\u043d\u044b\u0439 \u2022 \u0426\u0432\u0435\u0442\u043e\u043a \u043c\u0438\u043d\u0434\u0430\u043b\u044f. \u041e\u0432\u0441\u044f\u043d\u043e\u0435 \u043c\u043e\u043b\u043e\u043a\u043e, \u043c\u0430\u0441\u043b\u043e \u0448\u0438.<\/p>\n<p>\u0421\u043e\u0447\u0435\u0442\u0430\u0439\u0442\u0435 \u0441\u043f\u0440\u0435\u0439 \u0441 \u0441\u043e\u043e\u0442\u0432\u0435\u0442\u0441\u0442\u0432\u0443\u044e\u0449\u0438\u043c \u043f\u0430\u0440\u0444\u044e\u043c\u0438\u0440\u043e\u0432\u0430\u043d\u043d\u044b\u043c \u0441\u043f\u0435\u0435\u043c Natural Beauty, \u0443\u0432\u043b\u0430\u0436\u043d\u044f\u044e\u0449\u0438\u043c \u043b\u043e\u0441\u044c\u043e\u043d\u043e\u043c \u0434\u043b\u044f \u0442\u0435\u043b\u0430 \u0438 \u043e\u0442\u0448\u0435\u043b\u0443\u0448\u0438\u0432\u0430\u044e\u0449\u0438\u043c \u0441\u043a\u0440\u0430\u0431\u043e\u043c \u0434\u043b\u044f \u0442\u0435\u043b\u0430.<\/p>\n<\/details>\n","protected":false},"featured_media":20282,"template":"","meta":{"jetpack_publicize_message":"","jetpack_publicize_feature_enabled":true,"jetpack_social_post_already_shared":false,"jetpack_social_options":{"image_generator_settings":{"template":"highway","default_image_id":0,"font":"","enabled":false},"version":2}},"product_brand":[],"product_cat":[930,912,341],"product_tag":[],"class_list":{"0":"post-20181","1":"product","2":"type-product","3":"status-publish","4":"has-post-thumbnail","6":"product_cat-victorias-secret-body-washes","7":"product_cat-nahahooldus","8":"product_cat-victorias-secret","9":"pa_lohn-almond-blossom-oat-milk","10":"pa_lohn-coconut-milk-rose","11":"pa_lohn-lavender-vanilla","12":"pa_lohn-pineapple-shea","13":"pa_lohn-pomegranate-lotus","14":"pa_lohn-vanilla-bean-macadamia","16":"first","17":"instock","18":"sale","19":"shipping-taxable","20":"purchasable","21":"product-type-variable"},"jetpack_publicize_connections":[],"jetpack_sharing_enabled":true,"jetpack_likes_enabled":true,"_links":{"self":[{"href":"https:\/\/superstore.ee\/index.php\/wp-json\/wp\/v2\/product\/20181","targetHints":{"allow":["GET"]}}],"collection":[{"href":"https:\/\/superstore.ee\/index.php\/wp-json\/wp\/v2\/product"}],"about":[{"href":"https:\/\/superstore.ee\/index.php\/wp-json\/wp\/v2\/types\/product"}],"wp:featuredmedia":[{"embeddable":true,"href":"https:\/\/superstore.ee\/index.php\/wp-json\/wp\/v2\/media\/20282"}],"wp:attachment":[{"href":"https:\/\/superstore.ee\/index.php\/wp-json\/wp\/v2\/media?parent=20181"}],"wp:term":[{"taxonomy":"product_brand","embeddable":true,"href":"https:\/\/superstore.ee\/index.php\/wp-json\/wp\/v2\/product_brand?post=20181"},{"taxonomy":"product_cat","embeddable":true,"href":"https:\/\/superstore.ee\/index.php\/wp-json\/wp\/v2\/product_cat?post=20181"},{"taxonomy":"product_tag","embeddable":true,"href":"https:\/\/superstore.ee\/index.php\/wp-json\/wp\/v2\/product_tag?post=20181"}],"curies":[{"name":"wp","href":"https:\/\/api.w.org\/{rel}","templated":true}]}}