{"id":20199,"date":"2024-12-02T13:47:41","date_gmt":"2024-12-02T11:47:41","guid":{"rendered":"https:\/\/superstore.ee\/?post_type=product&#038;p=20199"},"modified":"2026-02-01T15:16:07","modified_gmt":"2026-02-01T13:16:07","slug":"victorias-secret-victorias-secret-kehakoorija-kreeka-pahklitega-368g-natural-beauty","status":"publish","type":"product","link":"https:\/\/superstore.ee\/index.php\/toode\/victorias-secret-victorias-secret-kehakoorija-kreeka-pahklitega-368g-natural-beauty\/","title":{"rendered":"Victoria\u2019s Secret Natural Beauty Exfoliating Body Scrub (368g)"},"content":{"rendered":"","protected":false},"excerpt":{"rendered":"<p>Victoria\u2019s Secret kehakoorija kreeka p\u00e4hklitega (368g)<\/p>\n<p>Avasta naha hooldamisel uus tase selle luksusliku kehakoorijaga, mis on loodud hoolikalt valitud looduslike koostisosadega:<\/p>\n<p>Suhkur \u2014 koorib \u00f5rnalt, kuid t\u00f5husalt kuivanud naharakud, j\u00e4ttes naha siledaks ja s\u00e4ravaks.<\/p>\n<p>Kreeka p\u00e4hkli koore pulber \u2014 silub ja poleerib nahapinda ilma seda kahjustamata.<\/p>\n<p>E-vitamiin (tokofer\u00fc\u00fclatsetaat) \u2014 tugev antioks\u00fcdant, mis kaitseb nahka v\u00e4listegurite eest ja soodustab selle taastumist.<\/p>\n<p>Looduslikud ekstraktid ja \u00f5lid koostises toidavad ja niisutavad nahka, muutes selle erakordselt pehmeks ja sametiseks.<\/p>\n<ol>\n<li><strong>Pomegranate &amp; Lotus<\/strong> \u2013 granaat\u00f5un ja lootose\u00f5is. Aroomi stiil: puuviljane, lilleline.<\/li>\n<li><strong>Almond Blossom &amp; Oat Milk<\/strong> &#8211; mandli\u00f5is, kaerapiim ja s<span style=\"font-weight: 400;\">heav\u00f5i. Aroomi stiil: soe, lilleline\u00a0<\/span><\/li>\n<li><strong>Coconut Milk &amp; Rose<\/strong> \u2013 kookospiim ja roosi ekstrakt. Aroomi stiil: puuviljane-lilleline.<\/li>\n<li><strong>Vanilla Bean &amp; Macadamia<\/strong> \u2013 vanilli ekstrakt ja makadaamiap\u00e4hkli \u00f5li. Aroomi stiil: soe, gurmee.<\/li>\n<li><strong>Cucumber &amp; Green Tea<\/strong> \u2013 kurk ja roheline tee. Aroomi stiil: v\u00e4rske, veeline.<\/li>\n<li><strong>Pineapple &amp; Shea<\/strong> \u2013 ananass ja sheav\u00f5i. Aroomi stiil: puuviljane, soe.<\/li>\n<li><strong>Lavender &amp; Vanilla<\/strong> \u2013 lavendel ja vanill. Aroomi stiil: lilleline, soe.<\/li>\n<\/ol>\n<p>See koorija on loodud neile, kes hindavad nii tulemust kui ka hoolitsuse protsessi. Selle tekstuur ja looduslik koostis pakuvad nahale t\u00e4ielikku toitumist ja kaitset, hoides selle terve ja niisutatuna. Tagab \u00f5rna naha puhastamise ilma kuivamiseta.<\/p>\n<p><em>Kombineerige sobiva parf\u00fcmeeritud kehasprei, niisutava kehalosjooni ja keha\u00f5liga.<\/em><\/p>\n<details>\n<summary>Details<\/summary>\n<div translate=\"no\">\n<p>Victoria\u2019s Secret Exfoliating Body Scrub with Walnut Shell Powder (368g)A new kind of daily body ritual. Reveal smooth, soft skin with this rich sugar scrub. Polishes away dry skin with exfoliating Walnut Shell Powder.<\/p>\n<p>Part of the Natural Beauty Body Care Collection, inspired by nature for soft-, healthy-feeling skin. Scents plus benefits. Luxurious, efficacious formulas. Botanical inspiration, daily transformation.<\/p>\n<p>Pomegranate &amp; Lotus \u2013 Pomegranate and Lotus Blossom. Scent style: fruity, floral.<br \/>\nAlmond Blossom &amp; Oat Milk \u2013 Almond Blossom, Oat Milk, and Shea Butter. Scent style: warm, floral.<br \/>\nCoconut Milk &amp; Rose \u2013Type: Fruity Warm. Feel calm with the scent of Coconut Milk &amp; Rose.<br \/>\nVanilla Bean &amp; Macadamia \u2013 Fragrance Style: Warm Gourmand. Notes: Vanilla, Macadamia, Walnut.<br \/>\nCucumber &amp; Green Tea &#8211; Fragrance Style: Fresh Watery<br \/>\nPineapple &amp; Shea \u2013 Type: Fruity Warm. Glow with the scent of Pineapple &amp; Shea. It&#8217;s complete happiness.<br \/>\nLavender &amp; Vanilla \u2013 Fragrance Style: Floral Warm. Notes: Lavender, Vanilla.<\/p>\n<p>To maximize your scent benefit, pair with matching Moisturizing Cream Body Wash and Hydrating Body Lotion<br \/>\nINGREDIENTS:<\/p>\n<\/div>\n<p>Victoria\u2019s Secret \u0441\u0430\u0445\u0430\u0440\u043d\u044b\u0439 \u0441\u043a\u0440\u0430\u0431 \u0434\u043b\u044f \u0442\u0435\u043b\u0430 \u0441 \u0433\u0440\u0435\u0446\u043a\u0438\u043c \u043e\u0440\u0435\u0445\u043e\u043c (368g)<\/p>\n<\/details>\n","protected":false},"featured_media":21411,"template":"","meta":{"jetpack_publicize_message":"","jetpack_publicize_feature_enabled":true,"jetpack_social_post_already_shared":false,"jetpack_social_options":{"image_generator_settings":{"template":"highway","default_image_id":0,"font":"","enabled":false},"version":2}},"product_brand":[],"product_cat":[929,912,341],"product_tag":[],"class_list":{"0":"post-20199","1":"product","2":"type-product","3":"status-publish","4":"has-post-thumbnail","6":"product_cat-victorias-secret-body-scrubs","7":"product_cat-nahahooldus","8":"product_cat-victorias-secret","9":"pa_lohn-almond-blossom-oat-milk","10":"pa_lohn-coconut-milk-rose","11":"pa_lohn-cucumber-green-tea","12":"pa_lohn-lavender-vanilla","13":"pa_lohn-pineapple-shea","14":"pa_lohn-pomegranate-lotus","15":"pa_lohn-vanilla-bean-macadamia","17":"first","18":"outofstock","19":"sale","20":"shipping-taxable","21":"product-type-variable"},"jetpack_publicize_connections":[],"jetpack_sharing_enabled":true,"jetpack_likes_enabled":true,"_links":{"self":[{"href":"https:\/\/superstore.ee\/index.php\/wp-json\/wp\/v2\/product\/20199","targetHints":{"allow":["GET"]}}],"collection":[{"href":"https:\/\/superstore.ee\/index.php\/wp-json\/wp\/v2\/product"}],"about":[{"href":"https:\/\/superstore.ee\/index.php\/wp-json\/wp\/v2\/types\/product"}],"wp:featuredmedia":[{"embeddable":true,"href":"https:\/\/superstore.ee\/index.php\/wp-json\/wp\/v2\/media\/21411"}],"wp:attachment":[{"href":"https:\/\/superstore.ee\/index.php\/wp-json\/wp\/v2\/media?parent=20199"}],"wp:term":[{"taxonomy":"product_brand","embeddable":true,"href":"https:\/\/superstore.ee\/index.php\/wp-json\/wp\/v2\/product_brand?post=20199"},{"taxonomy":"product_cat","embeddable":true,"href":"https:\/\/superstore.ee\/index.php\/wp-json\/wp\/v2\/product_cat?post=20199"},{"taxonomy":"product_tag","embeddable":true,"href":"https:\/\/superstore.ee\/index.php\/wp-json\/wp\/v2\/product_tag?post=20199"}],"curies":[{"name":"wp","href":"https:\/\/api.w.org\/{rel}","templated":true}]}}