{"id":20465,"date":"2024-12-11T02:47:27","date_gmt":"2024-12-11T00:47:27","guid":{"rendered":"https:\/\/superstore.ee\/?post_type=product&#038;p=20465"},"modified":"2026-02-01T18:47:21","modified_gmt":"2026-02-01T16:47:21","slug":"kiko-milano-huulehoolduskomplekt-holiday-wonderlights-santas-secret-lip-care-gift","status":"publish","type":"product","link":"https:\/\/superstore.ee\/index.php\/toode\/kiko-milano-huulehoolduskomplekt-holiday-wonderlights-santas-secret-lip-care-gift\/","title":{"rendered":"KIKO Milano Huulehoolduskomplekt Holiday Wonderlights Santa\u2019s Secret Lip Care Gift"},"content":{"rendered":"","protected":false},"excerpt":{"rendered":"<div class=\"ProductDetails__Name visible-md\">\n<div role=\"heading\" data-size=\"medium\">\n<div class=\"woocommerce-product-details__short-description\">\n<p>\ud83c\uddea\ud83c\uddea KIKO Milano Huulehoolduskomplekt Holiday Wonderlights Santa\u2019s Secret Lip Care Gift<\/p>\n<p>Komplekt Ideaalselt sobib huulte hooldamiseks, j\u00e4ttes need pehmeks, l\u00e4ikivaks ja kauniks. Kingitus, mis paneb teie l\u00e4hedased naeratama.<\/p>\n<p>Kinkekomplekt sisaldab:<\/p>\n<p><strong>&#8211; Huulekoorija Smooth My Lips<\/strong><\/p>\n<p>H\u00e4davajalik toode huulte hooldamiseks, mis \u00f5rnalt koorib nahka, j\u00e4tades huuled siledaks ja pehmeks.<\/p>\n<p><strong>&#8211; Mini skraber<\/strong><br \/>\nH\u00e4davajalik aksessuaar, mis teeb huulte hooldusprotsessi veelgi lihtsamaks ja nauditavamaks. Valmistatud pehmest silikoonist, on see praktiline ja mugav t\u00e4nu k\u00e4epideme olemasolule.<\/p>\n<p><strong>&#8211; <\/strong><strong>Huulel\u00e4ige-kreem Lip Volume Tutu Rose &#8211; <\/strong><strong>M\u00fc\u00fcgihitt!<\/strong> See l\u00e4ige v\u00f5lub k\u00f5iki, kes seda proovivad!<\/p>\n<p>Samal ajal hooldab ja niisutab huuli, muutes need pehmeks ja siledaks. Rikastatud seesamiseemnete ekstrakti ja h\u00fcaluroonhappega, mis tagavad n\u00e4htava vol\u00fc\u00fcmi ja pehmuse. Ideaalne igap\u00e4evaseks huulehoolduseks, et huuled n\u00e4eksid alati suurep\u00e4rased v\u00e4lja!<\/p>\n<p><strong>&#8211; Mini-kosmeetikakott meigi ja aksessuaaride jaoks<\/strong><\/p>\n<\/div>\n<div class=\"woocommerce-product-details__short-description\">\n<p>\ud83c\uddf7\ud83c\uddfa \u041f\u043e\u0434\u0430\u0440\u043e\u0447\u043d\u044b\u0439 \u043d\u0430\u0431\u043e\u0440 \u0434\u043b\u044f\u00a0\u0443\u0445\u043e\u0434\u0430 \u0437\u0430 \u0433\u0443\u0431\u0430\u043c\u0438 KIKO Milano<\/p>\n<p>\u0412 \u043d\u0430\u0431\u043e\u0440 \u0432\u0445\u043e\u0434\u0438\u0442:<\/p>\n<p><strong>&#8211; 1 \u041a\u0440\u0435\u043c-\u0431\u043b\u0435\u0441\u043a \u0434\u043b\u044f \u0443\u0432\u0435\u043b\u0438\u0447\u0435\u043d\u0438\u044f \u0433\u0443\u0431 Lip Volume Tutu Rose &#8211; \u0425\u0438\u0442 \u043f\u0440\u043e\u0434\u0430\u0436! \u042d\u0442\u043e\u0442 \u0431\u043b\u0435\u0441\u043a \u043f\u043e\u043a\u043e\u0440\u044f\u0435\u0442 \u043a\u0430\u0436\u0434\u043e\u0433\u043e, \u043a\u0442\u043e \u0435\u0433\u043e \u043f\u043e\u043f\u0440\u043e\u0431\u0443\u0435\u0442!<\/strong><\/p>\n<p>\u041e\u043d \u043e\u0434\u043d\u043e\u0432\u0440\u0435\u043c\u0435\u043d\u043d\u043e \u043f\u0438\u0442\u0430\u0435\u0442 \u0438 \u0443\u0432\u043b\u0430\u0436\u043d\u044f\u0435\u0442 \u0433\u0443\u0431\u044b. \u0423\u043d\u0438\u043a\u0430\u043b\u044c\u043d\u0430\u044f \u0444\u043e\u0440\u043c\u0443\u043b\u0430 \u043e\u0431\u043e\u0433\u0430\u0449\u0435\u043d\u0430 \u044d\u043a\u0441\u0442\u0440\u0430\u043a\u0442\u043e\u043c \u043a\u0443\u043d\u0436\u0443\u0442\u043d\u044b\u0445 \u0441\u0435\u043c\u044f\u043d \u0438 \u0433\u0438\u0430\u043b\u0443\u0440\u043e\u043d\u043e\u0432\u043e\u0439 \u043a\u0438\u0441\u043b\u043e\u0442\u044b, \u043e\u0431\u0435\u0441\u043f\u0435\u0447\u0438\u0432\u0430\u044f \u0432\u0438\u0434\u0438\u043c\u044b\u0439 \u044d\u0444\u0444\u0435\u043a\u0442 \u043e\u0431\u044a\u0435\u043c\u0430 \u0438 \u043c\u044f\u0433\u043a\u043e\u0441\u0442\u044c. \u0418\u0434\u0435\u0430\u043b\u0435\u043d \u0434\u043b\u044f \u0435\u0436\u0435\u0434\u043d\u0435\u0432\u043d\u043e\u0433\u043e \u0438\u0441\u043f\u043e\u043b\u044c\u0437\u043e\u0432\u0430\u043d\u0438\u044f \u0432 \u043a\u0430\u0447\u0435\u0441\u0442\u0432\u0435 \u0443\u0445\u043e\u0434\u0430 \u0437\u0430 \u0433\u0443\u0431\u0430\u043c\u0438.<strong>&#8211;<\/strong><\/p>\n<p><strong> 1 \u0421\u043a\u0440\u0430\u0431 Smooth My Lips <\/strong><br \/>\n\u041e\u0431\u044f\u0437\u0430\u0442\u0435\u043b\u044c\u043d\u044b\u0439 \u043f\u0440\u043e\u0434\u0443\u043a\u0442 \u0434\u043b\u044f \u0443\u0445\u043e\u0434\u0430 \u0437\u0430 \u0433\u0443\u0431\u0430\u043c\u0438, \u043a\u043e\u0442\u043e\u0440\u044b\u0439 \u0431\u0435\u0440\u0435\u0436\u043d\u043e \u043e\u0442\u0448\u0435\u043b\u0443\u0448\u0438\u0432\u0430\u0435\u0442 \u043a\u043e\u0436\u0443, \u043e\u0441\u0442\u0430\u0432\u043b\u044f\u044f \u0433\u0443\u0431\u044b \u0433\u043b\u0430\u0434\u043a\u0438\u043c\u0438, \u043c\u044f\u0433\u043a\u0438\u043c\u0438 \u0438 \u043f\u043e\u043b\u0438\u0440\u043e\u0432\u0430\u043d\u043d\u044b\u043c\u0438.<\/p>\n<p><strong>&#8211; 1 \u041c\u0438\u043d\u0438-\u0441\u043a\u0440\u0430\u0431\u0435\u0440 \u0434\u043b\u044f \u0433\u0443\u0431 <\/strong><br \/>\n\u041e\u0431\u044f\u0437\u0430\u0442\u0435\u043b\u044c\u043d\u044b\u0439 \u0430\u043a\u0441\u0435\u0441\u0441\u0443\u0430\u0440 \u0441 \u043e\u0447\u0430\u0440\u043e\u0432\u0430\u0442\u0435\u043b\u044c\u043d\u044b\u043c \u0434\u0438\u0437\u0430\u0439\u043d\u043e\u043c, \u043a\u043e\u0442\u043e\u0440\u044b\u0439 \u0434\u0435\u043b\u0430\u0435\u0442 \u043f\u0440\u043e\u0446\u0435\u0441\u0441 \u0443\u0445\u043e\u0434\u0430 \u0437\u0430 \u0433\u0443\u0431\u0430\u043c\u0438 \u0435\u0449\u0435 \u043f\u0440\u043e\u0449\u0435 \u0438 \u043f\u0440\u0438\u044f\u0442\u043d\u0435\u0435. \u0421\u0434\u0435\u043b\u0430\u043d \u0438\u0437 \u043c\u044f\u0433\u043a\u043e\u0433\u043e \u0441\u0438\u043b\u0438\u043a\u043e\u043d\u0430, \u043f\u0440\u0430\u043a\u0442\u0438\u0447\u0435\u043d \u0438 \u0443\u0434\u043e\u0431\u0435\u043d \u0431\u043b\u0430\u0433\u043e\u0434\u0430\u0440\u044f \u0440\u0443\u0447\u043a\u0435.<\/p>\n<p><strong>&#8211; 1 \u041c\u0438\u043d\u0438-\u043a\u043e\u0441\u043c\u0435\u0442\u0438\u0447\u043a\u0430 \u0434\u043b\u044f \u043c\u0430\u043a\u0438\u044f\u0436\u0430 \u0438 \u0430\u043a\u0441\u0435\u0441\u0441\u0443\u0430\u0440\u043e\u0432<\/strong><\/p>\n<p>\u0418\u0434\u0435\u0430\u043b\u044c\u043d\u043e \u043f\u043e\u0434\u0445\u043e\u0434\u0438\u0442 \u0434\u043b\u044f:<br \/>\n\u0443\u0445\u043e\u0434\u0430 \u0437\u0430 \u0433\u0443\u0431\u0430\u043c\u0438, \u043e\u0441\u0442\u0430\u0432\u043b\u044f\u044f \u0438\u0445 \u0441\u0443\u043f\u0435\u0440 \u043c\u044f\u0433\u043a\u0438\u043c\u0438, \u0431\u043b\u0435\u0441\u0442\u044f\u0449\u0438\u043c\u0438 \u0438 \u043a\u0440\u0430\u0441\u0438\u0432\u044b\u043c\u0438. \u041f\u043e\u0434\u0430\u0440\u043e\u0447\u043d\u044b\u0439 \u043d\u0430\u0431\u043e\u0440, \u043a\u043e\u0442\u043e\u0440\u044b\u0439 \u0437\u0430\u0441\u0442\u0430\u0432\u0438\u0442 \u0432\u0430\u0448\u0438\u0445 \u0431\u043b\u0438\u0437\u043a\u0438\u0445 \u0443\u043b\u044b\u0431\u043d\u0443\u0442\u044c\u0441\u044f.<\/p>\n<p>\ud83c\uddfa\ud83c\uddf8 KIKO Milano Holiday Wonderlights Santa\u2019s Secret Lip Care Gift<\/p>\n<p>Lip care Gift Set containing a lip scrub, applicator and perfecting lip cream with a volumizing effect in an elegant mini pouch.<\/p>\n<p>The set contains:<\/p>\n<p><strong>-N.1\u00a0<\/strong><strong>Lip Volume Tutu Rose Lip Cream-Gloss <\/strong><strong>Best-seller!<\/strong> This gloss wins the hearts of everyone who tries it! Simultaneously nourishes and moisturizes your lips, leaving them soft and smooth. Enriched with sesame seed extract and hyaluronic acid, providing visible volume and a silky feel. Ideal for everyday lip care to keep your lips looking stunning at all times!<\/p>\n<p><strong>-N.1 Smooth My Lips Scrub<\/strong><br \/>\nA must-have product to care for the lips by gently exfoliating them and leaving them smooth, soft and polished.<\/p>\n<p><strong>-N.1 Mini Lip Scrubber<\/strong><br \/>\nA must-have accessory with a charming design that simply elevates the lip care routine by making exfoliation even easier and more enjoyable. Made of soft silicone, it is practical and handy thanks to its rear handle.<\/p>\n<p><strong>-N.1 Mini Makeup and accessories pouch<\/strong><\/p>\n<p>Ideal for:<br \/>\npampering the lips, leaving them super soft, shiny and beautiful. A gift set to make your loved ones smile.<\/p>\n<\/div>\n<\/div>\n<\/div>\n","protected":false},"featured_media":20471,"template":"","meta":{"jetpack_publicize_message":"","jetpack_publicize_feature_enabled":true,"jetpack_social_post_already_shared":false,"jetpack_social_options":{"image_generator_settings":{"template":"highway","default_image_id":0,"font":"","enabled":false},"version":2}},"product_brand":[],"product_cat":[972,969,988,986,973,340,830,971,964],"product_tag":[],"class_list":{"0":"post-20465","1":"product","2":"type-product","3":"status-publish","4":"has-post-thumbnail","6":"product_cat-accessories","7":"product_cat-lip-care","8":"product_cat-lip-gloss","9":"product_cat-kiko-lips","10":"product_cat-makeup","11":"product_cat-kiko-milano","12":"product_cat-kingitused","13":"product_cat-sets","14":"product_cat-face-care","16":"first","17":"outofstock","18":"sale","19":"shipping-taxable","20":"purchasable","21":"product-type-simple"},"jetpack_publicize_connections":[],"jetpack_sharing_enabled":true,"jetpack_likes_enabled":true,"_links":{"self":[{"href":"https:\/\/superstore.ee\/index.php\/wp-json\/wp\/v2\/product\/20465","targetHints":{"allow":["GET"]}}],"collection":[{"href":"https:\/\/superstore.ee\/index.php\/wp-json\/wp\/v2\/product"}],"about":[{"href":"https:\/\/superstore.ee\/index.php\/wp-json\/wp\/v2\/types\/product"}],"wp:featuredmedia":[{"embeddable":true,"href":"https:\/\/superstore.ee\/index.php\/wp-json\/wp\/v2\/media\/20471"}],"wp:attachment":[{"href":"https:\/\/superstore.ee\/index.php\/wp-json\/wp\/v2\/media?parent=20465"}],"wp:term":[{"taxonomy":"product_brand","embeddable":true,"href":"https:\/\/superstore.ee\/index.php\/wp-json\/wp\/v2\/product_brand?post=20465"},{"taxonomy":"product_cat","embeddable":true,"href":"https:\/\/superstore.ee\/index.php\/wp-json\/wp\/v2\/product_cat?post=20465"},{"taxonomy":"product_tag","embeddable":true,"href":"https:\/\/superstore.ee\/index.php\/wp-json\/wp\/v2\/product_tag?post=20465"}],"curies":[{"name":"wp","href":"https:\/\/api.w.org\/{rel}","templated":true}]}}