{"id":20486,"date":"2024-12-11T14:54:59","date_gmt":"2024-12-11T12:54:59","guid":{"rendered":"https:\/\/superstore.ee\/?post_type=product&#038;p=20486"},"modified":"2025-12-21T20:17:07","modified_gmt":"2025-12-21T18:17:07","slug":"kiko-milano-kinkekomplekt-holiday-wonderlights-gloss-me-up-lips-gift-set-03-red-smile","status":"publish","type":"product","link":"https:\/\/superstore.ee\/index.php\/toode\/kiko-milano-kinkekomplekt-holiday-wonderlights-gloss-me-up-lips-gift-set-03-red-smile\/","title":{"rendered":"KIKO Milano Kinkekomplekt Holiday Wonderlights Gloss Me Up Lips Gift Set (03 Red Smile)"},"content":{"rendered":"<ul>\n<li><\/li>\n<\/ul>\n","protected":false},"excerpt":{"rendered":"<div class=\"ProductDetails__Name visible-md\">\n<div role=\"heading\" data-size=\"medium\">\n<div class=\"woocommerce-product-details__short-description\">\n<p>\ud83c\uddea\ud83c\uddea KIKO Milano Kinkekomplekt Holiday Wonderlights Gloss Me Up Lips Gift Set<\/p>\n<p>Huulel\u00e4ige ja huulepliiats kingikomplektis<\/p>\n<\/div>\n<p>Komplekt sisaldab:<\/p>\n<ul>\n<li><strong>3D Hydra Lipgloss Nr.16<\/strong><br \/>\nRevolutsiooniline huulel\u00e4ige, mis \u00fchendab uskumatut s\u00e4ra ja mugavust. See ikooniline l\u00e4ige niisutab huuli, annab neile s\u00e4ra ja visuaalse vol\u00fc\u00fcmi.<\/li>\n<li><strong>Comfort Lip Liner huulepliiats Nr.24<\/strong><br \/>\nSile, kreemjas ja kergesti hajutatav huulepliiats, mis r\u00f5hutab ideaalselt huulte kontuuri ja v\u00e4hendab huulepulga m\u00e4\u00e4rimise riski.<\/li>\n<\/ul>\n<p>T\u00e4iuslik komplekt v\u00e4ljendusrikka huulemeigi loomiseks. Pliiats ja l\u00e4ige t\u00e4iendavad teineteist suurep\u00e4raselt, pakkudes laitmatut tulemust. Ideaalne valik nii endale kui ka ainulaadseks kingituseks!<\/p>\n<div class=\"woocommerce-product-details__short-description\">\n<p>\ud83c\uddf7\ud83c\uddfa \u041f\u043e\u0434\u0430\u0440\u043e\u0447\u043d\u044b\u0439 \u043d\u0430\u0431\u043e\u0440 KIKO Milano Holiday Wonderlights Gloss Me Up Lips Gift Set<\/p>\n<p>\u041f\u043e\u0434\u0430\u0440\u043e\u0447\u043d\u044b\u0439 \u043d\u0430\u0431\u043e\u0440, \u0441\u043e\u0441\u0442\u043e\u044f\u0449\u0438\u0439 \u0438\u0437 \u0443\u0432\u043b\u0430\u0436\u043d\u044f\u044e\u0449\u0435\u0433\u043e \u0431\u043b\u0435\u0441\u043a\u0430 \u0434\u043b\u044f \u0433\u0443\u0431 \u0438 \u043a\u0440\u0435\u043c\u043e\u0432\u043e\u0433\u043e \u043a\u0430\u0440\u0430\u043d\u0434\u0430\u0448\u0430 \u0434\u043b\u044f \u0433\u0443\u0431 \u0432 \u043a\u0440\u0430\u0441\u0438\u0432\u043e\u0439 \u043f\u043e\u0434\u0430\u0440\u043e\u0447\u043d\u043e\u0439 \u0443\u043f\u0430\u043a\u043e\u0432\u043a\u0435.<\/p>\n<p>\u0412 \u043d\u0430\u0431\u043e\u0440 \u0432\u0445\u043e\u0434\u0438\u0442:<\/p>\n<ul>\n<li><strong>3D Hydra Lipgloss Nr.16<\/strong><br \/>\n\u0420\u0435\u0432\u043e\u043b\u044e\u0446\u0438\u043e\u043d\u043d\u044b\u0439 \u0431\u043b\u0435\u0441\u043a \u0434\u043b\u044f \u0433\u0443\u0431, \u0441\u043e\u0447\u0435\u0442\u0430\u044e\u0449\u0438\u0439 \u043d\u0435\u0432\u0435\u0440\u043e\u044f\u0442\u043d\u043e\u0435 \u0441\u0438\u044f\u043d\u0438\u0435 \u0438 \u043a\u043e\u043c\u0444\u043e\u0440\u0442. \u042d\u0442\u043e\u0442 \u043a\u0443\u043b\u044c\u0442\u043e\u0432\u044b\u0439 \u0431\u043b\u0435\u0441\u043a \u0443\u0432\u043b\u0430\u0436\u043d\u044f\u0435\u0442 \u0433\u0443\u0431\u044b, \u043f\u0440\u0438\u0434\u0430\u0435\u0442 \u0441\u0438\u044f\u043d\u0438\u0435 \u0438 \u0432\u0438\u0437\u0443\u0430\u043b\u044c\u043d\u043e \u0443\u0432\u0435\u043b\u0438\u0447\u0438\u0432\u0430\u0435\u0442.<\/li>\n<li><strong>\u041a\u0440\u0435\u043c\u043e\u0432\u044b\u0439 \u043a\u0430\u0440\u0430\u043d\u0434\u0430\u0448 \u0434\u043b\u044f \u0433\u0443\u0431 Comfort Lip Liner Nr.24<\/strong><br \/>\n\u0413\u043b\u0430\u0434\u043a\u0438\u0439, \u043a\u0440\u0435\u043c\u043e\u0432\u044b\u0439 \u0438 \u043b\u0435\u0433\u043a\u043e \u0440\u0430\u0441\u0442\u0443\u0448\u0435\u0432\u044b\u0432\u0430\u0435\u043c\u044b\u0439 \u043a\u0430\u0440\u0430\u043d\u0434\u0430\u0448 \u0434\u043b\u044f \u0433\u0443\u0431, \u043a\u043e\u0442\u043e\u0440\u044b\u0439 \u0438\u0434\u0435\u0430\u043b\u044c\u043d\u043e \u043f\u043e\u0434\u0447\u0435\u0440\u043a\u0438\u0432\u0430\u0435\u0442 \u043a\u043e\u043d\u0442\u0443\u0440 \u0433\u0443\u0431 \u0438 \u043f\u043e\u043c\u043e\u0433\u0430\u0435\u0442 \u0443\u043c\u0435\u043d\u044c\u0448\u0438\u0442\u044c \u0440\u0438\u0441\u043a \u0440\u0430\u0437\u043c\u0430\u0437\u044b\u0432\u0430\u043d\u0438\u044f \u043f\u043e\u043c\u0430\u0434\u044b.<\/li>\n<\/ul>\n<p>\u0418\u0434\u0435\u0430\u043b\u044c\u043d\u044b\u0439 \u043d\u0430\u0431\u043e\u0440 \u0434\u043b\u044f \u0441\u043e\u0437\u0434\u0430\u043d\u0438\u044f \u0432\u044b\u0440\u0430\u0437\u0438\u0442\u0435\u043b\u044c\u043d\u043e\u0433\u043e \u043c\u0430\u043a\u0438\u044f\u0436\u0430 \u0433\u0443\u0431. \u041a\u0430\u0440\u0430\u043d\u0434\u0430\u0448 \u0438 \u0431\u043b\u0435\u0441\u043a \u0438\u0434\u0435\u0430\u043b\u044c\u043d\u043e \u0434\u043e\u043f\u043e\u043b\u043d\u044f\u044e\u0442 \u0434\u0440\u0443\u0433 \u0434\u0440\u0443\u0433\u0430, \u043e\u0431\u0435\u0441\u043f\u0435\u0447\u0438\u0432\u0430\u044f \u0431\u0435\u0437\u0443\u043f\u0440\u0435\u0447\u043d\u044b\u0439 \u0440\u0435\u0437\u0443\u043b\u044c\u0442\u0430\u0442. \u041f\u0440\u0435\u043a\u0440\u0430\u0441\u043d\u044b\u0439 \u0432\u044b\u0431\u043e\u0440 \u0434\u043b\u044f \u0441\u0435\u0431\u044f \u0438\u043b\u0438 \u0432 \u043a\u0430\u0447\u0435\u0441\u0442\u0432\u0435 \u0443\u043d\u0438\u043a\u0430\u043b\u044c\u043d\u043e\u0433\u043e \u043f\u043e\u0434\u0430\u0440\u043a\u0430!<\/p>\n<p>\ud83c\uddfa\ud83c\uddf8 KIKO Milano Holiday Wonderlights Gloss Me Up Lips Gift Set<\/p>\n<p>Gift set containing a hydrating lip gloss paired with a creamy lip pencil in a beautiful gift box.<\/p>\n<ul>\n<li><strong>3D Hydra Lipgloss Nr.16<\/strong><br \/>\nRevolutionary radiance and comfort for the lips. A simply exquisite and iconic lip gloss that hydrates the lips, enveloping them in pure radiance.<\/li>\n<li><strong>Creamy Comfort Lip Liner Nr.24<\/strong><br \/>\nSmooth, creamy and easy to blend, a lip pencil that beautifully defines the lip contour and helps reduce the risk of lipstick smudging.<\/li>\n<\/ul>\n<p>The perfect set for creating stunning lip makeup. The pencil and gloss complement each other perfectly, delivering flawless results. A great choice for yourself or as a unique gift!<\/p>\n<\/div>\n<\/div>\n<\/div>\n","protected":false},"featured_media":20498,"template":"","meta":{"jetpack_publicize_message":"","jetpack_publicize_feature_enabled":true,"jetpack_social_post_already_shared":false,"jetpack_social_options":{"image_generator_settings":{"template":"highway","default_image_id":0,"font":"","enabled":false},"version":2}},"product_brand":[],"product_cat":[988,990,986,973,340,830,971,631],"product_tag":[],"class_list":{"0":"post-20486","1":"product","2":"type-product","3":"status-publish","4":"has-post-thumbnail","6":"product_cat-lip-gloss","7":"product_cat-lip-pencil","8":"product_cat-kiko-lips","9":"product_cat-makeup","10":"product_cat-kiko-milano","11":"product_cat-kingitused","12":"product_cat-sets","13":"product_cat-sale","15":"first","16":"instock","17":"sale","18":"shipping-taxable","19":"purchasable","20":"product-type-simple"},"jetpack_publicize_connections":[],"jetpack_sharing_enabled":true,"jetpack_likes_enabled":true,"_links":{"self":[{"href":"https:\/\/superstore.ee\/index.php\/wp-json\/wp\/v2\/product\/20486","targetHints":{"allow":["GET"]}}],"collection":[{"href":"https:\/\/superstore.ee\/index.php\/wp-json\/wp\/v2\/product"}],"about":[{"href":"https:\/\/superstore.ee\/index.php\/wp-json\/wp\/v2\/types\/product"}],"wp:featuredmedia":[{"embeddable":true,"href":"https:\/\/superstore.ee\/index.php\/wp-json\/wp\/v2\/media\/20498"}],"wp:attachment":[{"href":"https:\/\/superstore.ee\/index.php\/wp-json\/wp\/v2\/media?parent=20486"}],"wp:term":[{"taxonomy":"product_brand","embeddable":true,"href":"https:\/\/superstore.ee\/index.php\/wp-json\/wp\/v2\/product_brand?post=20486"},{"taxonomy":"product_cat","embeddable":true,"href":"https:\/\/superstore.ee\/index.php\/wp-json\/wp\/v2\/product_cat?post=20486"},{"taxonomy":"product_tag","embeddable":true,"href":"https:\/\/superstore.ee\/index.php\/wp-json\/wp\/v2\/product_tag?post=20486"}],"curies":[{"name":"wp","href":"https:\/\/api.w.org\/{rel}","templated":true}]}}