{"id":20542,"date":"2024-12-11T20:07:09","date_gmt":"2024-12-11T18:07:09","guid":{"rendered":"https:\/\/superstore.ee\/?post_type=product&#038;p=20542"},"modified":"2026-04-06T22:00:00","modified_gmt":"2026-04-06T19:00:00","slug":"kauapusiv-vedel-huulepulk-kiko-milano-unlimited-double-touch-12h-2","status":"publish","type":"product","link":"https:\/\/superstore.ee\/index.php\/toode\/kauapusiv-vedel-huulepulk-kiko-milano-unlimited-double-touch-12h-2\/","title":{"rendered":"KIKO MILANO Unlimited Double Touch (12h) \u2b50 Bestseller Kauap\u00fcsiv Vedel Huulepulk"},"content":{"rendered":"","protected":false},"excerpt":{"rendered":"<div class=\"ProductDetails__Sub hidden-md\">\n<p>KIKO Milano kauap\u00fcsiv kaheastmeline vedel huulepulk, mis p\u00fcsib kuni 12 tundi.<\/p>\n<p><b>KIKO MILANO Unlimited Double Touch vedel huulepulk<\/b> on uuenduslik kaheastmeline huuletoode, mis \u00fchendab endas pika p\u00fcsivuse ja s\u00e4rava l\u00e4ike. T\u00e4nu p\u00fcsivale, mitte\u00fclekuvatavale p\u00f5hiv\u00e4rvile ja s\u00e4ravale pealislakile pakub see intensiivset v\u00e4rvi ja mugavat tunnet huultel kuni 12 tundi. Saadaval laias valikus trendikates toonides.<\/p>\n<p>Annab huultele maksimaalse mugavuse ja \u00fchtlase v\u00e4rvi. Plekikindel, v\u00e4ga kiire kuivamisajaga.<\/p>\n<ol>\n<li>Kanna v\u00e4rvip\u00f5hi puhastatud, niisutatud huultele. Oodake minut, et vedel huulepulk t\u00e4ielikult kuivaks.<\/li>\n<li>Eriti l\u00e4ikiva tulemuse saavutamiseks kanna huulel\u00e4ige v\u00e4rvip\u00f5hja peale.<\/li>\n<\/ol>\n<p>6 ML<\/p>\n<p>Valmistatud Itaalias<\/p>\n<p>Dermatoloogiliselt testitud.<\/p>\n<details>\n<summary>Details<\/summary>\n<div translate=\"no\">\n<p>KIKO MILANO Unlimited Double TouchLiquid lipstick with a bright finish in a two-step application. Lasts up to 16 hours*. No-transfer base colour.<\/p>\n<p>Base colour: the formula, enriched with a combination of film-like polymers, ensures maximum comfort, optimum adherence to the lips and even colour. Smudge proof, with a very quick drying time.<\/p>\n<p>Lip gloss: the softening action formula gives the lips a bright and radiant finish.<\/p>\n<p>Even and smooth-gliding application.<\/p>\n<p>The packaging comes with two applicators suited to different textures: the flocked base colour applicator ensures high precision coverage, while the fibre lip gloss applicator guarantees that the right amount of product is used. The design is functional, elegant and easily distinguishable thanks to the KK monogram positioned in the centre of the metal grip.<\/p>\n<p>Available in numerous super-trendy shades.<\/p>\n<p>*Dermatologically tested.<\/p>\n<p>6 ML<br \/>\nMade in Italy<\/p>\n<p>INGREDIENTS:<br \/>\nBASE COLOUR INGREDIENTS: ISODODECANE, BIS-HYDROXYETHOXYPROPYL DIMETHICONE\/IPDI COPOLYMER ETHYLCARBAMATE, DISTEARDIMONIUM HECTORITE, MICA, DIMETHICONE\/VINYL DIMETHICONE CROSSPOLYMER, DIMETHICONE, ALCOHOL, AQUA (WATER\/EAU), ETHYL VANILLIN, PENTAERYTHRITYL TETRA-DI-t -BUTYL HYDROXYHYDROCINNAMATE, TIN OXIDE, DICALCIUM PHOSPHATE. +\/- (MAY CONTAIN): CI 77891 (TITANIUM DIOXIDE), CI 77491 &#8211; CI 77492 &#8211; CI 77499 (IRON OXIDES), CI 15985 (YELLOW 6 LAKE), CI 15850 (RED 6 \/ RED 7\/RED 7 LAKE), CI 42090 (BLUE 1 LAKE), CI 75470 (CARMINE), C I 19140 (YELLOW 5 LAKE), CI 45410 (RED 28 LAKE). CONTAINS CARMINE AS COLOUR ADDITIVE. TOP COAT INGREDIENTS: DIMETHICONE, CETYL PEG\/P PG-10\/1 DIMETHICONE, CERA MICROCRISTALLINA (MICROCRYSTALLINE WAX \/CIRE MICROCRISTALLINE), PARAFFIN, PENTAERYTHRITYL TETRA-DI-t-BUTYL HYDROXYHYDROCINNAMATE<\/p>\n<\/div>\n<p>KIKO Milano \u0441\u0442\u043e\u0439\u043a\u0430\u044f \u0434\u0432\u0443\u0445-\u044d\u0442\u0430\u043f\u043d\u0430\u044f \u0436\u0438\u0434\u043a\u0430\u044f \u043f\u043e\u043c\u0430\u0434\u0430 \u0441 \u044f\u0440\u043a\u0438\u043c \u0444\u0438\u043d\u0438\u0448\u0435\u043c. \u0421\u0442\u043e\u0439\u043a\u043e\u0441\u0442\u044c \u0434\u043e 12 \u0447\u0430\u0441\u043e\u0432.<\/p>\n<p>\u0416\u0438\u0434\u043a\u0430\u044f \u043f\u043e\u043c\u0430\u0434\u0430 Unlimited Double Touch \u043e\u0442 KIKO MILANO \u2013 \u044d\u0442\u043e \u0438\u043d\u043d\u043e\u0432\u0430\u0446\u0438\u043e\u043d\u043d\u043e\u0435 \u0434\u0432\u0443\u0445\u044d\u0442\u0430\u043f\u043d\u043e\u0435 \u0441\u0440\u0435\u0434\u0441\u0442\u0432\u043e \u0434\u043b\u044f \u0433\u0443\u0431, \u0441\u043e\u0447\u0435\u0442\u0430\u044e\u0449\u0435\u0435 \u0432 \u0441\u0435\u0431\u0435 \u0441\u0442\u043e\u0439\u043a\u043e\u0441\u0442\u044c \u0438 \u044f\u0440\u043a\u0438\u0439 \u0431\u043b\u0435\u0441\u043a. \u0411\u043b\u0430\u0433\u043e\u0434\u0430\u0440\u044f \u0441\u0442\u043e\u0439\u043a\u043e\u0439, \u043d\u0435 \u043e\u0441\u0442\u0430\u0432\u043b\u044f\u044e\u0449\u0435\u0439 \u0441\u043b\u0435\u0434\u043e\u0432 \u0431\u0430\u0437\u0435, \u0438 \u0441\u0438\u044f\u044e\u0449\u0435\u043c\u0443 \u0432\u0435\u0440\u0445\u043d\u0435\u043c\u0443 \u043f\u043e\u043a\u0440\u044b\u0442\u0438\u044e, \u043e\u043d\u0430 \u043e\u0431\u0435\u0441\u043f\u0435\u0447\u0438\u0432\u0430\u0435\u0442 \u043d\u0430\u0441\u044b\u0449\u0435\u043d\u043d\u044b\u0439 \u0446\u0432\u0435\u0442 \u0438 \u043a\u043e\u043c\u0444\u043e\u0440\u0442\u043d\u043e\u0435 \u043e\u0449\u0443\u0449\u0435\u043d\u0438\u0435 \u043d\u0430 \u0433\u0443\u0431\u0430\u0445 \u0434\u043e 16 \u0447\u0430\u0441\u043e\u0432. \u0414\u043e\u0441\u0442\u0443\u043f\u043d\u0430 \u0432 \u0448\u0438\u0440\u043e\u043a\u043e\u0439 \u043f\u0430\u043b\u0438\u0442\u0440\u0435 \u043c\u043e\u0434\u043d\u044b\u0445 \u043e\u0442\u0442\u0435\u043d\u043a\u043e\u0432.<\/p>\n<p>\u041e\u0431\u0435\u0441\u043f\u0435\u0447\u0438\u0432\u0430\u0435\u0442 \u043c\u0430\u043a\u0441\u0438\u043c\u0430\u043b\u044c\u043d\u044b\u0439 \u043a\u043e\u043c\u0444\u043e\u0440\u0442 \u043d\u0430 \u0433\u0443\u0431\u0430\u0445 \u0438 \u0440\u043e\u0432\u043d\u044b\u0439 \u0446\u0432\u0435\u0442. \u0423\u0434\u043e\u0431\u043d\u044b\u0439 \u0430\u043f\u043f\u043b\u0438\u043a\u0430\u0442\u043e\u0440 \u0434\u043b\u044f \u0440\u0430\u0432\u043d\u043e\u043c\u0435\u0440\u043d\u043e\u0433\u043e \u0438 \u043f\u043b\u0430\u0432\u043d\u043e\u0433\u043e \u043d\u0430\u043d\u0435\u0441\u0435\u043d\u0438\u044f. \u041d\u0435 \u0440\u0430\u0437\u043c\u0430\u0437\u044b\u0432\u0430\u0435\u0442\u0441\u044f, \u043e\u0447\u0435\u043d\u044c \u0431\u044b\u0441\u0442\u0440\u043e \u0441\u043e\u0445\u043d\u0435\u0442<\/p>\n<ol>\n<li>\u041d\u0430\u043d\u0435\u0441\u0438\u0442\u0435 \u0446\u0432\u0435\u0442\u043d\u0443\u044e \u043e\u0441\u043d\u043e\u0432\u0443 \u043d\u0430 \u043e\u0447\u0438\u0449\u0435\u043d\u043d\u044b\u0435, \u0443\u0432\u043b\u0430\u0436\u043d\u0435\u043d\u043d\u044b\u0435 \u0433\u0443\u0431\u044b. \u041f\u043e\u0434\u043e\u0436\u0434\u0438\u0442\u0435 \u043c\u0438\u043d\u0443\u0442\u0443, \u0447\u0442\u043e\u0431\u044b \u0436\u0438\u0434\u043a\u0430\u044f \u043f\u043e\u043c\u0430\u0434\u0430 \u043f\u043e\u043b\u043d\u043e\u0441\u0442\u044c\u044e \u0432\u044b\u0441\u043e\u0445\u043b\u0430.<\/li>\n<li>\u041d\u0430\u043d\u0435\u0441\u0438\u0442\u0435 \u0431\u043b\u0435\u0441\u043a \u0434\u043b\u044f \u0433\u0443\u0431 \u043f\u043e\u0432\u0435\u0440\u0445 \u0446\u0432\u0435\u0442\u043d\u043e\u0439 \u043e\u0441\u043d\u043e\u0432\u044b \u0434\u043b\u044f \u0434\u043e\u043f\u043e\u043b\u043d\u0438\u0442\u0435\u043b\u044c\u043d\u043e\u0433\u043e \u0441\u0438\u044f\u043d\u0438\u044f.<\/li>\n<\/ol>\n<\/details>\n<\/div>\n","protected":false},"featured_media":15703,"template":"","meta":{"jetpack_publicize_message":"","jetpack_publicize_feature_enabled":true,"jetpack_social_post_already_shared":false,"jetpack_social_options":{"image_generator_settings":{"template":"highway","default_image_id":0,"font":"","enabled":false},"version":2}},"product_brand":[],"product_cat":[911,988,987,986,973,340],"product_tag":[],"class_list":{"0":"post-20542","1":"product","2":"type-product","3":"status-publish","4":"has-post-thumbnail","6":"product_cat-huuled","7":"product_cat-lip-gloss","8":"product_cat-lipstick","9":"product_cat-kiko-lips","10":"product_cat-makeup","11":"product_cat-kiko-milano","12":"pa_varv-371","13":"pa_varv-372","14":"pa_varv-373","15":"pa_varv-374","16":"pa_varv-375","17":"pa_varv-376","18":"pa_varv-377","19":"pa_varv-378","20":"pa_varv-379","21":"pa_varv-380","22":"pa_varv-381","23":"pa_varv-382","24":"pa_varv-383","25":"pa_varv-384","26":"pa_varv-385","27":"pa_varv-386","28":"pa_varv-387","29":"pa_varv-388","30":"pa_varv-389","31":"pa_varv-390","32":"pa_varv-391","33":"pa_varv-392","34":"pa_varv-393","35":"pa_varv-394","36":"pa_varv-395","37":"pa_varv-396","38":"pa_varv-397","39":"pa_varv-398","40":"pa_varv-399","41":"pa_varv-400","42":"pa_varv-401","44":"first","45":"instock","46":"sale","47":"shipping-taxable","48":"purchasable","49":"product-type-variable","50":"has-default-attributes"},"jetpack_publicize_connections":[],"jetpack_sharing_enabled":true,"jetpack_likes_enabled":true,"_links":{"self":[{"href":"https:\/\/superstore.ee\/index.php\/wp-json\/wp\/v2\/product\/20542","targetHints":{"allow":["GET"]}}],"collection":[{"href":"https:\/\/superstore.ee\/index.php\/wp-json\/wp\/v2\/product"}],"about":[{"href":"https:\/\/superstore.ee\/index.php\/wp-json\/wp\/v2\/types\/product"}],"wp:featuredmedia":[{"embeddable":true,"href":"https:\/\/superstore.ee\/index.php\/wp-json\/wp\/v2\/media\/15703"}],"wp:attachment":[{"href":"https:\/\/superstore.ee\/index.php\/wp-json\/wp\/v2\/media?parent=20542"}],"wp:term":[{"taxonomy":"product_brand","embeddable":true,"href":"https:\/\/superstore.ee\/index.php\/wp-json\/wp\/v2\/product_brand?post=20542"},{"taxonomy":"product_cat","embeddable":true,"href":"https:\/\/superstore.ee\/index.php\/wp-json\/wp\/v2\/product_cat?post=20542"},{"taxonomy":"product_tag","embeddable":true,"href":"https:\/\/superstore.ee\/index.php\/wp-json\/wp\/v2\/product_tag?post=20542"}],"curies":[{"name":"wp","href":"https:\/\/api.w.org\/{rel}","templated":true}]}}