{"id":20640,"date":"2024-12-11T20:48:48","date_gmt":"2024-12-11T18:48:48","guid":{"rendered":"https:\/\/superstore.ee\/?post_type=product&#038;p=20640"},"modified":"2025-09-22T22:38:30","modified_gmt":"2025-09-22T19:38:30","slug":"tugevdav-ravigeel-ripsmetuss-kiko-milano-new-30-days-extension-night-treatment-booster-mascara","status":"publish","type":"product","link":"https:\/\/superstore.ee\/index.php\/toode\/tugevdav-ravigeel-ripsmetuss-kiko-milano-new-30-days-extension-night-treatment-booster-mascara\/","title":{"rendered":"Tugevdav ravigeel-ripsmetu\u0161\u0161 KIKO Milano New 30 Days Extension &#8211; Night Treatment Booster Mascara"},"content":{"rendered":"","protected":false},"excerpt":{"rendered":"<div class=\"ProductDetails__Name visible-md\">\n<div role=\"heading\" data-size=\"medium\">\n<div class=\"woocommerce-product-details__short-description\">\n<p>\ud83c\uddea\ud83c\uddea Tugevdav ravigeel-ripsmetu\u0161\u0161 KIKO Milano New 30 Days Extension \u2013 Night Treatment Booster Mascara<\/p>\n<p>Pikendava toimega \u00f6ine ravigeel-ripsmetu\u0161\u0161<\/p>\n<ul>\n<li>ideaalne ripsmete kaitsmiseks ja tugevdamiseks;<\/li>\n<li>v\u00e4rvitu, pehme ja \u00fcmbritsev tekstuur katab ripsmed k\u00f5vastumata ja kleepumata;<\/li>\n<li>juba p\u00e4rast 4-n\u00e4dalast toote regulaarset kasutamist muutuvad ripsmed pikemaks.<\/li>\n<\/ul>\n<p><strong>Toimeained<\/strong>:<\/p>\n<ul>\n<li><em>Hydrolyzed Keratin (h\u00fcdrol\u00fc\u00fcsitud <strong>keratiin<\/strong>) \u2013 valk, mis tugevdab ja kaitseb ripsmeid.<\/em><\/li>\n<li><em>Laminaria Digitata Extract (<strong>laminaria<\/strong> ekstrakt) ja Pelvetia Canaliculata Extract (<strong>pelvetia<\/strong> ekstrakt) \u2013 <strong>vetikaekstraktid<\/strong>, mis on rikkad toitainete poolest ja toidavad ning toetavad ripsmete tervist.<\/em><\/li>\n<li><em>Biotinoyl Tripeptide-1 (biotino\u00fc\u00fcl tripeptiid-1) \u2013 <strong>peptiid<\/strong>, mis soodustab ripsmete kasvu ja tugevdab neid.<\/em><\/li>\n<\/ul>\n<p>\ud83c\uddf7\ud83c\uddfa \u0423\u043a\u0440\u0435\u043f\u043b\u044f\u044e\u0449\u0430\u044f \u043d\u043e\u0447\u043d\u0430\u044f \u043b\u0435\u0447\u0435\u0431\u043d\u0430\u044f \u0433\u0435\u043b\u0435\u0432\u0430\u044f \u0442\u0443\u0448\u044c \u0434\u043b\u044f \u0440\u0435\u0441\u043d\u0438\u0446 KIKO Milano \u0441 \u0443\u0434\u043b\u0438\u043d\u044f\u044e\u0449\u0438\u043c \u044d\u0444\u0444\u0435\u043a\u0442\u043e\u043c<\/p>\n<\/div>\n<ul>\n<li>\u0438\u0434\u0435\u0430\u043b\u044c\u043d\u043e \u043f\u043e\u0434\u0445\u043e\u0434\u0438\u0442 \u0434\u043b\u044f \u0437\u0430\u0449\u0438\u0442\u0430 \u0438 \u0443\u043a\u0440\u0435\u043f\u043b\u0435\u043d\u0438\u0435 \u0440\u0435\u0441\u043d\u0438\u0446, \u0443\u0434\u043b\u0438\u043d\u044f\u0435\u0442 \u0440\u0435\u0441\u043d\u0438\u0446\u044b;<\/li>\n<li>\u0435\u0435 \u0431\u0435\u0441\u0446\u0432\u0435\u0442\u043d\u0430\u044f, \u043c\u044f\u0433\u043a\u0430\u044f \u0438 \u043e\u0431\u0432\u043e\u043b\u0430\u043a\u0438\u0432\u0430\u044e\u0449\u0430\u044f \u0442\u0435\u043a\u0441\u0442\u0443\u0440\u0430 \u043f\u043e\u043a\u0440\u044b\u0432\u0430\u0435\u0442 \u0440\u0435\u0441\u043d\u0438\u0446\u044b, \u043d\u0435 \u0443\u0442\u044f\u0436\u0435\u043b\u044f\u044f \u0438 \u043d\u0435 \u0441\u043a\u043b\u0435\u0438\u0432\u0430\u044f \u0438\u0445;<\/li>\n<li>\u0432\u0441\u0435\u0433\u043e \u0447\u0435\u0440\u0435\u0437 4 \u043d\u0435\u0434\u0435\u043b\u0438 \u0440\u0435\u0433\u0443\u043b\u044f\u0440\u043d\u043e\u0433\u043e \u043f\u0440\u0438\u043c\u0435\u043d\u0435\u043d\u0438\u044f \u043f\u0440\u043e\u0434\u0443\u043a\u0442\u0430 \u0440\u0435\u0441\u043d\u0438\u0446\u044b \u043f\u0440\u0438\u043e\u0431\u0440\u0435\u0442\u0430\u044e\u0442 \u0434\u043b\u0438\u043d\u0443.<\/li>\n<\/ul>\n<p><strong>\u0414\u0435\u0439\u0441\u0442\u0432\u0443\u044e\u0449\u0438\u0435 \u0432\u0435\u0449\u0435\u0441\u0442\u0432\u0430:<\/strong><\/p>\n<ul>\n<li><em>Hydrolyzed Keratin (\u0433\u0438\u0434\u0440\u043e\u043b\u0438\u0437\u043e\u0432\u0430\u043d\u043d\u044b\u0439 <\/em><em><strong>\u043a\u0435\u0440\u0430\u0442\u0438\u043d<\/strong><\/em><em>) \u2013 \u0431\u0435\u043b\u043e\u043a, \u043a\u043e\u0442\u043e\u0440\u044b\u0439 \u0443\u043a\u0440\u0435\u043f\u043b\u044f\u0435\u0442 \u0438 \u0437\u0430\u0449\u0438\u0449\u0430\u0435\u0442 \u0440\u0435\u0441\u043d\u0438\u0446\u044b.<\/em><\/li>\n<li><em>Laminaria Digitata Extract (\u044d\u043a\u0441\u0442\u0440\u0430\u043a\u0442 <\/em><em><strong>\u043b\u0430\u043c\u0438\u043d\u0430\u0440\u0438\u0438<\/strong><\/em><em>) \u0438 Pelvetia Canaliculata Extract (\u044d\u043a\u0441\u0442\u0440\u0430\u043a\u0442 <\/em><em><strong>\u043f\u0435\u043b\u044c\u0432\u0435\u0442\u0438\u0438<\/strong><\/em><em>) \u2013 \u044d\u043a\u0441\u0442\u0440\u0430\u043a\u0442\u044b <\/em><em><strong>\u0432\u043e\u0434\u043e\u0440\u043e\u0441\u043b\u0435\u0439<\/strong><\/em><em>, \u0431\u043e\u0433\u0430\u0442\u044b\u0435 \u043f\u0438\u0442\u0430\u0442\u0435\u043b\u044c\u043d\u044b\u043c\u0438 \u0432\u0435\u0449\u0435\u0441\u0442\u0432\u0430\u043c\u0438, \u043a\u043e\u0442\u043e\u0440\u044b\u0435 \u043f\u0438\u0442\u0430\u044e\u0442 \u0438 \u043f\u043e\u0434\u0434\u0435\u0440\u0436\u0438\u0432\u0430\u044e\u0442 \u0437\u0434\u043e\u0440\u043e\u0432\u044c\u0435 \u0440\u0435\u0441\u043d\u0438\u0446.<\/em><\/li>\n<li><em>Biotinoyl Tripeptide-1 (\u0431\u0438\u043e\u0442\u0438\u043d\u043e\u0438\u043b \u0442\u0440\u0438\u043f\u0435\u043f\u0442\u0438\u0434-1) \u2013 <\/em><em><strong>\u043f\u0435\u043f\u0442\u0438\u0434<\/strong><\/em><em>, \u043a\u043e\u0442\u043e\u0440\u044b\u0439 \u0441\u043f\u043e\u0441\u043e\u0431\u0441\u0442\u0432\u0443\u0435\u0442 \u0440\u043e\u0441\u0442\u0443 \u0440\u0435\u0441\u043d\u0438\u0446 \u0438 \u0443\u043a\u0440\u0435\u043f\u043b\u044f\u0442 \u0438\u0445.<\/em><\/li>\n<\/ul>\n<div class=\"woocommerce-product-details__short-description\">\n<p>\ud83c\uddfa\ud83c\uddf8 KIKO Milano New 30 Days Extension \u2013 Night Treatment Booster Mascara<\/p>\n<p>Night treatment gel mascara with a lengthening effect<\/p>\n<ul>\n<li>ideal for protecting and enhancing the lashes with an extraordinary lengthening cosmetic treatment;<\/li>\n<li>its colourless, soft and enveloping texture coats your lashes without hardening them or causing them to stick together;<\/li>\n<li>after just 4 weeks of regular application of the product, lashes gain length.<\/li>\n<\/ul>\n<\/div>\n<\/div>\n<\/div>\n","protected":false},"featured_media":18473,"template":"","meta":{"jetpack_publicize_message":"","jetpack_publicize_feature_enabled":true,"jetpack_social_post_already_shared":false,"jetpack_social_options":{"image_generator_settings":{"template":"highway","default_image_id":0,"font":"","enabled":false},"version":2}},"product_brand":[],"product_cat":[340,964,968,983,982],"product_tag":[],"class_list":{"0":"post-20640","1":"product","2":"type-product","3":"status-publish","4":"has-post-thumbnail","6":"product_cat-kiko-milano","7":"product_cat-face-care","8":"product_cat-lash-and-brow-serums","9":"product_cat-mascara","10":"product_cat-eyes","11":"pa_varv-01-blonde","12":"pa_varv-02-brown","13":"pa_varv-03-brunette","15":"first","16":"outofstock","17":"shipping-taxable","18":"purchasable","19":"product-type-simple"},"jetpack_publicize_connections":[],"jetpack_sharing_enabled":true,"jetpack_likes_enabled":true,"_links":{"self":[{"href":"https:\/\/superstore.ee\/index.php\/wp-json\/wp\/v2\/product\/20640","targetHints":{"allow":["GET"]}}],"collection":[{"href":"https:\/\/superstore.ee\/index.php\/wp-json\/wp\/v2\/product"}],"about":[{"href":"https:\/\/superstore.ee\/index.php\/wp-json\/wp\/v2\/types\/product"}],"wp:featuredmedia":[{"embeddable":true,"href":"https:\/\/superstore.ee\/index.php\/wp-json\/wp\/v2\/media\/18473"}],"wp:attachment":[{"href":"https:\/\/superstore.ee\/index.php\/wp-json\/wp\/v2\/media?parent=20640"}],"wp:term":[{"taxonomy":"product_brand","embeddable":true,"href":"https:\/\/superstore.ee\/index.php\/wp-json\/wp\/v2\/product_brand?post=20640"},{"taxonomy":"product_cat","embeddable":true,"href":"https:\/\/superstore.ee\/index.php\/wp-json\/wp\/v2\/product_cat?post=20640"},{"taxonomy":"product_tag","embeddable":true,"href":"https:\/\/superstore.ee\/index.php\/wp-json\/wp\/v2\/product_tag?post=20640"}],"curies":[{"name":"wp","href":"https:\/\/api.w.org\/{rel}","templated":true}]}}