{"id":20762,"date":"2024-12-13T01:42:26","date_gmt":"2024-12-12T23:42:26","guid":{"rendered":"https:\/\/superstore.ee\/?post_type=product&#038;p=20762"},"modified":"2025-04-12T16:04:38","modified_gmt":"2025-04-12T13:04:38","slug":"kiko-milano-smart-hydrashot-cream-niisutav-ja-varskendav-naokreem","status":"publish","type":"product","link":"https:\/\/superstore.ee\/index.php\/toode\/kiko-milano-smart-hydrashot-cream-niisutav-ja-varskendav-naokreem\/","title":{"rendered":"KIKO Milano Smart Hydrashot Cream &#8211; Niisutav ja v\u00e4rskendav N\u00e4okreem"},"content":{"rendered":"","protected":false},"excerpt":{"rendered":"<p>\ud83c\uddea\ud83c\uddea KIKO Milano Niisutav ja v\u00e4rskendav n\u00e4okreem Smart Hydrashot Cream (50ml)<\/p>\n<p>\ud83d\udca7 Peamised omadused ja aktiivsed koostisosad:<\/p>\n<ul>\n<li>Intensiivne niisutus: H\u00fcaluroonhape tagab s\u00fcgava niisutuse, aitab hoida naha niiskustasakaalu ja muudab selle siledaks ning elastseks.<\/li>\n<li>V\u00e4rskendav toime: Aaloe rahustab nahka koheselt, annab v\u00e4rske tunde ja v\u00e4hendab v\u00e4simuse m\u00e4rke.<\/li>\n<li>Antioks\u00fcdantne kaitse: E-vitamiin kaitseb nahka kahjulike keskkonnam\u00f5jude eest ning parandab naha tekstuuri ja elastsust.<\/li>\n<li>Uuendav ja v\u00e4rskendav efekt: Kreemi koostis v\u00e4rskendab nahka ja loob ideaalse aluse meigiks.<\/li>\n<li>2-\u00fches hooldus: Sobib nii p\u00e4eva- kui ka \u00f6\u00f6kreemiks, pakkudes mugavust ja lihtsust igap\u00e4evases nahahoolduses.<\/li>\n<\/ul>\n<p>Kerge ja mitterasvane tekstuur imendub kiiresti, j\u00e4ttes naha pehmeks, niisutatuks ja s\u00e4ravaks. Sobib k\u00f5igile nahat\u00fc\u00fcpidele. Mitteretogeenne.<\/p>\n<p>\ud83c\uddf7\ud83c\uddfa \u0423\u0432\u043b\u0430\u0436\u043d\u044f\u044e\u0449\u0438\u0439 \u0438 \u043e\u0441\u0432\u0435\u0436\u0430\u044e\u0449\u0438\u0439 \u043a\u0440\u0435\u043c \u0434\u043b\u044f \u043b\u0438\u0446\u0430 Smart Hydrashot Cream (50ml)<\/p>\n<p>\ud83d\udca7 \u041e\u0441\u043d\u043e\u0432\u043d\u044b\u0435 \u043f\u0440\u0435\u0438\u043c\u0443\u0449\u0435\u0441\u0442\u0432\u0430 \u0438 \u0430\u043a\u0442\u0438\u0432\u043d\u044b\u0435 \u0438\u043d\u0433\u0440\u0435\u0434\u0438\u0435\u043d\u0442\u044b:<\/p>\n<ul>\n<li>\u0418\u043d\u0442\u0435\u043d\u0441\u0438\u0432\u043d\u043e\u0435 \u0443\u0432\u043b\u0430\u0436\u043d\u0435\u043d\u0438\u0435: \u0413\u0438\u0430\u043b\u0443\u0440\u043e\u043d\u043e\u0432\u0430\u044f \u043a\u0438\u0441\u043b\u043e\u0442\u0430 \u0433\u043b\u0443\u0431\u043e\u043a\u043e \u0443\u0432\u043b\u0430\u0436\u043d\u044f\u0435\u0442 \u043a\u043e\u0436\u0443, \u043f\u043e\u043c\u043e\u0433\u0430\u0435\u0442 \u0441\u043e\u0445\u0440\u0430\u043d\u0438\u0442\u044c \u0432\u043b\u0430\u0433\u0443 \u0438 \u0434\u0435\u043b\u0430\u0435\u0442 \u0435\u0451 \u0433\u043b\u0430\u0434\u043a\u043e\u0439 \u0438 \u044d\u043b\u0430\u0441\u0442\u0438\u0447\u043d\u043e\u0439.<\/li>\n<li>\u041e\u0441\u0432\u0435\u0436\u0430\u044e\u0449\u0438\u0439 \u044d\u0444\u0444\u0435\u043a\u0442: \u0410\u043b\u043e\u044d \u0432\u0435\u0440\u0430 \u043c\u0433\u043d\u043e\u0432\u0435\u043d\u043d\u043e \u0443\u0441\u043f\u043e\u043a\u0430\u0438\u0432\u0430\u0435\u0442 \u043a\u043e\u0436\u0443, \u043f\u0440\u0438\u0434\u0430\u0451\u0442 \u043e\u0449\u0443\u0449\u0435\u043d\u0438\u0435 \u0441\u0432\u0435\u0436\u0435\u0441\u0442\u0438 \u0438 \u0443\u043c\u0435\u043d\u044c\u0448\u0430\u0435\u0442 \u043f\u0440\u0438\u0437\u043d\u0430\u043a\u0438 \u0443\u0441\u0442\u0430\u043b\u043e\u0441\u0442\u0438.<\/li>\n<li>\u0410\u043d\u0442\u0438\u043e\u043a\u0441\u0438\u0434\u0430\u043d\u0442\u043d\u0430\u044f \u0437\u0430\u0449\u0438\u0442\u0430: \u0422\u043e\u043a\u043e\u0444\u0435\u0440\u043e\u043b (\u0432\u0438\u0442\u0430\u043c\u0438\u043d \u0415) \u0437\u0430\u0449\u0438\u0449\u0430\u0435\u0442 \u043a\u043e\u0436\u0443 \u043e\u0442 \u043d\u0435\u0433\u0430\u0442\u0438\u0432\u043d\u043e\u0433\u043e \u0432\u043e\u0437\u0434\u0435\u0439\u0441\u0442\u0432\u0438\u044f \u043e\u043a\u0440\u0443\u0436\u0430\u044e\u0449\u0435\u0439 \u0441\u0440\u0435\u0434\u044b, \u0443\u043b\u0443\u0447\u0448\u0430\u044f \u0435\u0451 \u0442\u0435\u043a\u0441\u0442\u0443\u0440\u0443 \u0438 \u0443\u043f\u0440\u0443\u0433\u043e\u0441\u0442\u044c.<\/li>\n<li>\u0424\u043e\u0440\u043c\u0443\u043b\u0430 \u043e\u0431\u043d\u043e\u0432\u043b\u044f\u0435\u0442 \u0438 \u043e\u0441\u0432\u0435\u0436\u0430\u0435\u0442 \u043a\u043e\u0436\u0443, \u0441\u043e\u0437\u0434\u0430\u0432\u0430\u044f \u0438\u0434\u0435\u0430\u043b\u044c\u043d\u0443\u044e \u0431\u0430\u0437\u0443 \u0434\u043b\u044f \u043c\u0430\u043a\u0438\u044f\u0436\u0430.<\/li>\n<li>2 \u0432 1: \u0423\u043d\u0438\u0432\u0435\u0440\u0441\u0430\u043b\u044c\u043d\u044b\u0439 \u043a\u0440\u0435\u043c \u043f\u043e\u0434\u0445\u043e\u0434\u0438\u0442 \u0434\u043b\u044f \u0438\u0441\u043f\u043e\u043b\u044c\u0437\u043e\u0432\u0430\u043d\u0438\u044f \u0434\u043d\u0451\u043c \u0438 \u043d\u043e\u0447\u044c\u044e, \u0443\u043f\u0440\u043e\u0449\u0430\u044f \u0443\u0445\u043e\u0434 \u0437\u0430 \u043a\u043e\u0436\u0435\u0439.<\/li>\n<\/ul>\n<p>\u041b\u0451\u0433\u043a\u0430\u044f, \u043d\u0435\u0436\u0438\u0440\u043d\u0430\u044f \u0442\u0435\u043a\u0441\u0442\u0443\u0440\u0430 \u0431\u044b\u0441\u0442\u0440\u043e \u0432\u043f\u0438\u0442\u044b\u0432\u0430\u0435\u0442\u0441\u044f, \u043e\u0441\u0442\u0430\u0432\u043b\u044f\u044f \u043a\u043e\u0436\u0443 \u043c\u044f\u0433\u043a\u043e\u0439, \u0443\u0432\u043b\u0430\u0436\u043d\u0451\u043d\u043d\u043e\u0439 \u0438 \u0441\u0438\u044f\u044e\u0449\u0435\u0439. \u041a\u0440\u0435\u043c \u043d\u0435 \u0437\u0430\u0431\u0438\u0432\u0430\u0435\u0442 \u043f\u043e\u0440\u044b \u0438 \u0438\u0434\u0435\u0430\u043b\u044c\u043d\u043e \u043f\u043e\u0434\u0445\u043e\u0434\u0438\u0442 \u0434\u043b\u044f \u0432\u0441\u0435\u0445 \u0442\u0438\u043f\u043e\u0432 \u043a\u043e\u0436\u0438. \u041d\u0435\u043a\u043e\u043c\u0435\u0434\u043e\u0433\u0435\u043d\u043d\u043e.<\/p>\n<p>\ud83c\uddfa\ud83c\uddf8 KIKO Milano Smart Hydrashot Cream \u2013 Rapid \u0440ydration face cream<\/p>\n<p>\ud83d\udca7 Key Features and Active Ingredients:<\/p>\n<ul>\n<li>Intense Hydration: Hyaluronic acid provides deep hydration, helps retain moisture, and leaves the skin smooth and elastic.<\/li>\n<li>Refreshing Effect: Aloe vera instantly soothes the skin, gives a fresh feeling, and reduces signs of fatigue.<\/li>\n<li>Antioxidant Protection: Vitamin E shields the skin from harmful environmental factors, improving its texture and elasticity.<\/li>\n<li>Renewing and Refreshing Formula: The cream revitalises the skin and creates the perfect base for makeup.<\/li>\n<li>2-in-1 Care: Suitable as both a day and night cream, simplifying your daily skincare routine.<\/li>\n<\/ul>\n<p>The lightweight, non-greasy texture absorbs quickly, leaving the skin soft, hydrated, and radiant. Suitable for all skin types. Non-comedogenic.<\/p>\n","protected":false},"featured_media":20766,"template":"","meta":{"jetpack_publicize_message":"","jetpack_publicize_feature_enabled":true,"jetpack_social_post_already_shared":false,"jetpack_social_options":{"image_generator_settings":{"template":"highway","default_image_id":0,"font":"","enabled":false},"version":2}},"product_brand":[],"product_cat":[340,967,912,964],"product_tag":[],"class_list":{"0":"post-20762","1":"product","2":"type-product","3":"status-publish","4":"has-post-thumbnail","6":"product_cat-kiko-milano","7":"product_cat-creams-and-serums","8":"product_cat-nahahooldus","9":"product_cat-face-care","10":"pa_varv-402","11":"pa_varv-403","13":"first","14":"outofstock","15":"shipping-taxable","16":"purchasable","17":"product-type-simple"},"jetpack_publicize_connections":[],"jetpack_sharing_enabled":true,"jetpack_likes_enabled":true,"_links":{"self":[{"href":"https:\/\/superstore.ee\/index.php\/wp-json\/wp\/v2\/product\/20762","targetHints":{"allow":["GET"]}}],"collection":[{"href":"https:\/\/superstore.ee\/index.php\/wp-json\/wp\/v2\/product"}],"about":[{"href":"https:\/\/superstore.ee\/index.php\/wp-json\/wp\/v2\/types\/product"}],"wp:featuredmedia":[{"embeddable":true,"href":"https:\/\/superstore.ee\/index.php\/wp-json\/wp\/v2\/media\/20766"}],"wp:attachment":[{"href":"https:\/\/superstore.ee\/index.php\/wp-json\/wp\/v2\/media?parent=20762"}],"wp:term":[{"taxonomy":"product_brand","embeddable":true,"href":"https:\/\/superstore.ee\/index.php\/wp-json\/wp\/v2\/product_brand?post=20762"},{"taxonomy":"product_cat","embeddable":true,"href":"https:\/\/superstore.ee\/index.php\/wp-json\/wp\/v2\/product_cat?post=20762"},{"taxonomy":"product_tag","embeddable":true,"href":"https:\/\/superstore.ee\/index.php\/wp-json\/wp\/v2\/product_tag?post=20762"}],"curies":[{"name":"wp","href":"https:\/\/api.w.org\/{rel}","templated":true}]}}