{"id":20770,"date":"2024-12-13T02:04:24","date_gmt":"2024-12-13T00:04:24","guid":{"rendered":"https:\/\/superstore.ee\/?post_type=product&#038;p=20770"},"modified":"2026-01-31T17:45:46","modified_gmt":"2026-01-31T15:45:46","slug":"kiko-milano-moisturizing-jelly-mask-geelmask-kaktuse-ja-aaloe-ekstraktidega","status":"publish","type":"product","link":"https:\/\/superstore.ee\/index.php\/toode\/kiko-milano-moisturizing-jelly-mask-geelmask-kaktuse-ja-aaloe-ekstraktidega\/","title":{"rendered":"KIKO Milano Moisturizing Jelly Mask &#8211; Geelmask kaktuse ja aaloe ekstraktidega"},"content":{"rendered":"","protected":false},"excerpt":{"rendered":"<p>\ud83c\uddea\ud83c\uddea KIKO Milano Moisturizing Jelly Mask (50 ml) Niisutav ja rahustav geelmask kaktuse ja aaloe ekstraktidega<\/p>\n<p>T\u00e4iuslik valik naha toitmiseks ja niisutamiseks, muutes selle pehmeks ja s\u00e4ravaks.<\/p>\n<p>\u2728 Miks valida see mask:<\/p>\n<ul>\n<li>Unikaalne koostis: Sisaldab kaktuse (opuntia) ja aaloe ekstrakte, mis s\u00fcgavalt niisutavad, rahustavad ja taastavad nahka.<\/li>\n<li>Antioks\u00fcdantne kaitse: E-vitamiin (tokoferool) kaitseb nahka keskkonnam\u00f5jude eest ja aitab s\u00e4ilitada selle tervet v\u00e4limust.<\/li>\n<li>\u00d5rn tekstuur: Kerge, meeldiva l\u00f5hnaga geeljas tekstuur, mis on nahal mugav ja v\u00e4rskendav.<\/li>\n<li>Kiire efekt: Annab kohese v\u00e4rskuse ja l\u00f5\u00f5gastuse tunde kohe p\u00e4rast pealekandmist.<\/li>\n<\/ul>\n<p>\u2728 Tulemus: Nahk muutub kohe p\u00e4rast esimest kasutamist pehmeks, niisutatuks ja s\u00e4ravaks. Mask sobib suurep\u00e4raselt naha ettevalmistamiseks enne olulisi s\u00fcndmusi v\u00f5i l\u00f5\u00f5gastumiseks p\u00e4rast pikka p\u00e4eva.<\/p>\n<p>\ud83d\udca1 Kasutamine:<\/p>\n<ol>\n<li>Kandke mask puhtale nahale, v\u00e4ltides silma- ja huule\u00fcmbrust.<\/li>\n<li>Laske toimida 10\u201315 minutit.<\/li>\n<li>Eemaldage j\u00e4\u00e4gid vatipadjaga ja loputage veega.<\/li>\n<\/ol>\n<p>\ud83c\uddf7\ud83c\uddfa \u041c\u0430\u0441\u043a\u0430 \u0434\u043b\u044f \u043b\u0438\u0446\u0430 KIKO Milano Moisturizing Jelly Mask (50 \u043c\u043b). \u0423\u0441\u043f\u043e\u043a\u0430\u0438\u0432\u0430\u044e\u0449\u0430\u044f \u0433\u0435\u043b\u0435\u0432\u0430\u044f \u043c\u0430\u0441\u043a\u0430 \u0441 \u044d\u043a\u0441\u0442\u0440\u0430\u043a\u0442\u0430\u043c\u0438 \u043a\u0430\u043a\u0442\u0443\u0441\u0430 \u0438 \u0430\u043b\u043e\u044d.<\/p>\n<p>\u0418\u0434\u0435\u0430\u043b\u044c\u043d\u043e\u0435 \u0441\u0440\u0435\u0434\u0441\u0442\u0432\u043e \u0434\u043b\u044f \u043f\u0438\u0442\u0430\u043d\u0438\u044f \u0438 \u0443\u0432\u043b\u0430\u0436\u043d\u0435\u043d\u0438\u044f \u043a\u043e\u0436\u0438, \u0434\u0435\u043b\u0430\u0435\u0442 \u0435\u0451 \u043c\u044f\u0433\u043a\u043e\u0439 \u0438 \u0441\u0438\u044f\u044e\u0449\u0435\u0439.<\/p>\n<p>\u2728 \u041f\u043e\u0447\u0435\u043c\u0443 \u0441\u0442\u043e\u0438\u0442 \u043f\u043e\u043f\u0440\u043e\u0431\u043e\u0432\u0430\u0442\u044c:<\/p>\n<ul>\n<li>\u0423\u043d\u0438\u043a\u0430\u043b\u044c\u043d\u044b\u0439 \u0441\u043e\u0441\u0442\u0430\u0432: \u0424\u043e\u0440\u043c\u0443\u043b\u0430 \u043e\u0431\u043e\u0433\u0430\u0449\u0435\u043d\u0430 \u044d\u043a\u0441\u0442\u0440\u0430\u043a\u0442\u0430\u043c\u0438 \u043e\u043f\u0443\u043d\u0446\u0438\u0438 (\u043a\u0430\u043a\u0442\u0443\u0441\u0430) \u0438 \u0430\u043b\u043e\u044d, \u043a\u043e\u0442\u043e\u0440\u044b\u0435 \u0438\u043d\u0442\u0435\u043d\u0441\u0438\u0432\u043d\u043e \u0443\u0432\u043b\u0430\u0436\u043d\u044f\u044e\u0442, \u0443\u0441\u043f\u043e\u043a\u0430\u0438\u0432\u0430\u044e\u0442 \u0438 \u0432\u043e\u0441\u0441\u0442\u0430\u043d\u0430\u0432\u043b\u0438\u0432\u0430\u044e\u0442 \u043a\u043e\u0436\u0443.<\/li>\n<li>\u0410\u043d\u0442\u0438\u043e\u043a\u0441\u0438\u0434\u0430\u043d\u0442\u043d\u0430\u044f \u0437\u0430\u0449\u0438\u0442\u0430: \u0412\u0438\u0442\u0430\u043c\u0438\u043d \u0415 (\u0442\u043e\u043a\u043e\u0444\u0435\u0440\u043e\u043b) \u043f\u043e\u043c\u043e\u0433\u0430\u0435\u0442 \u0437\u0430\u0449\u0438\u0442\u0438\u0442\u044c \u043a\u043e\u0436\u0443 \u043e\u0442 \u043d\u0435\u0433\u0430\u0442\u0438\u0432\u043d\u043e\u0433\u043e \u0432\u043e\u0437\u0434\u0435\u0439\u0441\u0442\u0432\u0438\u044f \u043e\u043a\u0440\u0443\u0436\u0430\u044e\u0449\u0435\u0439 \u0441\u0440\u0435\u0434\u044b.<\/li>\n<li>\u041b\u0451\u0433\u043a\u0430\u044f \u0442\u0435\u043a\u0441\u0442\u0443\u0440\u0430: \u0410\u0440\u043e\u043c\u0430\u0442\u043d\u0430\u044f, \u043d\u0435\u0436\u043d\u0430\u044f \u0433\u0435\u043b\u0435\u0432\u0430\u044f \u0442\u0435\u043a\u0441\u0442\u0443\u0440\u0430 \u043f\u0440\u0438\u044f\u0442\u043d\u043e \u043b\u043e\u0436\u0438\u0442\u0441\u044f \u043d\u0430 \u043a\u043e\u0436\u0443 \u0438 \u0434\u0430\u0440\u0438\u0442 \u043a\u043e\u043c\u0444\u043e\u0440\u0442.<\/li>\n<li>\u041c\u0433\u043d\u043e\u0432\u0435\u043d\u043d\u044b\u0439 \u044d\u0444\u0444\u0435\u043a\u0442: \u041e\u0431\u0435\u0441\u043f\u0435\u0447\u0438\u0432\u0430\u0435\u0442 \u043e\u0449\u0443\u0449\u0435\u043d\u0438\u0435 \u0441\u0432\u0435\u0436\u0435\u0441\u0442\u0438 \u0438 \u0440\u0430\u0441\u0441\u043b\u0430\u0431\u043b\u0435\u043d\u0438\u044f \u0441\u0440\u0430\u0437\u0443 \u043f\u043e\u0441\u043b\u0435 \u043d\u0430\u043d\u0435\u0441\u0435\u043d\u0438\u044f.<\/li>\n<\/ul>\n<p>\u0420\u0435\u0437\u0443\u043b\u044c\u0442\u0430\u0442: \u041f\u043e\u0441\u043b\u0435 \u043e\u0434\u043d\u043e\u0433\u043e \u043f\u0440\u0438\u043c\u0435\u043d\u0435\u043d\u0438\u044f \u043a\u043e\u0436\u0430 \u0441\u0442\u0430\u043d\u043e\u0432\u0438\u0442\u0441\u044f \u043c\u044f\u0433\u043a\u043e\u0439, \u0443\u0432\u043b\u0430\u0436\u043d\u0451\u043d\u043d\u043e\u0439 \u0438 \u0441\u0438\u044f\u044e\u0449\u0435\u0439. \u041c\u0430\u0441\u043a\u0430 \u0438\u0434\u0435\u0430\u043b\u044c\u043d\u043e \u043f\u043e\u0434\u0445\u043e\u0434\u0438\u0442 \u043a\u0430\u043a \u0434\u043b\u044f \u043f\u043e\u0434\u0433\u043e\u0442\u043e\u0432\u043a\u0438 \u043a\u043e\u0436\u0438 \u043f\u0435\u0440\u0435\u0434 \u0432\u0430\u0436\u043d\u044b\u043c \u0441\u043e\u0431\u044b\u0442\u0438\u0435\u043c, \u0442\u0430\u043a \u0438 \u0434\u043b\u044f \u0440\u0430\u0441\u0441\u043b\u0430\u0431\u043b\u0435\u043d\u0438\u044f \u043f\u043e\u0441\u043b\u0435 \u043d\u0430\u043f\u0440\u044f\u0436\u0451\u043d\u043d\u043e\u0433\u043e \u0434\u043d\u044f \u0438\u043b\u0438 \u043d\u043e\u0447\u0438.<\/p>\n<p>\ud83d\udca1 \u041a\u0430\u043a \u0438\u0441\u043f\u043e\u043b\u044c\u0437\u043e\u0432\u0430\u0442\u044c:<\/p>\n<ol>\n<li>\u041d\u0430\u043d\u0435\u0441\u0438\u0442\u0435 \u043c\u0430\u0441\u043a\u0443 \u043d\u0430 \u043e\u0447\u0438\u0449\u0435\u043d\u043d\u0443\u044e \u043a\u043e\u0436\u0443, \u0438\u0437\u0431\u0435\u0433\u0430\u044f \u043e\u0431\u043b\u0430\u0441\u0442\u0438 \u0432\u043e\u043a\u0440\u0443\u0433 \u0433\u043b\u0430\u0437 \u0438 \u0433\u0443\u0431.<\/li>\n<li>\u041e\u0441\u0442\u0430\u0432\u044c\u0442\u0435 \u043d\u0430 10-15 \u043c\u0438\u043d\u0443\u0442.<\/li>\n<li>\u0423\u0434\u0430\u043b\u0438\u0442\u0435 \u043e\u0441\u0442\u0430\u0442\u043a\u0438 \u0441 \u043f\u043e\u043c\u043e\u0449\u044c\u044e \u0432\u0430\u0442\u043d\u043e\u0433\u043e \u0434\u0438\u0441\u043a\u0430 \u0438 \u0441\u043c\u043e\u0439\u0442\u0435 \u0432\u043e\u0434\u043e\u0439.<\/li>\n<\/ol>\n<p>\ud83c\uddfa\ud83c\uddf8 KIKO Milano Moisturizing Jelly Mask (50ml). Soothing gel face mask with prickly pear and aloe.<\/p>\n<p>The perfect choice for nourishing and hydrating the skin, leaving it soft and radiant.<\/p>\n<p>\u2728 Why choose this mask:<\/p>\n<ul>\n<li>Unique formula: Enriched with prickly pear and aloe extracts, it deeply hydrates, soothes, and revitalises the skin.<\/li>\n<li>Antioxidant protection: Vitamin E (tocopherol) shields the skin from environmental damage, maintaining a healthy look.<\/li>\n<li>Light texture: A gentle, delicately scented gel texture that feels refreshing and comfortable on the skin.<\/li>\n<li>Instant effect: Provides an immediate feeling of freshness and relaxation after application.<\/li>\n<\/ul>\n<p>Results: Skin feels soft, hydrated, and radiant after just one use. This mask is ideal for prepping your skin before important events or relaxing after a long day.<\/p>\n<p>\ud83d\udca1 How to use:<\/p>\n<ol>\n<li>Apply the mask to clean skin, avoiding the eye and lip areas.<\/li>\n<li>Leave it on for 10\u201315 minutes.<\/li>\n<li>Remove any excess with a cotton pad and rinse with water.<\/li>\n<\/ol>\n","protected":false},"featured_media":20778,"template":"","meta":{"jetpack_publicize_message":"","jetpack_publicize_feature_enabled":true,"jetpack_social_post_already_shared":false,"jetpack_social_options":{"image_generator_settings":{"template":"highway","default_image_id":0,"font":"","enabled":false},"version":2}},"product_brand":[],"product_cat":[340,966,912,964],"product_tag":[],"class_list":{"0":"post-20770","1":"product","2":"type-product","3":"status-publish","4":"has-post-thumbnail","6":"product_cat-kiko-milano","7":"product_cat-masks","8":"product_cat-nahahooldus","9":"product_cat-face-care","10":"pa_varv-402","11":"pa_varv-403","13":"first","14":"outofstock","15":"sale","16":"shipping-taxable","17":"purchasable","18":"product-type-simple"},"jetpack_publicize_connections":[],"jetpack_sharing_enabled":true,"jetpack_likes_enabled":true,"_links":{"self":[{"href":"https:\/\/superstore.ee\/index.php\/wp-json\/wp\/v2\/product\/20770","targetHints":{"allow":["GET"]}}],"collection":[{"href":"https:\/\/superstore.ee\/index.php\/wp-json\/wp\/v2\/product"}],"about":[{"href":"https:\/\/superstore.ee\/index.php\/wp-json\/wp\/v2\/types\/product"}],"wp:featuredmedia":[{"embeddable":true,"href":"https:\/\/superstore.ee\/index.php\/wp-json\/wp\/v2\/media\/20778"}],"wp:attachment":[{"href":"https:\/\/superstore.ee\/index.php\/wp-json\/wp\/v2\/media?parent=20770"}],"wp:term":[{"taxonomy":"product_brand","embeddable":true,"href":"https:\/\/superstore.ee\/index.php\/wp-json\/wp\/v2\/product_brand?post=20770"},{"taxonomy":"product_cat","embeddable":true,"href":"https:\/\/superstore.ee\/index.php\/wp-json\/wp\/v2\/product_cat?post=20770"},{"taxonomy":"product_tag","embeddable":true,"href":"https:\/\/superstore.ee\/index.php\/wp-json\/wp\/v2\/product_tag?post=20770"}],"curies":[{"name":"wp","href":"https:\/\/api.w.org\/{rel}","templated":true}]}}