{"id":20838,"date":"2024-12-14T14:47:57","date_gmt":"2024-12-14T12:47:57","guid":{"rendered":"https:\/\/superstore.ee\/?post_type=product&#038;p=20838"},"modified":"2025-08-01T22:02:58","modified_gmt":"2025-08-01T19:02:58","slug":"christmas-gift-wrap-joulupakend","status":"publish","type":"product","link":"https:\/\/superstore.ee\/index.php\/toode\/christmas-gift-wrap-joulupakend\/","title":{"rendered":"Christmas Gift Wrap \ud83c\udf84 (J\u00f5ulupakend)"},"content":{"rendered":"","protected":false},"excerpt":{"rendered":"<p>\ud83c\uddea\ud83c\uddeaKas soovite oma kingitust veelgi erilisemaks muuta? Pakume stiilset j\u00f5ulupakendit, mis annab teie kingitusele erilise v\u00f5lu! Valige kingitused, mida soovite kinkida, ja meie hoolitseme nende kauni j\u00f5ulupakendi eest.<\/p>\n<p>Meie pakendid on kaunistatud erksa punase lindiga, pidulike kommi ja j\u00f5ulukardiga, et luua t\u00f5eline pidulik \u00f5hkkond. Pakendite suurused on erinevad \u2014 \u00fche huulepulkade kohta kuni suurematele toodetele, nagu Victoria&#8217;s Secret&#8217;i mistid ja kreemid.<\/p>\n<p>Lihtsalt valige oma kingitused ja m\u00e4rkige tellimuse kommentaarides, mida tuleb pakendada ja mida eraldi saata.<\/p>\n<p>\ud83c\udf81 Kui tellimus on alates 45 eurost, lisame kingitusele v\u00e4ikese \u00fcllatuse tasuta (midagi Kiko v\u00f5i VS kosmeetikast). Andke meile teada, kas soovite \u00fcllatuse panna kingipakendisse v\u00f5i j\u00e4tta see endale.<\/p>\n<p>\ud83c\udf81 Kui tellimus on alates 60 eurost, on kohaletoimetamine tasuta.<\/p>\n<p>\ud83c\uddf7\ud83c\uddfa \u0425\u043e\u0442\u0438\u0442\u0435 \u0441\u0434\u0435\u043b\u0430\u0442\u044c \u0432\u0430\u0448 \u043f\u043e\u0434\u0430\u0440\u043e\u043a \u0435\u0449\u0451 \u0431\u043e\u043b\u0435\u0435 \u043e\u0441\u043e\u0431\u0435\u043d\u043d\u044b\u043c? \u041c\u044b \u043f\u0440\u0435\u0434\u043b\u0430\u0433\u0430\u0435\u043c \u0441\u0442\u0438\u043b\u044c\u043d\u0443\u044e \u0440\u043e\u0436\u0434\u0435\u0441\u0442\u0432\u0435\u043d\u0441\u043a\u0443\u044e \u0443\u043f\u0430\u043a\u043e\u0432\u043a\u0443, \u043a\u043e\u0442\u043e\u0440\u0430\u044f \u043f\u0440\u0438\u0434\u0430\u0441\u0442 \u0432\u0430\u0448\u0435\u043c\u0443 \u043f\u043e\u0434\u0430\u0440\u043a\u0443 \u043e\u0441\u043e\u0431\u043e\u0435 \u043e\u0447\u0430\u0440\u043e\u0432\u0430\u043d\u0438\u0435! \u0412\u044b\u0431\u0438\u0440\u0430\u0439\u0442\u0435 \u0442\u043e\u0432\u0430\u0440\u044b \u0434\u043b\u044f \u043f\u043e\u0434\u0430\u0440\u043a\u0430, \u0430 \u043c\u044b \u043f\u043e\u0437\u0430\u0431\u043e\u0442\u0438\u043c\u0441\u044f \u043e \u043a\u0440\u0430\u0441\u0438\u0432\u043e\u0439 \u0443\u043f\u0430\u043a\u043e\u0432\u043a\u0435 \u0432 \u0440\u043e\u0436\u0434\u0435\u0441\u0442\u0432\u0435\u043d\u0441\u043a\u043e\u043c \u0441\u0442\u0438\u043b\u0435.<\/p>\n<p>\u041d\u0430\u0448\u0438 \u0443\u043f\u0430\u043a\u043e\u0432\u043a\u0438 \u043e\u0444\u043e\u0440\u043c\u043b\u0435\u043d\u044b \u044f\u0440\u043a\u043e\u0439 \u043a\u0440\u0430\u0441\u043d\u043e\u0439 \u043b\u0435\u043d\u0442\u043e\u0439, \u043f\u0440\u0430\u0437\u0434\u043d\u0438\u0447\u043d\u044b\u043c\u0438 \u043a\u043e\u043d\u0444\u0435\u0442\u043a\u0430\u043c\u0438 \u0438 \u0440\u043e\u0436\u0434\u0435\u0441\u0442\u0432\u0435\u043d\u0441\u043a\u043e\u0439 \u043e\u0442\u043a\u0440\u044b\u0442\u043a\u043e\u0439, \u0441\u043e\u0437\u0434\u0430\u0432\u0430\u044f \u0430\u0442\u043c\u043e\u0441\u0444\u0435\u0440\u0443 \u0432\u043e\u043b\u0448\u0435\u0431\u0441\u0442\u0432\u0430. \u0423 \u043d\u0430\u0441 \u0435\u0441\u0442\u044c \u0443\u043f\u0430\u043a\u043e\u0432\u043a\u0438 \u0440\u0430\u0437\u043b\u0438\u0447\u043d\u044b\u0445 \u0440\u0430\u0437\u043c\u0435\u0440\u043e\u0432 \u2014 \u043e\u0442 \u043e\u0434\u043d\u043e\u0439 \u043f\u043e\u043c\u0430\u0434\u044b \u0434\u043e \u043d\u0435\u0441\u043a\u043e\u043b\u044c\u043a\u0438\u0445 \u043a\u0440\u0443\u043f\u043d\u044b\u0445 \u0442\u043e\u0432\u0430\u0440\u043e\u0432, \u0442\u0430\u043a\u0438\u0445 \u043a\u0430\u043a \u043c\u0438\u0441\u0442\u044b \u0438 \u043a\u0440\u0435\u043c\u044b Victoria\u2019s Secret.<\/p>\n<p>\u041f\u0440\u043e\u0441\u0442\u043e \u0432\u044b\u0431\u0435\u0440\u0438\u0442\u0435 \u0442\u043e\u0432\u0430\u0440\u044b, \u043a\u043e\u0442\u043e\u0440\u044b\u0435 \u0445\u043e\u0442\u0438\u0442\u0435 \u043f\u043e\u0434\u0430\u0440\u0438\u0442\u044c, \u0438 \u0443\u043a\u0430\u0436\u0438\u0442\u0435 \u0432 \u043a\u043e\u043c\u043c\u0435\u043d\u0442\u0430\u0440\u0438\u044f\u0445 \u043f\u0440\u0438 \u043e\u0444\u043e\u0440\u043c\u043b\u0435\u043d\u0438\u0438 \u0437\u0430\u043a\u0430\u0437\u0430, \u0447\u0442\u043e \u043d\u0443\u0436\u043d\u043e \u0443\u043f\u0430\u043a\u043e\u0432\u0430\u0442\u044c, \u0430 \u0447\u0442\u043e \u043e\u0442\u043f\u0440\u0430\u0432\u0438\u0442\u044c \u043e\u0442\u0434\u0435\u043b\u044c\u043d\u043e.<\/p>\n<p>\ud83c\udf81 \u041f\u0440\u0438 \u0437\u0430\u043a\u0430\u0437\u0435 \u043d\u0430 \u0441\u0443\u043c\u043c\u0443 \u043e\u0442 45 \u0435\u0432\u0440\u043e \u043c\u044b \u0434\u043e\u0431\u0430\u0432\u0438\u043c \u043d\u0435\u0431\u043e\u043b\u044c\u0448\u043e\u0439 \u0441\u044e\u0440\u043f\u0440\u0438\u0437 \u043e\u0442 \u043d\u0430\u0441 \u0431\u0435\u0441\u043f\u043b\u0430\u0442\u043d\u043e (\u0447\u0442\u043e-\u0442\u043e \u0438\u0437 \u043a\u043e\u0441\u043c\u0435\u0442\u0438\u043a\u0438 Kiko \u0438\u043b\u0438 VS). \u0421\u043e\u043e\u0431\u0449\u0438\u0442\u0435 \u043d\u0430\u043c, \u0445\u043e\u0442\u0438\u0442\u0435 \u043b\u0438 \u043f\u043e\u043b\u043e\u0436\u0438\u0442\u044c \u0441\u044e\u0440\u043f\u0440\u0438\u0437 \u0432 \u043f\u043e\u0434\u0430\u0440\u043e\u0447\u043d\u0443\u044e \u043a\u043e\u0440\u043e\u0431\u043a\u0443 \u0438\u043b\u0438 \u043e\u0441\u0442\u0430\u0432\u0438\u0442\u044c \u0435\u0433\u043e \u0441\u0435\u0431\u0435.<\/p>\n<p>\ud83c\udf81 \u041f\u0440\u0438 \u0437\u0430\u043a\u0430\u0437\u0435 \u043e\u0442 60 \u0435\u0432\u0440\u043e \u0434\u043e\u0441\u0442\u0430\u0432\u043a\u0430 \u0431\u0435\u0441\u043f\u043b\u0430\u0442\u043d\u0430\u044f.<\/p>\n<p>\ud83c\uddfa\ud83c\uddf8 Want to make your gift even more special? We offer stylish Christmas packaging that adds a magical touch to your present! Simply choose the products you want to gift, and we&#8217;ll take care of the beautiful holiday wrapping.<\/p>\n<p>Our packages are decorated with a bright red ribbon, festive candies, and a Christmas card to create the perfect holiday atmosphere. We have packaging sizes for everything \u2014 from a single lipstick to larger items like Victoria&#8217;s Secret mists and creams.<\/p>\n<p>Just select your gifts and mention in the order comments what should be packaged and what should be sent separately.<\/p>\n<p>\ud83c\udf81 For orders over 45 euros, we&#8217;ll add a small surprise for free (something from Kiko or VS cosmetics). Let us know if you&#8217;d like the surprise in the gift box or to keep it for yourself.<\/p>\n<p>\ud83c\udf81 Free shipping for orders over 60 euros.<\/p>\n","protected":false},"featured_media":20328,"template":"","meta":{"jetpack_publicize_message":"","jetpack_publicize_feature_enabled":true,"jetpack_social_post_already_shared":false,"jetpack_social_options":{"image_generator_settings":{"template":"highway","default_image_id":0,"font":"","enabled":false},"version":2}},"product_brand":[],"product_cat":[340,830,342,341],"product_tag":[],"class_list":{"0":"post-20838","1":"product","2":"type-product","3":"status-publish","4":"has-post-thumbnail","6":"product_cat-kiko-milano","7":"product_cat-kingitused","8":"product_cat-komplektid-victorias-secret","9":"product_cat-victorias-secret","11":"first","12":"outofstock","13":"shipping-taxable","14":"purchasable","15":"product-type-simple"},"jetpack_publicize_connections":[],"jetpack_sharing_enabled":true,"jetpack_likes_enabled":true,"_links":{"self":[{"href":"https:\/\/superstore.ee\/index.php\/wp-json\/wp\/v2\/product\/20838","targetHints":{"allow":["GET"]}}],"collection":[{"href":"https:\/\/superstore.ee\/index.php\/wp-json\/wp\/v2\/product"}],"about":[{"href":"https:\/\/superstore.ee\/index.php\/wp-json\/wp\/v2\/types\/product"}],"wp:featuredmedia":[{"embeddable":true,"href":"https:\/\/superstore.ee\/index.php\/wp-json\/wp\/v2\/media\/20328"}],"wp:attachment":[{"href":"https:\/\/superstore.ee\/index.php\/wp-json\/wp\/v2\/media?parent=20838"}],"wp:term":[{"taxonomy":"product_brand","embeddable":true,"href":"https:\/\/superstore.ee\/index.php\/wp-json\/wp\/v2\/product_brand?post=20838"},{"taxonomy":"product_cat","embeddable":true,"href":"https:\/\/superstore.ee\/index.php\/wp-json\/wp\/v2\/product_cat?post=20838"},{"taxonomy":"product_tag","embeddable":true,"href":"https:\/\/superstore.ee\/index.php\/wp-json\/wp\/v2\/product_tag?post=20838"}],"curies":[{"name":"wp","href":"https:\/\/api.w.org\/{rel}","templated":true}]}}