{"id":21033,"date":"2024-12-21T22:04:52","date_gmt":"2024-12-21T20:04:52","guid":{"rendered":"https:\/\/superstore.ee\/?post_type=product&#038;p=21033"},"modified":"2025-12-07T21:54:18","modified_gmt":"2025-12-07T19:54:18","slug":"kiko-milano-softening-feet-mask-with-aloe-extract-jalamask","status":"publish","type":"product","link":"https:\/\/superstore.ee\/index.php\/toode\/kiko-milano-softening-feet-mask-with-aloe-extract-jalamask\/","title":{"rendered":"KIKO Milano Softening feet mask with aloe extract &#8211; Jalamask"},"content":{"rendered":"","protected":false},"excerpt":{"rendered":"<p>\ud83c\uddea\ud83c\uddea KIKO Milano pehmendav jalamask aaloeekstraktiga<\/p>\n<p>\u00dchekordne pehmendav ja niisutav kangasmask jalgadele ja k\u00fc\u00fcntele:<\/p>\n<ul>\n<li>Muudab jalad siidiselt pehmeks ja hoolitsetuks.<\/li>\n<li>Sisaldab toitvate omadustega aaloeekstrakti.<\/li>\n<li>Aitab v\u00f5idelda kuiva naha vastu ja taastab naha niiskustaseme.<\/li>\n<li>Istub jalas mugavalt nagu teine nahk t\u00e4nu soki kujule.<\/li>\n<li>Mask on soki sees, mist\u00f5ttu on seda v\u00e4ga lihtne kasutada \u2013 saate maski kandes j\u00e4tkata igap\u00e4evatoimetustega.<\/li>\n<\/ul>\n<p>\ud83c\uddf7\ud83c\uddfa \u0421\u043c\u044f\u0433\u0447\u0430\u044e\u0449\u0430\u044f \u043c\u0430\u0441\u043a\u0430 \u0434\u043b\u044f \u043d\u043e\u0433 KIKO Milano \u0441 \u044d\u043a\u0441\u0442\u0440\u0430\u043a\u0442\u043e\u043c \u0430\u043b\u043e\u044d<\/p>\n<p>\u041e\u0434\u043d\u043e\u0440\u0430\u0437\u043e\u0432\u044b\u0435 \u0442\u043a\u0430\u043d\u0435\u0432\u044b\u0435 \u043c\u0430\u0441\u043a\u0438 \u0434\u043b\u044f \u043d\u043e\u0433 \u0438 \u043d\u043e\u0433\u0442\u0435\u0439 \u0441 \u0443\u0432\u043b\u0430\u0436\u043d\u044f\u044e\u0449\u0438\u043c \u0438 \u0440\u0430\u0437\u0433\u043b\u0430\u0436\u0438\u0432\u0430\u044e\u0449\u0438\u043c \u044d\u0444\u0444\u0435\u043a\u0442\u043e\u043c:<\/p>\n<ul>\n<li>\u043e\u043d\u0438 \u0441\u043c\u044f\u0433\u0447\u0430\u044e\u0442 \u043a\u043e\u0436\u0443 \u043d\u043e\u0433 \u0438 \u0434\u0430\u0440\u044f\u0442 \u0435\u0439 \u0443\u0445\u043e\u0436\u0435\u043d\u043d\u044b\u0439 \u0432\u0438\u0434;<\/li>\n<li>\u0441\u043e\u0434\u0435\u0440\u0436\u0430\u0442 \u044d\u043a\u0441\u0442\u0440\u0430\u043a\u0442 \u0430\u043b\u043e\u044d, \u043e\u0431\u043b\u0430\u0434\u0430\u044e\u0449\u0438\u0439 \u043f\u0438\u0442\u0430\u0442\u0435\u043b\u044c\u043d\u044b\u043c\u0438 \u0441\u0432\u043e\u0439\u0441\u0442\u0432\u0430\u043c\u0438;<\/li>\n<li>\u0443\u0431\u0438\u0440\u0430\u044e\u0442 \u043e\u0449\u0443\u0449\u0435\u043d\u0438\u0435 \u0441\u0443\u0445\u043e\u0441\u0442\u0438 \u043a\u043e\u0436\u0438;<\/li>\n<li>\u0431\u043b\u0430\u0433\u043e\u0434\u0430\u0440\u044f \u0442\u043e\u043c\u0443, \u0447\u0442\u043e \u043c\u0430\u0441\u043a\u0430 \u0432\u044b\u043f\u043e\u043b\u043d\u0435\u043d\u0430 \u0432 \u0444\u043e\u0440\u043c\u0435 \u043d\u043e\u0441\u043e\u0447\u043a\u043e\u0432, \u043e\u043d\u0430 \u0438\u0434\u0435\u0430\u043b\u044c\u043d\u043e \u043f\u0440\u0438\u043b\u0435\u0433\u0430\u0435\u0442 \u043a \u043d\u043e\u0433\u0430\u043c, \u0441\u043b\u043e\u0432\u043d\u043e \u0432\u0442\u043e\u0440\u0430\u044f \u043a\u043e\u0436\u0430;<\/li>\n<li>\u043d\u043e\u0441\u043e\u0447\u043a\u0438 \u043f\u0440\u043e\u043f\u0438\u0442\u0430\u043d\u044b \u0441 \u0432\u043d\u0443\u0442\u0440\u0435\u043d\u043d\u0435\u0439 \u0441\u0442\u043e\u0440\u043e\u043d\u044b \u0438 \u043f\u043e\u044d\u0442\u043e\u043c\u0443 \u043d\u0435 \u043c\u0435\u0448\u0430\u044e\u0442 \u0437\u0430\u043d\u0438\u043c\u0430\u0442\u044c\u0441\u044f \u043f\u0440\u0438\u0432\u044b\u0447\u043d\u044b\u043c\u0438 \u0434\u0435\u043b\u0430\u043c\u0438.<\/li>\n<\/ul>\n<p>\ud83c\uddfa\ud83c\uddf8 KIKO Milano Softening feet mask with aloe extract<\/p>\n<p>Single-use smoothing and moisturising fabric masks, specifically for feet and nails:<\/p>\n<ul>\n<li>they soften the skin of the feet and give it a well-groomed appearance;<\/li>\n<li>contain aloe extract with nourishing properties;<\/li>\n<li>they counter dry skin;<\/li>\n<li>adhere perfectly like a second skin thanks to their slip-on sock form;<\/li>\n<li>the mask is on the inside, making them super practical as you don\u2019t have to stop doing anything.<\/li>\n<\/ul>\n","protected":false},"featured_media":21039,"template":"","meta":{"jetpack_publicize_message":"","jetpack_publicize_feature_enabled":true,"jetpack_social_post_already_shared":false,"jetpack_social_options":{"image_generator_settings":{"template":"highway","default_image_id":0,"font":"","enabled":false},"version":2}},"product_brand":[],"product_cat":[340,966,912,964],"product_tag":[],"class_list":{"0":"post-21033","1":"product","2":"type-product","3":"status-publish","4":"has-post-thumbnail","6":"product_cat-kiko-milano","7":"product_cat-masks","8":"product_cat-nahahooldus","9":"product_cat-face-care","10":"pa_varv-402","11":"pa_varv-403","12":"pa_varv-404","13":"pa_varv-405","14":"pa_varv-406","16":"first","17":"outofstock","18":"shipping-taxable","19":"purchasable","20":"product-type-simple"},"jetpack_publicize_connections":[],"jetpack_sharing_enabled":true,"jetpack_likes_enabled":true,"_links":{"self":[{"href":"https:\/\/superstore.ee\/index.php\/wp-json\/wp\/v2\/product\/21033","targetHints":{"allow":["GET"]}}],"collection":[{"href":"https:\/\/superstore.ee\/index.php\/wp-json\/wp\/v2\/product"}],"about":[{"href":"https:\/\/superstore.ee\/index.php\/wp-json\/wp\/v2\/types\/product"}],"wp:featuredmedia":[{"embeddable":true,"href":"https:\/\/superstore.ee\/index.php\/wp-json\/wp\/v2\/media\/21039"}],"wp:attachment":[{"href":"https:\/\/superstore.ee\/index.php\/wp-json\/wp\/v2\/media?parent=21033"}],"wp:term":[{"taxonomy":"product_brand","embeddable":true,"href":"https:\/\/superstore.ee\/index.php\/wp-json\/wp\/v2\/product_brand?post=21033"},{"taxonomy":"product_cat","embeddable":true,"href":"https:\/\/superstore.ee\/index.php\/wp-json\/wp\/v2\/product_cat?post=21033"},{"taxonomy":"product_tag","embeddable":true,"href":"https:\/\/superstore.ee\/index.php\/wp-json\/wp\/v2\/product_tag?post=21033"}],"curies":[{"name":"wp","href":"https:\/\/api.w.org\/{rel}","templated":true}]}}