{"id":21133,"date":"2025-01-03T00:36:58","date_gmt":"2025-01-02T22:36:58","guid":{"rendered":"https:\/\/superstore.ee\/?post_type=product&#038;p=21133"},"modified":"2026-04-03T21:04:50","modified_gmt":"2026-04-03T18:04:50","slug":"uus-veekindel-kauapusiv-lauvarvipliiats-kiko-milano-new-long-lasting-eyeshadow-stick","status":"publish","type":"product","link":"https:\/\/superstore.ee\/index.php\/toode\/uus-veekindel-kauapusiv-lauvarvipliiats-kiko-milano-new-long-lasting-eyeshadow-stick\/","title":{"rendered":"KIKO Milano New Long Lasting Eyeshadow Stick"},"content":{"rendered":"","protected":false},"excerpt":{"rendered":"<div class=\"ProductDetails__Name visible-md\">\n<div role=\"heading\" data-size=\"medium\">\n<p>\ud83c\uddea\ud83c\uddea Veekindel kauap\u00fcsiv lauv\u00e4rvipliiats KIKO Milano<\/p>\n<\/div>\n<\/div>\n<ul>\n<li role=\"heading\" data-size=\"medium\">argaania\u00f5liga rikastatud valem sobib ideaalselt silmalaugudele;<\/li>\n<li role=\"heading\" data-size=\"medium\">tagab pikaajalise, kuni 24-tunnise p\u00fcsivuse ja ei m\u00e4\u00e4ri;<\/li>\n<li role=\"heading\" data-size=\"medium\">kreemjas, v\u00e4ga mugav tekstuur, lihtne peale kanda ja varjutada;<\/li>\n<li role=\"heading\" data-size=\"medium\">saadaval erinevates toonides ja viimistlustes (p\u00e4rljas, matt, satiin ja metallik).<\/li>\n<\/ul>\n<div class=\"ProductDetails__Name visible-md\">\n<div role=\"heading\" data-size=\"medium\">\ud83c\uddf7\ud83c\uddfa \u0412\u043e\u0434\u043e\u0441\u0442\u043e\u0439\u043a\u0438\u0435 \u0442\u0435\u043d\u0438-\u043a\u0430\u0440\u0430\u043d\u0434\u0430\u0448 \u0434\u043b\u044f \u0432\u0435\u043a KIKO Milano<\/div>\n<\/div>\n<ul>\n<li role=\"heading\" data-size=\"medium\">\u0438\u0445 \u0444\u043e\u0440\u043c\u0443\u043b\u0430, \u043e\u0431\u043e\u0433\u0430\u0449\u0435\u043d\u043d\u0430\u044f \u0430\u0440\u0433\u0430\u043d\u043e\u0432\u044b\u043c \u043c\u0430\u0441\u043b\u043e\u043c, \u0438\u0434\u0435\u0430\u043b\u044c\u043d\u043e \u043b\u043e\u0436\u0438\u0442\u0441\u044f \u043d\u0430 \u0432\u0435\u043a\u0438;<\/li>\n<li role=\"heading\" data-size=\"medium\">\u043e\u0431\u0435\u0441\u043f\u0435\u0447\u0438\u0432\u0430\u0435\u0442 \u0434\u043b\u0438\u0442\u0435\u043b\u044c\u043d\u0443\u044e \u0441\u0442\u043e\u0439\u043a\u043e\u0441\u0442\u044c \u0432 \u0442\u0435\u0447\u0435\u043d\u0438\u0435 24 \u0447\u0430\u0441\u043e\u0432 \u0438 \u043d\u0435 \u0441\u043c\u0430\u0437\u044b\u0432\u0430\u0435\u0442\u0441\u044f;<\/li>\n<li role=\"heading\" data-size=\"medium\">\u043a\u0440\u0435\u043c\u043e\u0432\u0430\u044f, \u043e\u0447\u0435\u043d\u044c \u043a\u043e\u043c\u0444\u043e\u0440\u0442\u043d\u0430\u044f \u0442\u0435\u043a\u0441\u0442\u0443\u0440\u0430 \u043b\u0435\u0433\u043a\u043e \u043d\u0430\u043d\u043e\u0441\u0438\u0442\u0441\u044f \u0438 \u0440\u0430\u0441\u0442\u0443\u0448\u0435\u0432\u044b\u0432\u0430\u0435\u0442\u0441\u044f;<\/li>\n<li role=\"heading\" data-size=\"medium\">\u0434\u043e\u0441\u0442\u0443\u043f\u043d\u044b \u0432 \u0440\u0430\u0437\u043b\u0438\u0447\u043d\u044b\u0445 \u043e\u0442\u0442\u0435\u043d\u043a\u0430\u0445 \u0438 \u0441 \u0440\u0430\u0437\u043d\u044b\u043c\u0438 \u0444\u0438\u043d\u0438\u0448\u0430\u043c\u0438 (\u043f\u0435\u0440\u043b\u0430\u043c\u0443\u0442\u0440\u043e\u0432\u044b\u043c, \u043c\u0430\u0442\u043e\u0432\u044b\u043c, \u0441\u0430\u0442\u0438\u043d\u043e\u0432\u044b\u043c \u0438 \u043c\u0435\u0442\u0430\u043b\u043b\u0438\u0447\u0435\u0441\u043a\u0438\u043c).<\/li>\n<\/ul>\n<div class=\"ProductDetails__Name visible-md\">\n<div role=\"heading\" data-size=\"medium\">\n<p>\ud83c\uddfa\ud83c\uddf8 KIKO Milano New Long Lasting Eyeshadow Stick<\/p>\n<\/div>\n<div role=\"heading\" data-size=\"medium\"><\/div>\n<\/div>\n<div role=\"heading\" data-size=\"medium\">\n<ul>\n<li>its formula enriched with argan oil perfectly adheres to the eyelids;<\/li>\n<li>has a long-lasting 24-hour hold and no transfer formula;<\/li>\n<li>its creamy, super-comfortable texture is easy to apply and blend;<\/li>\n<li>available in various shades and finishes (pearly, matte, satin and metallic).<\/li>\n<\/ul>\n<\/div>\n","protected":false},"featured_media":18050,"template":"","meta":{"jetpack_publicize_message":"","jetpack_publicize_feature_enabled":true,"jetpack_social_post_already_shared":false,"jetpack_social_options":{"image_generator_settings":{"template":"highway","default_image_id":0,"font":"","enabled":false},"version":2}},"product_brand":[],"product_cat":[973,340,984,631,982,985],"product_tag":[],"class_list":{"0":"post-21133","1":"product","2":"type-product","3":"status-publish","4":"has-post-thumbnail","6":"product_cat-makeup","7":"product_cat-kiko-milano","8":"product_cat-eyeshadow","9":"product_cat-sale","10":"product_cat-eyes","11":"product_cat-eyeliner-and-pencil","12":"pa_varv-01-holo-white","13":"pa_varv-02-rose","14":"pa_varv-03-golden-beige","15":"pa_varv-04-gold","16":"pa_varv-05-golden-brown","17":"pa_varv-06-bronze","18":"pa_varv-07-vintage-rose","19":"pa_varv-08-shell","20":"pa_varv-09-light-mauve","21":"pa_varv-10-mauve-brown","22":"pa_varv-11-lilac","23":"pa_varv-12-burgundy","24":"pa_varv-13-copper","25":"pa_varv-14-rosy-brown","26":"pa_varv-15-golden-taupe","27":"pa_varv-16-taupe","28":"pa_varv-17-golden-chocolate","29":"pa_varv-18-brown","30":"pa_varv-19-dark-brown","31":"pa_varv-20-dark-taupe","32":"pa_varv-21-slate-grey","33":"pa_varv-22-anthracite","34":"pa_varv-23-black","35":"pa_varv-24-electric-blue","36":"pa_varv-25-light-blue","37":"pa_varv-26-light-green","38":"pa_varv-27-forest-green","39":"pa_varv-28-jungle-green","41":"first","42":"instock","43":"sale","44":"shipping-taxable","45":"purchasable","46":"product-type-variable"},"jetpack_publicize_connections":[],"jetpack_sharing_enabled":true,"jetpack_likes_enabled":true,"_links":{"self":[{"href":"https:\/\/superstore.ee\/index.php\/wp-json\/wp\/v2\/product\/21133","targetHints":{"allow":["GET"]}}],"collection":[{"href":"https:\/\/superstore.ee\/index.php\/wp-json\/wp\/v2\/product"}],"about":[{"href":"https:\/\/superstore.ee\/index.php\/wp-json\/wp\/v2\/types\/product"}],"wp:featuredmedia":[{"embeddable":true,"href":"https:\/\/superstore.ee\/index.php\/wp-json\/wp\/v2\/media\/18050"}],"wp:attachment":[{"href":"https:\/\/superstore.ee\/index.php\/wp-json\/wp\/v2\/media?parent=21133"}],"wp:term":[{"taxonomy":"product_brand","embeddable":true,"href":"https:\/\/superstore.ee\/index.php\/wp-json\/wp\/v2\/product_brand?post=21133"},{"taxonomy":"product_cat","embeddable":true,"href":"https:\/\/superstore.ee\/index.php\/wp-json\/wp\/v2\/product_cat?post=21133"},{"taxonomy":"product_tag","embeddable":true,"href":"https:\/\/superstore.ee\/index.php\/wp-json\/wp\/v2\/product_tag?post=21133"}],"curies":[{"name":"wp","href":"https:\/\/api.w.org\/{rel}","templated":true}]}}