{"id":21184,"date":"2025-01-03T00:39:38","date_gmt":"2025-01-02T22:39:38","guid":{"rendered":"https:\/\/superstore.ee\/?post_type=product&#038;p=21184"},"modified":"2025-08-22T15:18:16","modified_gmt":"2025-08-22T12:18:16","slug":"kauapusivad-lauvarvipliiatsid-3tk-kiko-milano-long-lasting-colour-eye-set","status":"publish","type":"product","link":"https:\/\/superstore.ee\/index.php\/toode\/kauapusivad-lauvarvipliiatsid-3tk-kiko-milano-long-lasting-colour-eye-set\/","title":{"rendered":"Kauap\u00fcsivad lauv\u00e4rvipliiatsid 3tk KIKO Milano Long Lasting Colour Eye Set"},"content":{"rendered":"","protected":false},"excerpt":{"rendered":"<div class=\"ProductDetails__Sub hidden-md\">\n<p>\ud83c\uddea\ud83c\uddea KIKO Milano Komplekt\u00a0Long Lasting Colour Eye Set<\/p>\n<div class=\"ProductDetails__Name visible-md\">\n<div role=\"heading\" data-size=\"medium\">\n<p>Komplekt sisaldab:<\/p>\n<ul>\n<li>N.1 New Long Lasting Eyeshadow Stick 03<\/li>\n<li>N.1 New Long Lasting Eyeshadow Stick 05<\/li>\n<li>N.1 New Long Lasting Eyeshadow Stick 07<\/li>\n<\/ul>\n<p>Veekindlad kauap\u00fcsivad lauv\u00e4rvipliiatsid KIKO Milano<\/p>\n<\/div>\n<\/div>\n<ul>\n<li role=\"heading\" data-size=\"medium\">argaania\u00f5liga rikastatud valem sobib ideaalselt silmalaugudele;<\/li>\n<li role=\"heading\" data-size=\"medium\">tagab pikaajalise, kuni 24-tunnise p\u00fcsivuse ja ei m\u00e4\u00e4ri;<\/li>\n<li role=\"heading\" data-size=\"medium\">kreemjas, v\u00e4ga mugav tekstuur, lihtne peale kanda ja varjutada;<\/li>\n<li role=\"heading\" data-size=\"medium\">saadaval erinevates toonides ja viimistlustes (p\u00e4rljas, matt, satiin ja metallik).<\/li>\n<\/ul>\n<p>\ud83c\uddf7\ud83c\uddfa\u00a0 \u041d\u0430\u0431\u043e\u0440 \u0438\u0437 3 \u0432\u043e\u0434\u043e\u0441\u0442\u043e\u0439\u043a\u0438\u0445 \u0442\u0435\u043d\u0435\u0439-\u043a\u0430\u0440\u0430\u043d\u0434\u0430\u0448\u0435\u0439 \u0434\u043b\u044f \u0432\u0435\u043a KIKO Milano<\/p>\n<p>\u0412 \u043a\u043e\u043c\u043f\u043b\u0435\u043a\u0442 \u0432\u0445\u043e\u0434\u044f\u0442:<\/p>\n<ul>\n<li>N.1 New Long Lasting Eyeshadow Stick 03<\/li>\n<li>N.1 New Long Lasting Eyeshadow Stick 05<\/li>\n<li>N.1 New Long Lasting Eyeshadow Stick 07<\/li>\n<\/ul>\n<div class=\"ProductDetails__Name visible-md\">\n<div role=\"heading\" data-size=\"medium\">\u0412\u043e\u0434\u043e\u0441\u0442\u043e\u0439\u043a\u0438\u0435 \u0442\u0435\u043d\u0438-\u043a\u0430\u0440\u0430\u043d\u0434\u0430\u0448 \u0434\u043b\u044f \u0432\u0435\u043a KIKO Milano<\/div>\n<\/div>\n<ul>\n<li role=\"heading\" data-size=\"medium\">\u0438\u0445 \u0444\u043e\u0440\u043c\u0443\u043b\u0430, \u043e\u0431\u043e\u0433\u0430\u0449\u0435\u043d\u043d\u0430\u044f \u0430\u0440\u0433\u0430\u043d\u043e\u0432\u044b\u043c \u043c\u0430\u0441\u043b\u043e\u043c, \u0438\u0434\u0435\u0430\u043b\u044c\u043d\u043e \u043b\u043e\u0436\u0438\u0442\u0441\u044f \u043d\u0430 \u0432\u0435\u043a\u0438;<\/li>\n<li role=\"heading\" data-size=\"medium\">\u043e\u0431\u0435\u0441\u043f\u0435\u0447\u0438\u0432\u0430\u0435\u0442 \u0434\u043b\u0438\u0442\u0435\u043b\u044c\u043d\u0443\u044e \u0441\u0442\u043e\u0439\u043a\u043e\u0441\u0442\u044c \u0432 \u0442\u0435\u0447\u0435\u043d\u0438\u0435 24 \u0447\u0430\u0441\u043e\u0432 \u0438 \u043d\u0435 \u0441\u043c\u0430\u0437\u044b\u0432\u0430\u0435\u0442\u0441\u044f;<\/li>\n<li role=\"heading\" data-size=\"medium\">\u043a\u0440\u0435\u043c\u043e\u0432\u0430\u044f, \u043e\u0447\u0435\u043d\u044c \u043a\u043e\u043c\u0444\u043e\u0440\u0442\u043d\u0430\u044f \u0442\u0435\u043a\u0441\u0442\u0443\u0440\u0430 \u043b\u0435\u0433\u043a\u043e \u043d\u0430\u043d\u043e\u0441\u0438\u0442\u0441\u044f \u0438 \u0440\u0430\u0441\u0442\u0443\u0448\u0435\u0432\u044b\u0432\u0430\u0435\u0442\u0441\u044f;<\/li>\n<li role=\"heading\" data-size=\"medium\">\u0434\u043e\u0441\u0442\u0443\u043f\u043d\u044b \u0432 \u0440\u0430\u0437\u043b\u0438\u0447\u043d\u044b\u0445 \u043e\u0442\u0442\u0435\u043d\u043a\u0430\u0445 \u0438 \u0441 \u0440\u0430\u0437\u043d\u044b\u043c\u0438 \u0444\u0438\u043d\u0438\u0448\u0430\u043c\u0438 (\u043f\u0435\u0440\u043b\u0430\u043c\u0443\u0442\u0440\u043e\u0432\u044b\u043c, \u043c\u0430\u0442\u043e\u0432\u044b\u043c, \u0441\u0430\u0442\u0438\u043d\u043e\u0432\u044b\u043c \u0438 \u043c\u0435\u0442\u0430\u043b\u043b\u0438\u0447\u0435\u0441\u043a\u0438\u043c).<\/li>\n<\/ul>\n<p>\ud83c\uddfa\ud83c\uddf8 KIKO Milano Long Lasting Colour Eye Set<\/p>\n<p>Eye make-up kit containing 3 transfer-proof eyeshadow sticks with a 24-hour hold<\/p>\n<p>The kit contains:<\/p>\n<ul>\n<li>N.1 New Long Lasting Eyeshadow Stick 03<\/li>\n<li>N.1 New Long Lasting Eyeshadow Stick 05<\/li>\n<li>N.1 New Long Lasting Eyeshadow Stick 07<\/li>\n<\/ul>\n<p>Three eyeshadow sticks, all in different shades with a creamy texture and extreme staying power. A super high-performance and comfortable formula, enriched with argan oil, that applies and blends easily.<\/p>\n<\/div>\n","protected":false},"featured_media":18478,"template":"","meta":{"jetpack_publicize_message":"","jetpack_publicize_feature_enabled":true,"jetpack_social_post_already_shared":false,"jetpack_social_options":{"image_generator_settings":{"template":"highway","default_image_id":0,"font":"","enabled":false},"version":2}},"product_brand":[],"product_cat":[973,340,830,971,984,631,982,985],"product_tag":[],"class_list":{"0":"post-21184","1":"product","2":"type-product","3":"status-publish","4":"has-post-thumbnail","6":"product_cat-makeup","7":"product_cat-kiko-milano","8":"product_cat-kingitused","9":"product_cat-sets","10":"product_cat-eyeshadow","11":"product_cat-sale","12":"product_cat-eyes","13":"product_cat-eyeliner-and-pencil","14":"pa_varv-01-blonde","15":"pa_varv-02-chestnut","17":"first","18":"outofstock","19":"sale","20":"shipping-taxable","21":"purchasable","22":"product-type-simple"},"jetpack_publicize_connections":[],"jetpack_sharing_enabled":true,"jetpack_likes_enabled":true,"_links":{"self":[{"href":"https:\/\/superstore.ee\/index.php\/wp-json\/wp\/v2\/product\/21184","targetHints":{"allow":["GET"]}}],"collection":[{"href":"https:\/\/superstore.ee\/index.php\/wp-json\/wp\/v2\/product"}],"about":[{"href":"https:\/\/superstore.ee\/index.php\/wp-json\/wp\/v2\/types\/product"}],"wp:featuredmedia":[{"embeddable":true,"href":"https:\/\/superstore.ee\/index.php\/wp-json\/wp\/v2\/media\/18478"}],"wp:attachment":[{"href":"https:\/\/superstore.ee\/index.php\/wp-json\/wp\/v2\/media?parent=21184"}],"wp:term":[{"taxonomy":"product_brand","embeddable":true,"href":"https:\/\/superstore.ee\/index.php\/wp-json\/wp\/v2\/product_brand?post=21184"},{"taxonomy":"product_cat","embeddable":true,"href":"https:\/\/superstore.ee\/index.php\/wp-json\/wp\/v2\/product_cat?post=21184"},{"taxonomy":"product_tag","embeddable":true,"href":"https:\/\/superstore.ee\/index.php\/wp-json\/wp\/v2\/product_tag?post=21184"}],"curies":[{"name":"wp","href":"https:\/\/api.w.org\/{rel}","templated":true}]}}