{"id":21187,"date":"2025-01-03T12:05:57","date_gmt":"2025-01-03T10:05:57","guid":{"rendered":"https:\/\/superstore.ee\/?post_type=product&#038;p=21187"},"modified":"2025-11-26T17:17:30","modified_gmt":"2025-11-26T15:17:30","slug":"kiko-milano-24h-long-lasting-panoramic-volume-mascara","status":"publish","type":"product","link":"https:\/\/superstore.ee\/index.php\/toode\/kiko-milano-24h-long-lasting-panoramic-volume-mascara\/","title":{"rendered":"KIKO Milano 24h Long Lasting &#038; Panoramic Volume Mascara &#8211; Vol\u00fc\u00fcmi andev Ripsmetu\u0161\u0161"},"content":{"rendered":"","protected":false},"excerpt":{"rendered":"<div class=\"ProductDetails__Sub hidden-md\">\n<p>\ud83c\uddea\ud83c\uddea KIKO Milano Kauap\u00fcsiv 24-tunnine ripsmetu\u0161\u0161, mis annab vol\u00fc\u00fcmi ja r\u00f5hutab ripsmeid <strong>24h Long Lasting &amp; Panoramic Volume Mascara<\/strong><\/p>\n<p>Vedela ja elastse tekstuuriga, mis ei j\u00e4ta t\u00fckke, on see tu\u0161\u0161 lihtne kanda ripsmete kogu pikkusele t\u00e4nu kiududest harjale.<\/p>\n<p>\ud83c\uddf7\ud83c\uddfa \u0421\u0442\u043e\u0439\u043a\u0430\u044f 24-\u0447\u0430\u0441\u043e\u0432\u0430\u044f \u0442\u0443\u0448\u044c \u0434\u043b\u044f \u043e\u0431\u044a\u0435\u043c\u0430 \u0438 \u0432\u044b\u0434\u0435\u043b\u0435\u043d\u0438\u044f \u0440\u0435\u0441\u043d\u0438\u0446 KIKO Milano <strong>24h Long Lasting &amp; Panoramic Volume Mascara<\/strong><\/p>\n<p>\u0421 \u0436\u0438\u0434\u043a\u043e\u0439 \u0438 \u044d\u043b\u0430\u0441\u0442\u0438\u0447\u043d\u043e\u0439 \u0442\u0435\u043a\u0441\u0442\u0443\u0440\u043e\u0439, \u043d\u0435 \u043e\u0441\u0442\u0430\u0432\u043b\u044f\u044e\u0449\u0435\u0439 \u043a\u043e\u043c\u043a\u043e\u0432, \u044d\u0442\u0430 \u0442\u0443\u0448\u044c \u043b\u0435\u0433\u043a\u043e \u043d\u0430\u043d\u043e\u0441\u0438\u0442\u0441\u044f \u043f\u043e \u0432\u0441\u0435\u0439 \u0434\u043b\u0438\u043d\u0435 \u0440\u0435\u0441\u043d\u0438\u0446 \u0431\u043b\u0430\u0433\u043e\u0434\u0430\u0440\u044f \u0449\u0435\u0442\u043e\u0447\u043a\u0435 \u0438\u0437 \u0432\u043e\u043b\u043e\u043a\u043e\u043d.<\/p>\n<p>\ud83c\uddfa\ud83c\uddf8 KIKO Milano <strong>24h Long Lasting &amp; Panoramic Volume Mascara<\/strong> (black).<\/p>\n<p>Long-lasting 24-hour* volumising and defining mascara. With a fluid and elastic texture that leaves no clumps, this mascara is buildable and easy to apply along the full length of the lashes thanks to its fibre brush.<\/p>\n<\/div>\n","protected":false},"featured_media":21190,"template":"","meta":{"jetpack_publicize_message":"","jetpack_publicize_feature_enabled":true,"jetpack_social_post_already_shared":false,"jetpack_social_options":{"image_generator_settings":{"template":"highway","default_image_id":0,"font":"","enabled":false},"version":2}},"product_brand":[],"product_cat":[973,340,983,982],"product_tag":[],"class_list":{"0":"post-21187","1":"product","2":"type-product","3":"status-publish","4":"has-post-thumbnail","6":"product_cat-makeup","7":"product_cat-kiko-milano","8":"product_cat-mascara","9":"product_cat-eyes","11":"first","12":"outofstock","13":"shipping-taxable","14":"purchasable","15":"product-type-simple"},"jetpack_publicize_connections":[],"jetpack_sharing_enabled":true,"jetpack_likes_enabled":true,"_links":{"self":[{"href":"https:\/\/superstore.ee\/index.php\/wp-json\/wp\/v2\/product\/21187","targetHints":{"allow":["GET"]}}],"collection":[{"href":"https:\/\/superstore.ee\/index.php\/wp-json\/wp\/v2\/product"}],"about":[{"href":"https:\/\/superstore.ee\/index.php\/wp-json\/wp\/v2\/types\/product"}],"wp:featuredmedia":[{"embeddable":true,"href":"https:\/\/superstore.ee\/index.php\/wp-json\/wp\/v2\/media\/21190"}],"wp:attachment":[{"href":"https:\/\/superstore.ee\/index.php\/wp-json\/wp\/v2\/media?parent=21187"}],"wp:term":[{"taxonomy":"product_brand","embeddable":true,"href":"https:\/\/superstore.ee\/index.php\/wp-json\/wp\/v2\/product_brand?post=21187"},{"taxonomy":"product_cat","embeddable":true,"href":"https:\/\/superstore.ee\/index.php\/wp-json\/wp\/v2\/product_cat?post=21187"},{"taxonomy":"product_tag","embeddable":true,"href":"https:\/\/superstore.ee\/index.php\/wp-json\/wp\/v2\/product_tag?post=21187"}],"curies":[{"name":"wp","href":"https:\/\/api.w.org\/{rel}","templated":true}]}}