{"id":21191,"date":"2025-01-03T12:23:59","date_gmt":"2025-01-03T10:23:59","guid":{"rendered":"https:\/\/superstore.ee\/?post_type=product&#038;p=21191"},"modified":"2026-03-06T11:59:59","modified_gmt":"2026-03-06T09:59:59","slug":"silmapliiats-long-lasting-precision-eyeliner-khol-16-must","status":"publish","type":"product","link":"https:\/\/superstore.ee\/index.php\/toode\/silmapliiats-long-lasting-precision-eyeliner-khol-16-must\/","title":{"rendered":"KIKO Milano Lasting Precision Automatic Eyeliner And Kh\u00f4l 16 (black) &#8211; Silmapliiats"},"content":{"rendered":"","protected":false},"excerpt":{"rendered":"<div class=\"ProductDetails__Name visible-md\">\n<div role=\"heading\" data-size=\"medium\">\n<div class=\"woocommerce-product-details__short-description\">\ud83c\uddea\ud83c\uddea Kauap\u00fcsiv Silmapliiats <strong>Lasting Precision Eyeliner &amp; Khol 16 (must).<\/strong> Automaatne must silmapliiats nii sise- kui ka v\u00e4limisele silmalaule. See loob intensiivsed, p\u00fcsivad, sirged ja selged jooned. Sisseehitatud aplikaator h\u00f5lbustab joone intensiivsuse kontrolli.<\/div>\n<\/div>\n<\/div>\n<div class=\"ProductDetails__Name visible-md\">\n<div role=\"heading\" data-size=\"medium\">\n<div class=\"woocommerce-product-details__short-description\">\n<p>\ud83c\uddf7\ud83c\uddfa \u0410\u0432\u0442\u043e\u043c\u0430\u0442\u0438\u0447\u0435\u0441\u043a\u0438\u0439 \u0441\u0442\u043e\u0439\u043a\u0438\u0439 \u043a\u0430\u0440\u0430\u043d\u0434\u0430\u0448 \u0434\u043b\u044f \u0432\u043d\u0443\u0442\u0440\u0435\u043d\u043d\u0435\u0433\u043e \u0438 \u0432\u043d\u0435\u0448\u043d\u0435\u0433\u043e \u0443\u0433\u043e\u043b\u043a\u0430 \u0433\u043b\u0430\u0437\u0430 <strong>Lasting Precision Automatic Eyeliner And Kh\u00f4l 16 (\u0447\u0435\u0440\u043d\u044b\u0439)<\/strong>. \u0415\u0433\u043e \u043c\u044f\u0433\u043a\u0430\u044f \u0442\u0435\u043a\u0441\u0442\u0443\u0440\u0430 \u043b\u0435\u0433\u043a\u043e \u0441\u043a\u043e\u043b\u044c\u0437\u0438\u0442 \u043f\u043e \u043a\u043e\u0436\u0435, \u043e\u0431\u0435\u0441\u043f\u0435\u0447\u0438\u0432\u0430\u044f \u0438\u043d\u0442\u0435\u043d\u0441\u0438\u0432\u043d\u044b\u0439, \u043c\u0433\u043d\u043e\u0432\u0435\u043d\u043d\u044b\u0439 \u0446\u0432\u0435\u0442 \u0438 \u043b\u0435\u0433\u043a\u043e \u0440\u0430\u0441\u0442\u0443\u0448\u0435\u0432\u044b\u0432\u0430\u0435\u0442\u0441\u044f \u0431\u043b\u0430\u0433\u043e\u0434\u0430\u0440\u044f \u0432\u0441\u0442\u0440\u043e\u0435\u043d\u043d\u043e\u043c\u0443 \u0430\u043f\u043f\u043b\u0438\u043a\u0430\u0442\u043e\u0440\u0443.<\/p>\n<p>\ud83c\uddfa\ud83c\uddf8 <strong>Lasting Precision Automatic Eyeliner And Kh\u00f4l 16 (black). <\/strong>An automatic eye pencil for the inner and outer eye. Its soft texture glides onto the skin, offering intense, instant colour and blending with ease thanks to the built-in applicator.<\/p>\n<\/div>\n<\/div>\n<\/div>\n","protected":false},"featured_media":16676,"template":"","meta":{"jetpack_publicize_message":"","jetpack_publicize_feature_enabled":true,"jetpack_social_post_already_shared":false,"jetpack_social_options":{"image_generator_settings":{"template":"highway","default_image_id":0,"font":"","enabled":false},"version":2}},"product_brand":[],"product_cat":[973,340,631,982,985],"product_tag":[],"class_list":{"0":"post-21191","1":"product","2":"type-product","3":"status-publish","4":"has-post-thumbnail","6":"product_cat-makeup","7":"product_cat-kiko-milano","8":"product_cat-sale","9":"product_cat-eyes","10":"product_cat-eyeliner-and-pencil","12":"first","13":"instock","14":"sale","15":"shipping-taxable","16":"purchasable","17":"product-type-simple"},"jetpack_publicize_connections":[],"jetpack_sharing_enabled":true,"jetpack_likes_enabled":true,"_links":{"self":[{"href":"https:\/\/superstore.ee\/index.php\/wp-json\/wp\/v2\/product\/21191","targetHints":{"allow":["GET"]}}],"collection":[{"href":"https:\/\/superstore.ee\/index.php\/wp-json\/wp\/v2\/product"}],"about":[{"href":"https:\/\/superstore.ee\/index.php\/wp-json\/wp\/v2\/types\/product"}],"wp:featuredmedia":[{"embeddable":true,"href":"https:\/\/superstore.ee\/index.php\/wp-json\/wp\/v2\/media\/16676"}],"wp:attachment":[{"href":"https:\/\/superstore.ee\/index.php\/wp-json\/wp\/v2\/media?parent=21191"}],"wp:term":[{"taxonomy":"product_brand","embeddable":true,"href":"https:\/\/superstore.ee\/index.php\/wp-json\/wp\/v2\/product_brand?post=21191"},{"taxonomy":"product_cat","embeddable":true,"href":"https:\/\/superstore.ee\/index.php\/wp-json\/wp\/v2\/product_cat?post=21191"},{"taxonomy":"product_tag","embeddable":true,"href":"https:\/\/superstore.ee\/index.php\/wp-json\/wp\/v2\/product_tag?post=21191"}],"curies":[{"name":"wp","href":"https:\/\/api.w.org\/{rel}","templated":true}]}}