{"id":21312,"date":"2025-01-03T20:22:12","date_gmt":"2025-01-03T18:22:12","guid":{"rendered":"https:\/\/superstore.ee\/?post_type=product&#038;p=21312"},"modified":"2026-03-12T20:06:01","modified_gmt":"2026-03-12T18:06:01","slug":"kiko-milano-smart-colour-eyeshadow-lauvarv","status":"publish","type":"product","link":"https:\/\/superstore.ee\/index.php\/toode\/kiko-milano-smart-colour-eyeshadow-lauvarv\/","title":{"rendered":"KIKO Milano Smart Colour Eyeshadow &#8211; Lauv\u00e4rv"},"content":{"rendered":"","protected":false},"excerpt":{"rendered":"<div class=\"ProductDetails__Name visible-md\">\n<div role=\"heading\" data-size=\"medium\">\n<div class=\"woocommerce-product-details__short-description\">\n<p>\ud83c\uddea\ud83c\uddea Lauv\u00e4rv KIKO Milano Smart Colour Eyeshadow<\/p>\n<p>Loo silmapaistev ja unikaalne silmameik KIKO Milano s\u00e4ravate lauv\u00e4rvidega! Need lauv\u00e4rvid on t\u00f5eline v\u00e4rvide ja tekstuuride uuendus, kus pigmendid ja \u00f5lid loovad maksimaalselt intensiivse ja pehme tulemuse.<\/p>\n<p><strong>Miks valida?<\/strong><\/p>\n<ul>\n<li><strong>Erksad ja intensiivsed v\u00e4rvid.<\/strong> Spetsiaalne koostis tagab kohese puhta ja elava v\u00e4rvitooni, mis kantakse peale \u00fchtlaselt ja lihtsalt.<\/li>\n<li><strong>Siidine tekstuur.<\/strong> Kreemjas ja pehme pulber libiseb nahale \u00fchtlaselt, ei pudene ning hajub kergelt.<\/li>\n<li><strong>P\u00fcsiv ja mugav tulemus.<\/strong> Kvaliteetsed koostisosad, nagu talk ja maisit\u00e4rklis, tagavad, et lauv\u00e4rvid p\u00fcsivad terve p\u00e4eva, pakkudes samal ajal mugavust.<\/li>\n<\/ul>\n<p><strong>Kasutussoovitus:<\/strong><br \/>\nParima tulemuse saavutamiseks kasuta KIKO lauv\u00e4rvialuskreemi (Neutral Eye Base v\u00f5i Pearly Eye Base).<\/p>\n<\/div>\n<div class=\"woocommerce-product-details__short-description\">\n<p>\ud83c\uddf7\ud83c\uddfa KIKO Milano \u0442\u0435\u043d\u0438 \u0434\u043b\u044f \u0432\u0435\u043a\u00a0Smart Colour Eyeshadow<\/p>\n<p>\u0421\u043e\u0437\u0434\u0430\u0439\u0442\u0435 \u0432\u044b\u0440\u0430\u0437\u0438\u0442\u0435\u043b\u044c\u043d\u044b\u0439 \u0438 \u0443\u043d\u0438\u043a\u0430\u043b\u044c\u043d\u044b\u0439 \u043c\u0430\u043a\u0438\u044f\u0436 \u0433\u043b\u0430\u0437 \u0441 \u044f\u0440\u043a\u0438\u043c\u0438 \u0442\u0435\u043d\u044f\u043c\u0438 \u043e\u0442 KIKO Milano! \u042d\u0442\u0438 \u0442\u0435\u043d\u0438 \u2013 \u043d\u0430\u0441\u0442\u043e\u044f\u0449\u0430\u044f \u0440\u0435\u0432\u043e\u043b\u044e\u0446\u0438\u044f \u0432 \u043c\u0438\u0440\u0435 \u0446\u0432\u0435\u0442\u0430 \u0438 \u0442\u0435\u043a\u0441\u0442\u0443\u0440\u044b, \u0431\u043b\u0430\u0433\u043e\u0434\u0430\u0440\u044f \u0438\u043d\u043d\u043e\u0432\u0430\u0446\u0438\u043e\u043d\u043d\u043e\u0439 \u0444\u043e\u0440\u043c\u0443\u043b\u0435, \u043a\u043e\u0442\u043e\u0440\u0430\u044f \u0441\u043e\u0447\u0435\u0442\u0430\u0435\u0442 \u043f\u0438\u0433\u043c\u0435\u043d\u0442\u044b \u0438 \u043c\u0430\u0441\u043b\u0430 \u0434\u043b\u044f \u043c\u0430\u043a\u0441\u0438\u043c\u0430\u043b\u044c\u043d\u043e\u0439 \u043d\u0430\u0441\u044b\u0449\u0435\u043d\u043d\u043e\u0441\u0442\u0438 \u0438 \u043c\u044f\u0433\u043a\u043e\u0441\u0442\u0438.<\/p>\n<p><strong>\u041f\u0440\u0435\u0438\u043c\u0443\u0449\u0435\u0441\u0442\u0432\u0430:<\/strong><\/p>\n<ul>\n<li><strong>\u042f\u0440\u043a\u0438\u0435 \u0438 \u043d\u0430\u0441\u044b\u0449\u0435\u043d\u043d\u044b\u0435 \u0446\u0432\u0435\u0442\u0430.<\/strong> \u0423\u043d\u0438\u043a\u0430\u043b\u044c\u043d\u0430\u044f \u0444\u043e\u0440\u043c\u0443\u043b\u0430 \u043e\u0431\u0435\u0441\u043f\u0435\u0447\u0438\u0432\u0430\u0435\u0442 \u043c\u0433\u043d\u043e\u0432\u0435\u043d\u043d\u043e\u0435 \u0440\u0430\u0441\u043a\u0440\u044b\u0442\u0438\u0435 \u0447\u0438\u0441\u0442\u043e\u0433\u043e \u0446\u0432\u0435\u0442\u0430, \u043a\u043e\u0442\u043e\u0440\u044b\u0439 \u043b\u0435\u0433\u043a\u043e \u043d\u0430\u043d\u043e\u0441\u0438\u0442\u0441\u044f \u0438 \u0440\u0430\u0441\u043f\u0440\u0435\u0434\u0435\u043b\u044f\u0435\u0442\u0441\u044f.<\/li>\n<li><strong>\u0428\u0435\u043b\u043a\u043e\u0432\u0438\u0441\u0442\u0430\u044f \u0442\u0435\u043a\u0441\u0442\u0443\u0440\u0430.<\/strong> \u041c\u044f\u0433\u043a\u0438\u0439, \u043a\u0440\u0435\u043c\u043e\u0432\u044b\u0439 \u043f\u043e\u0440\u043e\u0448\u043e\u043a \u043b\u043e\u0436\u0438\u0442\u0441\u044f \u0440\u0430\u0432\u043d\u043e\u043c\u0435\u0440\u043d\u043e, \u043d\u0435 \u043e\u0441\u044b\u043f\u0430\u0435\u0442\u0441\u044f \u0438 \u043e\u0442\u043b\u0438\u0447\u043d\u043e \u0440\u0430\u0441\u0442\u0443\u0448\u0435\u0432\u044b\u0432\u0430\u0435\u0442\u0441\u044f.<\/li>\n<li><strong>\u0421\u0442\u043e\u0439\u043a\u043e\u0441\u0442\u044c \u0438 \u043a\u043e\u043c\u0444\u043e\u0440\u0442.<\/strong> \u0411\u043b\u0430\u0433\u043e\u0434\u0430\u0440\u044f \u043a\u0430\u0447\u0435\u0441\u0442\u0432\u0435\u043d\u043d\u044b\u043c \u0438\u043d\u0433\u0440\u0435\u0434\u0438\u0435\u043d\u0442\u0430\u043c, \u0442\u0430\u043a\u0438\u043c \u043a\u0430\u043a \u0442\u0430\u043b\u044c\u043a \u0438 \u043a\u0443\u043a\u0443\u0440\u0443\u0437\u043d\u044b\u0439 \u043a\u0440\u0430\u0445\u043c\u0430\u043b, \u0442\u0435\u043d\u0438 \u043e\u0441\u0442\u0430\u044e\u0442\u0441\u044f \u043d\u0430 \u0432\u0435\u043a\u0430\u0445 \u0432 \u0442\u0435\u0447\u0435\u043d\u0438\u0435 \u0432\u0441\u0435\u0433\u043e \u0434\u043d\u044f, \u043e\u0431\u0435\u0441\u043f\u0435\u0447\u0438\u0432\u0430\u044f \u043a\u043e\u043c\u0444\u043e\u0440\u0442\u043d\u043e\u0435 \u043d\u0430\u043d\u0435\u0441\u0435\u043d\u0438\u0435.<\/li>\n<\/ul>\n<p><strong>\u0421\u043e\u0432\u0435\u0442 \u043f\u043e \u0438\u0441\u043f\u043e\u043b\u044c\u0437\u043e\u0432\u0430\u043d\u0438\u044e:<\/strong><br \/>\n\u0414\u043b\u044f \u043c\u0430\u043a\u0441\u0438\u043c\u0430\u043b\u044c\u043d\u043e\u0439 \u0441\u0442\u043e\u0439\u043a\u043e\u0441\u0442\u0438 \u0438\u0441\u043f\u043e\u043b\u044c\u0437\u0443\u0439\u0442\u0435 \u0431\u0430\u0437\u0443 \u0434\u043b\u044f \u0432\u0435\u043a \u043e\u0442 KIKO (Neutral Eye Base \u0438\u043b\u0438 Pearly Eye Base).<\/p>\n<p>\ud83c\uddfa\ud83c\uddf8 KIKO Milano Smart Colour Eyeshadow. Brightly coloured eyeshadow.<\/p>\n<p>Create striking and unique eye makeup with KIKO Milano&#8217;s vibrant eyeshadows! These eyeshadows represent a true innovation in color and texture, combining pigments and oils for maximum intensity and softness.<\/p>\n<p><strong>Why choose them?<\/strong><\/p>\n<ul>\n<li><strong>Bright and intense colors.<\/strong> The special formula delivers an immediate pure and vibrant shade that applies evenly and effortlessly.<\/li>\n<li><strong>Silky texture.<\/strong> The creamy, soft powder glides smoothly onto the skin, doesn\u2019t flake, and blends seamlessly.<\/li>\n<li><strong>Long-lasting and comfortable wear.<\/strong> High-quality ingredients like talc and corn starch ensure the eyeshadow stays put all day while providing exceptional comfort.<\/li>\n<\/ul>\n<p><strong>Application Tip:<\/strong><br \/>\nFor the best results, use KIKO&#8217;s eyeshadow primer (Neutral Eye Base or Pearly Eye Base) before applying.<\/p>\n<p>Ophthalmologically tested.<\/p>\n<\/div>\n<\/div>\n<\/div>\n","protected":false},"featured_media":21772,"template":"","meta":{"jetpack_publicize_message":"","jetpack_publicize_feature_enabled":true,"jetpack_social_post_already_shared":false,"jetpack_social_options":{"image_generator_settings":{"template":"highway","default_image_id":0,"font":"","enabled":false},"version":2}},"product_brand":[],"product_cat":[973,340,984,982],"product_tag":[],"class_list":{"0":"post-21312","1":"product","2":"type-product","3":"status-publish","4":"has-post-thumbnail","6":"product_cat-makeup","7":"product_cat-kiko-milano","8":"product_cat-eyeshadow","9":"product_cat-eyes","10":"pa_varv-01-metallic-rosy-white","11":"pa_varv-02-pearly-champagne","12":"pa_varv-08-pearly-taupe","13":"pa_varv-09-metallic-moon-stone","14":"pa_varv-10-matte-cream","15":"pa_varv-11-pearly-lotus","16":"pa_varv-12-metallic-rosy-sand","17":"pa_varv-13-matte-saumon","18":"pa_varv-14-matte-red","19":"pa_varv-15-pearly-azalea","20":"pa_varv-16-metallic-orchid-violet","21":"pa_varv-17-matte-magnolia","22":"pa_varv-18-metallic-hyacinth","23":"pa_varv-19-metallic-amethyst","24":"pa_varv-20-pearly-iris","25":"pa_varv-22-pearly-cornflower","26":"pa_varv-23-metallic-jeans-blue","27":"pa_varv-24-metallic-night-blue","28":"pa_varv-25-pearly-yellow","29":"pa_varv-26-pearly-lime-green","30":"pa_varv-27-metallic-pine-green","31":"pa_varv-28-pearly-light-mint","32":"pa_varv-29-pearly-sky-blue","33":"pa_varv-32-matte-smoky-grey","35":"first","36":"instock","37":"shipping-taxable","38":"purchasable","39":"product-type-variable"},"jetpack_publicize_connections":[],"jetpack_sharing_enabled":true,"jetpack_likes_enabled":true,"_links":{"self":[{"href":"https:\/\/superstore.ee\/index.php\/wp-json\/wp\/v2\/product\/21312","targetHints":{"allow":["GET"]}}],"collection":[{"href":"https:\/\/superstore.ee\/index.php\/wp-json\/wp\/v2\/product"}],"about":[{"href":"https:\/\/superstore.ee\/index.php\/wp-json\/wp\/v2\/types\/product"}],"wp:featuredmedia":[{"embeddable":true,"href":"https:\/\/superstore.ee\/index.php\/wp-json\/wp\/v2\/media\/21772"}],"wp:attachment":[{"href":"https:\/\/superstore.ee\/index.php\/wp-json\/wp\/v2\/media?parent=21312"}],"wp:term":[{"taxonomy":"product_brand","embeddable":true,"href":"https:\/\/superstore.ee\/index.php\/wp-json\/wp\/v2\/product_brand?post=21312"},{"taxonomy":"product_cat","embeddable":true,"href":"https:\/\/superstore.ee\/index.php\/wp-json\/wp\/v2\/product_cat?post=21312"},{"taxonomy":"product_tag","embeddable":true,"href":"https:\/\/superstore.ee\/index.php\/wp-json\/wp\/v2\/product_tag?post=21312"}],"curies":[{"name":"wp","href":"https:\/\/api.w.org\/{rel}","templated":true}]}}