{"id":21421,"date":"2025-01-09T19:43:32","date_gmt":"2025-01-09T17:43:32","guid":{"rendered":"https:\/\/superstore.ee\/?post_type=product&#038;p=21421"},"modified":"2026-02-01T18:24:09","modified_gmt":"2026-02-01T16:24:09","slug":"voluumi-andev-huulelaige-kiko-milano-days-in-bloom-volumizing-lip-shine","status":"publish","type":"product","link":"https:\/\/superstore.ee\/index.php\/toode\/voluumi-andev-huulelaige-kiko-milano-days-in-bloom-volumizing-lip-shine\/","title":{"rendered":"Vol\u00fc\u00fcmi andev huulel\u00e4ige KIKO Milano Days In Bloom Volumizing Lip Shine"},"content":{"rendered":"","protected":false},"excerpt":{"rendered":"<p>\ud83c\uddea\ud83c\uddea KIKO Milano Vol\u00fc\u00fcmi andev s\u00e4rava viimistlusega huulel\u00e4ige<\/p>\n<ul>\n<li>selle kerge koostis on rikastatud sheav\u00f5iga;<\/li>\n<li>v\u00e4ga mugav tekstuur v\u00e4rske freesia nootidega muudab huuled pehmeks, l\u00e4ikivaks ja vol\u00fc\u00fcmiliseks;<\/li>\n<li>seda saab kasutada eraldi v\u00f5i s\u00e4rava pealislakina, et anda huultele peeglilaadne viimistlus.<\/li>\n<\/ul>\n<p>\ud83c\uddf7\ud83c\uddfa KIKO Milano \u0411\u043b\u0435\u0441\u043a \u0434\u043b\u044f \u0433\u0443\u0431 \u0441 \u0441\u0438\u044f\u044e\u0449\u0438\u043c \u0444\u0438\u043d\u0438\u0448\u0435\u043c, \u043f\u0440\u0438\u0434\u0430\u044e\u0449\u0438\u0439 \u043e\u0431\u044a\u0435\u043c<\/p>\n<ul>\n<li>\u0435\u0433\u043e \u043b\u0435\u0433\u043a\u0430\u044f \u0444\u043e\u0440\u043c\u0443\u043b\u0430 \u043e\u0431\u043e\u0433\u0430\u0449\u0435\u043d\u0430 \u043c\u0430\u0441\u043b\u043e\u043c \u0448\u0438;<\/li>\n<li>\u043e\u0447\u0435\u043d\u044c \u043a\u043e\u043c\u0444\u043e\u0440\u0442\u043d\u0430\u044f \u0442\u0435\u043a\u0441\u0442\u0443\u0440\u0430 \u0441 \u043d\u043e\u0442\u043a\u0430\u043c\u0438 \u0441\u0432\u0435\u0436\u0435\u0439 \u0444\u0440\u0435\u0437\u0438\u0438 \u0434\u0435\u043b\u0430\u0435\u0442 \u0433\u0443\u0431\u044b \u043c\u044f\u0433\u043a\u0438\u043c\u0438, \u0431\u043b\u0435\u0441\u0442\u044f\u0449\u0438\u043c\u0438 \u0438 \u043e\u0431\u044a\u0435\u043c\u043d\u044b\u043c\u0438;<\/li>\n<li>\u043c\u043e\u0436\u043d\u043e \u0438\u0441\u043f\u043e\u043b\u044c\u0437\u043e\u0432\u0430\u0442\u044c \u043e\u0442\u0434\u0435\u043b\u044c\u043d\u043e \u0438\u043b\u0438 \u0432 \u043a\u0430\u0447\u0435\u0441\u0442\u0432\u0435 \u0432\u0435\u0440\u0445\u043d\u0435\u0433\u043e \u043f\u043e\u043a\u0440\u044b\u0442\u0438\u044f, \u0447\u0442\u043e\u0431\u044b \u043f\u0440\u0438\u0434\u0430\u0442\u044c \u0433\u0443\u0431\u0430\u043c \u0437\u0435\u0440\u043a\u0430\u043b\u044c\u043d\u044b\u0439 \u0431\u043b\u0435\u0441\u043a.<\/li>\n<\/ul>\n<p>\ud83c\uddfa\ud83c\uddf8 KIKO Milano Days In Bloom Volumizing Lip Shine<\/p>\n<p>Volumising lip gloss with a radiant finish<\/p>\n<ul>\n<li>its lightweight formula is enriched with shea butter;<\/li>\n<li>it has an extremely comfortable texture infused with fresh bright notes of freesia which leaves the lips soft, shiny and full;<\/li>\n<li>it can be used on its own or as a shimmery top coat, for adding a mirror-like finish to any lip look.<\/li>\n<\/ul>\n","protected":false},"featured_media":19716,"template":"","meta":{"jetpack_publicize_message":"","jetpack_publicize_feature_enabled":true,"jetpack_social_post_already_shared":false,"jetpack_social_options":{"image_generator_settings":{"template":"highway","default_image_id":0,"font":"","enabled":false},"version":2}},"product_brand":[],"product_cat":[911,988,986,973,340,631],"product_tag":[],"class_list":{"0":"post-21421","1":"product","2":"type-product","3":"status-publish","4":"has-post-thumbnail","6":"product_cat-huuled","7":"product_cat-lip-gloss","8":"product_cat-kiko-lips","9":"product_cat-makeup","10":"product_cat-kiko-milano","11":"product_cat-sale","13":"first","14":"outofstock","15":"sale","16":"shipping-taxable","17":"purchasable","18":"product-type-simple"},"jetpack_publicize_connections":[],"jetpack_sharing_enabled":true,"jetpack_likes_enabled":true,"_links":{"self":[{"href":"https:\/\/superstore.ee\/index.php\/wp-json\/wp\/v2\/product\/21421","targetHints":{"allow":["GET"]}}],"collection":[{"href":"https:\/\/superstore.ee\/index.php\/wp-json\/wp\/v2\/product"}],"about":[{"href":"https:\/\/superstore.ee\/index.php\/wp-json\/wp\/v2\/types\/product"}],"wp:featuredmedia":[{"embeddable":true,"href":"https:\/\/superstore.ee\/index.php\/wp-json\/wp\/v2\/media\/19716"}],"wp:attachment":[{"href":"https:\/\/superstore.ee\/index.php\/wp-json\/wp\/v2\/media?parent=21421"}],"wp:term":[{"taxonomy":"product_brand","embeddable":true,"href":"https:\/\/superstore.ee\/index.php\/wp-json\/wp\/v2\/product_brand?post=21421"},{"taxonomy":"product_cat","embeddable":true,"href":"https:\/\/superstore.ee\/index.php\/wp-json\/wp\/v2\/product_cat?post=21421"},{"taxonomy":"product_tag","embeddable":true,"href":"https:\/\/superstore.ee\/index.php\/wp-json\/wp\/v2\/product_tag?post=21421"}],"curies":[{"name":"wp","href":"https:\/\/api.w.org\/{rel}","templated":true}]}}