{"id":21446,"date":"2025-01-15T14:38:21","date_gmt":"2025-01-15T12:38:21","guid":{"rendered":"https:\/\/superstore.ee\/?post_type=product&#038;p=21446"},"modified":"2026-04-04T12:29:39","modified_gmt":"2026-04-04T09:29:39","slug":"voluumi-andev-ja-koolutav-ripsmetuss-kiko-milano-ultra-tech-volume-and-curl-mascara","status":"publish","type":"product","link":"https:\/\/superstore.ee\/index.php\/toode\/voluumi-andev-ja-koolutav-ripsmetuss-kiko-milano-ultra-tech-volume-and-curl-mascara\/","title":{"rendered":"KIKO Milano Ultra Tech + Volume And Curl Mascara &#8211; Vol\u00fc\u00fcmi andev ja koolutav ripsmetu\u0161\u0161"},"content":{"rendered":"","protected":false},"excerpt":{"rendered":"<div class=\"ProductDetails__Sub hidden-md\">\n<p>\ud83c\uddea\ud83c\uddea Vol\u00fc\u00fcmi andev ja koolutav ripsmetu\u0161\u0161 KIKO Milano<\/p>\n<p><strong>Innovaatiline elastomeerist hari:<\/strong><\/p>\n<ul>\n<li>Tagab kohese vol\u00fc\u00fcmi ja t\u00f5stva efekti.<\/li>\n<li>&#8220;Kunstlike ripsmete&#8221; efekt t\u00e4nu kahekordsele funktsioonile:\n<ul>\n<li>\u00dclemine osa lisab vol\u00fc\u00fcmi ja kaarduvust.<\/li>\n<li>Alumine osa kammib ja t\u00f5stab ripsmeid, pakkudes t\u00e4iuslikku eraldatust.<\/li>\n<\/ul>\n<\/li>\n<\/ul>\n<p><strong>Looduslik koostis:<\/strong><\/p>\n<ul>\n<li>Musta roosi ekstrakt \u2013 hooldab ja kaitseb ripsmeid.<\/li>\n<li>Karnaubavaha \u2013 lisab vol\u00fc\u00fcmi ja paindlikkust.<\/li>\n<li>Riitsinus\u00f5li \u2013 tugevdab ja toidab ripsmeid.<\/li>\n<\/ul>\n<p><strong>Peamised eelised:<\/strong><\/p>\n<ul>\n<li>S\u00fcgavmust toon, mis muudab pilgu s\u00e4ravaks ja v\u00e4ljendusrikkaks.<\/li>\n<li>Kerge ja kreemjas tekstuur t\u00f5stab ripsmeid, neid raskeks muutmata.<\/li>\n<li>Ei j\u00e4ta t\u00fckke ega pudene, tagades laitmatu tulemuse kogu p\u00e4evaks.<\/li>\n<\/ul>\n<p>\ud83c\uddf7\ud83c\uddfa KIKO Milano \u0422\u0443\u0448\u044c \u0434\u043b\u044f \u0440\u0435\u0441\u043d\u0438\u0446 \u0441 \u044d\u0444\u0444\u0435\u043a\u0442\u043e\u043c \u043e\u0431\u044a\u0435\u043c\u0430 \u0438 \u043f\u043e\u0434\u043a\u0440\u0443\u0447\u0438\u0432\u0430\u043d\u0438\u044f<\/p>\n<p><strong>\u041e\u0441\u043e\u0431\u0430\u044f \u0430\u043d\u0430\u0442\u043e\u043c\u0438\u0447\u0435\u0441\u043a\u0430\u044f \u0449\u0435\u0442\u043e\u0447\u043a\u0430 \u0438\u0437 \u044d\u043b\u0430\u0441\u0442\u043e\u043c\u0435\u0440\u0430:<\/strong><\/p>\n<ul>\n<li>\u041e\u0431\u0435\u0441\u043f\u0435\u0447\u0438\u0432\u0430\u0435\u0442 \u043c\u0433\u043d\u043e\u0432\u0435\u043d\u043d\u044b\u0439 \u043e\u0431\u044a\u0435\u043c \u0438 \u044d\u0444\u0444\u0435\u043a\u0442 \u043b\u0438\u0444\u0442\u0438\u043d\u0433\u0430.<\/li>\n<li>&#8220;\u042d\u0444\u0444\u0435\u043a\u0442 \u043d\u0430\u043a\u043b\u0430\u0434\u043d\u044b\u0445 \u0440\u0435\u0441\u043d\u0438\u0446&#8221; \u0431\u043b\u0430\u0433\u043e\u0434\u0430\u0440\u044f \u0434\u0432\u043e\u0439\u043d\u043e\u0439 \u0444\u0443\u043d\u043a\u0446\u0438\u0438:<\/li>\n<\/ul>\n<ul>\n<li style=\"list-style-type: none;\">\n<ul>\n<li>\u0412\u0435\u0440\u0445\u043d\u044f\u044f \u0447\u0430\u0441\u0442\u044c \u0434\u043e\u0431\u0430\u0432\u043b\u044f\u0435\u0442 \u043e\u0431\u044a\u0435\u043c \u0438 \u0441\u043e\u0437\u0434\u0430\u0435\u0442 \u0437\u0430\u0432\u0438\u0442\u043e\u043a.<\/li>\n<li>\u041d\u0438\u0436\u043d\u044f\u044f \u0447\u0430\u0441\u0442\u044c \u0440\u0430\u0441\u0447\u0435\u0441\u044b\u0432\u0430\u0435\u0442 \u0438 \u043f\u0440\u0438\u043f\u043e\u0434\u043d\u0438\u043c\u0430\u0435\u0442 \u0440\u0435\u0441\u043d\u0438\u0446\u044b \u0434\u043b\u044f \u0438\u0434\u0435\u0430\u043b\u044c\u043d\u043e\u0439 \u0447\u0435\u0442\u043a\u043e\u0441\u0442\u0438.<\/li>\n<\/ul>\n<\/li>\n<\/ul>\n<p><strong>\u041d\u0430\u0442\u0443\u0440\u0430\u043b\u044c\u043d\u0430\u044f \u0444\u043e\u0440\u043c\u0443\u043b\u0430:<\/strong><\/p>\n<ul>\n<li>\u041e\u0431\u043e\u0433\u0430\u0449\u0435\u043d\u0430 \u044d\u043a\u0441\u0442\u0440\u0430\u043a\u0442\u043e\u043c \u0447\u0435\u0440\u043d\u043e\u0439 \u0440\u043e\u0437\u044b \u0434\u043b\u044f \u043f\u0438\u0442\u0430\u043d\u0438\u044f \u0438 \u0443\u0445\u043e\u0434\u0430.<\/li>\n<li>\u0421\u043e\u0434\u0435\u0440\u0436\u0438\u0442 \u043a\u0430\u0440\u043d\u0430\u0443\u0431\u0441\u043a\u0438\u0439 \u0432\u043e\u0441\u043a \u0438 \u043a\u0430\u0441\u0442\u043e\u0440\u043e\u0432\u043e\u0435 \u043c\u0430\u0441\u043b\u043e \u0434\u043b\u044f \u0433\u0438\u0431\u043a\u043e\u0441\u0442\u0438 \u0438 \u0443\u043a\u0440\u0435\u043f\u043b\u0435\u043d\u0438\u044f \u0440\u0435\u0441\u043d\u0438\u0446.<\/li>\n<\/ul>\n<p><strong>\u041e\u0441\u043d\u043e\u0432\u043d\u044b\u0435 \u043f\u0440\u0435\u0438\u043c\u0443\u0449\u0435\u0441\u0442\u0432\u0430:<\/strong><\/p>\n<ul>\n<li>\u0418\u043d\u0442\u0435\u043d\u0441\u0438\u0432\u043d\u044b\u0439 \u0447\u0435\u0440\u043d\u044b\u0439 \u0446\u0432\u0435\u0442 \u0434\u043b\u044f \u0432\u044b\u0440\u0430\u0437\u0438\u0442\u0435\u043b\u044c\u043d\u043e\u0433\u043e \u0432\u0437\u0433\u043b\u044f\u0434\u0430.<\/li>\n<li>\u041b\u0435\u0433\u043a\u0430\u044f \u043a\u0440\u0435\u043c\u043e\u0432\u0430\u044f \u0442\u0435\u043a\u0441\u0442\u0443\u0440\u0430 \u043f\u0440\u0438\u043f\u043e\u0434\u043d\u0438\u043c\u0430\u0435\u0442 \u0440\u0435\u0441\u043d\u0438\u0446\u044b, \u043d\u0435 \u0443\u0442\u044f\u0436\u0435\u043b\u044f\u044f \u0438\u0445.<\/li>\n<li>\u0411\u0435\u0437 \u043a\u043e\u043c\u043e\u0447\u043a\u043e\u0432 \u0438 \u043e\u0441\u044b\u043f\u0430\u043d\u0438\u044f, \u043e\u0431\u0435\u0441\u043f\u0435\u0447\u0438\u0432\u0430\u0435\u0442 \u0431\u0435\u0437\u0443\u043f\u0440\u0435\u0447\u043d\u044b\u0439 \u0440\u0435\u0437\u0443\u043b\u044c\u0442\u0430\u0442 \u043d\u0430 \u0432\u0435\u0441\u044c \u0434\u0435\u043d\u044c.<\/li>\n<\/ul>\n<p>\u0420\u0435\u0441\u043d\u0438\u0446\u044b \u043f\u0440\u0438\u043e\u0431\u0440\u0435\u0442\u0430\u044e\u0442 \u043a\u0440\u0430\u0441\u0438\u0432\u044b\u0439 \u0438\u0437\u0433\u0438\u0431, \u0441\u0442\u0430\u043d\u043e\u0432\u044f\u0442\u0441\u044f \u0440\u0430\u0437\u0434\u0435\u043b\u0435\u043d\u043d\u044b\u043c\u0438 \u0438 \u0432\u044b\u0440\u0430\u0437\u0438\u0442\u0435\u043b\u044c\u043d\u044b\u043c\u0438, \u0441\u043e\u0437\u0434\u0430\u0432\u0430\u044f \u044d\u0444\u0444\u0435\u043a\u0442 \u0448\u0438\u0440\u043e\u043a\u043e \u043e\u0442\u043a\u0440\u044b\u0442\u044b\u0445 \u0433\u043b\u0430\u0437.<\/p>\n<p>\ud83c\uddfa\ud83c\uddf8 KIKO Milano Ultra Tech+ Volume And Curl Mascara<\/p>\n<p><strong>Innovative elastomer brush:<\/strong><\/p>\n<ul>\n<li>Provides instant volume and a lifting effect.<\/li>\n<li>&#8220;False lash&#8221; effect thanks to its dual functionality:\n<ul>\n<li>The upper part adds volume and curl.<\/li>\n<li>The lower part combs and lifts lashes for perfect separation.<\/li>\n<\/ul>\n<\/li>\n<\/ul>\n<p><strong>Natural formula:<\/strong><\/p>\n<ul>\n<li>Black rose extract \u2013 nourishes and protects lashes.<\/li>\n<li>Carnauba wax \u2013 adds volume and flexibility.<\/li>\n<li>Castor oil \u2013 strengthens and conditions lashes.<\/li>\n<\/ul>\n<p><strong>Key benefits:<\/strong><\/p>\n<ul>\n<li>Deep black shade for a bright and expressive look.<\/li>\n<li>Lightweight, creamy texture lifts lashes without weighing them down.<\/li>\n<li>Clump-free and smudge-free for a flawless, all-day result.<\/li>\n<\/ul>\n<p>&nbsp;<\/p>\n<\/div>\n","protected":false},"featured_media":14233,"template":"","meta":{"jetpack_publicize_message":"","jetpack_publicize_feature_enabled":true,"jetpack_social_post_already_shared":false,"jetpack_social_options":{"image_generator_settings":{"template":"highway","default_image_id":0,"font":"","enabled":false},"version":2}},"product_brand":[],"product_cat":[973,340,983,982],"product_tag":[],"class_list":{"0":"post-21446","1":"product","2":"type-product","3":"status-publish","4":"has-post-thumbnail","6":"product_cat-makeup","7":"product_cat-kiko-milano","8":"product_cat-mascara","9":"product_cat-eyes","10":"pa_varv-01-blonde","11":"pa_varv-02-chestnut","13":"first","14":"instock","15":"shipping-taxable","16":"purchasable","17":"product-type-simple"},"jetpack_publicize_connections":[],"jetpack_sharing_enabled":true,"jetpack_likes_enabled":true,"_links":{"self":[{"href":"https:\/\/superstore.ee\/index.php\/wp-json\/wp\/v2\/product\/21446","targetHints":{"allow":["GET"]}}],"collection":[{"href":"https:\/\/superstore.ee\/index.php\/wp-json\/wp\/v2\/product"}],"about":[{"href":"https:\/\/superstore.ee\/index.php\/wp-json\/wp\/v2\/types\/product"}],"wp:featuredmedia":[{"embeddable":true,"href":"https:\/\/superstore.ee\/index.php\/wp-json\/wp\/v2\/media\/14233"}],"wp:attachment":[{"href":"https:\/\/superstore.ee\/index.php\/wp-json\/wp\/v2\/media?parent=21446"}],"wp:term":[{"taxonomy":"product_brand","embeddable":true,"href":"https:\/\/superstore.ee\/index.php\/wp-json\/wp\/v2\/product_brand?post=21446"},{"taxonomy":"product_cat","embeddable":true,"href":"https:\/\/superstore.ee\/index.php\/wp-json\/wp\/v2\/product_cat?post=21446"},{"taxonomy":"product_tag","embeddable":true,"href":"https:\/\/superstore.ee\/index.php\/wp-json\/wp\/v2\/product_tag?post=21446"}],"curies":[{"name":"wp","href":"https:\/\/api.w.org\/{rel}","templated":true}]}}