{"id":21447,"date":"2025-01-15T14:39:48","date_gmt":"2025-01-15T12:39:48","guid":{"rendered":"https:\/\/superstore.ee\/?post_type=product&#038;p=21447"},"modified":"2025-12-29T21:13:41","modified_gmt":"2025-12-29T19:13:41","slug":"kiko-milano-ultra-tech-volume-and-definition-mascara-ripsmetuss-voluumi-ja-tapsuse-saavutamiseks","status":"publish","type":"product","link":"https:\/\/superstore.ee\/index.php\/toode\/kiko-milano-ultra-tech-volume-and-definition-mascara-ripsmetuss-voluumi-ja-tapsuse-saavutamiseks\/","title":{"rendered":"KIKO Milano Ultra Tech + Volume And Definition Mascara &#8211; Ripsmetu\u0161\u0161 vol\u00fc\u00fcmi ja t\u00e4psuse saavutamiseks"},"content":{"rendered":"","protected":false},"excerpt":{"rendered":"<div class=\"ProductDetails__Sub hidden-md\">\n<p>\ud83c\uddea\ud83c\uddea KIKO Milano Ripsmetu\u0161\u0161 vol\u00fc\u00fcmi ja t\u00e4psuse saavutamiseks<\/p>\n<p><strong>Eriline elastomeerist hari:<\/strong><\/p>\n<ul>\n<li>Kannab ripsmetu\u0161i \u00fchtlaselt peale.<\/li>\n<li>Eristab ja vormib ripsmeid ideaalselt.<\/li>\n<li>Loob loomuliku ja kauni tulemuse.<\/li>\n<\/ul>\n<p><strong>Looduslik koostis:<\/strong><\/p>\n<ul>\n<li>Puuvilla\u00f5ite ekstrakt \u2013 hooldab ja kaitseb ripsmeid.<\/li>\n<li>Karnaubavaha \u2013 lisab vol\u00fc\u00fcmi ja elastsust.<\/li>\n<li>Riitsinus\u00f5li \u2013 tugevdab ja toidab ripsmeid.<\/li>\n<\/ul>\n<p><strong>Peamised eelised:<\/strong><\/p>\n<ul>\n<li style=\"list-style-type: none;\">\n<ul>\n<li>S\u00fcgavmust toon, mis r\u00f5hutab silmi.<\/li>\n<li>Kerge tekstuur, mis ei koorma ripsmeid.<\/li>\n<li>Ei tekita t\u00fckke ega pudene, tagades veatu v\u00e4limuse kogu p\u00e4evaks.<\/li>\n<\/ul>\n<\/li>\n<\/ul>\n<p>\ud83c\uddf7\ud83c\uddfa KIKO Milano\u0422\u0443\u0448\u044c \u0434\u043b\u044f \u0440\u0435\u0441\u043d\u0438\u0446 \u0441 \u044d\u0444\u0444\u0435\u043a\u0442\u043e\u043c \u043e\u0431\u044a\u0435\u043c\u0430 \u0438 \u0447\u0435\u0442\u043a\u043e\u0441\u0442\u0438<\/p>\n<p><strong>\u0421\u043f\u0435\u0446\u0438\u0430\u043b\u044c\u043d\u0430\u044f \u044d\u043b\u0430\u0441\u0442\u043e\u043c\u0435\u0440\u043d\u0430\u044f \u0449\u0435\u0442\u043e\u0447\u043a\u0430:<\/strong><\/p>\n<ul>\n<li>\u0420\u0430\u0432\u043d\u043e\u043c\u0435\u0440\u043d\u043e \u0440\u0430\u0441\u043f\u0440\u0435\u0434\u0435\u043b\u044f\u0435\u0442 \u0442\u0443\u0448\u044c.<\/li>\n<li>\u0422\u0449\u0430\u0442\u0435\u043b\u044c\u043d\u043e \u0440\u0430\u0437\u0434\u0435\u043b\u044f\u0435\u0442 \u0440\u0435\u0441\u043d\u0438\u0446\u044b.<\/li>\n<li>\u0421\u043e\u0437\u0434\u0430\u0435\u0442 \u0435\u0441\u0442\u0435\u0441\u0442\u0432\u0435\u043d\u043d\u044b\u0439 \u044d\u0444\u0444\u0435\u043a\u0442.<\/li>\n<\/ul>\n<p><strong>\u041d\u0430\u0442\u0443\u0440\u0430\u043b\u044c\u043d\u044b\u0439 \u0441\u043e\u0441\u0442\u0430\u0432:<\/strong><\/p>\n<ul>\n<li>\u042d\u043a\u0441\u0442\u0440\u0430\u043a\u0442 \u0446\u0432\u0435\u0442\u043e\u0432 \u0445\u043b\u043e\u043f\u043a\u0430 \u2013 \u0443\u0445\u0430\u0436\u0438\u0432\u0430\u0435\u0442 \u0437\u0430 \u0440\u0435\u0441\u043d\u0438\u0446\u0430\u043c\u0438.<\/li>\n<li>\u041a\u0430\u0440\u043d\u0430\u0443\u0431\u0441\u043a\u0438\u0439 \u0432\u043e\u0441\u043a \u2013 \u043f\u0440\u0438\u0434\u0430\u0435\u0442 \u0433\u0443\u0441\u0442\u043e\u0442\u0443 \u0438 \u044d\u043b\u0430\u0441\u0442\u0438\u0447\u043d\u043e\u0441\u0442\u044c.<\/li>\n<li>\u041a\u0430\u0441\u0442\u043e\u0440\u043e\u0432\u043e\u0435 \u043c\u0430\u0441\u043b\u043e \u2013 \u0443\u043a\u0440\u0435\u043f\u043b\u044f\u0435\u0442 \u0438 \u043f\u0438\u0442\u0430\u0435\u0442 \u0440\u0435\u0441\u043d\u0438\u0446\u044b.<\/li>\n<\/ul>\n<p><strong>\u041f\u0440\u0435\u0438\u043c\u0443\u0449\u0435\u0441\u0442\u0432\u0430:<\/strong><\/p>\n<ul>\n<li style=\"list-style-type: none;\">\n<ul>\n<li>\u0418\u043d\u0442\u0435\u043d\u0441\u0438\u0432\u043d\u044b\u0439 \u0447\u0435\u0440\u043d\u044b\u0439 \u0446\u0432\u0435\u0442 \u0434\u043b\u044f \u0432\u044b\u0440\u0430\u0437\u0438\u0442\u0435\u043b\u044c\u043d\u043e\u0433\u043e \u0432\u0437\u0433\u043b\u044f\u0434\u0430.<\/li>\n<li>\u041b\u0435\u0433\u043a\u0430\u044f \u0442\u0435\u043a\u0441\u0442\u0443\u0440\u0430, \u043d\u0435 \u0443\u0442\u044f\u0436\u0435\u043b\u044f\u044e\u0449\u0430\u044f \u0440\u0435\u0441\u043d\u0438\u0446\u044b.<\/li>\n<li>\u0411\u0435\u0437 \u043a\u043e\u043c\u043e\u0447\u043a\u043e\u0432 \u0438 \u043e\u0441\u044b\u043f\u0430\u043d\u0438\u0439, \u0433\u0430\u0440\u0430\u043d\u0442\u0438\u0440\u0443\u0435\u0442 \u0430\u043a\u043a\u0443\u0440\u0430\u0442\u043d\u044b\u0439 \u0432\u0438\u0434.<\/li>\n<\/ul>\n<\/li>\n<\/ul>\n<p>\ud83c\uddfa\ud83c\uddf8 KIKO Milano Ultra Tech + Volume And Definition Mascara. Volume and definition-enhancing mascara.<\/p>\n<p><strong>Special elastomer brush:<\/strong><\/p>\n<ul>\n<li>Applies mascara evenly.<\/li>\n<li>Separates and shapes lashes perfectly.<\/li>\n<li>Creates a natural and beautiful result.<\/li>\n<\/ul>\n<p><strong>Natural formula:<\/strong><\/p>\n<ul>\n<li>Cotton flower extract \u2013 cares for and protects lashes.<\/li>\n<li>Carnauba wax \u2013 adds volume and flexibility.<\/li>\n<li>Castor oil \u2013 strengthens and nourishes lashes.<\/li>\n<\/ul>\n<p><strong>Key benefits:<\/strong><\/p>\n<ul>\n<li>Deep black shade that enhances the eyes.<\/li>\n<li>Lightweight texture that doesn\u2019t weigh lashes down.<\/li>\n<li>Clump-free and smudge-free for a flawless look all day long.<\/li>\n<\/ul>\n<\/div>\n","protected":false},"featured_media":21453,"template":"","meta":{"jetpack_publicize_message":"","jetpack_publicize_feature_enabled":true,"jetpack_social_post_already_shared":false,"jetpack_social_options":{"image_generator_settings":{"template":"highway","default_image_id":0,"font":"","enabled":false},"version":2}},"product_brand":[],"product_cat":[973,340,983,982],"product_tag":[],"class_list":{"0":"post-21447","1":"product","2":"type-product","3":"status-publish","4":"has-post-thumbnail","6":"product_cat-makeup","7":"product_cat-kiko-milano","8":"product_cat-mascara","9":"product_cat-eyes","10":"pa_varv-01-blonde","11":"pa_varv-02-chestnut","13":"first","14":"outofstock","15":"sale","16":"shipping-taxable","17":"purchasable","18":"product-type-simple"},"jetpack_publicize_connections":[],"jetpack_sharing_enabled":true,"jetpack_likes_enabled":true,"_links":{"self":[{"href":"https:\/\/superstore.ee\/index.php\/wp-json\/wp\/v2\/product\/21447","targetHints":{"allow":["GET"]}}],"collection":[{"href":"https:\/\/superstore.ee\/index.php\/wp-json\/wp\/v2\/product"}],"about":[{"href":"https:\/\/superstore.ee\/index.php\/wp-json\/wp\/v2\/types\/product"}],"wp:featuredmedia":[{"embeddable":true,"href":"https:\/\/superstore.ee\/index.php\/wp-json\/wp\/v2\/media\/21453"}],"wp:attachment":[{"href":"https:\/\/superstore.ee\/index.php\/wp-json\/wp\/v2\/media?parent=21447"}],"wp:term":[{"taxonomy":"product_brand","embeddable":true,"href":"https:\/\/superstore.ee\/index.php\/wp-json\/wp\/v2\/product_brand?post=21447"},{"taxonomy":"product_cat","embeddable":true,"href":"https:\/\/superstore.ee\/index.php\/wp-json\/wp\/v2\/product_cat?post=21447"},{"taxonomy":"product_tag","embeddable":true,"href":"https:\/\/superstore.ee\/index.php\/wp-json\/wp\/v2\/product_tag?post=21447"}],"curies":[{"name":"wp","href":"https:\/\/api.w.org\/{rel}","templated":true}]}}