{"id":21467,"date":"2025-01-15T19:00:54","date_gmt":"2025-01-15T17:00:54","guid":{"rendered":"https:\/\/superstore.ee\/?post_type=product&#038;p=21467"},"modified":"2026-02-01T13:43:35","modified_gmt":"2026-02-01T11:43:35","slug":"toitev-huuleoli-kiko-milano-nourishing-lip-oil-2","status":"publish","type":"product","link":"https:\/\/superstore.ee\/index.php\/toode\/toitev-huuleoli-kiko-milano-nourishing-lip-oil-2\/","title":{"rendered":"KIKO Milano Nourishing Lip Oil &#8211; Toitev Huule\u00f5li"},"content":{"rendered":"","protected":false},"excerpt":{"rendered":"<p style=\"text-align: left;\">\ud83c\uddea\ud83c\uddea KIKO Milano toitev ja niisutav huule\u00f5li<\/p>\n<ul>\n<li>ideaalne huulte toitmiseks, niisutamiseks ja t\u00e4iustamiseks, j\u00e4ttes need pehmeks ja andes neile peegliefektiga s\u00e4ra;<\/li>\n<li>valem on rikastatud vaarikaseemne\u00f5li ekstraktiga;<\/li>\n<li>on siidise, vastupandamatult pehme ja \u00fcmbritseva tekstuuriga, mis libiseb huultele, pakkudes neile mugavust ja toitmist ning j\u00e4ttes need s\u00e4ravaks ja mittekleepuvaks;<\/li>\n<li>saab kasutada eraldi v\u00f5i pealislakina.<\/li>\n<\/ul>\n<p>\ud83c\uddf7\ud83c\uddfa KIKO Milano \u041f\u0438\u0442\u0430\u0442\u0435\u043b\u044c\u043d\u043e\u0435 \u0438 \u0443\u0432\u043b\u0430\u0436\u043d\u044f\u044e\u0449\u0435\u0435 \u043c\u0430\u0441\u043b\u043e \u0434\u043b\u044f \u0433\u0443\u0431<\/p>\n<ul>\n<li>\u0438\u0434\u0435\u0430\u043b\u044c\u043d\u043e \u043f\u043e\u0434\u0445\u043e\u0434\u0438\u0442 \u0434\u043b\u044f \u043f\u0438\u0442\u0430\u043d\u0438\u044f, \u0443\u0432\u043b\u0430\u0436\u043d\u0435\u043d\u0438\u044f \u0438 \u0443\u043a\u0440\u0435\u043f\u043b\u0435\u043d\u0438\u044f \u0433\u0443\u0431, \u0434\u0435\u043b\u0430\u044f \u0438\u0445 \u043c\u044f\u0433\u043a\u0438\u043c\u0438 \u0438 \u043f\u0440\u0438\u0434\u0430\u0432\u0430\u044f \u0438\u043c \u0437\u0435\u0440\u043a\u0430\u043b\u044c\u043d\u044b\u0439 \u0431\u043b\u0435\u0441\u043a;<\/li>\n<li>\u0444\u043e\u0440\u043c\u0443\u043b\u0430 \u043e\u0431\u043e\u0433\u0430\u0449\u0435\u043d\u0430 \u044d\u043a\u0441\u0442\u0440\u0430\u043a\u0442\u043e\u043c \u043c\u0430\u0441\u043b\u0430 \u0441\u0435\u043c\u044f\u043d \u043c\u0430\u043b\u0438\u043d\u044b;<\/li>\n<li>\u043d\u0435\u043e\u0442\u0440\u0430\u0437\u0438\u043c\u043e \u043e\u0431\u0432\u043e\u043b\u0430\u043a\u0438\u0432\u0430\u044e\u0449\u0430\u044f \u0442\u0435\u043a\u0441\u0442\u0443\u0440\u0430 \u043d\u0435\u0436\u043d\u043e \u0441\u043a\u043e\u043b\u044c\u0437\u0438\u0442 \u043f\u043e \u0433\u0443\u0431\u0430\u043c, \u0434\u0435\u043b\u0430\u044f \u0438\u0445 \u043c\u044f\u0433\u043a\u0438\u043c\u0438, \u0441\u0438\u044f\u044e\u0449\u0438\u043c\u0438, \u0430 \u0433\u043b\u0430\u0432\u043d\u043e\u0435 \u2013 \u043d\u0435 \u043b\u0438\u043f\u043a\u0438\u043c\u0438.<\/li>\n<li>\u043c\u043e\u0436\u043d\u043e \u0438\u0441\u043f\u043e\u043b\u044c\u0437\u043e\u0432\u0430\u0442\u044c \u043e\u0442\u0434\u0435\u043b\u044c\u043d\u043e \u0438\u043b\u0438 \u0432 \u043a\u0430\u0447\u0435\u0441\u0442\u0432\u0435 \u0432\u0435\u0440\u0445\u043d\u0435\u0433\u043e \u043f\u043e\u043a\u0440\u044b\u0442\u0438\u044f;<\/li>\n<\/ul>\n<p>\ud83c\uddfa\ud83c\uddf8 KIKO Milano Nourishing Lip Oil<\/p>\n<ul>\n<li>ideal for nourishing, moisturising and enhancing your lips, leaving them soft and giving them a mirror-effect shine;<\/li>\n<li>its formula is enriched with raspberry seed oil extract;<\/li>\n<li>has a silky, irresistibly soft and enveloping texture that glides onto the lips, providing them with comfort and nourishment and leaving them radiant and non-sticky;<\/li>\n<li>can be used on its own or as a top coat.<\/li>\n<\/ul>\n","protected":false},"featured_media":16754,"template":"","meta":{"jetpack_publicize_message":"","jetpack_publicize_feature_enabled":true,"jetpack_social_post_already_shared":false,"jetpack_social_options":{"image_generator_settings":{"template":"highway","default_image_id":0,"font":"","enabled":false},"version":2}},"product_brand":[],"product_cat":[911,969,989,986,973,340,964],"product_tag":[],"class_list":{"0":"post-21467","1":"product","2":"type-product","3":"status-publish","4":"has-post-thumbnail","6":"product_cat-huuled","7":"product_cat-lip-care","8":"product_cat-lip-oil","9":"product_cat-kiko-lips","10":"product_cat-makeup","11":"product_cat-kiko-milano","12":"product_cat-face-care","13":"pa_varv-01-soft-rose","14":"pa_varv-02-unicorn-lovers","15":"pa_varv-03-stylish-rose","16":"pa_varv-05-red-velvet","18":"first","19":"outofstock","20":"sale","21":"shipping-taxable","22":"product-type-variable"},"jetpack_publicize_connections":[],"jetpack_sharing_enabled":true,"jetpack_likes_enabled":true,"_links":{"self":[{"href":"https:\/\/superstore.ee\/index.php\/wp-json\/wp\/v2\/product\/21467","targetHints":{"allow":["GET"]}}],"collection":[{"href":"https:\/\/superstore.ee\/index.php\/wp-json\/wp\/v2\/product"}],"about":[{"href":"https:\/\/superstore.ee\/index.php\/wp-json\/wp\/v2\/types\/product"}],"wp:featuredmedia":[{"embeddable":true,"href":"https:\/\/superstore.ee\/index.php\/wp-json\/wp\/v2\/media\/16754"}],"wp:attachment":[{"href":"https:\/\/superstore.ee\/index.php\/wp-json\/wp\/v2\/media?parent=21467"}],"wp:term":[{"taxonomy":"product_brand","embeddable":true,"href":"https:\/\/superstore.ee\/index.php\/wp-json\/wp\/v2\/product_brand?post=21467"},{"taxonomy":"product_cat","embeddable":true,"href":"https:\/\/superstore.ee\/index.php\/wp-json\/wp\/v2\/product_cat?post=21467"},{"taxonomy":"product_tag","embeddable":true,"href":"https:\/\/superstore.ee\/index.php\/wp-json\/wp\/v2\/product_tag?post=21467"}],"curies":[{"name":"wp","href":"https:\/\/api.w.org\/{rel}","templated":true}]}}