{"id":21496,"date":"2025-01-15T20:43:25","date_gmt":"2025-01-15T18:43:25","guid":{"rendered":"https:\/\/superstore.ee\/?post_type=product&#038;p=21496"},"modified":"2026-02-20T01:32:50","modified_gmt":"2026-02-19T23:32:50","slug":"kiko-milano-face-08-precision-powder-brush","status":"publish","type":"product","link":"https:\/\/superstore.ee\/index.php\/toode\/kiko-milano-face-08-precision-powder-brush\/","title":{"rendered":"KIKO Milano Face 08 Precision Powder Brush"},"content":{"rendered":"","protected":false},"excerpt":{"rendered":"<div class=\"ProductDetails__Name visible-md\">\n<div role=\"heading\" data-size=\"medium\">\n<div class=\"woocommerce-product-details__short-description\">\n<p>\ud83c\uddea\ud83c\uddea KIKO Milano Puudritoodete pealekandmiseks m\u00f5eldud pintsel (puuduuri, p\u00f5sepuna ja highlighter\u2019i pealekandmiseks)<\/p>\n<p><strong>Omadused:<\/strong><\/p>\n<ul>\n<li>Pintslil on spetsiaalne kuju, mis tagab t\u00e4pse ja kontrollitud pealekandmise, v\u00f5imaldades h\u00f5lpsalt modelleerida ja r\u00f5hutada n\u00e4ojooni.<\/li>\n<li>K\u00f5rgekvaliteediline s\u00fcnteetiline karv kogub t\u00e4pselt \u00f5ige koguse toodet, s\u00e4ilitab oma kuju ja tagab \u00fchtlase tulemuse.<\/li>\n<li>Pehme ja \u00f5rn karv tundub nahal meeldiv ning muudab kasutamise mugavaks.<\/li>\n<li>Pintsel ei ima toodet, vaid kannab selle t\u00e4ielikult nahale, tagades veatu ja loomuliku viimistluse.<\/li>\n<li>Sobib suurep\u00e4raselt nii puudritoodete hajutamiseks kui ka kontuurimiseks.<\/li>\n<\/ul>\n<p><strong>Kasutamine:<\/strong><\/p>\n<ul>\n<li><strong>Puudri pealekandmiseks:<\/strong> v\u00f5tke pintsliga v\u00e4ike kogus toodet ja kandke see \u00fchtlaselt \u00fcle kogu n\u00e4o.<\/li>\n<li><strong>N\u00e4o modelleerimiseks:<\/strong> kasutage pintsli kitsamat osa, et r\u00f5hutada l\u00f5uajooni, meelekohti ja p\u00f5sesarnade all olevat piirkonda.<\/li>\n<li><strong>Esilet\u00f5stmiseks:<\/strong> koguge toode pintsli otsaga ja kandke see p\u00f5sesarnadele, ninale, l\u00f5uale ja otsaesise keskosale.<\/li>\n<\/ul>\n<\/div>\n<div class=\"woocommerce-product-details__short-description\">\n<p>\ud83c\uddf7\ud83c\uddfa KIKO Milano \u041a\u0438\u0441\u0442\u044c \u0434\u043b\u044f \u043d\u0430\u043d\u0435\u0441\u0435\u043d\u0438\u044f \u043f\u0443\u0434\u0440\u043e\u0432\u044b\u0445 \u043f\u0440\u043e\u0434\u0443\u043a\u0442\u043e\u0432 (\u043f\u0443\u0434\u0440\u044b, \u0440\u0443\u043c\u044f\u043d \u0438 \u0445\u0430\u0439\u043b\u0430\u0439\u0442\u0435\u0440\u0430)<\/p>\n<p><strong>\u041e\u0441\u043e\u0431\u0435\u043d\u043d\u043e\u0441\u0442\u0438:<\/strong><\/p>\n<ul>\n<li>\u0423\u043d\u0438\u043a\u0430\u043b\u044c\u043d\u0430\u044f \u0444\u043e\u0440\u043c\u0430 \u043a\u0438\u0441\u0442\u0438 \u043e\u0431\u0435\u0441\u043f\u0435\u0447\u0438\u0432\u0430\u0435\u0442 \u0442\u043e\u0447\u043d\u043e\u0435 \u0438 \u043a\u043e\u043d\u0442\u0440\u043e\u043b\u0438\u0440\u0443\u0435\u043c\u043e\u0435 \u043d\u0430\u043d\u0435\u0441\u0435\u043d\u0438\u0435, \u043f\u043e\u0437\u0432\u043e\u043b\u044f\u044f \u043b\u0435\u0433\u043a\u043e \u043c\u043e\u0434\u0435\u043b\u0438\u0440\u043e\u0432\u0430\u0442\u044c \u0438 \u043f\u043e\u0434\u0447\u0435\u0440\u043a\u0438\u0432\u0430\u0442\u044c \u0447\u0435\u0440\u0442\u044b \u043b\u0438\u0446\u0430.<\/li>\n<li>\u0421\u0438\u043d\u0442\u0435\u0442\u0438\u0447\u0435\u0441\u043a\u0438\u0439 \u0432\u043e\u0440\u0441 \u0432\u044b\u0441\u043e\u043a\u043e\u0433\u043e \u043a\u0430\u0447\u0435\u0441\u0442\u0432\u0430 \u0441\u043e\u0431\u0438\u0440\u0430\u0435\u0442 \u043e\u043f\u0442\u0438\u043c\u0430\u043b\u044c\u043d\u043e\u0435 \u043a\u043e\u043b\u0438\u0447\u0435\u0441\u0442\u0432\u043e \u043f\u0440\u043e\u0434\u0443\u043a\u0442\u0430, \u0441\u043e\u0445\u0440\u0430\u043d\u044f\u0435\u0442 \u0444\u043e\u0440\u043c\u0443 \u043f\u0440\u0438 \u043d\u0430\u043d\u0435\u0441\u0435\u043d\u0438\u0438 \u0438 \u043e\u0431\u0435\u0441\u043f\u0435\u0447\u0438\u0432\u0430\u0435\u0442 \u0440\u0430\u0432\u043d\u043e\u043c\u0435\u0440\u043d\u043e\u0435 \u043f\u043e\u043a\u0440\u044b\u0442\u0438\u0435.<\/li>\n<li>\u041c\u044f\u0433\u043a\u0438\u0439 \u0438 \u043d\u0435\u0436\u043d\u044b\u0439 \u0432\u043e\u0440\u0441 \u0434\u0435\u043b\u0438\u043a\u0430\u0442\u043d\u043e \u043a\u0430\u0441\u0430\u0435\u0442\u0441\u044f \u043a\u043e\u0436\u0438, \u043e\u0431\u0435\u0441\u043f\u0435\u0447\u0438\u0432\u0430\u044f \u043a\u043e\u043c\u0444\u043e\u0440\u0442\u043d\u043e\u0435 \u0438\u0441\u043f\u043e\u043b\u044c\u0437\u043e\u0432\u0430\u043d\u0438\u0435.<\/li>\n<li>\u0412\u043e\u0440\u0441 \u043d\u0435 \u0432\u043f\u0438\u0442\u044b\u0432\u0430\u0435\u0442 \u043f\u0440\u043e\u0434\u0443\u043a\u0442, \u0430 \u043f\u043e\u043b\u043d\u043e\u0441\u0442\u044c\u044e \u043f\u0435\u0440\u0435\u0434\u0430\u0451\u0442 \u0435\u0433\u043e \u043d\u0430 \u043a\u043e\u0436\u0443, \u043e\u0431\u0435\u0441\u043f\u0435\u0447\u0438\u0432\u0430\u044f \u0442\u043e\u0447\u043d\u043e\u0435 \u0438 \u0431\u0435\u0437\u0443\u043f\u0440\u0435\u0447\u043d\u043e\u0435 \u043d\u0430\u043d\u0435\u0441\u0435\u043d\u0438\u0435.<\/li>\n<li>\u041f\u043e\u0434\u0445\u043e\u0434\u0438\u0442 \u0434\u043b\u044f \u0440\u0430\u0441\u0442\u0443\u0448\u0451\u0432\u043a\u0438 \u043f\u0443\u0434\u0440\u043e\u0432\u044b\u0445 \u0442\u0435\u043a\u0441\u0442\u0443\u0440 \u0438 \u0438\u0434\u0435\u0430\u043b\u044c\u043d\u043e \u0441\u043f\u0440\u0430\u0432\u043b\u044f\u0435\u0442\u0441\u044f \u0441 \u043a\u043e\u043d\u0442\u0443\u0440\u0438\u043d\u0433\u043e\u043c.<\/li>\n<\/ul>\n<p><strong>\u041a\u0430\u043a \u0438\u0441\u043f\u043e\u043b\u044c\u0437\u043e\u0432\u0430\u0442\u044c:<\/strong><\/p>\n<ul>\n<li><strong>\u0414\u043b\u044f \u043d\u0430\u043d\u0435\u0441\u0435\u043d\u0438\u044f \u043f\u0443\u0434\u0440\u044b:<\/strong> \u0441\u043e\u0431\u0435\u0440\u0438\u0442\u0435 \u043d\u0435\u043c\u043d\u043e\u0433\u043e \u043f\u0440\u043e\u0434\u0443\u043a\u0442\u0430 \u043a\u043e\u043d\u0447\u0438\u043a\u043e\u043c \u043a\u0438\u0441\u0442\u0438 \u0438 \u0440\u0430\u0432\u043d\u043e\u043c\u0435\u0440\u043d\u043e \u0440\u0430\u0441\u043f\u0440\u0435\u0434\u0435\u043b\u0438\u0442\u0435 \u043f\u043e \u043b\u0438\u0446\u0443.<\/li>\n<li><strong>\u0414\u043b\u044f \u043c\u043e\u0434\u0435\u043b\u0438\u0440\u043e\u0432\u0430\u043d\u0438\u044f \u043b\u0438\u0446\u0430:<\/strong> \u0438\u0441\u043f\u043e\u043b\u044c\u0437\u0443\u0439\u0442\u0435 \u0437\u0430\u0443\u0436\u0435\u043d\u043d\u0443\u044e \u0447\u0430\u0441\u0442\u044c \u043a\u0438\u0441\u0442\u0438, \u0447\u0442\u043e\u0431\u044b \u043d\u0430\u043d\u0435\u0441\u0442\u0438 \u043f\u0440\u043e\u0434\u0443\u043a\u0442 \u043d\u0430 \u043b\u0438\u043d\u0438\u044e \u0447\u0435\u043b\u044e\u0441\u0442\u0438, \u0432\u0438\u0441\u043a\u0438 \u0438 \u043f\u043e\u0434\u0441\u043a\u0443\u043b\u043e\u0432\u0443\u044e \u043e\u0431\u043b\u0430\u0441\u0442\u044c.<\/li>\n<li><strong>\u0414\u043b\u044f \u043f\u043e\u0434\u0441\u0432\u0435\u0447\u0438\u0432\u0430\u043d\u0438\u044f:<\/strong> \u0441\u043e\u0431\u0435\u0440\u0438\u0442\u0435 \u043f\u0440\u043e\u0434\u0443\u043a\u0442 \u043a\u043e\u043d\u0447\u0438\u043a\u043e\u043c \u043a\u0438\u0441\u0442\u0438 \u0438 \u043d\u0430\u043d\u0435\u0441\u0438\u0442\u0435 \u043d\u0430 \u0432\u0435\u0440\u0445\u043d\u044e\u044e \u0447\u0430\u0441\u0442\u044c \u0441\u043a\u0443\u043b, \u043d\u043e\u0441, \u043f\u043e\u0434\u0431\u043e\u0440\u043e\u0434\u043e\u043a \u0438 \u0446\u0435\u043d\u0442\u0440 \u043b\u0431\u0430.<\/li>\n<\/ul>\n<p>\ud83c\uddfa\ud83c\uddf8 KIKO Milano Face 08 Precision Powder Brush. Perfect for applying face powder, blush, and highlighter.<\/p>\n<p><strong>Features:<\/strong><\/p>\n<ul>\n<li>The brush has a specially designed shape that ensures precise and controlled application, making it easy to sculpt and define facial features.<\/li>\n<li>High-quality synthetic bristles collect just the right amount of product, maintain their shape, and deliver a smooth, even finish.<\/li>\n<li>Soft and gentle bristles feel pleasant on the skin, offering a comfortable application experience.<\/li>\n<li>The brush doesn\u2019t absorb the product but transfers it entirely to the skin, ensuring a flawless and natural look.<\/li>\n<li>Excellent for blending powder products and perfect for contouring.<\/li>\n<\/ul>\n<p><strong>How to Use:<\/strong><\/p>\n<ul>\n<li><strong>For applying powder:<\/strong> Pick up a small amount of product with the brush and evenly distribute it over the face.<\/li>\n<li><strong>For sculpting:<\/strong> Use the tapered part of the brush to emphasize the jawline, temples, and the area under the cheekbones.<\/li>\n<li><strong>For highlighting:<\/strong> Gather the product with the tip of the brush and apply it to the cheekbones, nose, chin, and the center of the forehead.<\/li>\n<\/ul>\n<\/div>\n<\/div>\n<\/div>\n","protected":false},"featured_media":21497,"template":"","meta":{"jetpack_publicize_message":"","jetpack_publicize_feature_enabled":true,"jetpack_social_post_already_shared":false,"jetpack_social_options":{"image_generator_settings":{"template":"highway","default_image_id":0,"font":"","enabled":false},"version":2}},"product_brand":[],"product_cat":[972,973,340,631,974],"product_tag":[],"class_list":{"0":"post-21496","1":"product","2":"type-product","3":"status-publish","4":"has-post-thumbnail","6":"product_cat-accessories","7":"product_cat-makeup","8":"product_cat-kiko-milano","9":"product_cat-sale","10":"product_cat-face","12":"first","13":"outofstock","14":"sale","15":"shipping-taxable","16":"purchasable","17":"product-type-simple"},"jetpack_publicize_connections":[],"jetpack_sharing_enabled":true,"jetpack_likes_enabled":true,"_links":{"self":[{"href":"https:\/\/superstore.ee\/index.php\/wp-json\/wp\/v2\/product\/21496","targetHints":{"allow":["GET"]}}],"collection":[{"href":"https:\/\/superstore.ee\/index.php\/wp-json\/wp\/v2\/product"}],"about":[{"href":"https:\/\/superstore.ee\/index.php\/wp-json\/wp\/v2\/types\/product"}],"wp:featuredmedia":[{"embeddable":true,"href":"https:\/\/superstore.ee\/index.php\/wp-json\/wp\/v2\/media\/21497"}],"wp:attachment":[{"href":"https:\/\/superstore.ee\/index.php\/wp-json\/wp\/v2\/media?parent=21496"}],"wp:term":[{"taxonomy":"product_brand","embeddable":true,"href":"https:\/\/superstore.ee\/index.php\/wp-json\/wp\/v2\/product_brand?post=21496"},{"taxonomy":"product_cat","embeddable":true,"href":"https:\/\/superstore.ee\/index.php\/wp-json\/wp\/v2\/product_cat?post=21496"},{"taxonomy":"product_tag","embeddable":true,"href":"https:\/\/superstore.ee\/index.php\/wp-json\/wp\/v2\/product_tag?post=21496"}],"curies":[{"name":"wp","href":"https:\/\/api.w.org\/{rel}","templated":true}]}}