{"id":21516,"date":"2025-01-22T20:47:50","date_gmt":"2025-01-22T18:47:50","guid":{"rendered":"https:\/\/superstore.ee\/?post_type=product&#038;p=21516"},"modified":"2025-03-23T20:47:21","modified_gmt":"2025-03-23T18:47:21","slug":"victorias-secret-rich-honeysuckle-apricot-fall-flora-body-mist","status":"publish","type":"product","link":"https:\/\/superstore.ee\/index.php\/toode\/victorias-secret-rich-honeysuckle-apricot-fall-flora-body-mist\/","title":{"rendered":"Victoria\u2019s Secret Rich Honeysuckle Apricot Fall Flora Body Mist"},"content":{"rendered":"","protected":false},"excerpt":{"rendered":"<p>\ud83c\uddea\ud83c\uddea Victoria\u2019s Secret Kehasprei Rich Honeysuckle Apricot\u00a0 (250ml)<\/p>\n<p style=\"text-align: left;\">L\u00f5hnastiil: Puuvilja-lilleline magus, s\u00e4rav ja v\u00e4rske aroom<\/p>\n<p style=\"text-align: left;\">Noodid: aprikoos, pruun suhkur, apelsin, apelsini\u00f5ied.<\/p>\n<p>\ud83c\uddf7\ud83c\uddfa Victoria\u2019s Secret \u0421\u043f\u0440\u0435\u0439 \u0434\u043b\u044f \u0442\u0435\u043b\u0430 Rich Honeysuckle Apricot (250ml)<\/p>\n<p>\u0421\u0442\u0438\u043b\u044c \u0430\u0440\u043e\u043c\u0430\u0442\u0430: \u0424\u0440\u0443\u043a\u0442\u043e\u0432\u043e-\u0446\u0432\u0435\u0442\u043e\u0447\u043d\u044b\u0439 \u0441\u043b\u0430\u0434\u043a\u0438\u0439, \u044f\u0440\u043a\u0438\u0439 \u0438 \u0441\u0432\u0435\u0436\u0438\u0439 \u0430\u0440\u043e\u043c\u0430\u0442<\/p>\n<p>\u041d\u043e\u0442\u044b: \u0430\u0431\u0440\u0438\u043a\u043e\u0441, \u043a\u043e\u0440\u0438\u0447\u043d\u0435\u0432\u044b\u0439 \u0441\u0430\u0445\u0430\u0440, \u0430\u043f\u0435\u043b\u044c\u0441\u0438\u043d, \u0446\u0432\u0435\u0442\u044b \u0430\u043f\u0435\u043b\u044c\u0441\u0438\u043d\u0430.<\/p>\n<p>\ud83c\uddfa\ud83c\uddf8 Victoria\u2019s Secret Rich Honeysuckle Apricot Fall Flora Body Mist (250ml)<\/p>\n<p>Fragrance Style: Fruity-floral sweet, bright, and fresh fragrance<\/p>\n<p>Notes: apricot, brown sugar, orange, orange blossom.<\/p>\n","protected":false},"featured_media":21526,"template":"","meta":{"jetpack_publicize_message":"","jetpack_publicize_feature_enabled":true,"jetpack_social_post_already_shared":false,"jetpack_social_options":{"image_generator_settings":{"template":"highway","default_image_id":0,"font":"","enabled":false},"version":2}},"product_brand":[],"product_cat":[910,927,341],"product_tag":[],"class_list":{"0":"post-21516","1":"product","2":"type-product","3":"status-publish","4":"has-post-thumbnail","6":"product_cat-kehaspreid","7":"product_cat-victorias-secret-body-mists","8":"product_cat-victorias-secret","9":"pa_lohn-ginger-apple-jewel","10":"pa_lohn-sugar-plum-fig","11":"pa_lohn-vanilla-amber-bourbon","13":"first","14":"outofstock","15":"sale","16":"shipping-taxable","17":"purchasable","18":"product-type-simple"},"jetpack_publicize_connections":[],"jetpack_sharing_enabled":true,"jetpack_likes_enabled":true,"_links":{"self":[{"href":"https:\/\/superstore.ee\/index.php\/wp-json\/wp\/v2\/product\/21516","targetHints":{"allow":["GET"]}}],"collection":[{"href":"https:\/\/superstore.ee\/index.php\/wp-json\/wp\/v2\/product"}],"about":[{"href":"https:\/\/superstore.ee\/index.php\/wp-json\/wp\/v2\/types\/product"}],"wp:featuredmedia":[{"embeddable":true,"href":"https:\/\/superstore.ee\/index.php\/wp-json\/wp\/v2\/media\/21526"}],"wp:attachment":[{"href":"https:\/\/superstore.ee\/index.php\/wp-json\/wp\/v2\/media?parent=21516"}],"wp:term":[{"taxonomy":"product_brand","embeddable":true,"href":"https:\/\/superstore.ee\/index.php\/wp-json\/wp\/v2\/product_brand?post=21516"},{"taxonomy":"product_cat","embeddable":true,"href":"https:\/\/superstore.ee\/index.php\/wp-json\/wp\/v2\/product_cat?post=21516"},{"taxonomy":"product_tag","embeddable":true,"href":"https:\/\/superstore.ee\/index.php\/wp-json\/wp\/v2\/product_tag?post=21516"}],"curies":[{"name":"wp","href":"https:\/\/api.w.org\/{rel}","templated":true}]}}