{"id":21542,"date":"2025-01-23T10:16:59","date_gmt":"2025-01-23T08:16:59","guid":{"rendered":"https:\/\/superstore.ee\/?post_type=product&#038;p=21542"},"modified":"2025-07-31T15:27:10","modified_gmt":"2025-07-31T12:27:10","slug":"victorias-secret-body-mist-precious-metals-collection","status":"publish","type":"product","link":"https:\/\/superstore.ee\/index.php\/toode\/victorias-secret-body-mist-precious-metals-collection\/","title":{"rendered":"Victoria\u2019s Secret Body Mist Precious Metals Collection"},"content":{"rendered":"","protected":false},"excerpt":{"rendered":"<p>Victoria\u2019s Secret Kehasprei Precious Metals Kollektsioonist (250ml)<\/p>\n<p><strong>Platinum Berries<\/strong><\/p>\n<p>Noodid: Must s\u00f5star, muskus, apelsini\u00f5is.<br \/>\nL\u00f5hnastiil: Mahlakas puuvilja-marjal\u00f5hn, mille s\u00e4ravad noodid loovad v\u00e4rskust ja energiat. Sobib ideaalselt neile, kes eelistavad kergeid ja v\u00e4rskendavaid l\u00f5hnu.<\/p>\n<p><strong>Chrome Peony<\/strong><\/p>\n<p>Noodid: \u0160ampanja, pojeng, vaarikas.<br \/>\nL\u00f5hnastiil: Lillene-puuviljane aroom, mis \u00fchendab endas v\u00e4rskuse ja magususe. T\u00e4iuslik valik neile, kes otsivad lillede ja puuviljade harmoonilist kombinatsiooni koos kerge kihiseva akordiga. Elegantne ja m\u00e4nguline l\u00f5hn neile, kes hindavad \u00f5rnust s\u00e4rtsaka aktsendiga.<\/p>\n<p><strong>Mirrored Pom<\/strong><\/p>\n<p>Noodid: Granaat\u00f5un, roos, puidunoodid.<br \/>\nL\u00f5hnastiil: V\u00e4rske ja s\u00e4rav puuvilja-lilleline aroom, kus mahlakas granaat\u00f5un ja \u00f5rn roos segunevad peenete puidunootidega. Ideaalne valik igaks elujuhtumiks.<\/p>\n<p><strong>Gilded Vanilla<\/strong><\/p>\n<p>Noodid: Jasmiin, sandlipuu, vanill.<br \/>\nL\u00f5hnastiil: Soe ja luksuslik aroom, milles kohtuvad kreemjas vanill, kuldne merevaik ja pehme sandlipuu. Hubane, elegantne ja \u0161ikk \u2013 suurep\u00e4rane valik neile, kes armastavad rikkalikke l\u00f5hnu.<\/p>\n<details>\n<summary>Details<\/summary>\n<div translate=\"no\">Victoria\u2019s Secret Body Mist Precious Metals Collection (250ml)<strong>Platinum Berries<\/strong><\/p>\n<p>Notes: Blackcurrant, Musk, Orange blossom<\/p>\n<p>Fragrance style: A juicy fruity-berry scent with vibrant notes that create a refreshing and energetic effect. Perfect for those who love light and invigorating fragrances.<\/p>\n<p><strong>Chrome Peony<\/strong><\/p>\n<p>Notes: Champagne, Peony, Raspberry<\/p>\n<p>Fragrance style: A floral-fruity scent that combines freshness and sweetness. Perfect for those seeking a blend of fruity and floral notes with a light sparkling accord. Elegant and playful, ideal for those who appreciate tenderness with a vibrant touch.<\/p>\n<p><strong>Mirrored Pom<\/strong><\/p>\n<p>Notes: Pomegranate, Rose, Woods<\/p>\n<p>Fragrance style: A vibrant fruity-floral scent with notes of juicy pomegranate, delicate rose, and a light woody accord. Elegant and fresh, it\u2019s perfect for any occasion.<\/p>\n<p><strong>Gilded Vanilla<\/strong><\/p>\n<p>Notes: Jasmine, Sandalwood, Vanilla<\/p>\n<p>Fragrance style: A warm and luxurious scent with notes of creamy vanilla, golden amber, and soft sandalwood. Cozy, sophisticated, and elegant, perfect for those who love rich fragrances.<\/p>\n<p>INGREDIENTS:<br \/>\nIngredients: Alcohol Denat., Water (Aqua, Eau), Fragrance (Parfum), Propylene Glycol, Glycerin, PPG-26-Buteth-26, PEG-40 Hydrogenated Castor Oil, Ethylhexyl Methoxycinnamate, Ethylhexyl Salicylate, Butyl Methoxydibenzoylmethane, Coumarin<br \/>\nIngredients are subject to change. For an accurate list of ingredients, please refer to the product packaging.<\/p>\n<\/div>\n<p>Victoria\u2019s Secret \u0421\u043f\u0440\u0435\u0439 \u0434\u043b\u044f \u0442\u0435\u043b\u0430 \u0438\u0437 \u043a\u043e\u043b\u043b\u0435\u043a\u0446\u0438\u0438 Precious Metals \u043c\u0438\u0441\u0442<\/p>\n<\/details>\n","protected":false},"featured_media":21849,"template":"","meta":{"jetpack_publicize_message":"","jetpack_publicize_feature_enabled":true,"jetpack_social_post_already_shared":true,"jetpack_social_options":{"image_generator_settings":{"template":"highway","default_image_id":0,"font":"","enabled":false},"version":2}},"product_brand":[],"product_cat":[910,927,341],"product_tag":[],"class_list":{"0":"post-21542","1":"product","2":"type-product","3":"status-publish","4":"has-post-thumbnail","6":"product_cat-kehaspreid","7":"product_cat-victorias-secret-body-mists","8":"product_cat-victorias-secret","9":"pa_lohn-chrome-peony","10":"pa_lohn-gilded-vanilla","11":"pa_lohn-mirrored-pom","12":"pa_lohn-platinum-berries","14":"first","15":"outofstock","16":"sale","17":"shipping-taxable","18":"product-type-variable"},"jetpack_publicize_connections":[],"jetpack_sharing_enabled":true,"jetpack_likes_enabled":true,"_links":{"self":[{"href":"https:\/\/superstore.ee\/index.php\/wp-json\/wp\/v2\/product\/21542","targetHints":{"allow":["GET"]}}],"collection":[{"href":"https:\/\/superstore.ee\/index.php\/wp-json\/wp\/v2\/product"}],"about":[{"href":"https:\/\/superstore.ee\/index.php\/wp-json\/wp\/v2\/types\/product"}],"wp:featuredmedia":[{"embeddable":true,"href":"https:\/\/superstore.ee\/index.php\/wp-json\/wp\/v2\/media\/21849"}],"wp:attachment":[{"href":"https:\/\/superstore.ee\/index.php\/wp-json\/wp\/v2\/media?parent=21542"}],"wp:term":[{"taxonomy":"product_brand","embeddable":true,"href":"https:\/\/superstore.ee\/index.php\/wp-json\/wp\/v2\/product_brand?post=21542"},{"taxonomy":"product_cat","embeddable":true,"href":"https:\/\/superstore.ee\/index.php\/wp-json\/wp\/v2\/product_cat?post=21542"},{"taxonomy":"product_tag","embeddable":true,"href":"https:\/\/superstore.ee\/index.php\/wp-json\/wp\/v2\/product_tag?post=21542"}],"curies":[{"name":"wp","href":"https:\/\/api.w.org\/{rel}","templated":true}]}}