{"id":21590,"date":"2025-01-26T20:48:21","date_gmt":"2025-01-26T18:48:21","guid":{"rendered":"https:\/\/superstore.ee\/?post_type=product&#038;p=21590"},"modified":"2026-01-15T16:20:12","modified_gmt":"2026-01-15T14:20:12","slug":"victorias-secret-chrome-peony-set-mist-fragrance-lotion","status":"publish","type":"product","link":"https:\/\/superstore.ee\/index.php\/toode\/victorias-secret-chrome-peony-set-mist-fragrance-lotion\/","title":{"rendered":"Victoria\u2019s Secret Chrome Peony Set Mist &#038; Fragrance Lotion &#8211; Precious Metals"},"content":{"rendered":"","protected":false},"excerpt":{"rendered":"<p>\ud83c\uddea\ud83c\uddea Victoria\u2019s Secret Komplekt Parf\u00fcmeeritud Kehakreem Chrome Peony (236ml) ja Chrome Peony\u00a0 Kehasprei (250ml)<\/p>\n<p>Noodid: \u0160ampanja, pojeng, vaarikas.<\/p>\n<p>L\u00f5hnastiil: Lillene-puuviljane aroom, mis \u00fchendab endas v\u00e4rskuse ja magususe. T\u00e4iuslik valik neile, kes otsivad lillede ja puuviljade harmoonilist kombinatsiooni koos kerge kihiseva akordiga. Elegantne ja m\u00e4nguline l\u00f5hn neile, kes hindavad \u00f5rnust s\u00e4rtsaka aktsendiga.<\/p>\n<p>\ud83c\uddf7\ud83c\uddfa Victoria\u2019s Secret \u041a\u043e\u043c\u043f\u043b\u0435\u043a\u0442 \u041f\u0430\u0440\u0444\u044e\u043c\u0438\u0440\u043e\u0432\u0430\u043d\u043d\u044b\u0439 \u043a\u0440\u0435\u043c \u0434\u043b\u044f \u0442\u0435\u043b\u0430 Chrome Peony (236ml) + \u0421\u043f\u0440\u0435\u0439 \u0434\u043b\u044f \u0442\u0435\u043b\u0430 Chrome Peony (250ml)<\/p>\n<p>\u041d\u043e\u0442\u044b: \u0428\u0430\u043c\u043f\u0430\u043d\u0441\u043a\u043e\u0435, \u041f\u0438\u043e\u043d, \u041c\u0430\u043b\u0438\u043d\u0430.<\/p>\n<p>\u0421\u0442\u0438\u043b\u044c \u0430\u0440\u043e\u043c\u0430\u0442\u0430: \u0426\u0432\u0435\u0442\u043e\u0447\u043d\u043e-\u0444\u0440\u0443\u043a\u0442\u043e\u0432\u044b\u0439 \u0430\u0440\u043e\u043c\u0430\u0442 \u0441\u043e\u0447\u0435\u0442\u0430\u0435\u0442 \u0432 \u0441\u0435\u0431\u0435 \u0441\u0432\u0435\u0436\u0435\u0441\u0442\u044c \u0438 \u0441\u043b\u0430\u0434\u043e\u0441\u0442\u044c. \u0418\u0434\u0435\u0430\u043b\u044c\u043d\u043e \u043f\u043e\u0434\u0445\u043e\u0434\u0438\u0442 \u0434\u043b\u044f \u0442\u0435\u0445, \u043a\u0442\u043e \u0438\u0449\u0435\u0442 \u0441\u043e\u0447\u0435\u0442\u0430\u043d\u0438\u0435 \u0444\u0440\u0443\u043a\u0442\u043e\u0432\u044b\u0445 \u0438 \u0446\u0432\u0435\u0442\u043e\u0447\u043d\u044b\u0445 \u043e\u0442\u0442\u0435\u043d\u043a\u043e\u0432 \u0441 \u043b\u0435\u0433\u043a\u0438\u043c \u0448\u0438\u043f\u0443\u0447\u0438\u043c \u0430\u043a\u043a\u043e\u0440\u0434\u043e\u043c. \u042d\u043b\u0435\u0433\u0430\u043d\u0442\u043d\u044b\u0439 \u0438 \u0438\u0433\u0440\u0438\u0432\u044b\u0439, \u043a\u0442\u043e \u0446\u0435\u043d\u0438\u0442 \u043d\u0435\u0436\u043d\u043e\u0441\u0442\u044c \u0441 \u044f\u0440\u043a\u0438\u043c \u0430\u043a\u0446\u0435\u043d\u0442\u043e\u043c.<\/p>\n<p>\ud83c\uddfa\ud83c\uddf8 Victoria\u2019s Secret Chrome Peony Set Fragrance Lotion (236ml) + Body Mist (250ml). Precious Metals Collection<\/p>\n<p>Notes: Champagne, Peony, Raspberry<\/p>\n<p>Fragrance style: A floral-fruity scent that combines freshness and sweetness. Perfect for those seeking a blend of fruity and floral notes with a light sparkling accord. Elegant and playful, ideal for those who appreciate tenderness with a vibrant touch.<\/p>\n","protected":false},"featured_media":21841,"template":"","meta":{"jetpack_publicize_message":"","jetpack_publicize_feature_enabled":true,"jetpack_social_post_already_shared":true,"jetpack_social_options":{"image_generator_settings":{"template":"highway","default_image_id":0,"font":"","enabled":false},"version":2}},"product_brand":[],"product_cat":[926,927,910,342,912,341],"product_tag":[],"class_list":{"0":"post-21590","1":"product","2":"type-product","3":"status-publish","4":"has-post-thumbnail","6":"product_cat-victorias-secret-body-lotions","7":"product_cat-victorias-secret-body-mists","8":"product_cat-kehaspreid","9":"product_cat-komplektid-victorias-secret","10":"product_cat-nahahooldus","11":"product_cat-victorias-secret","12":"pa_lohn-ginger-apple-jewel","13":"pa_lohn-sugar-plum-fig","14":"pa_lohn-vanilla-amber-bourbon","16":"first","17":"outofstock","18":"sale","19":"shipping-taxable","20":"purchasable","21":"product-type-simple"},"jetpack_publicize_connections":[],"jetpack_sharing_enabled":true,"jetpack_likes_enabled":true,"_links":{"self":[{"href":"https:\/\/superstore.ee\/index.php\/wp-json\/wp\/v2\/product\/21590","targetHints":{"allow":["GET"]}}],"collection":[{"href":"https:\/\/superstore.ee\/index.php\/wp-json\/wp\/v2\/product"}],"about":[{"href":"https:\/\/superstore.ee\/index.php\/wp-json\/wp\/v2\/types\/product"}],"wp:featuredmedia":[{"embeddable":true,"href":"https:\/\/superstore.ee\/index.php\/wp-json\/wp\/v2\/media\/21841"}],"wp:attachment":[{"href":"https:\/\/superstore.ee\/index.php\/wp-json\/wp\/v2\/media?parent=21590"}],"wp:term":[{"taxonomy":"product_brand","embeddable":true,"href":"https:\/\/superstore.ee\/index.php\/wp-json\/wp\/v2\/product_brand?post=21590"},{"taxonomy":"product_cat","embeddable":true,"href":"https:\/\/superstore.ee\/index.php\/wp-json\/wp\/v2\/product_cat?post=21590"},{"taxonomy":"product_tag","embeddable":true,"href":"https:\/\/superstore.ee\/index.php\/wp-json\/wp\/v2\/product_tag?post=21590"}],"curies":[{"name":"wp","href":"https:\/\/api.w.org\/{rel}","templated":true}]}}