{"id":21591,"date":"2025-01-26T20:50:54","date_gmt":"2025-01-26T18:50:54","guid":{"rendered":"https:\/\/superstore.ee\/?post_type=product&#038;p=21591"},"modified":"2025-10-26T20:25:26","modified_gmt":"2025-10-26T18:25:26","slug":"victorias-secret-platinum-berries-set-mist-fragrance-lotion","status":"publish","type":"product","link":"https:\/\/superstore.ee\/index.php\/toode\/victorias-secret-platinum-berries-set-mist-fragrance-lotion\/","title":{"rendered":"Victoria\u2019s Secret Platinum Berries Set Mist &#038; Fragrance Lotion &#8211; Precious Metals"},"content":{"rendered":"","protected":false},"excerpt":{"rendered":"<p>\ud83c\uddea\ud83c\uddea Victoria\u2019s Secret Komplekt Parf\u00fcmeeritud Kehakreem Platinum Berries (236ml) ja Platinum Berries\u00a0 Kehasprei (250ml)<\/p>\n<p>Noodid: Must s\u00f5star, muskus, apelsini\u00f5is.<\/p>\n<p>L\u00f5hnastiil: Mahlakas puuvilja-marjal\u00f5hn, mille s\u00e4ravad noodid loovad v\u00e4rskust ja energiat. Sobib ideaalselt neile, kes eelistavad kergeid ja v\u00e4rskendavaid l\u00f5hnu.<\/p>\n<p>\ud83c\uddf7\ud83c\uddfa Victoria\u2019s Secret \u041a\u043e\u043c\u043f\u043b\u0435\u043a\u0442 \u041f\u0430\u0440\u0444\u044e\u043c\u0438\u0440\u043e\u0432\u0430\u043d\u043d\u044b\u0439 \u043a\u0440\u0435\u043c \u0434\u043b\u044f \u0442\u0435\u043b\u0430 Platinum Berries (236ml) + \u0421\u043f\u0440\u0435\u0439 \u0434\u043b\u044f \u0442\u0435\u043b\u0430 Platinum Berries (250ml)<\/p>\n<p>\u041d\u043e\u0442\u044b: \u0427\u0451\u0440\u043d\u0430\u044f \u0441\u043c\u043e\u0440\u043e\u0434\u0438\u043d\u0430, \u041c\u0443\u0441\u043a\u0443\u0441, \u0426\u0432\u0435\u0442\u043e\u043a \u0430\u043f\u0435\u043b\u044c\u0441\u0438\u043d\u0430.<\/p>\n<p>\u0421\u0442\u0438\u043b\u044c \u0430\u0440\u043e\u043c\u0430\u0442\u0430: \u0421\u043e\u0447\u043d\u044b\u0439 \u0444\u0440\u0443\u043a\u0442\u043e\u0432\u043e-\u044f\u0433\u043e\u0434\u043d\u044b\u0439 \u0430\u0440\u043e\u043c\u0430\u0442 \u0441 \u044f\u0440\u043a\u0438\u043c\u0438 \u0430\u043a\u043a\u043e\u0440\u0434\u0430\u043c\u0438, \u0441\u043e\u0437\u0434\u0430\u044e\u0449\u0438\u043c\u0438 \u044d\u0444\u0444\u0435\u043a\u0442 \u0441\u0432\u0435\u0436\u0435\u0441\u0442\u0438 \u0438 \u044d\u043d\u0435\u0440\u0433\u0438\u0438. \u0418\u0434\u0435\u0430\u043b\u0435\u043d \u0434\u043b\u044f \u043b\u044e\u0431\u0438\u0442\u0435\u043b\u0435\u0439 \u043b\u0451\u0433\u043a\u0438\u0445 \u0438 \u043e\u0441\u0432\u0435\u0436\u0430\u044e\u0449\u0438\u0445 \u0430\u0440\u043e\u043c\u0430\u0442\u043e\u0432.<\/p>\n<p>\ud83c\uddfa\ud83c\uddf8 Victoria\u2019s Secret Platinum Berries Set Fragrance Lotion (236ml) + Body Mist (250ml). Precious Metals Collection<\/p>\n<p>Notes: Blackcurrant, Musk, Orange blossom<\/p>\n<p>Fragrance style: A juicy fruity-berry scent with vibrant notes that create a refreshing and energetic effect. Perfect for those who love light and invigorating fragrances.<\/p>\n","protected":false},"featured_media":21836,"template":"","meta":{"jetpack_publicize_message":"","jetpack_publicize_feature_enabled":true,"jetpack_social_post_already_shared":true,"jetpack_social_options":{"image_generator_settings":{"template":"highway","default_image_id":0,"font":"","enabled":false},"version":2}},"product_brand":[],"product_cat":[926,927,910,342,912,341],"product_tag":[],"class_list":{"0":"post-21591","1":"product","2":"type-product","3":"status-publish","4":"has-post-thumbnail","6":"product_cat-victorias-secret-body-lotions","7":"product_cat-victorias-secret-body-mists","8":"product_cat-kehaspreid","9":"product_cat-komplektid-victorias-secret","10":"product_cat-nahahooldus","11":"product_cat-victorias-secret","12":"pa_lohn-ginger-apple-jewel","13":"pa_lohn-sugar-plum-fig","14":"pa_lohn-vanilla-amber-bourbon","16":"first","17":"outofstock","18":"sale","19":"shipping-taxable","20":"purchasable","21":"product-type-simple"},"jetpack_publicize_connections":[],"jetpack_sharing_enabled":true,"jetpack_likes_enabled":true,"_links":{"self":[{"href":"https:\/\/superstore.ee\/index.php\/wp-json\/wp\/v2\/product\/21591","targetHints":{"allow":["GET"]}}],"collection":[{"href":"https:\/\/superstore.ee\/index.php\/wp-json\/wp\/v2\/product"}],"about":[{"href":"https:\/\/superstore.ee\/index.php\/wp-json\/wp\/v2\/types\/product"}],"wp:featuredmedia":[{"embeddable":true,"href":"https:\/\/superstore.ee\/index.php\/wp-json\/wp\/v2\/media\/21836"}],"wp:attachment":[{"href":"https:\/\/superstore.ee\/index.php\/wp-json\/wp\/v2\/media?parent=21591"}],"wp:term":[{"taxonomy":"product_brand","embeddable":true,"href":"https:\/\/superstore.ee\/index.php\/wp-json\/wp\/v2\/product_brand?post=21591"},{"taxonomy":"product_cat","embeddable":true,"href":"https:\/\/superstore.ee\/index.php\/wp-json\/wp\/v2\/product_cat?post=21591"},{"taxonomy":"product_tag","embeddable":true,"href":"https:\/\/superstore.ee\/index.php\/wp-json\/wp\/v2\/product_tag?post=21591"}],"curies":[{"name":"wp","href":"https:\/\/api.w.org\/{rel}","templated":true}]}}