{"id":21603,"date":"2025-01-26T21:04:24","date_gmt":"2025-01-26T19:04:24","guid":{"rendered":"https:\/\/superstore.ee\/?post_type=product&#038;p=21603"},"modified":"2025-05-08T18:59:58","modified_gmt":"2025-05-08T15:59:58","slug":"victorias-secret-floral-morning-dream-body-mist","status":"publish","type":"product","link":"https:\/\/superstore.ee\/index.php\/toode\/victorias-secret-floral-morning-dream-body-mist\/","title":{"rendered":"Victoria\u2019s Secret Floral Morning Dream Body Mist"},"content":{"rendered":"","protected":false},"excerpt":{"rendered":"<p>\ud83c\uddea\ud83c\uddea Victoria\u2019s Secret Floral Morning Dream Kehasprei limiteeritud sarjast Into the Clouds (250ml)<\/p>\n<p><strong>Floral Morning Dream<\/strong> \u2013 T\u00fc\u00fcp: lilleline, Noodid: hommikune kaste, Maikelluke, V\u00e4rske kuslapuu<\/p>\n<p>\ud83c\uddf7\ud83c\uddfa Victoria\u2019s Secret \u0421\u043f\u0440\u0435\u0439 \u0434\u043b\u044f \u0442\u0435\u043b\u0430 Floral Morning Dream \u0438\u0437 \u043b\u0438\u043c\u0438\u0442\u043e\u0432\u0430\u043d\u043d\u043e\u0439 \u0441\u0435\u0440\u0438\u0438\u00a0 Into the Clouds (250ml)<\/p>\n<p><strong>Floral Morning Dream<\/strong> \u2013 \u0422\u0438\u043f: \u0446\u0432\u0435\u0442\u043e\u0447\u043d\u044b\u0439, \u041d\u043e\u0442\u044b: \u0443\u0442\u0440\u0435\u043d\u043d\u044f\u044f \u0440\u043e\u0441\u0430, \u043b\u0430\u043d\u0434\u044b\u0448, \u0441\u0432\u0435\u0436\u0430\u044f \u0436\u0438\u043c\u043e\u043b\u043e\u0441\u0442\u044c.<\/p>\n<p>\ud83c\uddfa\ud83c\uddf8 Victoria\u2019s Secret Limited Edition Into the Clouds Fragrance Mist Floral Morning Dream (250ml)<\/p>\n<p><strong>Floral Morning Dream <\/strong>\u2013 Type: Floral, Notes: morning dew, lily of the valley, fresh honeysuckle.<\/p>\n","protected":false},"featured_media":21701,"template":"","meta":{"jetpack_publicize_message":"","jetpack_publicize_feature_enabled":true,"jetpack_social_post_already_shared":true,"jetpack_social_options":{"image_generator_settings":{"template":"highway","default_image_id":0,"font":"","enabled":false},"version":2}},"product_brand":[],"product_cat":[910,927,341],"product_tag":[],"class_list":{"0":"post-21603","1":"product","2":"type-product","3":"status-publish","4":"has-post-thumbnail","6":"product_cat-kehaspreid","7":"product_cat-victorias-secret-body-mists","8":"product_cat-victorias-secret","9":"pa_lohn-floral-morning-dream","10":"pa_lohn-orange-flower-sun","11":"pa_lohn-pastel-sugar-sky","13":"first","14":"outofstock","15":"sale","16":"shipping-taxable","17":"purchasable","18":"product-type-simple"},"jetpack_publicize_connections":[],"jetpack_sharing_enabled":true,"jetpack_likes_enabled":true,"_links":{"self":[{"href":"https:\/\/superstore.ee\/index.php\/wp-json\/wp\/v2\/product\/21603","targetHints":{"allow":["GET"]}}],"collection":[{"href":"https:\/\/superstore.ee\/index.php\/wp-json\/wp\/v2\/product"}],"about":[{"href":"https:\/\/superstore.ee\/index.php\/wp-json\/wp\/v2\/types\/product"}],"wp:featuredmedia":[{"embeddable":true,"href":"https:\/\/superstore.ee\/index.php\/wp-json\/wp\/v2\/media\/21701"}],"wp:attachment":[{"href":"https:\/\/superstore.ee\/index.php\/wp-json\/wp\/v2\/media?parent=21603"}],"wp:term":[{"taxonomy":"product_brand","embeddable":true,"href":"https:\/\/superstore.ee\/index.php\/wp-json\/wp\/v2\/product_brand?post=21603"},{"taxonomy":"product_cat","embeddable":true,"href":"https:\/\/superstore.ee\/index.php\/wp-json\/wp\/v2\/product_cat?post=21603"},{"taxonomy":"product_tag","embeddable":true,"href":"https:\/\/superstore.ee\/index.php\/wp-json\/wp\/v2\/product_tag?post=21603"}],"curies":[{"name":"wp","href":"https:\/\/api.w.org\/{rel}","templated":true}]}}