{"id":21612,"date":"2025-01-26T21:13:23","date_gmt":"2025-01-26T19:13:23","guid":{"rendered":"https:\/\/superstore.ee\/?post_type=product&#038;p=21612"},"modified":"2025-08-28T15:56:31","modified_gmt":"2025-08-28T12:56:31","slug":"victorias-secret-parfumeeritud-kehalosjoon-236ml-limited-edition-tropic-nectar-fragrance-lotion","status":"publish","type":"product","link":"https:\/\/superstore.ee\/index.php\/toode\/victorias-secret-parfumeeritud-kehalosjoon-236ml-limited-edition-tropic-nectar-fragrance-lotion\/","title":{"rendered":"Victoria\u2019s Secret Parf\u00fcmeeritud Kehalosjoon (236ml) Limited Edition Tropic Nectar Fragrance Lotion"},"content":{"rendered":"","protected":false},"excerpt":{"rendered":"<p>\ud83c\uddea\ud83c\uddea Victoria\u2019s Secret Parf\u00fcmeeritud Kehalosjoon (236ml)<\/p>\n<ul>\n<li>\n<div class=\"sc-s4utl4-0 iHWVeS prism-layout-item-flex prism-layout-item sc-1dho2f2-10 eBTUes\">\n<div class=\"sc-1dho2f2-3 iUIGrw\"><strong><span class=\"sc-1916wqc-0 idLNQY prism-typography\" data-testid=\"SelectedChoiceLabel\">Blackberry Bite <\/span><\/strong>\u2013 T\u00fc\u00fcp: Puuviljane v\u00e4rske, Noodid: Musts\u00f5star, jahutatud merevaik, veelootos.<\/div>\n<\/div>\n<\/li>\n<li><strong>Melon Drench\u00a0<\/strong>\u2013 T\u00fc\u00fcp: soe, Noodid: melon, kookos, klementiin.<\/li>\n<li><strong>Mango Smash\u00a0<\/strong>\u2013 T\u00fc\u00fcp: lille-puuviljane, Noodid: mango, hibisk, nektariin.<\/li>\n<li><strong>Pineapple High\u00a0<\/strong>\u2013 T\u00fc\u00fcp: soe puuviljane, Noodid: ananass, kiivi, vanilje rumm.<\/li>\n<\/ul>\n<p>Kauakestva l\u00f5hnaelamuse saamiseks \u00fchendage sobiva kehaspreiga.<\/p>\n<p>\ud83c\uddf7\ud83c\uddfa Victoria\u2019s Secret \u041f\u0430\u0440\u0444\u044e\u043c\u0438\u0440\u043e\u0432\u0430\u043d\u043d\u044b\u0439 \u043b\u043e\u0441\u044c\u043e\u043d \u0434\u043b\u044f \u0442\u0435\u043b\u0430 (236ml)<\/p>\n<ul>\n<li><strong><span class=\"sc-1916wqc-0 idLNQY prism-typography\" data-testid=\"SelectedChoiceLabel\">Blackberry Bite <\/span><\/strong>\u2013 \u0422\u0438\u043f: \u0424\u0440\u0443\u043a\u0442\u043e\u0432\u044b\u0439 \u0421\u0432\u0435\u0436\u0438\u0439, \u041d\u043e\u0442\u044b: \u0447\u0435\u0440\u043d\u0430\u044f \u0441\u043c\u043e\u0440\u043e\u0434\u0438\u043d\u0430, \u043e\u0445\u043b\u0430\u0436\u0434\u0435\u043d\u043d\u044b\u0439 \u044f\u043d\u0442\u0430\u0440\u044c, \u0432\u043e\u0434\u044f\u043d\u043e\u0439 \u043b\u043e\u0442\u043e\u0441.<\/li>\n<li><strong>Melon Drench<\/strong>\u00a0\u2013 \u0422\u0438\u043f: \u0442\u0451\u043f\u043b\u044b\u0439, \u041d\u043e\u0442\u044b: \u043c\u044f\u043a\u043e\u0442\u044c \u0434\u044b\u043d\u0438, \u043a\u043e\u043a\u043e\u0441, \u043a\u043b\u0435\u043c\u0435\u043d\u0442\u0438\u043d.<\/li>\n<li><strong>Mango Smash<\/strong>\u00a0\u2013 \u0422\u0438\u043f: \u0446\u0432\u0435\u0442\u043e\u0447\u043d\u043e-\u0444\u0440\u0443\u043a\u0442\u043e\u0432\u044b\u0439, \u041d\u043e\u0442\u044b: \u043c\u0430\u043d\u0433\u043e, \u0433\u0438\u0431\u0438\u0441\u043a\u0443\u0441, \u043d\u0435\u043a\u0442\u0430\u0440\u0438\u043d.<\/li>\n<li><strong>Pineapple High<\/strong>\u00a0\u2013 \u0422\u0438\u043f: \u0444\u0440\u0443\u043a\u0442\u043e\u0432\u044b\u0439 \u0442\u0435\u043f\u043b\u044b\u0439, \u041d\u043e\u0442\u044b: \u0430\u043d\u0430\u043d\u0430\u0441, \u043a\u0438\u0432\u0438, \u0432\u0430\u043d\u0438\u043b\u044c\u043d\u044b\u0439 \u0440\u043e\u043c.<\/li>\n<\/ul>\n<p>\u0421\u043e\u0447\u0435\u0442\u0430\u0439\u0442\u0435 \u0441 \u0441\u043e\u043e\u0442\u0432\u0435\u0442\u0441\u0442\u0432\u0443\u044e\u0449\u0438\u043c \u0441\u043f\u0440\u0435\u0435\u043c \u0434\u043b\u044f \u0442\u0435\u043b\u0430 \u0434\u043b\u044f \u0434\u043b\u0438\u0442\u0435\u043b\u044c\u043d\u043e\u0433\u043e \u043e\u0449\u0443\u0449\u0435\u043d\u0438\u044f \u0430\u0440\u043e\u043c\u0430\u0442\u0430.<\/p>\n<p>\ud83c\uddfa\ud83c\uddf8 Victoria\u2019s Secret Limited Edition Tropic Nectar Fragrance Lotion (236ml)<\/p>\n<ul>\n<li><strong><span class=\"sc-1916wqc-0 idLNQY prism-typography\" data-testid=\"SelectedChoiceLabel\">Blackberry Bite <\/span><\/strong>\u2013 Type: Fruity Fresh, Notes: wet blackberry, chilled amber, water lotus<\/li>\n<li><strong>Melon Drench<\/strong>\u00a0\u2013 Type: Solar Warm, Notes: melon flesh, coconut waves, bright clementine.<\/li>\n<li><strong>Mango Smash\u00a0<\/strong>\u2013 Type: Floral Fruity, Notes: mango peel, spiked hibiscus, juicy nectarine.<\/li>\n<li><strong>Pineapple High<\/strong>\u00a0\u2013 Type: Fruity Warm, Notes: pineapple slice, kiwi melt, vanilla rum.<\/li>\n<\/ul>\n<p>Pair with matching Fragrance Mist for a long-lasting fragrance experience.<\/p>\n","protected":false},"featured_media":11797,"template":"","meta":{"jetpack_publicize_message":"","jetpack_publicize_feature_enabled":true,"jetpack_social_post_already_shared":true,"jetpack_social_options":{"image_generator_settings":{"template":"highway","default_image_id":0,"font":"","enabled":false},"version":2}},"product_brand":[],"product_cat":[926,912,341],"product_tag":[],"class_list":{"0":"post-21612","1":"product","2":"type-product","3":"status-publish","4":"has-post-thumbnail","6":"product_cat-victorias-secret-body-lotions","7":"product_cat-nahahooldus","8":"product_cat-victorias-secret","9":"pa_lohn-blackberry-bite","10":"pa_lohn-mango-smash","11":"pa_lohn-melon-drench","12":"pa_lohn-pineapple-high","14":"first","15":"outofstock","16":"sale","17":"shipping-taxable","18":"product-type-variable"},"jetpack_publicize_connections":[],"jetpack_sharing_enabled":true,"jetpack_likes_enabled":true,"_links":{"self":[{"href":"https:\/\/superstore.ee\/index.php\/wp-json\/wp\/v2\/product\/21612","targetHints":{"allow":["GET"]}}],"collection":[{"href":"https:\/\/superstore.ee\/index.php\/wp-json\/wp\/v2\/product"}],"about":[{"href":"https:\/\/superstore.ee\/index.php\/wp-json\/wp\/v2\/types\/product"}],"wp:featuredmedia":[{"embeddable":true,"href":"https:\/\/superstore.ee\/index.php\/wp-json\/wp\/v2\/media\/11797"}],"wp:attachment":[{"href":"https:\/\/superstore.ee\/index.php\/wp-json\/wp\/v2\/media?parent=21612"}],"wp:term":[{"taxonomy":"product_brand","embeddable":true,"href":"https:\/\/superstore.ee\/index.php\/wp-json\/wp\/v2\/product_brand?post=21612"},{"taxonomy":"product_cat","embeddable":true,"href":"https:\/\/superstore.ee\/index.php\/wp-json\/wp\/v2\/product_cat?post=21612"},{"taxonomy":"product_tag","embeddable":true,"href":"https:\/\/superstore.ee\/index.php\/wp-json\/wp\/v2\/product_tag?post=21612"}],"curies":[{"name":"wp","href":"https:\/\/api.w.org\/{rel}","templated":true}]}}