{"id":21673,"date":"2025-01-30T16:28:38","date_gmt":"2025-01-30T14:28:38","guid":{"rendered":"https:\/\/superstore.ee\/?post_type=product&#038;p=21673"},"modified":"2026-03-07T19:43:42","modified_gmt":"2026-03-07T17:43:42","slug":"victorias-secret-starlit-fragrance-lotion","status":"publish","type":"product","link":"https:\/\/superstore.ee\/index.php\/toode\/victorias-secret-starlit-fragrance-lotion\/","title":{"rendered":"Victoria\u2019s Secret Fragrance Lotion Starlit"},"content":{"rendered":"","protected":false},"excerpt":{"rendered":"<p>Victoria\u2019s Secret l\u00f5hnastatud Kehakreem Starlit Kollektsioonist (236ml). <strong>Starlit kollektsioon<\/strong>\u00a0on limiteeritud l\u00f5hnasari, mis \u00fchendab soojad, puuviljased ja lillelised noodid, luues luksusliku ja hubase tunde. Iga selle kollektsiooni l\u00f5hn on ainulaadne ja oman\u00e4oline:<\/p>\n<p><strong>1. Pure Seduction<\/strong><\/p>\n<ul>\n<li><strong>Noodid:<\/strong> \u00d6ine ploom, soe seedripuu.<\/li>\n<li><strong>Stiil:<\/strong> Magus, puuviljane, puidune. See l\u00f5hn \u00fchendab mahlase \u00f6ise ploomi sooja seedriga, luues sensuaalse ja k\u00fctkestava mulje.<\/li>\n<\/ul>\n<p><strong>2. Midnight Bloom<\/strong><\/p>\n<ul>\n<li><strong>Noodid:<\/strong> Metsamarjad, puidused akordid.<\/li>\n<li><strong>Stiil:<\/strong> Puidune, puuviljane. Metsamarjade v\u00e4rskus koos puiduste nootide sooja s\u00fcgavusega loob m\u00fcstilise ja lummava aroomi, mis meenutab \u00f6ist \u00f5itsemist.<\/li>\n<\/ul>\n<p><strong>3. Love Spell<\/strong><\/p>\n<ul>\n<li><strong>Noodid:<\/strong> aedmurakas, ipomea (moonflower)<\/li>\n<li><strong>Stiil:<\/strong> Lilleline, puuviljane. See l\u00f5hn \u00fchendab magusa boysenmarja ja \u00f5rna hommikukellukese aroomi, luues romantilise ja v\u00f5luva meeleolu.<\/li>\n<\/ul>\n<p><strong>4. Bare Vanilla<\/strong><\/p>\n<ul>\n<li><strong>Noodid:<\/strong> Vanill, orhidee.<\/li>\n<li><strong>Stiil:<\/strong> Suitsune, vanilline, puudrine, magus, lilleline. Soe vanill koos elegantse orhideega loob luksusliku ja hubase aroomi, mis sobib ideaalselt jahedateks \u00f5htuteks.<\/li>\n<\/ul>\n<p><strong>5. Velvet Petals<\/strong><\/p>\n<ul>\n<li><strong>Noodid:<\/strong> P\u00f5ldmarjane puit, glasuuritud aprikoos<\/li>\n<li><strong>Stiil:<\/strong> Puuviljane, puidune, magus. See l\u00f5hn \u00fchendab p\u00f5ldmuraka puidu s\u00fcgavuse ja suhkrustatud aprikoosi magususe, luues sooja ja k\u00fctkestava meeleolu.<\/li>\n<\/ul>\n<details>\n<summary>Details<\/summary>\n<div translate=\"no\">\n<p>Victoria\u2019s Secret Starlit Fragrance Lotion (236ml) Body\u00a0Fragrance.1. Pure Seduction<\/p>\n<p>Notes: Midnight Plum, Warm Cedar.<br \/>\nStyle: Sweet Fruity Woody.<br \/>\nThis fragrance blends the juiciness of plum with the warmth of cedar, creating a seductive and captivating impression.<\/p>\n<p>2. Midnight Bloom<\/p>\n<p>Notes: Wild Berries, Woody Accords.<br \/>\nStyle: Woody Fruity.<br \/>\nA composition that combines the freshness of wild berries with the richness of woody notes, adding a sense of mystery and depth to the nighttime bloom.<\/p>\n<p>3. Love Spell<\/p>\n<p>Notes: Enchanted Moonflower, Misty Boysenberry<br \/>\nStyle: Floral Fruity.<br \/>\nThis fragrance blends the sweetness of boysenberry with the delicacy of morning glory, creating a romantic and enchanting aura.<\/p>\n<p>4. Bare Vanilla<\/p>\n<p>Notes: Smokey Vanilla, Midnight Orchid.<br \/>\nStyle: Smoky, Vanilla, Powdery, Sweet, Floral.<br \/>\nWarm vanilla notes paired with the elegance of orchid create a refined and cozy aroma, perfect for chilly evenings.<\/p>\n<p>5. Velvet Petals<\/p>\n<p>Notes: Blackberry Wood, Sugared Apricot.<br \/>\nStyle: Fruity, Woody, Sweet.<br \/>\nThis fragrance combines the richness of blackberry wood with the sweetness of sugared apricot, delivering a warm and seductive sensation.<\/p>\n<p>INGREDIENTS: Ingridients: Water (Aqua, Eau), Mineral Oil (Paraffinum Liquidum, Huile min\u00e9rale), Glycerin, Fragrance (Parfum), Cetyl Alcohol, Glyceryl Stearate, PEG-100 Stearate, Palmitic Acid, Stearic Acid, Phenoxyethanol, Dimethicone, Acrylates\/C10-30 Alkyl Acrylate Crosspolymer, Chlorphenesin, Xanthan Gum, Potassium Sorbate, Sodium Hydroxide, Ethylhexylglycerin, Disodium EDTA, Tocopheryl Acetate, Aloe Barbadensis Leaf Juice, Benzyl Benzoate, Coumarin<\/p>\n<\/div>\n<p>Victoria\u2019s Secret \u043a\u0440\u0435\u043c \u0434\u043b\u044f \u0442\u0435\u043b\u0430 \u043b\u043e\u0441\u044c\u043e\u043d \u0438\u0437 \u043a\u043e\u043b\u043b\u0435\u043a\u0446\u0438\u0438 Starlit \u2014 \u043b\u0438\u043c\u0438\u0442\u0438\u0440\u043e\u0432\u0430\u043d\u043d\u0430\u044f \u0441\u0435\u0440\u0438\u044f \u0430\u0440\u043e\u043c\u0430\u0442\u043e\u0432, \u0441\u043e\u0447\u0435\u0442\u0430\u044e\u0449\u0438\u0445 \u0442\u0451\u043f\u043b\u044b\u0435, \u0444\u0440\u0443\u043a\u0442\u043e\u0432\u044b\u0435 \u0438 \u0446\u0432\u0435\u0442\u043e\u0447\u043d\u044b\u0435 \u043d\u043e\u0442\u044b.<\/p>\n<\/details>\n","protected":false},"featured_media":21690,"template":"","meta":{"jetpack_publicize_message":"","jetpack_publicize_feature_enabled":true,"jetpack_social_post_already_shared":true,"jetpack_social_options":{"image_generator_settings":{"template":"highway","default_image_id":0,"font":"","enabled":false},"version":2}},"product_brand":[],"product_cat":[926,912,341],"product_tag":[],"class_list":{"0":"post-21673","1":"product","2":"type-product","3":"status-publish","4":"has-post-thumbnail","6":"product_cat-victorias-secret-body-lotions","7":"product_cat-nahahooldus","8":"product_cat-victorias-secret","9":"pa_lohn-bare-vanilla","10":"pa_lohn-love-spell","11":"pa_lohn-midnight-bloom","12":"pa_lohn-pure-seduction","13":"pa_lohn-velvet-petals","15":"first","16":"outofstock","17":"sale","18":"shipping-taxable","19":"product-type-variable"},"jetpack_publicize_connections":[],"jetpack_sharing_enabled":true,"jetpack_likes_enabled":true,"_links":{"self":[{"href":"https:\/\/superstore.ee\/index.php\/wp-json\/wp\/v2\/product\/21673","targetHints":{"allow":["GET"]}}],"collection":[{"href":"https:\/\/superstore.ee\/index.php\/wp-json\/wp\/v2\/product"}],"about":[{"href":"https:\/\/superstore.ee\/index.php\/wp-json\/wp\/v2\/types\/product"}],"wp:featuredmedia":[{"embeddable":true,"href":"https:\/\/superstore.ee\/index.php\/wp-json\/wp\/v2\/media\/21690"}],"wp:attachment":[{"href":"https:\/\/superstore.ee\/index.php\/wp-json\/wp\/v2\/media?parent=21673"}],"wp:term":[{"taxonomy":"product_brand","embeddable":true,"href":"https:\/\/superstore.ee\/index.php\/wp-json\/wp\/v2\/product_brand?post=21673"},{"taxonomy":"product_cat","embeddable":true,"href":"https:\/\/superstore.ee\/index.php\/wp-json\/wp\/v2\/product_cat?post=21673"},{"taxonomy":"product_tag","embeddable":true,"href":"https:\/\/superstore.ee\/index.php\/wp-json\/wp\/v2\/product_tag?post=21673"}],"curies":[{"name":"wp","href":"https:\/\/api.w.org\/{rel}","templated":true}]}}