{"id":21704,"date":"2025-01-31T13:46:08","date_gmt":"2025-01-31T11:46:08","guid":{"rendered":"https:\/\/superstore.ee\/?post_type=product&#038;p=21704"},"modified":"2025-11-21T10:17:05","modified_gmt":"2025-11-21T08:17:05","slug":"kiko-milano-kinkekomplekt-holiday-wonderlights-stayglam-black-duo-eyes-gift-set","status":"publish","type":"product","link":"https:\/\/superstore.ee\/index.php\/toode\/kiko-milano-kinkekomplekt-holiday-wonderlights-stayglam-black-duo-eyes-gift-set\/","title":{"rendered":"KIKO MILANO Holiday Wonderlights Stayglam Black Duo Eyes Gift Set"},"content":{"rendered":"","protected":false},"excerpt":{"rendered":"<div class=\"ProductDetails__Name visible-md\">\n<div role=\"heading\" data-size=\"medium\">\n<div class=\"woocommerce-product-details__short-description\">\n<p>Silmade kinkekomplekt KIKO Milano, mis sisaldab ripsmetu\u0161\u0161i ja musta silmapliiatsit.<\/p>\n<p>Kinkekomplekt sisaldab:<\/p>\n<ul>\n<li>1 x Silmapliiats <strong>Lasting Precision Eyeliner &amp; Khol 16.<\/strong> Automaatne must silmapliiats nii sise- kui ka v\u00e4limisele silmalaule. See loob intensiivsed, p\u00fcsivad, sirged ja selged jooned. Sisseehitatud aplikaator h\u00f5lbustab joone intensiivsuse kontrolli.<\/li>\n<li>1 x Ripsmetu\u0161\u0161 <strong>24h Long Lasting &amp; Panoramic Volume Mascara<\/strong> Kauap\u00fcsiv 24-tunnine* ripsmetu\u0161\u0161, mis annab vol\u00fc\u00fcmi ja r\u00f5hutab ripsmeid. Vedela ja elastse tekstuuriga, mis ei j\u00e4ta t\u00fckke, on see tu\u0161\u0161 lihtne kanda ripsmete kogu pikkusele t\u00e4nu kiududest harjale.<\/li>\n<li>1 x <b>kosmeetikakott<\/b><\/li>\n<\/ul>\n<\/div>\n<div class=\"woocommerce-product-details__short-description\">\n<details>\n<summary>Details<\/summary>\n<div translate=\"no\">Holiday Wonderlights Stayglam Black Duo Eyes Gift Set<br \/>\nEye gift set in an elegant pouch with a panoramic volume-enhancing mascara and a black eye pencil.The set contains:<br \/>\n-N.1 Unlimited Precision Automatic Eyeliner &amp; Khol 16 Black<br \/>\nAutomatic eye pencil for use on the inner and outer eye. Perfect for defining the shape of the eyes and enhancing your look with precise and even black strokes, long-lasting up to 24 hours*.-N.1 x 24h Long Lasting &amp; Panoramic Volume Mascara<br \/>\nLong-lasting 24-hour* defining mascara with panoramic volume. Fluid and supple texture with an ultra-black finish to give depth to the eyes and enhance the lashes from morning to evening.-N.1 Makeup and accessories pouch<br \/>\nPractical and elegant, it&#8217;s made from varnish-effect black fabric and is embellished with a cascade of bright gold-colored details. Rectangular format, zip and cuff closure.Ideal for:<br \/>\ngiving your eyes an intense, defined look or pass on an enchanting gift.EYELINER INGREDIENTS: TRIMETHYLSILOXYSILICATE, SYNTHETIC WAX, HYDROGENATED POLYISOBUTENE, HYDROGENATED POLY(C6-14 OLEFIN), HYDROGENA TED POLYDECENE, POLYBUTENE, MICA, ETHYLENE\/PROPYLENE COPOLYMER, COPERNICIA CERIFERA CERA (COPERNICIA CERIFERA ( CARNAUBA) WAX\/ CIRE DE CARNAUBA), DISTEARDIMONIUM HECTORITE, PROPYLENE CARBONATE, PENTAERYTHRITYL TETRA-DI-T-BUTYL HYDROXYHYDROCINNAMATE, CI 77499 (IRON OXIDES), CI 77266 (NANO) (BLACK 2), CI77510 (FERRIC FERROCYANIDE). MASCARA INGREDIENTS: AQUA (WATER\/EAU), COPERNICIA CERIFERA CERA (COPERNICIA CERIFERA (CARNAUBA) WAX\/CIRE DE CARNAUBA), GLYCERYL STEARATE, CERA MICROCRISTALLINA (MICROCRYSTALLINE WAX\/CIRE MICROCRIS TALLINE), STEARIC ACID, OZOKERITE, PALMITIC ACID, STYRENE\/ACRYLATES\/AMMONIUM METHACRYLATE COPOLYMER, HYDROGENATED VEGETABLE OIL, BUT YLENE GLYCOL, STEARYL STEARATE, AMINOMETHYL PROPANOL, RICINUS COMMUNIS SEED OIL (RICINUS COMMUNIS (CASTOR) SEED OIL), PHENOXYETHANOL , CAPRYLYL GLYCOL, GALACTOARABINAN, CAPRYLIC\/CAPRIC TRIGLYCERIDE, SODIUM DEHYDROACETATE, HYDROXYETHYLCELLULOSE, SODIUM LAURETH-12 SU LFATE, LECITHIN, C11-15 PARETH-7, TOCOPHEROL, ASCORBYL PALMITATE, POTASSIUM SORBATE, TETRASODIUM EDTA, CALENDULA OFFICINALIS FLOWER EXTRACT, CITRIC ACID, BHT, CI 77499 (IRON OXIDES), CI 77007 (ULTRAMARINES).<\/div>\n<p>\u041a\u043e\u043c\u043f\u043b\u0435\u043a\u0442 \u043f\u043e\u0434\u0430\u0440\u043e\u0447\u043d\u044b\u0439 \u0434\u043b\u044f \u0433\u043b\u0430\u0437 \u0432 \u0441\u0442\u0438\u043b\u044c\u043d\u043e\u0439 \u043a\u043e\u0441\u043c\u0435\u0442\u0438\u0447\u043a\u0435 \u0442\u0443\u0448\u044c\u044e \u0434\u043b\u044f \u0440\u0435\u0441\u043d\u0438\u0446 \u0438 \u0447\u0435\u0440\u043d\u044b\u043c \u043a\u0430\u0440\u0430\u043d\u0434\u0430\u0448\u043e\u043c \u0434\u043b\u044f \u0433\u043b\u0430\u0437. \u0412 \u043f\u043e\u0434\u0430\u0440\u043e\u0447\u043d\u043e\u043c \u043d\u0430\u0431\u043e\u0440\u0435:<\/p>\n<ul>\n<li>1 x \u0422\u0443\u0448\u044c \u0434\u043b\u044f \u0440\u0435\u0441\u043d\u0438\u0446<strong> 24h Long Lasting &amp; Panoramic Volume Mascara<\/strong> \u0421\u0442\u043e\u0439\u043a\u0430\u044f 24-\u0447\u0430\u0441\u043e\u0432\u0430\u044f* \u0442\u0443\u0448\u044c \u0434\u043b\u044f \u043e\u0431\u044a\u0435\u043c\u0430 \u0438 \u0432\u044b\u0434\u0435\u043b\u0435\u043d\u0438\u044f \u0440\u0435\u0441\u043d\u0438\u0446. \u0421 \u0436\u0438\u0434\u043a\u043e\u0439 \u0438 \u044d\u043b\u0430\u0441\u0442\u0438\u0447\u043d\u043e\u0439 \u0442\u0435\u043a\u0441\u0442\u0443\u0440\u043e\u0439, \u043d\u0435 \u043e\u0441\u0442\u0430\u0432\u043b\u044f\u044e\u0449\u0435\u0439 \u043a\u043e\u043c\u043a\u043e\u0432, \u044d\u0442\u0430 \u0442\u0443\u0448\u044c \u043b\u0435\u0433\u043a\u043e \u043d\u0430\u043d\u043e\u0441\u0438\u0442\u0441\u044f \u043f\u043e \u0432\u0441\u0435\u0439 \u0434\u043b\u0438\u043d\u0435 \u0440\u0435\u0441\u043d\u0438\u0446 \u0431\u043b\u0430\u0433\u043e\u0434\u0430\u0440\u044f \u0449\u0435\u0442\u043e\u0447\u043a\u0435 \u0438\u0437 \u0432\u043e\u043b\u043e\u043a\u043e\u043d.<\/li>\n<li>1 x \u0410\u0432\u0442\u043e\u043c\u0430\u0442\u0438\u0447\u0435\u0441\u043a\u0438\u0439 \u043a\u0430\u0440\u0430\u043d\u0434\u0430\u0448 \u043a\u0430\u0440\u0430\u043d\u0434\u0430\u0448 \u0434\u043b\u044f \u0432\u043d\u0443\u0442\u0440\u0435\u043d\u043d\u0435\u0433\u043e \u0438 \u0432\u043d\u0435\u0448\u043d\u0435\u0433\u043e \u0443\u0433\u043e\u043b\u043a\u0430 \u0433\u043b\u0430\u0437\u0430 <strong>Lasting Precision Automatic Eyeliner And Kh\u00f4l 16<\/strong>. \u0415\u0433\u043e \u043c\u044f\u0433\u043a\u0430\u044f \u0442\u0435\u043a\u0441\u0442\u0443\u0440\u0430 \u043b\u0435\u0433\u043a\u043e \u0441\u043a\u043e\u043b\u044c\u0437\u0438\u0442 \u043f\u043e \u043a\u043e\u0436\u0435, \u043e\u0431\u0435\u0441\u043f\u0435\u0447\u0438\u0432\u0430\u044f \u0438\u043d\u0442\u0435\u043d\u0441\u0438\u0432\u043d\u044b\u0439, \u043c\u0433\u043d\u043e\u0432\u0435\u043d\u043d\u044b\u0439 \u0446\u0432\u0435\u0442 \u0438 \u043b\u0435\u0433\u043a\u043e \u0440\u0430\u0441\u0442\u0443\u0448\u0435\u0432\u044b\u0432\u0430\u0435\u0442\u0441\u044f \u0431\u043b\u0430\u0433\u043e\u0434\u0430\u0440\u044f \u0432\u0441\u0442\u0440\u043e\u0435\u043d\u043d\u043e\u043c\u0443 \u0430\u043f\u043f\u043b\u0438\u043a\u0430\u0442\u043e\u0440\u0443.<\/li>\n<li>1 x \u041f\u0440\u0430\u043a\u0442\u0438\u0447\u043d\u0430\u044f \u0438 \u044d\u043b\u0435\u0433\u0430\u043d\u0442\u043d\u0430\u044f \u043a\u043e\u0441\u043c\u0435\u0442\u0438\u0447\u043a\u0430<\/li>\n<\/ul>\n<p>&nbsp;<\/p>\n<\/details>\n<\/div>\n<\/div>\n<\/div>\n","protected":false},"featured_media":21715,"template":"","meta":{"jetpack_publicize_message":"","jetpack_publicize_feature_enabled":true,"jetpack_social_post_already_shared":true,"jetpack_social_options":{"image_generator_settings":{"template":"highway","default_image_id":0,"font":"","enabled":false},"version":2}},"product_brand":[],"product_cat":[972,973,340,830,971,631,983,982,985],"product_tag":[],"class_list":{"0":"post-21704","1":"product","2":"type-product","3":"status-publish","4":"has-post-thumbnail","6":"product_cat-accessories","7":"product_cat-makeup","8":"product_cat-kiko-milano","9":"product_cat-kingitused","10":"product_cat-sets","11":"product_cat-sale","12":"product_cat-mascara","13":"product_cat-eyes","14":"product_cat-eyeliner-and-pencil","16":"first","17":"outofstock","18":"sale","19":"shipping-taxable","20":"purchasable","21":"product-type-simple"},"jetpack_publicize_connections":[],"jetpack_sharing_enabled":true,"jetpack_likes_enabled":true,"_links":{"self":[{"href":"https:\/\/superstore.ee\/index.php\/wp-json\/wp\/v2\/product\/21704","targetHints":{"allow":["GET"]}}],"collection":[{"href":"https:\/\/superstore.ee\/index.php\/wp-json\/wp\/v2\/product"}],"about":[{"href":"https:\/\/superstore.ee\/index.php\/wp-json\/wp\/v2\/types\/product"}],"wp:featuredmedia":[{"embeddable":true,"href":"https:\/\/superstore.ee\/index.php\/wp-json\/wp\/v2\/media\/21715"}],"wp:attachment":[{"href":"https:\/\/superstore.ee\/index.php\/wp-json\/wp\/v2\/media?parent=21704"}],"wp:term":[{"taxonomy":"product_brand","embeddable":true,"href":"https:\/\/superstore.ee\/index.php\/wp-json\/wp\/v2\/product_brand?post=21704"},{"taxonomy":"product_cat","embeddable":true,"href":"https:\/\/superstore.ee\/index.php\/wp-json\/wp\/v2\/product_cat?post=21704"},{"taxonomy":"product_tag","embeddable":true,"href":"https:\/\/superstore.ee\/index.php\/wp-json\/wp\/v2\/product_tag?post=21704"}],"curies":[{"name":"wp","href":"https:\/\/api.w.org\/{rel}","templated":true}]}}