{"id":21707,"date":"2025-01-31T14:19:48","date_gmt":"2025-01-31T12:19:48","guid":{"rendered":"https:\/\/superstore.ee\/?post_type=product&#038;p=21707"},"modified":"2025-11-11T13:56:20","modified_gmt":"2025-11-11T11:56:20","slug":"kiko-milano-holiday-wonderlights-blink-of-beauty-eyes-gift-set","status":"publish","type":"product","link":"https:\/\/superstore.ee\/index.php\/toode\/kiko-milano-holiday-wonderlights-blink-of-beauty-eyes-gift-set\/","title":{"rendered":"KIKO MILANO\u00a0Holiday Wonderlights Blink Of Beauty Eyes Gift Set"},"content":{"rendered":"","protected":false},"excerpt":{"rendered":"<p>KIKO Milano Silmameigi kinkekomplekt \u2013 ideaalne nii pidulikuks hooajaks kui ka igap\u00e4evaseks kasutamiseks.<\/p>\n<p><strong>Komplekt sisaldab:<\/strong><\/p>\n<p>\u2714 <strong>Ultimate Pen Eyeliner 01<\/strong><br \/>\nKauap\u00fcsiv pliiats-t\u00fc\u00fcpi silmalainer kuni <strong>10-tunnise p\u00fcsivusega<\/strong>. Intensiivselt pigmenteeritud ja s\u00fcgava tooniga koostis kinnitub laugudele veatult. Pehme ja paindlik otsik j\u00e4rgib silma kuju, v\u00f5imaldades luua t\u00e4pse, \u00fchtlase ja soovitud paksusega joone.<\/p>\n<p>\u2714 <strong>Long Lasting Eyeshadow Stick 03<\/strong><br \/>\n\u00dclekandekindel <strong>kauap\u00fcsiv lauv\u00e4rvipulk<\/strong> kuni <strong>8-tunnise p\u00fcsivusega<\/strong>. Selle siidine ja kreemjas tekstuur libiseb laugudele sujuvalt, hajub vaevata ning tagab intensiivse ja kauakestva v\u00e4rvi.<\/p>\n<p>\u2714 <strong>Extra Sculpt Volume Mascara<\/strong><br \/>\nRipsmetu\u0161\u0161, mis annab <strong>\u00e4\u00e4rmuslikku vol\u00fc\u00fcmi ja intensiivse tiheduse<\/strong>. Erilise liivakellakujulise harjaga kreemjas ja tihke koostis katab ripsmed \u00fchtlaselt, lisades neile lopsakust ja v\u00e4ljendusrikkust ilma t\u00fckke j\u00e4tmata.<\/p>\n<p>\u2714 <strong>Kosmeetikakott<\/strong><br \/>\nElegantne ja praktiline \u2013 ideaalne komplekti hoiustamiseks ja kaasa v\u00f5tmiseks.<\/p>\n<p>Ideaalne komplekt silmade kuju r\u00f5hutamiseks ning stiilse ja viimistletud silmameigi loomiseks.<\/p>\n<details>\n<summary>Details<\/summary>\n<div translate=\"no\">\n<p>KIKO Milano HHoliday Wonderlights Blink Of Beauty Eyes Gift SetGift set for a complete eye look, including a long-lasting eyeshadow stick, volumising mascara and eyeliner in a stylish pouch. Ideal for defining the shape of your eyes and enhancing them with an elegant and sophisticated look.<\/p>\n<p>The gift set contains:<\/p>\n<p>1 x Ultimate Pen Eyeliner 01<br \/>\nLong-lasting pen eyeliner with up to 10-hour hold for the outer eye. Intensely pigmented and bright, the texture adheres flawlessly to the lids, whilst the soft and flexible tip follows the shape of your eye for a clean, precise line with buildable thickness.<br \/>\n1 x Long Lasting Eyeshadow Stick 05<br \/>\nA long-lasting transfer-proof eyeshadow stick with up to 24-hour hold. Its creamy, comfortable texture is extremely easy to apply and blend.<br \/>\n1 x Extra Sculpt Volume Mascara<br \/>\nHas a volume-enhancing effect for ultra-bold lashes. With the special hourglass brush, the dense and creamy texture is buildable and easy to apply, leaving no clumps.<br \/>\n1 x Cosmetic Bag<br \/>\nINGREDIENTS:<br \/>\nMASCARA INGREDIENTS: AQUA (WATER\/EAU), SYNTHETIC BEESWAX, BUTYROSPERMUM PARKII BUTTER (BUTYROSPERMUM PARKII (SHEA) BUTTER), ACACIA S ENEGAL GUM, PALMITIC ACID, STEARIC ACID, BUTYLENE GLYCOL, COPERNICIA CERIFERA WAX (COPERNICIA CERIFERA (CARNAUBA) WAX\/CIRE DE CARNAU BA), POLYBUTENE, VP\/EICOSENE COPOLYMER, GLYCERYL STEARATE, AMINOMETHYL PROPANEDIOL, PHENOXYETHANOL, HYDROXYETHYLCELLULOSE, POTASSIUM SORBATE, TOCOPHEROL, ASCORBYL PALMITATE, GLYCOGEN, PHOSPHOLIPIDS, SODIUM STEARATE, HYALURONIC ACID, SACCHAROMYCES CEREVISIAE EXTRAC T, SODIUM CHONDROITIN SULFATE, DISODIUM PHOSPHATE, SODIUM PHOSPHATE, POLYSORBATE 60, TRIPEPTIDE-29, CI 77499 (IRON OXIDES).<\/p>\n<p>EYELINER INGREDIENTS: AQUA (WATER\/EAU), BUTYLENE GLYCOL, STYRENE\/ACRYLATES\/METHACRYLATE COPOLYMER, PEG-60 HYDROGENATED CASTOR OIL, COCO-GLUCOSIDE, CITRIC ACID, SODIUM LAURETH-12 SULFATE, C11-15 PARETH-7, HYDROXIDE, PHENOXYETHANOL, POTASSIUM SORBATE, SODI UM BENZOATE, IODOPROPYNYL BUTYLCARBAMATE, CI 77266 (BLACK 2).;<\/p>\n<p>EYESHADOW INGREDIENTS: METHYL TRIMETHICONE, MICA, TRIMETHYLSILOXYSILIC ATE, SYNTHETIC WAX, LAUROYL LYSINE, POLYMETHYLSILSESQUIOXANE, STEAROXYMETHICONE\/DIMETHICONE COPOLYMER, OCTYLDODECANOL, SILICA, POLYE THYLENE, COPERNICIA CERIFERA WAX (COPERNICIA CERIFERA (CARNAUBA) WAX\/CIRE DE CARNAUBA), CAPRYLIC\/CAPRIC TRIGLYCERIDE, POLYHYDROXYSTE ARIC ACID, DISTEARDIMONIUM HECTORITE, CERA MICROCRISTALLINA(MICROCRYSTALLINE WAX\/CIRE MICROCRISTALLINE), PENTAERYTHRITYL TETRA-DI-t- BUTYL HYDROXYHYDROCINNAMATE, ARGANIA SPINOSA KERNEL OIL, PROPYLENE CARBONATE, ISOSTEARIC ACID, LECITHIN, POLYGLYCERYL-3 POLYRICINOLE ATE, TIN OXIDE, SYNTHETIC FLUORPHLOGOPITE, CALCIUM TITANIUM BOROSILICATE, CALCIUM ALUMINUM BOROSILICATE, CALCIUM SODIUM BOROSILICATE , ALUMINUM CALCIUM SODIUM SILICATE, ALUMINA, DICALCIUM PHOSPHATE, CI 77491 &#8211; CI 77492 &#8211; CI 77499 (IRON OXIDES), CI 19140 (YELLOW 5 L AKE), CI 77891 (TITANIUM DIOXIDE), CI 77400 (BRONZE POWDER\/COPPER POWDER), CI 77000 (ALUMINUM POWDER), CI 77510 (FERRIC FERROCYANIDE ), CI 42090 (BLUE 1 LAKE).<\/p>\n<\/div>\n<p>\u041f\u043e\u0434\u0430\u0440\u043e\u0447\u043d\u044b\u0439 \u043a\u043e\u043c\u043f\u043b\u0435\u043a\u0442 \u0434\u043b\u044f \u0433\u043b\u0430\u0437 KIKO Milano &#8211; \u043f\u043e\u0434\u0432\u043e\u0434\u043a\u0430 \u0434\u043b\u044f \u0433\u043b\u0430\u0437, \u0441\u0442\u043e\u0439\u043a\u0430\u044f \u043f\u043e\u0434\u0432\u043e\u0434\u043a\u0430-\u043a\u0430\u0440\u0430\u043d\u0434\u0430\u0448 \u0434\u043b\u044f \u0433\u043b\u0430\u0437, \u0441\u0442\u043e\u0439\u043a\u0438\u0435 \u0442\u0435\u043d\u0438 \u0434\u043b\u044f \u0432\u0435\u043a, \u0442\u0443\u0448\u044c \u0434\u043b\u044f \u0440\u0435\u0441\u043d\u0438\u0446, \u043a\u043e\u0441\u043c\u0435\u0442\u0438\u0447\u043a\u0430<\/p>\n<\/details>\n","protected":false},"featured_media":21714,"template":"","meta":{"jetpack_publicize_message":"","jetpack_publicize_feature_enabled":true,"jetpack_social_post_already_shared":true,"jetpack_social_options":{"image_generator_settings":{"template":"highway","default_image_id":0,"font":"","enabled":false},"version":2}},"product_brand":[],"product_cat":[972,973,340,971,984,983,982,985],"product_tag":[],"class_list":{"0":"post-21707","1":"product","2":"type-product","3":"status-publish","4":"has-post-thumbnail","6":"product_cat-accessories","7":"product_cat-makeup","8":"product_cat-kiko-milano","9":"product_cat-sets","10":"product_cat-eyeshadow","11":"product_cat-mascara","12":"product_cat-eyes","13":"product_cat-eyeliner-and-pencil","15":"first","16":"outofstock","17":"sale","18":"shipping-taxable","19":"purchasable","20":"product-type-simple"},"jetpack_publicize_connections":[],"jetpack_sharing_enabled":true,"jetpack_likes_enabled":true,"_links":{"self":[{"href":"https:\/\/superstore.ee\/index.php\/wp-json\/wp\/v2\/product\/21707","targetHints":{"allow":["GET"]}}],"collection":[{"href":"https:\/\/superstore.ee\/index.php\/wp-json\/wp\/v2\/product"}],"about":[{"href":"https:\/\/superstore.ee\/index.php\/wp-json\/wp\/v2\/types\/product"}],"wp:featuredmedia":[{"embeddable":true,"href":"https:\/\/superstore.ee\/index.php\/wp-json\/wp\/v2\/media\/21714"}],"wp:attachment":[{"href":"https:\/\/superstore.ee\/index.php\/wp-json\/wp\/v2\/media?parent=21707"}],"wp:term":[{"taxonomy":"product_brand","embeddable":true,"href":"https:\/\/superstore.ee\/index.php\/wp-json\/wp\/v2\/product_brand?post=21707"},{"taxonomy":"product_cat","embeddable":true,"href":"https:\/\/superstore.ee\/index.php\/wp-json\/wp\/v2\/product_cat?post=21707"},{"taxonomy":"product_tag","embeddable":true,"href":"https:\/\/superstore.ee\/index.php\/wp-json\/wp\/v2\/product_tag?post=21707"}],"curies":[{"name":"wp","href":"https:\/\/api.w.org\/{rel}","templated":true}]}}