{"id":21719,"date":"2025-01-31T15:57:27","date_gmt":"2025-01-31T13:57:27","guid":{"rendered":"https:\/\/superstore.ee\/?post_type=product&#038;p=21719"},"modified":"2025-12-19T00:56:49","modified_gmt":"2025-12-18T22:56:49","slug":"kiko-milano-holiday-wonderlights-forever-together-makeup-gift-set-01-modern-nude","status":"publish","type":"product","link":"https:\/\/superstore.ee\/index.php\/toode\/kiko-milano-holiday-wonderlights-forever-together-makeup-gift-set-01-modern-nude\/","title":{"rendered":"KIKO MILANO Holiday Wonderlights Forever Together Makeup Gift Set (01 Modern Nude)"},"content":{"rendered":"","protected":false},"excerpt":{"rendered":"<p>Stiilne meigikomplekt, mis sisaldab vedelat huulepulka ja l\u00e4ikivat k\u00fc\u00fcnelakki elegantses kosmeetikakotis.<\/p>\n<p>\u2714 <strong>Unlimited Double Touch Limited Edition Nr.130<\/strong><br \/>\nKaheosaline huuletoode: \u00fchel pool kauap\u00fcsiv* ja m\u00e4\u00e4rdumiskindel vedel huulepulk ning teisel pool l\u00e4bipaistev huulel\u00e4ige, mis annab huultele intensiivse v\u00e4rvi ja peegell\u00e4ike.<\/p>\n<p>\u2714 <strong>New Power Pro Nail Lacquer<\/strong><br \/>\nK\u00f5rge pigmendisisaldusega k\u00fc\u00fcnelakk, mis tagab \u00fchtlase katvuse ning s\u00fcgava, s\u00e4rava v\u00e4rvi.<\/p>\n<p>\u2714 <strong>Kosmeetikakott<\/strong><br \/>\nElegantne ja praktiline mustast lakiefektiga kangast kott, mida kaunistavad kuldsed detailid. Stiilne ristk\u00fclikukujuline disain, lukuga kinnitus ja mugav randmepael.<\/p>\n<p>\u2728 <strong>Ideaalne neile, kes soovivad t\u00e4iuslikult sobivat ja s\u00e4ravat huulemeiki ning manik\u00fc\u00fcri. T\u00e4iuslik kingitus!<\/strong><\/p>\n<p><em>Huulepulk: dermatoloogiliselt testitud *kliiniline ja instrumentaalne test<\/em><br \/>\n<em>K\u00fc\u00fcnelakk: dermatoloogiliselt testitud<\/em><\/p>\n<details>\n<summary>Details<\/summary>\n<div translate=\"no\">KIKO MILANO Hands and lips gift set: shiny liquid lipstick and nail polish. Makeup gift set containing a dazzling liquid lipstick and a shiny nail polish in a stylish pouch.The set contains:<br \/>\n-N.1 Unlimited Double Touch Nr.130<br \/>\nA 2-in-1 product for a proper lip care routine: a long-lasting* transfer-proof liquid lipstick on one side and a transparent gloss on the other, to light up the lips with color and a mirror-like shine.-N.1 x New Power Pro Nail Lacquer<br \/>\nA nail polish with a highly pigmented formula that guarantees an even result and intense, full color with a shiny effect.-N.1 Make-up and accessories pouch<br \/>\nPractical and elegant, it&#8217;s made from varnish-effect black fabric and is embellished with a cascade of bright gold-colored details. Rectangular format, zip and cuff closure.Ideal for:<br \/>\nenhancing lips and hands with a flawless, matching and incredibly shiny lip look and manicure. The perfect gift.<\/p>\n<p>LIPSTICK Dermatologically tested *Clinical and instrumental test NAIL POLISH Dermatologically tested<\/p>\n<p>INGREDIENTS: BASE COLOUR INGREDIENTS: ISODODECANE, BIS-HYDROXYETHOXYPROPYL DIMETHICONE\/IPDI COPOLYMER THYLCARBAMATE, DISTEARDIMONIUM HECTORITE, M ICA, DIMETHICONE\/VINYL DIMETHICONE CROSSPOLYMER, DIMETHICONE, ALCOHOL, AQUA\/WATER\/EAU, ETHYL VANILLIN, PENTAERYTHRITYL TETRA-DI-t-BU TYL HYDROXYHYDROCINNAMATE, LAURETH-4, DICALCIUM PHOSPHATE, TIN OXIDE. MAY CONTAIN (+\/-): TITANIUM DIOXIDE (CI 77891), CI 77491- CI 7 7492- CI 77499 (IRON OXIDES), CI 42090 (BLUE 1 LAKE), CI 19140 (YELLOW 5 LAKE), CI 15850 (RED 7 LAKE). TOP COAT INGREDIENTS: DIMETHI CONE, CETYL PEG\/PPG-10\/1 DIMETHICONE, CERA MICROCRISTALLINA\/MICROCRYSTALLINE WAX \/CIRE MICROCRISTALLINE, PARAFFIN, PENTAERYTHRITYL T ETRA-DI-t-BUTYL HYDROXYHYDROCINNAMATE; NAIL POLISH 16- 26 INDREDIENTS: BUTYL ACETATE, ETHYL ACETATE, NITROCELLULOSE, ACETYL TRIBUTYL CITRATE, ISOPROPYL ALCOHOL, ADIPIC ACID\/NEOPENTYL GLYCOL\/TRIMELLITIC ANHYDRIDE COPOLYMER, STEARALKONIUM BENTONITE, TRIMETHYLSILOXYS ILICATE, N-BUTYL ALCOHOL, ALGAE EXTRACT, PHOSPHORIC ACID, BENZOPHENONE-1, CAPRYLIC\/CAPRIC TRIGLYCERIDE, DIACETONE ALCOHOL, DIATOMACE OUS EARTH, DIMETHICONE, ACRYLATES COPOLYMER, HEXANAL, MANNITOL, PISTACIA LENTISCUS GUM (PISTACIA LENTISCUS (MASTIC) GUM), STYRENE\/A CRYLATES COPOLYMER, SILICA, SORBIC ACID, TRIMETHYLPENTANEDIYL DIBENZOATE, TOCOPHEROL, ZINC SULFATE. +\/- (MAY CONTAIN): CI 15850 (RED 6 LAKE, RED 7 LAKE), CI 73360 (RED 30), CI 15880 (RED 34 LAKE), CI 77491 &#8211; CI 77499 (IRON OXIDES), CI 77266 (NANO) (BLACK 2), CI 77 891 (TITANIUM DIOXIDE), CI 19140 (YELLOW 5 LAKE).\n<\/p><\/div>\n<p>KIKO MILANO \u043f\u043e\u0434\u0430\u0440\u043e\u0447\u043d\u044b\u0439 \u043a\u043e\u043c\u043f\u043b\u0435\u043a\u0442:<br \/>\n\u0414\u0432\u0443\u0441\u0442\u043e\u0440\u043e\u043d\u043d\u044f\u044f \u0436\u0438\u0434\u043a\u0430\u044f \u0441\u0442\u043e\u0439\u043a\u0430\u044f \u043f\u043e\u043c\u0430\u0434\u0430<br \/>\n\u041b\u0430\u043a \u0434\u043b\u044f \u043d\u043e\u0433\u0442\u0435\u0439<br \/>\n\u041a\u043e\u0441\u043c\u0435\u0442\u0438\u0447\u043a\u0430<br \/>\n\u0418\u0434\u0435\u0430\u043b\u044c\u043d\u044b\u0439 \u043f\u043e\u0434\u0430\u0440\u043e\u043a<br \/>\n<\/details>\n","protected":false},"featured_media":21720,"template":"","meta":{"jetpack_publicize_message":"","jetpack_publicize_feature_enabled":true,"jetpack_social_post_already_shared":true,"jetpack_social_options":{"image_generator_settings":{"template":"highway","default_image_id":0,"font":"","enabled":false},"version":2}},"product_brand":[],"product_cat":[972,911,988,987,986,973,340,830,971],"product_tag":[],"class_list":{"0":"post-21719","1":"product","2":"type-product","3":"status-publish","4":"has-post-thumbnail","6":"product_cat-accessories","7":"product_cat-huuled","8":"product_cat-lip-gloss","9":"product_cat-lipstick","10":"product_cat-kiko-lips","11":"product_cat-makeup","12":"product_cat-kiko-milano","13":"product_cat-kingitused","14":"product_cat-sets","16":"first","17":"outofstock","18":"sale","19":"shipping-taxable","20":"purchasable","21":"product-type-simple"},"jetpack_publicize_connections":[],"jetpack_sharing_enabled":true,"jetpack_likes_enabled":true,"_links":{"self":[{"href":"https:\/\/superstore.ee\/index.php\/wp-json\/wp\/v2\/product\/21719","targetHints":{"allow":["GET"]}}],"collection":[{"href":"https:\/\/superstore.ee\/index.php\/wp-json\/wp\/v2\/product"}],"about":[{"href":"https:\/\/superstore.ee\/index.php\/wp-json\/wp\/v2\/types\/product"}],"wp:featuredmedia":[{"embeddable":true,"href":"https:\/\/superstore.ee\/index.php\/wp-json\/wp\/v2\/media\/21720"}],"wp:attachment":[{"href":"https:\/\/superstore.ee\/index.php\/wp-json\/wp\/v2\/media?parent=21719"}],"wp:term":[{"taxonomy":"product_brand","embeddable":true,"href":"https:\/\/superstore.ee\/index.php\/wp-json\/wp\/v2\/product_brand?post=21719"},{"taxonomy":"product_cat","embeddable":true,"href":"https:\/\/superstore.ee\/index.php\/wp-json\/wp\/v2\/product_cat?post=21719"},{"taxonomy":"product_tag","embeddable":true,"href":"https:\/\/superstore.ee\/index.php\/wp-json\/wp\/v2\/product_tag?post=21719"}],"curies":[{"name":"wp","href":"https:\/\/api.w.org\/{rel}","templated":true}]}}