{"id":21877,"date":"2025-02-12T19:53:57","date_gmt":"2025-02-12T17:53:57","guid":{"rendered":"https:\/\/superstore.ee\/?post_type=product&#038;p=21877"},"modified":"2025-11-11T14:10:54","modified_gmt":"2025-11-11T12:10:54","slug":"luxury-self-care-box","status":"publish","type":"product","link":"https:\/\/superstore.ee\/index.php\/toode\/luxury-self-care-box\/","title":{"rendered":"Luxury Self-Care Box"},"content":{"rendered":"","protected":false},"excerpt":{"rendered":"<p><strong>KIKO Milano luksuslik iluhoolduskomplekt<\/strong>, mis tagab igak\u00fclgse hoolduse \u2013 niisutatud ja s\u00e4ravad huuled, v\u00e4rske ja puhas nahk ning intensiivselt toitev geelmask. See on ideaalne kingitus neile, kes armastavad luksuslikku ja t\u00f5husat ilurutiini.<\/p>\n<p>Komplekt sisaldab:<\/p>\n<p>\u2714 <strong>KIKO Milano 3D-efektiga niisutav huulel\u00e4ige Gold Reflections 3D Hydra Lip Gloss<\/strong><\/p>\n<ul>\n<li><strong>T\u00f5hus niisutus:<\/strong> Passionivilja\u00f5li niisutab ja pehmendab huuli pikaajaliselt.<\/li>\n<li><strong>Vol\u00fc\u00fcmiefekt:<\/strong> 3D-koostis muudab huuled t\u00e4idlasemaks ja v\u00e4ljendusrikkamaks.<\/li>\n<li><strong>Imeline s\u00e4ra:<\/strong> Kreemjas tekstuur annab erakordse l\u00e4ike ilma kleepuvuseta.<\/li>\n<li><strong>Looduslik hooldus:<\/strong> Puuvilla-, linaseemne- ja palmiseemne\u00f5li tugevdavad ning kaitsevad huuli.<\/li>\n<li><strong>Elegantne disain:<\/strong> Valge pakend kuldsete detailidega lisab luksuslikkust.<\/li>\n<\/ul>\n<p>\u2714 <strong>KIKO Milano mitsellaargeel New Pure Clean Micellar Gel (150 ml) \u2013 t\u00f5hus meigieemaldus ja v\u00e4rskus<\/strong><\/p>\n<ul>\n<li><strong>Mitmeotstarbeline puhastus:<\/strong> Eemaldab meigi, mustuse ja \u00fcleliigse rasu n\u00e4olt, silmadelt ja huultelt.<\/li>\n<li><strong>\u00d5rn, kuid t\u00f5hus:<\/strong> H\u00fcaluroonhape niisutab, samal ajal kui granaat\u00f5una- ja pojengiekstraktid toidavad nahka.<\/li>\n<li><strong>V\u00e4rske aroom:<\/strong> Magnoolia, virsiku ja sandlipuu nootidega l\u00f5hn muudab puhastusrituaali nauditavaks.<\/li>\n<li><strong>Mugav kasutada:<\/strong> Lihtsalt loputatav geel sobib ka du\u0161i all kasutamiseks.<\/li>\n<\/ul>\n<p>\u2714 <strong>KIKO Milano Moisturizing Jelly Mask (50 ml) \u2013 s\u00fcgavniisutav geelmask kaktuse ja aaloe ekstraktidega<\/strong><\/p>\n<ul>\n<li><strong>S\u00fcgav niisutus ja rahustav efekt:<\/strong> Kaktuse (opuntia) ja aaloe ekstraktid aitavad nahal taastuda ja s\u00e4ilitada niiskust.<\/li>\n<li><strong>Tugev antioks\u00fcdantne kaitse:<\/strong> E-vitamiin kaitseb nahka keskkonnam\u00f5jude eest.<\/li>\n<li><strong>Kerge ja v\u00e4rskendav tekstuur:<\/strong> Geeljas koostis annab kohese jahutava ja l\u00f5\u00f5gastava efekti.<\/li>\n<li><strong>Ideaalne naha ettevalmistamiseks:<\/strong> Sobib ideaalselt enne olulisi s\u00fcndmusi v\u00f5i p\u00e4rast v\u00e4sitavat p\u00e4eva.<\/li>\n<\/ul>\n<p><strong>\u2714Kinkepakend<\/strong><\/p>\n","protected":false},"featured_media":21902,"template":"","meta":{"jetpack_publicize_message":"","jetpack_publicize_feature_enabled":true,"jetpack_social_post_already_shared":true,"jetpack_social_options":{"image_generator_settings":{"template":"highway","default_image_id":0,"font":"","enabled":false},"version":2}},"product_brand":[],"product_cat":[988,986,973,340,830,971,966,964,965],"product_tag":[],"class_list":{"0":"post-21877","1":"product","2":"type-product","3":"status-publish","4":"has-post-thumbnail","6":"product_cat-lip-gloss","7":"product_cat-kiko-lips","8":"product_cat-makeup","9":"product_cat-kiko-milano","10":"product_cat-kingitused","11":"product_cat-sets","12":"product_cat-masks","13":"product_cat-face-care","14":"product_cat-face-cleansers","16":"first","17":"outofstock","18":"sale","19":"shipping-taxable","20":"purchasable","21":"product-type-simple"},"jetpack_publicize_connections":[],"jetpack_sharing_enabled":true,"jetpack_likes_enabled":true,"_links":{"self":[{"href":"https:\/\/superstore.ee\/index.php\/wp-json\/wp\/v2\/product\/21877","targetHints":{"allow":["GET"]}}],"collection":[{"href":"https:\/\/superstore.ee\/index.php\/wp-json\/wp\/v2\/product"}],"about":[{"href":"https:\/\/superstore.ee\/index.php\/wp-json\/wp\/v2\/types\/product"}],"wp:featuredmedia":[{"embeddable":true,"href":"https:\/\/superstore.ee\/index.php\/wp-json\/wp\/v2\/media\/21902"}],"wp:attachment":[{"href":"https:\/\/superstore.ee\/index.php\/wp-json\/wp\/v2\/media?parent=21877"}],"wp:term":[{"taxonomy":"product_brand","embeddable":true,"href":"https:\/\/superstore.ee\/index.php\/wp-json\/wp\/v2\/product_brand?post=21877"},{"taxonomy":"product_cat","embeddable":true,"href":"https:\/\/superstore.ee\/index.php\/wp-json\/wp\/v2\/product_cat?post=21877"},{"taxonomy":"product_tag","embeddable":true,"href":"https:\/\/superstore.ee\/index.php\/wp-json\/wp\/v2\/product_tag?post=21877"}],"curies":[{"name":"wp","href":"https:\/\/api.w.org\/{rel}","templated":true}]}}