{"id":21880,"date":"2025-02-12T20:00:03","date_gmt":"2025-02-12T18:00:03","guid":{"rendered":"https:\/\/superstore.ee\/?post_type=product&#038;p=21880"},"modified":"2025-07-12T15:54:42","modified_gmt":"2025-07-12T12:54:42","slug":"radiance-ritual-box","status":"publish","type":"product","link":"https:\/\/superstore.ee\/index.php\/toode\/radiance-ritual-box\/","title":{"rendered":"Radiance Ritual Box"},"content":{"rendered":"","protected":false},"excerpt":{"rendered":"<p>T\u00e4iuslik iluhoolduskomplekt, mis toob esile naha loomuliku s\u00e4ra, hooldab huuli ja pakub s\u00fcgavat niisutust kehale. Ideaalne kingitus v\u00f5i isiklik hellitusrituaal!<\/p>\n<p>Komplekt sisaldab:<\/p>\n<p>\u2714 <strong>KIKO Milano Charge\u00a0Drops seerum\u00a0 naha s\u00e4ra, energiak\u00fcllastamiseks ja detoksifitseerimiseks<\/strong><\/p>\n<ul>\n<li>Niisutab nahka ja taastab selle toonuse, muutes selle eluj\u00f5uliseks ja v\u00e4rskeks.<\/li>\n<li>V\u00f5itleb v\u00e4simuse m\u00e4rkidega, andes jumele tervisliku s\u00e4ra.<\/li>\n<li>Kiiresti imenduv tekstuur, mis j\u00e4tab naha siidiselt pehmeks ja \u00fcmbritseb puuviljase l\u00f5hnaga.<\/li>\n<\/ul>\n<p>\u2714 <strong>KIKO Milano Lip Volume Cream huulel\u00e4ige-kreem<\/strong><\/p>\n<ul>\n<li>Annab huultele loomuliku vol\u00fc\u00fcmi, t\u00e4idab ja niisutab.<\/li>\n<li>Rikastatud seesami\u00f5li ja h\u00fcaluroonhappega, mis toidavad ja siluvad huuli.<\/li>\n<li>L\u00e4bipaistev koostis, mis toob esile huulte loomuliku tooni ja lisab kerget l\u00e4iget.<\/li>\n<\/ul>\n<p>\u2714 <strong>Victoria\u2019s Secret Pomegranate &amp; Lotus kehav\u00f5i (255 g) \u2013 Natural Beauty Body Care Collection<\/strong><\/p>\n<ul>\n<li>S\u00fcgavniisutav kehav\u00f5i, mis hooldab nahka kuni <strong>24 tundi<\/strong>.<\/li>\n<li>Rikkalik shea-, kakao- ja murumuru-v\u00f5i koostis tagab s\u00fcgava toitumise ja siidise pehmuse.<\/li>\n<li>Luksuslik tekstuur, mis sulandub nahale kiiresti ja j\u00e4tab selle elastseks ja hoolitsetuks.<\/li>\n<li>L\u00f5hnastiil: puuviljane, lilleline. Granaat\u00f5un ja lootose\u00f5is.<\/li>\n<\/ul>\n<p><strong>\u2714Kinkepakend<\/strong><\/p>\n<p>\ud83d\udc96 <strong>Hellita end luksusliku hooldusega iga p\u00e4ev!<\/strong> \ud83d\udc96<\/p>\n","protected":false},"featured_media":21885,"template":"","meta":{"jetpack_publicize_message":"","jetpack_publicize_feature_enabled":true,"jetpack_social_post_already_shared":true,"jetpack_social_options":{"image_generator_settings":{"template":"highway","default_image_id":0,"font":"","enabled":false},"version":2}},"product_brand":[],"product_cat":[969,988,986,973,340,830,971,342,967,964,341],"product_tag":[],"class_list":{"0":"post-21880","1":"product","2":"type-product","3":"status-publish","4":"has-post-thumbnail","6":"product_cat-lip-care","7":"product_cat-lip-gloss","8":"product_cat-kiko-lips","9":"product_cat-makeup","10":"product_cat-kiko-milano","11":"product_cat-kingitused","12":"product_cat-sets","13":"product_cat-komplektid-victorias-secret","14":"product_cat-creams-and-serums","15":"product_cat-face-care","16":"product_cat-victorias-secret","18":"first","19":"outofstock","20":"sale","21":"shipping-taxable","22":"purchasable","23":"product-type-simple"},"jetpack_publicize_connections":[],"jetpack_sharing_enabled":true,"jetpack_likes_enabled":true,"_links":{"self":[{"href":"https:\/\/superstore.ee\/index.php\/wp-json\/wp\/v2\/product\/21880","targetHints":{"allow":["GET"]}}],"collection":[{"href":"https:\/\/superstore.ee\/index.php\/wp-json\/wp\/v2\/product"}],"about":[{"href":"https:\/\/superstore.ee\/index.php\/wp-json\/wp\/v2\/types\/product"}],"wp:featuredmedia":[{"embeddable":true,"href":"https:\/\/superstore.ee\/index.php\/wp-json\/wp\/v2\/media\/21885"}],"wp:attachment":[{"href":"https:\/\/superstore.ee\/index.php\/wp-json\/wp\/v2\/media?parent=21880"}],"wp:term":[{"taxonomy":"product_brand","embeddable":true,"href":"https:\/\/superstore.ee\/index.php\/wp-json\/wp\/v2\/product_brand?post=21880"},{"taxonomy":"product_cat","embeddable":true,"href":"https:\/\/superstore.ee\/index.php\/wp-json\/wp\/v2\/product_cat?post=21880"},{"taxonomy":"product_tag","embeddable":true,"href":"https:\/\/superstore.ee\/index.php\/wp-json\/wp\/v2\/product_tag?post=21880"}],"curies":[{"name":"wp","href":"https:\/\/api.w.org\/{rel}","templated":true}]}}