{"id":21907,"date":"2025-02-13T18:31:56","date_gmt":"2025-02-13T16:31:56","guid":{"rendered":"https:\/\/superstore.ee\/?post_type=product&#038;p=21907"},"modified":"2025-05-09T04:16:30","modified_gmt":"2025-05-09T01:16:30","slug":"floral-glow-box","status":"publish","type":"product","link":"https:\/\/superstore.ee\/index.php\/toode\/floral-glow-box\/","title":{"rendered":"Floral Glow Box"},"content":{"rendered":"","protected":false},"excerpt":{"rendered":"<p>T\u00e4iuslik ilurituaal, mis \u00fchendab endas sensuaalsed lillelised ja magusad aroomid, s\u00fcgavniisutava kehahoolduse ning huuli hellitava l\u00e4ike. Ideaalne kingitus neile, kes armastavad luksuslikku ja hoolitsevat ilurutiini.<\/p>\n<p>Komplekt sisaldab:<\/p>\n<p>\u2714 <strong>Victoria\u2019s Secret Floral Morning Dream Body Mist kehasprei (250 ml) \u2013 limiteeritud sari Into the Clouds<\/strong><\/p>\n<ul>\n<li><strong>Kerge ja v\u00e4rske lillel\u00f5hn<\/strong>, mis meenutab varahommikust kastet ja \u00e4rkavat loodust.<\/li>\n<li><strong>Noodid:<\/strong> maikelluke, v\u00e4rske kuslapuu, hommikune kaste.<\/li>\n<li><strong>L\u00f5hnastiil:<\/strong> lilleline \u2013 \u00f5rn, romantiline ja naiselik aroom, mis sobib ideaalselt igap\u00e4evaseks kasutamiseks.<\/li>\n<\/ul>\n<p>\u2714 <strong>Victoria\u2019s Secret Velvet Petals Body Wash parf\u00fcmeeritud du\u0161igeel (300 ml)<\/strong><\/p>\n<ul>\n<li><strong>Aaloeekstraktiga rikastatud du\u0161igeel<\/strong>, mis niisutab nahka ja j\u00e4tab selle siidiselt pehmeks.<\/li>\n<li><strong>L\u00f5hnastiil:<\/strong> h\u00f5rk puuviljane-magus ja kreemjas lillel\u00f5hn.<\/li>\n<li><strong>Noodid:<\/strong> \u00f5itsev gardeenia ja mandliglasuur \u2013 naiselik ja sensuaalne kooslus.<\/li>\n<\/ul>\n<p>\u2714 <strong>KIKO Milano Nourishing Lip Oil toitev ja niisutav huule\u00f5li toonis 02<\/strong><\/p>\n<ul>\n<li><strong>S\u00fcgavniisutav ja hooldav koostis<\/strong>, mis sisaldab vaarikaseemne\u00f5li, et pehmendada ja toita huuli.<\/li>\n<li><strong>Peegeljas l\u00e4ige ja siidine tekstuur<\/strong>, mis annab huultele kauni s\u00e4ra.<\/li>\n<li><strong>Mitte-kleepuv koostis<\/strong>, mis tagab maksimaalse mugavuse ja kerge tunde.<\/li>\n<li><strong>Mitmek\u00fclgne kasutus:<\/strong> sobib nii eraldi kasutamiseks kui ka huulepulga peale lisamiseks.<\/li>\n<\/ul>\n<p><strong>\u2714Kinkepakend<\/strong><\/p>\n","protected":false},"featured_media":21908,"template":"","meta":{"jetpack_publicize_message":"","jetpack_publicize_feature_enabled":true,"jetpack_social_post_already_shared":true,"jetpack_social_options":{"image_generator_settings":{"template":"highway","default_image_id":0,"font":"","enabled":false},"version":2}},"product_brand":[],"product_cat":[969,989,986,973,340,830,971,342,964,341],"product_tag":[],"class_list":{"0":"post-21907","1":"product","2":"type-product","3":"status-publish","4":"has-post-thumbnail","6":"product_cat-lip-care","7":"product_cat-lip-oil","8":"product_cat-kiko-lips","9":"product_cat-makeup","10":"product_cat-kiko-milano","11":"product_cat-kingitused","12":"product_cat-sets","13":"product_cat-komplektid-victorias-secret","14":"product_cat-face-care","15":"product_cat-victorias-secret","17":"first","18":"outofstock","19":"sale","20":"shipping-taxable","21":"purchasable","22":"product-type-simple"},"jetpack_publicize_connections":[],"jetpack_sharing_enabled":true,"jetpack_likes_enabled":true,"_links":{"self":[{"href":"https:\/\/superstore.ee\/index.php\/wp-json\/wp\/v2\/product\/21907","targetHints":{"allow":["GET"]}}],"collection":[{"href":"https:\/\/superstore.ee\/index.php\/wp-json\/wp\/v2\/product"}],"about":[{"href":"https:\/\/superstore.ee\/index.php\/wp-json\/wp\/v2\/types\/product"}],"wp:featuredmedia":[{"embeddable":true,"href":"https:\/\/superstore.ee\/index.php\/wp-json\/wp\/v2\/media\/21908"}],"wp:attachment":[{"href":"https:\/\/superstore.ee\/index.php\/wp-json\/wp\/v2\/media?parent=21907"}],"wp:term":[{"taxonomy":"product_brand","embeddable":true,"href":"https:\/\/superstore.ee\/index.php\/wp-json\/wp\/v2\/product_brand?post=21907"},{"taxonomy":"product_cat","embeddable":true,"href":"https:\/\/superstore.ee\/index.php\/wp-json\/wp\/v2\/product_cat?post=21907"},{"taxonomy":"product_tag","embeddable":true,"href":"https:\/\/superstore.ee\/index.php\/wp-json\/wp\/v2\/product_tag?post=21907"}],"curies":[{"name":"wp","href":"https:\/\/api.w.org\/{rel}","templated":true}]}}