{"id":21914,"date":"2025-02-13T18:41:55","date_gmt":"2025-02-13T16:41:55","guid":{"rendered":"https:\/\/superstore.ee\/?post_type=product&#038;p=21914"},"modified":"2025-04-29T16:35:56","modified_gmt":"2025-04-29T13:35:56","slug":"vital-beauty-box","status":"publish","type":"product","link":"https:\/\/superstore.ee\/index.php\/toode\/vital-beauty-box\/","title":{"rendered":"Vital Beauty Box"},"content":{"rendered":"","protected":false},"excerpt":{"rendered":"<p>See luksuslik iluhoolduskomplekt on ideaalne neile, kes soovivad loomulikku s\u00e4ra, s\u00fcgavniisutust ja tervislikult hooldatud nahka. Kolm suurep\u00e4rast toodet, mis t\u00e4iendavad \u00fcksteist ja loovad t\u00e4iusliku ilurituaali.<\/p>\n<p>Komplekt sisaldab:<\/p>\n<p>\u2714 <strong>KIKO Milano Coloured Balm tooniv huulepalsam (04 Tutti Frutti)<\/strong><\/p>\n<ul>\n<li><strong>\u00d5rn v\u00e4rv ja loomulik l\u00e4ige<\/strong> \u2013 ideaalne igap\u00e4evaseks kasutamiseks.<\/li>\n<li><strong>Niisutav ja hooldav koostis<\/strong>, mis muudab huuled siidiselt pehmeks.<\/li>\n<li><strong>Sisaldab vitamiine A, E ja C<\/strong>, mis kaitsevad ja tugevdavad huuli.<\/li>\n<li><strong>Sheav\u00f5i s\u00fcgavniisutab ja annab huultele elastsuse.<\/strong><\/li>\n<li><strong>Kreemjas tekstuur ja v\u00e4ga meeldiv tutti frutti l\u00f5hn<\/strong>, mis muudab kasutamise nauditavaks.<\/li>\n<\/ul>\n<p>\u2714 <strong>KIKO Milano Charge Drops Ginger \u2013 s\u00e4raseerum n\u00e4onahale (ingverivesi)<\/strong><\/p>\n<ul>\n<li><strong>Annab nahale v\u00e4rske ja terve jume<\/strong> ning v\u00e4hendab v\u00e4simuse m\u00e4rke.<\/li>\n<li><strong>Niisutab s\u00fcgavuti ja taastab naha loomuliku elastsuse.<\/strong><\/li>\n<li><strong>Kiiresti imenduv koostis<\/strong>, mis ei j\u00e4ta nahka rasuseks.<\/li>\n<li><strong>\u00d5rn puuviljane aroom<\/strong>, mis muudab hooldusrutiini meeldivaks.<\/li>\n<\/ul>\n<p>\u2714 <strong>Victoria\u2019s Secret kehahooldav looduslik \u00f5li (200 ml) \u2013 Pomegranate &amp; Lotus<\/strong><\/p>\n<ul>\n<li><strong>Looduslikult toitev kehahooldus<\/strong>, mis niisutab ja pehmendab nahka.<\/li>\n<li><strong>L\u00f5hnastiil:<\/strong> puuviljane-lilleline.<\/li>\n<li><strong>Noodid:<\/strong> granaat\u00f5un ja lootos \u2013 v\u00e4rske ja sensuaalne aroom.<\/li>\n<li><strong>Jojoba\u00f5li s\u00fcgavniisutab ja aitab nahal s\u00e4ilitada elastsust.<\/strong><\/li>\n<li><strong>Sisaldab viinamarjaseemne-, p\u00e4evalille- ja saflori\u00f5li<\/strong>, mis hooldavad ja kaitsevad nahka.<\/li>\n<li><strong>Vegan koostis \u2013 ei sisalda kunstlikke v\u00e4rvaineid ega ole testitud loomadel.<\/strong><\/li>\n<\/ul>\n<p><strong>\u2714Kinkepakend<\/strong><\/p>\n","protected":false},"featured_media":21916,"template":"","meta":{"jetpack_publicize_message":"","jetpack_publicize_feature_enabled":true,"jetpack_social_post_already_shared":true,"jetpack_social_options":{"image_generator_settings":{"template":"highway","default_image_id":0,"font":"","enabled":false},"version":2}},"product_brand":[],"product_cat":[969,987,986,973,340,830,342,971,967,964,341],"product_tag":[],"class_list":{"0":"post-21914","1":"product","2":"type-product","3":"status-publish","4":"has-post-thumbnail","6":"product_cat-lip-care","7":"product_cat-lipstick","8":"product_cat-kiko-lips","9":"product_cat-makeup","10":"product_cat-kiko-milano","11":"product_cat-kingitused","12":"product_cat-komplektid-victorias-secret","13":"product_cat-sets","14":"product_cat-creams-and-serums","15":"product_cat-face-care","16":"product_cat-victorias-secret","18":"first","19":"outofstock","20":"sale","21":"shipping-taxable","22":"purchasable","23":"product-type-simple"},"jetpack_publicize_connections":[],"jetpack_sharing_enabled":true,"jetpack_likes_enabled":true,"_links":{"self":[{"href":"https:\/\/superstore.ee\/index.php\/wp-json\/wp\/v2\/product\/21914","targetHints":{"allow":["GET"]}}],"collection":[{"href":"https:\/\/superstore.ee\/index.php\/wp-json\/wp\/v2\/product"}],"about":[{"href":"https:\/\/superstore.ee\/index.php\/wp-json\/wp\/v2\/types\/product"}],"wp:featuredmedia":[{"embeddable":true,"href":"https:\/\/superstore.ee\/index.php\/wp-json\/wp\/v2\/media\/21916"}],"wp:attachment":[{"href":"https:\/\/superstore.ee\/index.php\/wp-json\/wp\/v2\/media?parent=21914"}],"wp:term":[{"taxonomy":"product_brand","embeddable":true,"href":"https:\/\/superstore.ee\/index.php\/wp-json\/wp\/v2\/product_brand?post=21914"},{"taxonomy":"product_cat","embeddable":true,"href":"https:\/\/superstore.ee\/index.php\/wp-json\/wp\/v2\/product_cat?post=21914"},{"taxonomy":"product_tag","embeddable":true,"href":"https:\/\/superstore.ee\/index.php\/wp-json\/wp\/v2\/product_tag?post=21914"}],"curies":[{"name":"wp","href":"https:\/\/api.w.org\/{rel}","templated":true}]}}