{"id":21929,"date":"2025-02-14T16:37:38","date_gmt":"2025-02-14T14:37:38","guid":{"rendered":"https:\/\/superstore.ee\/?post_type=product&#038;p=21929"},"modified":"2026-02-01T15:32:24","modified_gmt":"2026-02-01T13:32:24","slug":"kiko-milano-nourishing-lip-oil-05","status":"publish","type":"product","link":"https:\/\/superstore.ee\/index.php\/toode\/kiko-milano-nourishing-lip-oil-05\/","title":{"rendered":"KIKO Milano Nourishing Lip Oil (05)"},"content":{"rendered":"","protected":false},"excerpt":{"rendered":"<p>KIKO Milano toitev ja niisutav huule\u00f5li (05)<\/p>\n<ul>\n<li>ideaalne huulte toitmiseks, niisutamiseks ja t\u00e4iustamiseks, j\u00e4ttes need pehmeks ja andes neile peegliefektiga s\u00e4ra;<\/li>\n<li>valem on rikastatud vaarikaseemne\u00f5li ekstraktiga;<\/li>\n<li>on siidise, vastupandamatult pehme ja \u00fcmbritseva tekstuuriga, mis libiseb huultele, pakkudes neile mugavust ja toitmist ning j\u00e4ttes need s\u00e4ravaks ja mittekleepuvaks;<\/li>\n<li>saab kasutada eraldi v\u00f5i pealislakina.<\/li>\n<\/ul>\n<p>7 ml \/ 0.237 fl.oz<br \/>\nMade in Italy<\/p>\n<details>\n<summary>Details<\/summary>\n<div translate=\"no\">KIKO MILANO Nourishing Lip Oil<br \/>\nNourishing and moisturising lip oil*.Ideal for:nourishing, moisturising and enhancing your lips, leaving them soft and giving them a mirror-effect shine.It\u2019s special because:<\/p>\n<p>-its formula is enriched with raspberry seed oil extract;<\/p>\n<p>-it has a silky, irresistibly soft and enveloping texture that glides onto the lips, providing them with comfort and nourishment and leaving them radiant and non-sticky;<\/p>\n<p>-it can be used on its own or as a top coat to add a touch of light to your lip look;<\/p>\n<p>-thanks to the handy flocked tip applicator, it is easily applied to the lips, for an even result and colour.<\/p>\n<p>Dermatologically tested<br \/>\n*Clinically tested hydration<\/p>\n<p>Ingredients: KIKO MILANO is dedicated to maintaining the accuracy of the ingredient lists on this website. However, because ingredients are subject to change, we cannot guarantee that these lists are complete and\/or up-to-date. For an accurate listing of ingredients in each product, please refer to your product packaging.<\/p>\n<p>COCOGLYCERIDES, ETHYLCELLULOSE, RUBUS IDAEUS SEED OIL (RUBUS IDAEUS (RASPBERRY) SEED OIL), VANILLYL BUTYL ETHER, PROPYL GALLATE. +\/- (MAY CONTAIN): CI 77891 (TITANIUM DIOXIDE), CI 42090 (BLUE 1 LAKE), CI 19140 (YELLOW 5 LAKE), CI 15850 (RED 6), CI 454 10 (RED 28 LAKE).<\/p>\n<\/div>\n<p>\u041f\u0438\u0442\u0430\u0442\u0435\u043b\u044c\u043d\u043e\u0435 \u043c\u0430\u0441\u043b\u043e \u0434\u043b\u044f \u0433\u0443\u0431 KIKO MILANO<\/p>\n<\/details>\n","protected":false},"featured_media":21954,"template":"","meta":{"jetpack_publicize_message":"","jetpack_publicize_feature_enabled":true,"jetpack_social_post_already_shared":true,"jetpack_social_options":{"image_generator_settings":{"template":"highway","default_image_id":0,"font":"","enabled":false},"version":2}},"product_brand":[],"product_cat":[911,969,989,986,973,340,631,964],"product_tag":[],"class_list":{"0":"post-21929","1":"product","2":"type-product","3":"status-publish","4":"has-post-thumbnail","6":"product_cat-huuled","7":"product_cat-lip-care","8":"product_cat-lip-oil","9":"product_cat-kiko-lips","10":"product_cat-makeup","11":"product_cat-kiko-milano","12":"product_cat-sale","13":"product_cat-face-care","14":"pa_varv-01-soft-rose","15":"pa_varv-02-unicorn-lovers","16":"pa_varv-03-stylish-rose","17":"pa_varv-05-red-velvet","19":"first","20":"outofstock","21":"sale","22":"shipping-taxable","23":"purchasable","24":"product-type-simple"},"jetpack_publicize_connections":[],"jetpack_sharing_enabled":true,"jetpack_likes_enabled":true,"_links":{"self":[{"href":"https:\/\/superstore.ee\/index.php\/wp-json\/wp\/v2\/product\/21929","targetHints":{"allow":["GET"]}}],"collection":[{"href":"https:\/\/superstore.ee\/index.php\/wp-json\/wp\/v2\/product"}],"about":[{"href":"https:\/\/superstore.ee\/index.php\/wp-json\/wp\/v2\/types\/product"}],"wp:featuredmedia":[{"embeddable":true,"href":"https:\/\/superstore.ee\/index.php\/wp-json\/wp\/v2\/media\/21954"}],"wp:attachment":[{"href":"https:\/\/superstore.ee\/index.php\/wp-json\/wp\/v2\/media?parent=21929"}],"wp:term":[{"taxonomy":"product_brand","embeddable":true,"href":"https:\/\/superstore.ee\/index.php\/wp-json\/wp\/v2\/product_brand?post=21929"},{"taxonomy":"product_cat","embeddable":true,"href":"https:\/\/superstore.ee\/index.php\/wp-json\/wp\/v2\/product_cat?post=21929"},{"taxonomy":"product_tag","embeddable":true,"href":"https:\/\/superstore.ee\/index.php\/wp-json\/wp\/v2\/product_tag?post=21929"}],"curies":[{"name":"wp","href":"https:\/\/api.w.org\/{rel}","templated":true}]}}