{"id":21968,"date":"2025-02-15T14:53:02","date_gmt":"2025-02-15T12:53:02","guid":{"rendered":"https:\/\/superstore.ee\/?post_type=product&#038;p=21968"},"modified":"2025-06-13T04:40:02","modified_gmt":"2025-06-13T01:40:02","slug":"kiko-milano-colour-lasting-creamy-eyeshadow-07-rosy-silver","status":"publish","type":"product","link":"https:\/\/superstore.ee\/index.php\/toode\/kiko-milano-colour-lasting-creamy-eyeshadow-07-rosy-silver\/","title":{"rendered":"KIKO MILANO Colour Lasting Creamy Eyeshadow (07 Rosy Silver)"},"content":{"rendered":"","protected":false},"excerpt":{"rendered":"<p>KIKO Milano Colour Lasting kreemjas lauv\u00e4rv (07 Rosy Silver) \u2013 kauap\u00fcsiv ja intensiivne lauv\u00e4rv<\/p>\n<p>Kauap\u00fcsiv (8 tundi) kreemjas lauv\u00e4rv. Sametine ja \u00fchtlane tekstuur tagab kohese ja intensiivse v\u00e4rvi, mis p\u00fcsib t\u00e4iuslikuna kuni 8 tundi. Ideaalne veatuks silmameigiks terve p\u00e4eva v\u00e4ltel.<\/p>\n<details>\n<summary>Details<\/summary>\n<div translate=\"no\"> KIKO Milano Colour Lasting creamy eyeshadow (07 Rosy Silver) \u2013 long-lasting and intense eyeshadow<\/p>\n<p>Long-lasting (8 hours) creamy eyeshadow. Its velvety and even texture ensures an immediate and intense color payoff that remains flawless for up to 8 hours. Perfect for a seamless eye makeup look throughout the day.<\/p>\n<p>Ingredients:\u00a0DIMETHICONE, MICA, ISODODECANE, SILICA, C30-45 ALKYL DIMETHICONE, DEXTRIN PALMITATE, VINYLDIMETHICONE\/METHICONE SILSESQUIOXANE CROSSPOLYMER, ACRYLATES COPOLYMER, ZINC STEARATE,TALC, DIMETHICONE CROSSPOLYMER, SYNTHETIC FLUORPHLOGOPITE, PENTAERYTHRITYLTETRA-DI-T-BUTYL HYDROXYHYDROCINNAMATE, ETHYLENE\/METHACRYLATE COPOLYMER,POLYHYDROXYSTEARIC ACID, CAMELLIA JAPONICA SEED OIL, METHICONE, TIN OXIDE, ISOPROPYLTITANIUM TRIISOSTEARATE. +\/- (MAY CONTAIN): CI 77891 (TITANIUM DIOXIDE), CI 77491 &#8211; CI 77492 &#8211; CI 77499 (IRON OXIDES), CI 77000 (ALUMINUMPOWDER), CI 77288 (CHROMIUM OXIDE GREENS), CI 77510 (FERRIC FERROCYANIDE)<\/p><\/div>\n<p>KIKO Milano \u043a\u0440\u0435\u043c\u043e\u0432\u044b\u0435 \u0442\u0435\u043d\u0438 \u0434\u043b\u044f \u0432\u0435\u043a \u2013 \u0441\u0442\u043e\u0439\u043a\u0438\u0435 \u0438 \u0438\u043d\u0442\u0435\u043d\u0441\u0438\u0432\u043d\u044b\u0435 \u0442\u0435\u043d\u0438<br \/>\n<\/details>\n","protected":false},"featured_media":21742,"template":"","meta":{"jetpack_publicize_message":"","jetpack_publicize_feature_enabled":true,"jetpack_social_post_already_shared":true,"jetpack_social_options":{"image_generator_settings":{"template":"highway","default_image_id":0,"font":"","enabled":false},"version":2}},"product_brand":[],"product_cat":[973,340,984,982],"product_tag":[],"class_list":{"0":"post-21968","1":"product","2":"type-product","3":"status-publish","4":"has-post-thumbnail","6":"product_cat-makeup","7":"product_cat-kiko-milano","8":"product_cat-eyeshadow","9":"product_cat-eyes","10":"pa_varv-05-chocolate","11":"pa_varv-07-free","12":"pa_varv-07-rosy-silver","13":"pa_varv-08-anthracite","15":"first","16":"outofstock","17":"shipping-taxable","18":"purchasable","19":"product-type-simple"},"jetpack_publicize_connections":[],"jetpack_sharing_enabled":true,"jetpack_likes_enabled":true,"_links":{"self":[{"href":"https:\/\/superstore.ee\/index.php\/wp-json\/wp\/v2\/product\/21968","targetHints":{"allow":["GET"]}}],"collection":[{"href":"https:\/\/superstore.ee\/index.php\/wp-json\/wp\/v2\/product"}],"about":[{"href":"https:\/\/superstore.ee\/index.php\/wp-json\/wp\/v2\/types\/product"}],"wp:featuredmedia":[{"embeddable":true,"href":"https:\/\/superstore.ee\/index.php\/wp-json\/wp\/v2\/media\/21742"}],"wp:attachment":[{"href":"https:\/\/superstore.ee\/index.php\/wp-json\/wp\/v2\/media?parent=21968"}],"wp:term":[{"taxonomy":"product_brand","embeddable":true,"href":"https:\/\/superstore.ee\/index.php\/wp-json\/wp\/v2\/product_brand?post=21968"},{"taxonomy":"product_cat","embeddable":true,"href":"https:\/\/superstore.ee\/index.php\/wp-json\/wp\/v2\/product_cat?post=21968"},{"taxonomy":"product_tag","embeddable":true,"href":"https:\/\/superstore.ee\/index.php\/wp-json\/wp\/v2\/product_tag?post=21968"}],"curies":[{"name":"wp","href":"https:\/\/api.w.org\/{rel}","templated":true}]}}