{"id":21969,"date":"2025-02-15T14:57:56","date_gmt":"2025-02-15T12:57:56","guid":{"rendered":"https:\/\/superstore.ee\/?post_type=product&#038;p=21969"},"modified":"2026-03-06T11:28:08","modified_gmt":"2026-03-06T09:28:08","slug":"kiko-milano-the-little-mermaid-refreshing-globe","status":"publish","type":"product","link":"https:\/\/superstore.ee\/index.php\/toode\/kiko-milano-the-little-mermaid-refreshing-globe\/","title":{"rendered":"KIKO MILANO The Little Mermaid Refreshing Globe"},"content":{"rendered":"","protected":false},"excerpt":{"rendered":"<p>Sf\u00e4\u00e4riline aplikaator n\u00e4o ja silma\u00fcmbruse masseerimiseks.<\/p>\n<p><strong>Ideaalne:<\/strong><\/p>\n<ul>\n<li>N\u00e4ole ja silma\u00fcmbrusele kohese v\u00e4rskuse ja eluj\u00f5u andmiseks.<\/li>\n<\/ul>\n<p><strong>Miks see on eriline:<\/strong><\/p>\n<ul>\n<li>Selle \u00fcmar kuju j\u00e4rgib ideaalselt n\u00e4okontuure ja masseerib nahka \u00f5rnalt;<\/li>\n<li>Mugav k\u00e4epide tagab t\u00e4ieliku kontrolli liigutuste \u00fcle;<\/li>\n<li>Korduvkasutatav ja lihtne puhastada.<\/li>\n<\/ul>\n","protected":false},"featured_media":22126,"template":"","meta":{"jetpack_publicize_message":"","jetpack_publicize_feature_enabled":true,"jetpack_social_post_already_shared":true,"jetpack_social_options":{"image_generator_settings":{"template":"highway","default_image_id":0,"font":"","enabled":false},"version":2}},"product_brand":[],"product_cat":[972,340,631,912,964],"product_tag":[],"class_list":{"0":"post-21969","1":"product","2":"type-product","3":"status-publish","4":"has-post-thumbnail","6":"product_cat-accessories","7":"product_cat-kiko-milano","8":"product_cat-sale","9":"product_cat-nahahooldus","10":"product_cat-face-care","11":"pa_varv-01-soft-rose","12":"pa_varv-02-unicorn-lovers","13":"pa_varv-03-stylish-rose","14":"pa_varv-05-red-velvet","16":"first","17":"instock","18":"sale","19":"shipping-taxable","20":"purchasable","21":"product-type-simple"},"jetpack_publicize_connections":[],"jetpack_sharing_enabled":true,"jetpack_likes_enabled":true,"_links":{"self":[{"href":"https:\/\/superstore.ee\/index.php\/wp-json\/wp\/v2\/product\/21969","targetHints":{"allow":["GET"]}}],"collection":[{"href":"https:\/\/superstore.ee\/index.php\/wp-json\/wp\/v2\/product"}],"about":[{"href":"https:\/\/superstore.ee\/index.php\/wp-json\/wp\/v2\/types\/product"}],"wp:featuredmedia":[{"embeddable":true,"href":"https:\/\/superstore.ee\/index.php\/wp-json\/wp\/v2\/media\/22126"}],"wp:attachment":[{"href":"https:\/\/superstore.ee\/index.php\/wp-json\/wp\/v2\/media?parent=21969"}],"wp:term":[{"taxonomy":"product_brand","embeddable":true,"href":"https:\/\/superstore.ee\/index.php\/wp-json\/wp\/v2\/product_brand?post=21969"},{"taxonomy":"product_cat","embeddable":true,"href":"https:\/\/superstore.ee\/index.php\/wp-json\/wp\/v2\/product_cat?post=21969"},{"taxonomy":"product_tag","embeddable":true,"href":"https:\/\/superstore.ee\/index.php\/wp-json\/wp\/v2\/product_tag?post=21969"}],"curies":[{"name":"wp","href":"https:\/\/api.w.org\/{rel}","templated":true}]}}