{"id":22014,"date":"2025-02-18T15:03:19","date_gmt":"2025-02-18T13:03:19","guid":{"rendered":"https:\/\/superstore.ee\/?post_type=product&#038;p=22014"},"modified":"2025-06-08T16:26:03","modified_gmt":"2025-06-08T13:26:03","slug":"victorias-secret-velvet-petals-candied-body-mist","status":"publish","type":"product","link":"https:\/\/superstore.ee\/index.php\/toode\/victorias-secret-velvet-petals-candied-body-mist\/","title":{"rendered":"Victoria\u2019s Secret Velvet Petals Candied Body Mist"},"content":{"rendered":"","protected":false},"excerpt":{"rendered":"<p><span style=\"font-weight: 400;\">Victoria\u2019s Secret Kehasprei<\/span> <em><strong>Velvet Petals Candied<\/strong><\/em> (250ml)<\/p>\n<p><em><strong>Velvet Petals Candied<\/strong><\/em> \u2013 T\u00fc\u00fcp: Lilleline, h\u00f5rk. Noodid: karamellilint, glasuuritud \u00f5ielehed, p\u00e4hkline pralinee.<\/p>\n<p><em>Kauakestva l\u00f5hnaelamuse saamiseks \u00fchendage sobiva l\u00f5hnakreemiga.<\/em><\/p>\n<details>\n<summary>Details<\/summary>\n<div translate=\"no\">\n<p>Victoria\u2019s Secret Candied Fragrance Mist (250ml)<\/p>\n<p><em><strong>Velvet Petals Candied<\/strong><\/em> \u2013 Type: Floral Gourmand. Notes: caramel ribbon, glazed petals, nutty praline<\/p>\n<p><em>Pair with matching Fragrance Lotion for a long-lasting fragrance experience.<\/em><\/p>\n<p>Ingredients: Alcohol Denat., Water (Aqua, Eau), Fragrance (Parfum), Propylene Glycol, Glycerin, PPG-26-Buteth-26, PEG-40 Hydrogenated Castor Oil, Ethylhexyl Methoxycinnamate, Ethylhexyl Salicylate, Butyl Methoxydibenzoylmethane, Coumarin<br \/>\nIngredients are subject to change. For an accurate list of ingredients, please refer to the product packaging.<\/p>\n<\/div>\n<p>Victoria\u2019s Secret \u0421\u043f\u0440\u0435\u0439 \u0434\u043b\u044f \u0442\u0435\u043b\u0430 Velvet Petals Candied \u041c\u0438\u0441\u0442<\/p>\n<\/details>\n","protected":false},"featured_media":14596,"template":"","meta":{"jetpack_publicize_message":"","jetpack_publicize_feature_enabled":true,"jetpack_social_post_already_shared":true,"jetpack_social_options":{"image_generator_settings":{"template":"highway","default_image_id":0,"font":"","enabled":false},"version":2}},"product_brand":[],"product_cat":[910,927,341],"product_tag":[],"class_list":{"0":"post-22014","1":"product","2":"type-product","3":"status-publish","4":"has-post-thumbnail","6":"product_cat-kehaspreid","7":"product_cat-victorias-secret-body-mists","8":"product_cat-victorias-secret","9":"pa_lohn-bare-vanilla-candied","10":"pa_lohn-love-spell-candied","11":"pa_lohn-pure-seduction-candied-2","12":"pa_lohn-velvet-petals-candied","14":"first","15":"outofstock","16":"sale","17":"shipping-taxable","18":"purchasable","19":"product-type-simple"},"jetpack_publicize_connections":[],"jetpack_sharing_enabled":true,"jetpack_likes_enabled":true,"_links":{"self":[{"href":"https:\/\/superstore.ee\/index.php\/wp-json\/wp\/v2\/product\/22014","targetHints":{"allow":["GET"]}}],"collection":[{"href":"https:\/\/superstore.ee\/index.php\/wp-json\/wp\/v2\/product"}],"about":[{"href":"https:\/\/superstore.ee\/index.php\/wp-json\/wp\/v2\/types\/product"}],"wp:featuredmedia":[{"embeddable":true,"href":"https:\/\/superstore.ee\/index.php\/wp-json\/wp\/v2\/media\/14596"}],"wp:attachment":[{"href":"https:\/\/superstore.ee\/index.php\/wp-json\/wp\/v2\/media?parent=22014"}],"wp:term":[{"taxonomy":"product_brand","embeddable":true,"href":"https:\/\/superstore.ee\/index.php\/wp-json\/wp\/v2\/product_brand?post=22014"},{"taxonomy":"product_cat","embeddable":true,"href":"https:\/\/superstore.ee\/index.php\/wp-json\/wp\/v2\/product_cat?post=22014"},{"taxonomy":"product_tag","embeddable":true,"href":"https:\/\/superstore.ee\/index.php\/wp-json\/wp\/v2\/product_tag?post=22014"}],"curies":[{"name":"wp","href":"https:\/\/api.w.org\/{rel}","templated":true}]}}