{"id":22019,"date":"2025-02-18T15:03:23","date_gmt":"2025-02-18T13:03:23","guid":{"rendered":"https:\/\/superstore.ee\/?post_type=product&#038;p=22019"},"modified":"2025-03-11T22:36:17","modified_gmt":"2025-03-11T20:36:17","slug":"victorias-secret-velvet-petals-candied-set","status":"publish","type":"product","link":"https:\/\/superstore.ee\/index.php\/toode\/victorias-secret-velvet-petals-candied-set\/","title":{"rendered":"Victoria\u2019s Secret Velvet Petals Candied Set"},"content":{"rendered":"","protected":false},"excerpt":{"rendered":"<p>Victoria\u2019s Secret Velvet Petals Candied komplekt (Kehasprei 250ml + Parf\u00fcmeeritud Kehalosjoon 236ml)<\/p>\n<p><em><strong>Velvet Petals Candied<\/strong><\/em> &#8211; T\u00fc\u00fcp: Lilleline, h\u00f5rk. Noodid: karamellilint, glasuuritud \u00f5ielehed, p\u00e4hkline pralinee.<\/p>\n<details>\n<summary>Details<\/summary>\n<div translate=\"no\">\n<p>Victoria\u2019s Secret Velvet Petals Candied Set (Fragrance Mist 250ml + Fragrance Lotion 236ml)Velvet Petals Candied &#8211; Type: Floral Gourmand. Notes: caramel ribbon, glazed petals, nutty praline<\/p>\n<p>Lotion Ingredients: Water (Aqua, Eau), Mineral Oil (Paraffinum Liquidum, Huile min\u00e9rale), Glycerin, Fragrance (Parfum), Cetyl Alcohol, Glyceryl Stearate, PEG-100 Stearate, Palmitic Acid, Stearic Acid, Phenoxyethanol, Dimethicone, Hexamethylindanopyran, Acrylates\/C10-30 Alkyl Acrylate Crosspolymer, Chlorphenesin, Xanthan Gum, Potassium Sorbate, Sodium Hydroxide, Vanillin, Ethylhexylglycerin, Tetramethyl acetyloctahydronaphthalenes, Disodium EDTA, Hexadecanolactone, Linalyl acetate, Limonene, Linalool, Pinene, Citrus Aurantium Peel Oil, Benzyl Alcohol, Tocopheryl Acetate, Aloe Barbadensis Leaf Juice<br \/>\nMist Ingredients: Alcohol Denat., Water (Aqua, Eau), Fragrance (Parfum), Propylene Glycol, Glycerin, PPG-26-Buteth-26, PEG-40 Hydrogenated Castor Oil, Ethylhexyl Methoxycinnamate, Ethylhexyl Salicylate, Butyl Methoxydibenzoylmethane, Coumarin<br \/>\nIngredients are subject to change. For an accurate list of ingredients, please refer to the product packaging.<\/p>\n<\/div>\n<p>\u041a\u043e\u043c\u043f\u043b\u0435\u043a\u0442 Victoria\u2019s Secret \u041a\u0440\u0435\u043c \u0434\u043b\u044f \u0442\u0435\u043b\u0430 Velvet Petals Candied \u041b\u043e\u0441\u044c\u043e\u043d \u0438 Victoria\u2019s Secret \u0421\u043f\u0440\u0435\u0439 \u0434\u043b\u044f \u0442\u0435\u043b\u0430 Velvet Petals Candied \u041c\u0438\u0441\u0442<\/p>\n<\/details>\n","protected":false},"featured_media":14748,"template":"","meta":{"jetpack_publicize_message":"","jetpack_publicize_feature_enabled":true,"jetpack_social_post_already_shared":true,"jetpack_social_options":{"image_generator_settings":{"template":"highway","default_image_id":0,"font":"","enabled":false},"version":2}},"product_brand":[],"product_cat":[926,910,927,342,912,341],"product_tag":[],"class_list":{"0":"post-22019","1":"product","2":"type-product","3":"status-publish","4":"has-post-thumbnail","6":"product_cat-victorias-secret-body-lotions","7":"product_cat-kehaspreid","8":"product_cat-victorias-secret-body-mists","9":"product_cat-komplektid-victorias-secret","10":"product_cat-nahahooldus","11":"product_cat-victorias-secret","12":"pa_lohn-bare-vanilla-candied","13":"pa_lohn-love-spell-candied","14":"pa_lohn-pure-seduction-candied-2","15":"pa_lohn-velvet-petals-candied","17":"first","18":"outofstock","19":"sale","20":"shipping-taxable","21":"purchasable","22":"product-type-simple"},"jetpack_publicize_connections":[],"jetpack_sharing_enabled":true,"jetpack_likes_enabled":true,"_links":{"self":[{"href":"https:\/\/superstore.ee\/index.php\/wp-json\/wp\/v2\/product\/22019","targetHints":{"allow":["GET"]}}],"collection":[{"href":"https:\/\/superstore.ee\/index.php\/wp-json\/wp\/v2\/product"}],"about":[{"href":"https:\/\/superstore.ee\/index.php\/wp-json\/wp\/v2\/types\/product"}],"wp:featuredmedia":[{"embeddable":true,"href":"https:\/\/superstore.ee\/index.php\/wp-json\/wp\/v2\/media\/14748"}],"wp:attachment":[{"href":"https:\/\/superstore.ee\/index.php\/wp-json\/wp\/v2\/media?parent=22019"}],"wp:term":[{"taxonomy":"product_brand","embeddable":true,"href":"https:\/\/superstore.ee\/index.php\/wp-json\/wp\/v2\/product_brand?post=22019"},{"taxonomy":"product_cat","embeddable":true,"href":"https:\/\/superstore.ee\/index.php\/wp-json\/wp\/v2\/product_cat?post=22019"},{"taxonomy":"product_tag","embeddable":true,"href":"https:\/\/superstore.ee\/index.php\/wp-json\/wp\/v2\/product_tag?post=22019"}],"curies":[{"name":"wp","href":"https:\/\/api.w.org\/{rel}","templated":true}]}}